{"id":29458,"date":"2022-01-11T14:47:16","date_gmt":"2022-01-14T12:51:52","guid":{"rendered":"https:\/\/nationalstore.be\/?post_type=product&#038;p=29458"},"modified":"2022-12-15T16:00:05","modified_gmt":"2022-12-15T15:00:05","slug":"grid-pillow-orange","status":"publish","type":"product","link":"https:\/\/nationalstore.be\/fr\/produit\/grid-pillow-orange","title":{"rendered":"GRID Pillow Orange"},"content":{"rendered":"<p>***<\/p>\n<p>Outre sa propre collection, Emma propose \u00e9galement des solutions sur mesure pour cr\u00e9er la pi\u00e8ce parfaite pour vous. Elle dessine votre motif et le tisse dans les couleurs de votre choix pour cr\u00e9er une pi\u00e8ce unique. &gt; <a href=\"mailto:info@emmaterweduwe.com\">CONTACTER L&#8217;ARTISTE ICI <\/a><\/p>\n<p>***<\/p>\n<p>Les taies d&#8217;oreiller de la s\u00e9rie GRID sont tiss\u00e9es en jacquard en Belgique et finies \u00e0 la main avec le plus grand soin.<\/p>\n<p>REMARQUE : L&#8217;emplacement du motif est un peu diff\u00e9rent pour chaque oreiller, de sorte que chaque pi\u00e8ce est exclusive et unique. Notez qu&#8217;il s&#8217;agit d&#8217;une pi\u00e8ce artisanale, r\u00e9alis\u00e9e par des mains humaines. Cela signifie que les petites imperfections sont normales, et font partie du charme d&#8217;une pi\u00e8ce unique tiss\u00e9e \u00e0 la main.<\/p>\n","protected":false},"excerpt":{"rendered":"<p>Oreiller GRID en orange<\/p>\n<p>Mat\u00e9riaux : Laine, Mohair, Coton<\/p>\n<p>Dos : 100% coton (oreiller ins\u00e9r\u00e9 inclus)<\/p>\n<p>Dimensions et prix:<\/p>\n<ul>\n<li>50 x 50 cm : 125 \u20ac<\/li>\n<li>40 x 40 cm : 95 \u20ac<\/li>\n<\/ul>\n","protected":false},"featured_media":29446,"template":"","meta":[],"product_cat":[3034,1995,527,548,3342],"product_tag":[3137],"yoast_head":"<!-- This site is optimized with the Yoast SEO plugin v19.1 - https:\/\/yoast.com\/wordpress\/plugins\/seo\/ -->\n<title>GRID Pillow Orange | E-shop artistes belges<\/title>\n<meta name=\"description\" content=\"Acheter un produit comme GRID Pillow Orange? Laissez vous surprendre par nos artistes belges sp\u00e9cialis\u00e9s en produits artisanaux!\" \/>\n<meta name=\"robots\" content=\"index, follow, max-snippet:-1, max-image-preview:large, max-video-preview:-1\" \/>\n<link rel=\"canonical\" href=\"https:\/\/nationalstore.be\/fr\/produit\/grid-pillow-orange\" \/>\n<meta property=\"og:locale\" content=\"fr_FR\" \/>\n<meta property=\"og:type\" content=\"article\" \/>\n<meta property=\"og:title\" content=\"GRID Pillow Orange | E-shop artistes belges\" \/>\n<meta property=\"og:description\" content=\"Acheter un produit comme GRID Pillow Orange? Laissez vous surprendre par nos artistes belges sp\u00e9cialis\u00e9s en produits artisanaux!\" \/>\n<meta property=\"og:url\" content=\"https:\/\/nationalstore.be\/fr\/produit\/grid-pillow-orange\" \/>\n<meta property=\"og:site_name\" content=\"NATIONA(A)L ARTIST SUPERMARKET\" \/>\n<meta property=\"article:publisher\" content=\"https:\/\/www.facebook.com\/nationalstore\/?ref=br_rs\" \/>\n<meta property=\"article:modified_time\" content=\"2022-12-15T15:00:05+00:00\" \/>\n<meta property=\"og:image\" content=\"https:\/\/nationalstore.be\/wp-content\/uploads\/2022\/01\/DSC02562-5.jpg\" \/>\n\t<meta property=\"og:image:width\" content=\"1432\" \/>\n\t<meta property=\"og:image:height\" content=\"2048\" \/>\n\t<meta property=\"og:image:type\" content=\"image\/jpeg\" \/>\n<meta name=\"twitter:card\" content=\"summary_large_image\" \/>\n<meta name=\"twitter:site\" content=\"@Nationalstore\" \/>\n<meta name=\"twitter:label1\" content=\"Dur\u00e9e de lecture estim\u00e9e\" \/>\n\t<meta name=\"twitter:data1\" content=\"1 minute\" \/>\n<script type=\"application\/ld+json\" class=\"yoast-schema-graph\">{\"@context\":\"https:\/\/schema.org\",\"@graph\":[{\"@type\":\"Organization\",\"@id\":\"https:\/\/nationalstore.be\/fr#organization\",\"name\":\"NATIONA(A)L ARTIST MARKET\",\"url\":\"https:\/\/nationalstore.be\/fr\",\"sameAs\":[\"https:\/\/www.instagram.com\/nationalstore\/\",\"https:\/\/www.facebook.com\/nationalstore\/?ref=br_rs\",\"https:\/\/twitter.com\/Nationalstore\"],\"logo\":{\"@type\":\"ImageObject\",\"inLanguage\":\"fr-FR\",\"@id\":\"https:\/\/nationalstore.be\/fr#\/schema\/logo\/image\/\",\"url\":\"https:\/\/nationalstore.be\/wp-content\/uploads\/2024\/03\/nationaal-logo_mauve-cmjn.png\",\"contentUrl\":\"https:\/\/nationalstore.be\/wp-content\/uploads\/2024\/03\/nationaal-logo_mauve-cmjn.png\",\"width\":3475,\"height\":1352,\"caption\":\"NATIONA(A)L ARTIST MARKET\"},\"image\":{\"@id\":\"https:\/\/nationalstore.be\/fr#\/schema\/logo\/image\/\"}},{\"@type\":\"WebSite\",\"@id\":\"https:\/\/nationalstore.be\/fr#website\",\"url\":\"https:\/\/nationalstore.be\/fr\",\"name\":\"NATIONA(A)L ARTIST SUPERMARKET\",\"description\":\"\",\"publisher\":{\"@id\":\"https:\/\/nationalstore.be\/fr#organization\"},\"potentialAction\":[{\"@type\":\"SearchAction\",\"target\":{\"@type\":\"EntryPoint\",\"urlTemplate\":\"https:\/\/nationalstore.be\/fr?s={search_term_string}\"},\"query-input\":\"required name=search_term_string\"}],\"inLanguage\":\"fr-FR\"},{\"@type\":\"ImageObject\",\"inLanguage\":\"fr-FR\",\"@id\":\"https:\/\/nationalstore.be\/fr\/produit\/grid-pillow-orange#primaryimage\",\"url\":\"https:\/\/nationalstore.be\/wp-content\/uploads\/2022\/01\/DSC02562-5.jpg\",\"contentUrl\":\"https:\/\/nationalstore.be\/wp-content\/uploads\/2022\/01\/DSC02562-5.jpg\",\"width\":1432,\"height\":2048},{\"@type\":[\"WebPage\",\"ItemPage\"],\"@id\":\"https:\/\/nationalstore.be\/fr\/produit\/grid-pillow-orange#webpage\",\"url\":\"https:\/\/nationalstore.be\/fr\/produit\/grid-pillow-orange\",\"name\":\"GRID Pillow Orange | E-shop artistes belges\",\"isPartOf\":{\"@id\":\"https:\/\/nationalstore.be\/fr#website\"},\"primaryImageOfPage\":{\"@id\":\"https:\/\/nationalstore.be\/fr\/produit\/grid-pillow-orange#primaryimage\"},\"datePublished\":\"2022-01-14T12:51:52+00:00\",\"dateModified\":\"2022-12-15T15:00:05+00:00\",\"description\":\"Acheter un produit comme GRID Pillow Orange? Laissez vous surprendre par nos artistes belges sp\u00e9cialis\u00e9s en produits artisanaux!\",\"breadcrumb\":{\"@id\":\"https:\/\/nationalstore.be\/fr\/produit\/grid-pillow-orange#breadcrumb\"},\"inLanguage\":\"fr-FR\",\"potentialAction\":[{\"@type\":\"ReadAction\",\"target\":[\"https:\/\/nationalstore.be\/fr\/produit\/grid-pillow-orange\"]}]},{\"@type\":\"BreadcrumbList\",\"@id\":\"https:\/\/nationalstore.be\/fr\/produit\/grid-pillow-orange#breadcrumb\",\"itemListElement\":[{\"@type\":\"ListItem\",\"position\":1,\"name\":\"Home\",\"item\":\"https:\/\/nationalstore.be\/fr\"},{\"@type\":\"ListItem\",\"position\":2,\"name\":\"Produits\",\"item\":\"https:\/\/nationalstore.be\/fr\/shop\"},{\"@type\":\"ListItem\",\"position\":3,\"name\":\"Subcategories\",\"item\":\"https:\/\/nationalstore.be\/fr\/pc\/subcategories-fr\"},{\"@type\":\"ListItem\",\"position\":4,\"name\":\"Collection SOUVENIRS d\u2019artistes\",\"item\":\"https:\/\/nationalstore.be\/fr\/pc\/subcategories-fr\/collection-souvenirs-dartistes\"},{\"@type\":\"ListItem\",\"position\":5,\"name\":\"GRID Pillow Orange\"}]}]}<\/script>\n<!-- \/ Yoast SEO plugin. -->","yoast_head_json":{"title":"GRID Pillow Orange | E-shop artistes belges","description":"Acheter un produit comme GRID Pillow Orange? Laissez vous surprendre par nos artistes belges sp\u00e9cialis\u00e9s en produits artisanaux!","robots":{"index":"index","follow":"follow","max-snippet":"max-snippet:-1","max-image-preview":"max-image-preview:large","max-video-preview":"max-video-preview:-1"},"canonical":"https:\/\/nationalstore.be\/fr\/produit\/grid-pillow-orange","og_locale":"fr_FR","og_type":"article","og_title":"GRID Pillow Orange | E-shop artistes belges","og_description":"Acheter un produit comme GRID Pillow Orange? Laissez vous surprendre par nos artistes belges sp\u00e9cialis\u00e9s en produits artisanaux!","og_url":"https:\/\/nationalstore.be\/fr\/produit\/grid-pillow-orange","og_site_name":"NATIONA(A)L ARTIST SUPERMARKET","article_publisher":"https:\/\/www.facebook.com\/nationalstore\/?ref=br_rs","article_modified_time":"2022-12-15T15:00:05+00:00","og_image":[{"width":1432,"height":2048,"url":"https:\/\/nationalstore.be\/wp-content\/uploads\/2022\/01\/DSC02562-5.jpg","type":"image\/jpeg"}],"twitter_card":"summary_large_image","twitter_site":"@Nationalstore","twitter_misc":{"Dur\u00e9e de lecture estim\u00e9e":"1 minute"},"schema":{"@context":"https:\/\/schema.org","@graph":[{"@type":"Organization","@id":"https:\/\/nationalstore.be\/fr#organization","name":"NATIONA(A)L ARTIST MARKET","url":"https:\/\/nationalstore.be\/fr","sameAs":["https:\/\/www.instagram.com\/nationalstore\/","https:\/\/www.facebook.com\/nationalstore\/?ref=br_rs","https:\/\/twitter.com\/Nationalstore"],"logo":{"@type":"ImageObject","inLanguage":"fr-FR","@id":"https:\/\/nationalstore.be\/fr#\/schema\/logo\/image\/","url":"https:\/\/nationalstore.be\/wp-content\/uploads\/2024\/03\/nationaal-logo_mauve-cmjn.png","contentUrl":"https:\/\/nationalstore.be\/wp-content\/uploads\/2024\/03\/nationaal-logo_mauve-cmjn.png","width":3475,"height":1352,"caption":"NATIONA(A)L ARTIST MARKET"},"image":{"@id":"https:\/\/nationalstore.be\/fr#\/schema\/logo\/image\/"}},{"@type":"WebSite","@id":"https:\/\/nationalstore.be\/fr#website","url":"https:\/\/nationalstore.be\/fr","name":"NATIONA(A)L ARTIST SUPERMARKET","description":"","publisher":{"@id":"https:\/\/nationalstore.be\/fr#organization"},"potentialAction":[{"@type":"SearchAction","target":{"@type":"EntryPoint","urlTemplate":"https:\/\/nationalstore.be\/fr?s={search_term_string}"},"query-input":"required name=search_term_string"}],"inLanguage":"fr-FR"},{"@type":"ImageObject","inLanguage":"fr-FR","@id":"https:\/\/nationalstore.be\/fr\/produit\/grid-pillow-orange#primaryimage","url":"https:\/\/nationalstore.be\/wp-content\/uploads\/2022\/01\/DSC02562-5.jpg","contentUrl":"https:\/\/nationalstore.be\/wp-content\/uploads\/2022\/01\/DSC02562-5.jpg","width":1432,"height":2048},{"@type":["WebPage","ItemPage"],"@id":"https:\/\/nationalstore.be\/fr\/produit\/grid-pillow-orange#webpage","url":"https:\/\/nationalstore.be\/fr\/produit\/grid-pillow-orange","name":"GRID Pillow Orange | E-shop artistes belges","isPartOf":{"@id":"https:\/\/nationalstore.be\/fr#website"},"primaryImageOfPage":{"@id":"https:\/\/nationalstore.be\/fr\/produit\/grid-pillow-orange#primaryimage"},"datePublished":"2022-01-14T12:51:52+00:00","dateModified":"2022-12-15T15:00:05+00:00","description":"Acheter un produit comme GRID Pillow Orange? Laissez vous surprendre par nos artistes belges sp\u00e9cialis\u00e9s en produits artisanaux!","breadcrumb":{"@id":"https:\/\/nationalstore.be\/fr\/produit\/grid-pillow-orange#breadcrumb"},"inLanguage":"fr-FR","potentialAction":[{"@type":"ReadAction","target":["https:\/\/nationalstore.be\/fr\/produit\/grid-pillow-orange"]}]},{"@type":"BreadcrumbList","@id":"https:\/\/nationalstore.be\/fr\/produit\/grid-pillow-orange#breadcrumb","itemListElement":[{"@type":"ListItem","position":1,"name":"Home","item":"https:\/\/nationalstore.be\/fr"},{"@type":"ListItem","position":2,"name":"Produits","item":"https:\/\/nationalstore.be\/fr\/shop"},{"@type":"ListItem","position":3,"name":"Subcategories","item":"https:\/\/nationalstore.be\/fr\/pc\/subcategories-fr"},{"@type":"ListItem","position":4,"name":"Collection SOUVENIRS d\u2019artistes","item":"https:\/\/nationalstore.be\/fr\/pc\/subcategories-fr\/collection-souvenirs-dartistes"},{"@type":"ListItem","position":5,"name":"GRID Pillow Orange"}]}]}},"_links":{"self":[{"href":"https:\/\/nationalstore.be\/fr\/wp-json\/wp\/v2\/product\/29458"}],"collection":[{"href":"https:\/\/nationalstore.be\/fr\/wp-json\/wp\/v2\/product"}],"about":[{"href":"https:\/\/nationalstore.be\/fr\/wp-json\/wp\/v2\/types\/product"}],"wp:featuredmedia":[{"embeddable":true,"href":"https:\/\/nationalstore.be\/fr\/wp-json\/wp\/v2\/media\/29446"}],"wp:attachment":[{"href":"https:\/\/nationalstore.be\/fr\/wp-json\/wp\/v2\/media?parent=29458"}],"wp:term":[{"taxonomy":"product_cat","embeddable":true,"href":"https:\/\/nationalstore.be\/fr\/wp-json\/wp\/v2\/product_cat?post=29458"},{"taxonomy":"product_tag","embeddable":true,"href":"https:\/\/nationalstore.be\/fr\/wp-json\/wp\/v2\/product_tag?post=29458"}],"curies":[{"name":"wp","href":"https:\/\/api.w.org\/{rel}","templated":true}]}}