{"id":26702,"date":"2021-11-12T10:09:58","date_gmt":"2021-11-10T14:55:18","guid":{"rendered":"https:\/\/nationalstore.be\/?post_type=product&#038;p=26702"},"modified":"2021-11-12T10:18:54","modified_gmt":"2021-11-12T09:18:54","slug":"wallart-explore","status":"publish","type":"product","link":"https:\/\/nationalstore.be\/fr\/produit\/wallart-explore","title":{"rendered":"WallArt EXPLORE"},"content":{"rendered":"<p>Hey Jude Design est un studio textile Bruxellois travaillant les techniques artisanales de tissage, point nou\u00e9, crochet, nouage&#8230;Les processus de cr\u00e9ation sont lent et demande patience et passion du geste.<\/p>\n<p>Un th\u00e8me r\u00e9curent: l&#8217;\u00e9vasion, la po\u00e9sie de l&#8217;horizon, du paysage et de la nature qui l&#8217;envahit. Des lieux inspirants qui laisse place \u00e0 la cr\u00e9ation spontan\u00e9e sans dessin pr\u00e9 d\u00e9termin\u00e9.<\/p>\n<p>Autant de formes, couleurs et textures qui cr\u00e9e un langage propres permettant de transmettre une histoire \u00e0 celui qui le voit.<\/p>\n<p>Des collections de d\u00e9corations textiles, 100% Made in Belgium, rassemblant des pi\u00e8ces uniques auto-\u00e9dit\u00e9s.<\/p>\n","protected":false},"excerpt":{"rendered":"<p style=\"box-sizing: border-box; margin: 0px 0px 10px; caret-color: #4a4a4a; color: #4a4a4a;\" data-mce-style=\"box-sizing: border-box; margin: 0px 0px 10px; caret-color: #4a4a4a; color: #4a4a4a;\"><span style=\"box-sizing: border-box; font-weight: bold;\" data-mce-style=\"box-sizing: border-box; font-weight: bold;\">Description:\u00a0<\/span>Tapisserie unique r\u00e9alis\u00e9 \u00e0 la main.<\/p>\n<p style=\"box-sizing: border-box; margin: 0px 0px 10px; caret-color: #4a4a4a; color: #4a4a4a;\" data-mce-style=\"box-sizing: border-box; margin: 0px 0px 10px; caret-color: #4a4a4a; color: #4a4a4a;\"><span style=\"box-sizing: border-box; font-weight: bold;\" data-mce-style=\"box-sizing: border-box; font-weight: bold;\">Composition:\u00a0<\/span>Mix de fils aux mati\u00e8res nobles.<\/p>\n<p style=\"box-sizing: border-box; margin: 0px 0px 10px; caret-color: #4a4a4a; color: #4a4a4a;\" data-mce-style=\"box-sizing: border-box; margin: 0px 0px 10px; caret-color: #4a4a4a; color: #4a4a4a;\"><span style=\"box-sizing: border-box; font-weight: bold;\" data-mce-style=\"box-sizing: border-box; font-weight: bold;\">Dimension:\u00a0<\/span>30 x 35\u00a0cm \/ Barre de suspension 50cm<\/p>\n<p style=\"box-sizing: border-box; margin: 0px 0px 10px; caret-color: #4a4a4a; color: #4a4a4a;\" data-mce-style=\"box-sizing: border-box; margin: 0px 0px 10px; caret-color: #4a4a4a; color: #4a4a4a;\"><em style=\"box-sizing: border-box;\" data-mce-style=\"box-sizing: border-box;\">&#8220;Clair &#8211; Obscur &#8230; D\u00e9clin du jour, Cr\u00e9puscule du soir&#8230; Apparaissant au c\u0153ur de la nuit \u00e9clatant et lumineux. L&#8217;inexplor\u00e9 au myst\u00e8re po\u00e9tique.&#8221;<\/em><\/p>\n","protected":false},"featured_media":26697,"template":"","meta":[],"product_cat":[527,1787,3311,2903,548,1931,2870,2867],"product_tag":[1272,1080,823,825],"yoast_head":"<!-- This site is optimized with the Yoast SEO plugin v19.1 - https:\/\/yoast.com\/wordpress\/plugins\/seo\/ -->\n<title>WallArt EXPLORE | E-shop artistes belges<\/title>\n<meta name=\"description\" content=\"Acheter un produit comme WallArt EXPLORE? Laissez vous surprendre par nos artistes belges sp\u00e9cialis\u00e9s en produits artisanaux!\" \/>\n<meta name=\"robots\" content=\"index, follow, max-snippet:-1, max-image-preview:large, max-video-preview:-1\" \/>\n<link rel=\"canonical\" href=\"https:\/\/nationalstore.be\/fr\/produit\/wallart-explore\" \/>\n<meta property=\"og:locale\" content=\"fr_FR\" \/>\n<meta property=\"og:type\" content=\"article\" \/>\n<meta property=\"og:title\" content=\"WallArt EXPLORE | E-shop artistes belges\" \/>\n<meta property=\"og:description\" content=\"Acheter un produit comme WallArt EXPLORE? Laissez vous surprendre par nos artistes belges sp\u00e9cialis\u00e9s en produits artisanaux!\" \/>\n<meta property=\"og:url\" content=\"https:\/\/nationalstore.be\/fr\/produit\/wallart-explore\" \/>\n<meta property=\"og:site_name\" content=\"NATIONA(A)L ARTIST SUPERMARKET\" \/>\n<meta property=\"article:publisher\" content=\"https:\/\/www.facebook.com\/nationalstore\/?ref=br_rs\" \/>\n<meta property=\"article:modified_time\" content=\"2021-11-12T09:18:54+00:00\" \/>\n<meta property=\"og:image\" content=\"https:\/\/nationalstore.be\/wp-content\/uploads\/2021\/11\/C3425CE6-6768-4F20-BCE7-E47DE20B568F-scaled.jpeg\" \/>\n\t<meta property=\"og:image:width\" content=\"1920\" \/>\n\t<meta property=\"og:image:height\" content=\"2560\" \/>\n\t<meta property=\"og:image:type\" content=\"image\/jpeg\" \/>\n<meta name=\"twitter:card\" content=\"summary_large_image\" \/>\n<meta name=\"twitter:site\" content=\"@Nationalstore\" \/>\n<meta name=\"twitter:label1\" content=\"Dur\u00e9e de lecture estim\u00e9e\" \/>\n\t<meta name=\"twitter:data1\" content=\"1 minute\" \/>\n<script type=\"application\/ld+json\" class=\"yoast-schema-graph\">{\"@context\":\"https:\/\/schema.org\",\"@graph\":[{\"@type\":\"Organization\",\"@id\":\"https:\/\/nationalstore.be\/fr#organization\",\"name\":\"NATIONA(A)L ARTIST MARKET\",\"url\":\"https:\/\/nationalstore.be\/fr\",\"sameAs\":[\"https:\/\/www.instagram.com\/nationalstore\/\",\"https:\/\/www.facebook.com\/nationalstore\/?ref=br_rs\",\"https:\/\/twitter.com\/Nationalstore\"],\"logo\":{\"@type\":\"ImageObject\",\"inLanguage\":\"fr-FR\",\"@id\":\"https:\/\/nationalstore.be\/fr#\/schema\/logo\/image\/\",\"url\":\"https:\/\/nationalstore.be\/wp-content\/uploads\/2024\/03\/nationaal-logo_mauve-cmjn.png\",\"contentUrl\":\"https:\/\/nationalstore.be\/wp-content\/uploads\/2024\/03\/nationaal-logo_mauve-cmjn.png\",\"width\":3475,\"height\":1352,\"caption\":\"NATIONA(A)L ARTIST MARKET\"},\"image\":{\"@id\":\"https:\/\/nationalstore.be\/fr#\/schema\/logo\/image\/\"}},{\"@type\":\"WebSite\",\"@id\":\"https:\/\/nationalstore.be\/fr#website\",\"url\":\"https:\/\/nationalstore.be\/fr\",\"name\":\"NATIONA(A)L ARTIST SUPERMARKET\",\"description\":\"\",\"publisher\":{\"@id\":\"https:\/\/nationalstore.be\/fr#organization\"},\"potentialAction\":[{\"@type\":\"SearchAction\",\"target\":{\"@type\":\"EntryPoint\",\"urlTemplate\":\"https:\/\/nationalstore.be\/fr?s={search_term_string}\"},\"query-input\":\"required name=search_term_string\"}],\"inLanguage\":\"fr-FR\"},{\"@type\":\"ImageObject\",\"inLanguage\":\"fr-FR\",\"@id\":\"https:\/\/nationalstore.be\/fr\/produit\/wallart-explore#primaryimage\",\"url\":\"https:\/\/nationalstore.be\/wp-content\/uploads\/2021\/11\/C3425CE6-6768-4F20-BCE7-E47DE20B568F-scaled.jpeg\",\"contentUrl\":\"https:\/\/nationalstore.be\/wp-content\/uploads\/2021\/11\/C3425CE6-6768-4F20-BCE7-E47DE20B568F-scaled.jpeg\",\"width\":1920,\"height\":2560,\"caption\":\"WallArt EXPLORE\"},{\"@type\":[\"WebPage\",\"ItemPage\"],\"@id\":\"https:\/\/nationalstore.be\/fr\/produit\/wallart-explore#webpage\",\"url\":\"https:\/\/nationalstore.be\/fr\/produit\/wallart-explore\",\"name\":\"WallArt EXPLORE | E-shop artistes belges\",\"isPartOf\":{\"@id\":\"https:\/\/nationalstore.be\/fr#website\"},\"primaryImageOfPage\":{\"@id\":\"https:\/\/nationalstore.be\/fr\/produit\/wallart-explore#primaryimage\"},\"datePublished\":\"2021-11-10T14:55:18+00:00\",\"dateModified\":\"2021-11-12T09:18:54+00:00\",\"description\":\"Acheter un produit comme WallArt EXPLORE? Laissez vous surprendre par nos artistes belges sp\u00e9cialis\u00e9s en produits artisanaux!\",\"breadcrumb\":{\"@id\":\"https:\/\/nationalstore.be\/fr\/produit\/wallart-explore#breadcrumb\"},\"inLanguage\":\"fr-FR\",\"potentialAction\":[{\"@type\":\"ReadAction\",\"target\":[\"https:\/\/nationalstore.be\/fr\/produit\/wallart-explore\"]}]},{\"@type\":\"BreadcrumbList\",\"@id\":\"https:\/\/nationalstore.be\/fr\/produit\/wallart-explore#breadcrumb\",\"itemListElement\":[{\"@type\":\"ListItem\",\"position\":1,\"name\":\"Home\",\"item\":\"https:\/\/nationalstore.be\/fr\"},{\"@type\":\"ListItem\",\"position\":2,\"name\":\"Produits\",\"item\":\"https:\/\/nationalstore.be\/fr\/shop\"},{\"@type\":\"ListItem\",\"position\":3,\"name\":\"Subcategories\",\"item\":\"https:\/\/nationalstore.be\/fr\/pc\/subcategories-fr\"},{\"@type\":\"ListItem\",\"position\":4,\"name\":\"Entourez-vous de choses que vous aimez\",\"item\":\"https:\/\/nationalstore.be\/fr\/pc\/subcategories-fr\/entourez-vous-de-choses-que-vous-aimez\"},{\"@type\":\"ListItem\",\"position\":5,\"name\":\"WallArt EXPLORE\"}]}]}<\/script>\n<!-- \/ Yoast SEO plugin. -->","yoast_head_json":{"title":"WallArt EXPLORE | E-shop artistes belges","description":"Acheter un produit comme WallArt EXPLORE? Laissez vous surprendre par nos artistes belges sp\u00e9cialis\u00e9s en produits artisanaux!","robots":{"index":"index","follow":"follow","max-snippet":"max-snippet:-1","max-image-preview":"max-image-preview:large","max-video-preview":"max-video-preview:-1"},"canonical":"https:\/\/nationalstore.be\/fr\/produit\/wallart-explore","og_locale":"fr_FR","og_type":"article","og_title":"WallArt EXPLORE | E-shop artistes belges","og_description":"Acheter un produit comme WallArt EXPLORE? Laissez vous surprendre par nos artistes belges sp\u00e9cialis\u00e9s en produits artisanaux!","og_url":"https:\/\/nationalstore.be\/fr\/produit\/wallart-explore","og_site_name":"NATIONA(A)L ARTIST SUPERMARKET","article_publisher":"https:\/\/www.facebook.com\/nationalstore\/?ref=br_rs","article_modified_time":"2021-11-12T09:18:54+00:00","og_image":[{"width":1920,"height":2560,"url":"https:\/\/nationalstore.be\/wp-content\/uploads\/2021\/11\/C3425CE6-6768-4F20-BCE7-E47DE20B568F-scaled.jpeg","type":"image\/jpeg"}],"twitter_card":"summary_large_image","twitter_site":"@Nationalstore","twitter_misc":{"Dur\u00e9e de lecture estim\u00e9e":"1 minute"},"schema":{"@context":"https:\/\/schema.org","@graph":[{"@type":"Organization","@id":"https:\/\/nationalstore.be\/fr#organization","name":"NATIONA(A)L ARTIST MARKET","url":"https:\/\/nationalstore.be\/fr","sameAs":["https:\/\/www.instagram.com\/nationalstore\/","https:\/\/www.facebook.com\/nationalstore\/?ref=br_rs","https:\/\/twitter.com\/Nationalstore"],"logo":{"@type":"ImageObject","inLanguage":"fr-FR","@id":"https:\/\/nationalstore.be\/fr#\/schema\/logo\/image\/","url":"https:\/\/nationalstore.be\/wp-content\/uploads\/2024\/03\/nationaal-logo_mauve-cmjn.png","contentUrl":"https:\/\/nationalstore.be\/wp-content\/uploads\/2024\/03\/nationaal-logo_mauve-cmjn.png","width":3475,"height":1352,"caption":"NATIONA(A)L ARTIST MARKET"},"image":{"@id":"https:\/\/nationalstore.be\/fr#\/schema\/logo\/image\/"}},{"@type":"WebSite","@id":"https:\/\/nationalstore.be\/fr#website","url":"https:\/\/nationalstore.be\/fr","name":"NATIONA(A)L ARTIST SUPERMARKET","description":"","publisher":{"@id":"https:\/\/nationalstore.be\/fr#organization"},"potentialAction":[{"@type":"SearchAction","target":{"@type":"EntryPoint","urlTemplate":"https:\/\/nationalstore.be\/fr?s={search_term_string}"},"query-input":"required name=search_term_string"}],"inLanguage":"fr-FR"},{"@type":"ImageObject","inLanguage":"fr-FR","@id":"https:\/\/nationalstore.be\/fr\/produit\/wallart-explore#primaryimage","url":"https:\/\/nationalstore.be\/wp-content\/uploads\/2021\/11\/C3425CE6-6768-4F20-BCE7-E47DE20B568F-scaled.jpeg","contentUrl":"https:\/\/nationalstore.be\/wp-content\/uploads\/2021\/11\/C3425CE6-6768-4F20-BCE7-E47DE20B568F-scaled.jpeg","width":1920,"height":2560,"caption":"WallArt EXPLORE"},{"@type":["WebPage","ItemPage"],"@id":"https:\/\/nationalstore.be\/fr\/produit\/wallart-explore#webpage","url":"https:\/\/nationalstore.be\/fr\/produit\/wallart-explore","name":"WallArt EXPLORE | E-shop artistes belges","isPartOf":{"@id":"https:\/\/nationalstore.be\/fr#website"},"primaryImageOfPage":{"@id":"https:\/\/nationalstore.be\/fr\/produit\/wallart-explore#primaryimage"},"datePublished":"2021-11-10T14:55:18+00:00","dateModified":"2021-11-12T09:18:54+00:00","description":"Acheter un produit comme WallArt EXPLORE? Laissez vous surprendre par nos artistes belges sp\u00e9cialis\u00e9s en produits artisanaux!","breadcrumb":{"@id":"https:\/\/nationalstore.be\/fr\/produit\/wallart-explore#breadcrumb"},"inLanguage":"fr-FR","potentialAction":[{"@type":"ReadAction","target":["https:\/\/nationalstore.be\/fr\/produit\/wallart-explore"]}]},{"@type":"BreadcrumbList","@id":"https:\/\/nationalstore.be\/fr\/produit\/wallart-explore#breadcrumb","itemListElement":[{"@type":"ListItem","position":1,"name":"Home","item":"https:\/\/nationalstore.be\/fr"},{"@type":"ListItem","position":2,"name":"Produits","item":"https:\/\/nationalstore.be\/fr\/shop"},{"@type":"ListItem","position":3,"name":"Subcategories","item":"https:\/\/nationalstore.be\/fr\/pc\/subcategories-fr"},{"@type":"ListItem","position":4,"name":"Entourez-vous de choses que vous aimez","item":"https:\/\/nationalstore.be\/fr\/pc\/subcategories-fr\/entourez-vous-de-choses-que-vous-aimez"},{"@type":"ListItem","position":5,"name":"WallArt EXPLORE"}]}]}},"_links":{"self":[{"href":"https:\/\/nationalstore.be\/fr\/wp-json\/wp\/v2\/product\/26702"}],"collection":[{"href":"https:\/\/nationalstore.be\/fr\/wp-json\/wp\/v2\/product"}],"about":[{"href":"https:\/\/nationalstore.be\/fr\/wp-json\/wp\/v2\/types\/product"}],"wp:featuredmedia":[{"embeddable":true,"href":"https:\/\/nationalstore.be\/fr\/wp-json\/wp\/v2\/media\/26697"}],"wp:attachment":[{"href":"https:\/\/nationalstore.be\/fr\/wp-json\/wp\/v2\/media?parent=26702"}],"wp:term":[{"taxonomy":"product_cat","embeddable":true,"href":"https:\/\/nationalstore.be\/fr\/wp-json\/wp\/v2\/product_cat?post=26702"},{"taxonomy":"product_tag","embeddable":true,"href":"https:\/\/nationalstore.be\/fr\/wp-json\/wp\/v2\/product_tag?post=26702"}],"curies":[{"name":"wp","href":"https:\/\/api.w.org\/{rel}","templated":true}]}}