{"id":26596,"date":"2021-11-10T10:17:43","date_gmt":"2021-11-10T09:20:57","guid":{"rendered":"https:\/\/nationalstore.be\/?post_type=product&#038;p=26596"},"modified":"2023-11-24T09:57:23","modified_gmt":"2023-11-24T08:57:23","slug":"gradient-plaid-2","status":"publish","type":"product","link":"https:\/\/nationalstore.be\/fr\/produit\/gradient-plaid-2","title":{"rendered":"GRADIENT Plaid"},"content":{"rendered":"<p>En dehors de sa propre collection, Emma propose \u00e9galement des solutions sur mesure pour cr\u00e9er la pi\u00e8ce parfaite pour vous. Elle dessine votre motif et le tisse dans les couleurs de votre choix pour cr\u00e9er une pi\u00e8ce unique.\u00a0<\/p>\n<p>***<\/p>\n<p>Pour sa s\u00e9rie limit\u00e9e de couvertures, Emma Terweduwe redonne vie aux m\u00e9tiers artisanaux du pass\u00e9, en combinant sa sensibilit\u00e9 pour les designs graphiques contemporains et saisissants avec le processus traditionnel du tissage jacquard. Utilisant des mat\u00e9riaux naturels, comme la laine et le coton, aux propri\u00e9t\u00e9s subtiles mais expressives, ses \u0153uvres tiss\u00e9es r\u00e9v\u00e8lent une sensation organique et tactile, ramen\u00e9e au pr\u00e9sent par des motifs graphiques audacieux.<\/p>\n<p>Finies \u00e0 la main avec une technique de crochet, elle ajoute d&#8217;autres d\u00e9tails ludiques en couleur et en texture, soulignant la qualit\u00e9 unique de chaque pi\u00e8ce. Avec des motifs diff\u00e9rents de part et d&#8217;autre de chaque couverture, ces pi\u00e8ces peuvent \u00eatre repositionn\u00e9es, r\u00e9affich\u00e9es et appr\u00e9ci\u00e9es sous de nouvelles perspectives \u00e0 la discr\u00e9tion de leurs propri\u00e9taires.<\/p>\n","protected":false},"excerpt":{"rendered":"<p>Plaid GRADIENT en bleu \u00e9lectrique<\/p>\n<p>Cette pi\u00e8ce est tiss\u00e9e en jacquard et finie \u00e0 la main avec la technique du crochet.<\/p>\n<p>Edition limit\u00e9e de 20 pi\u00e8ces.<\/p>\n<p>160 x 200 cm (dimensions sur mesure disponibles)<\/p>\n<p>Mati\u00e8re : Mohair, laine et coton<\/p>\n<p>****<\/p>\n","protected":false},"featured_media":25075,"template":"","meta":[],"product_cat":[3034,1995,527,1787,1667,548,2867],"product_tag":[139],"yoast_head":"<!-- This site is optimized with the Yoast SEO plugin v19.1 - https:\/\/yoast.com\/wordpress\/plugins\/seo\/ -->\n<title>GRADIENT Plaid | E-shop artistes belges<\/title>\n<meta name=\"description\" content=\"Gradient Plaid Jacquard woven by Emma Terweduwe\" \/>\n<meta name=\"robots\" content=\"index, follow, max-snippet:-1, max-image-preview:large, max-video-preview:-1\" \/>\n<link rel=\"canonical\" href=\"https:\/\/nationalstore.be\/fr\/produit\/gradient-plaid-2\" \/>\n<meta property=\"og:locale\" content=\"fr_FR\" \/>\n<meta property=\"og:type\" content=\"article\" \/>\n<meta property=\"og:title\" content=\"GRADIENT Plaid | E-shop artistes belges\" \/>\n<meta property=\"og:description\" content=\"Gradient Plaid Jacquard woven by Emma Terweduwe\" \/>\n<meta property=\"og:url\" content=\"https:\/\/nationalstore.be\/fr\/produit\/gradient-plaid-2\" \/>\n<meta property=\"og:site_name\" content=\"NATIONA(A)L ARTIST SUPERMARKET\" \/>\n<meta property=\"article:publisher\" content=\"https:\/\/www.facebook.com\/nationalstore\/?ref=br_rs\" \/>\n<meta property=\"article:modified_time\" content=\"2023-11-24T08:57:23+00:00\" \/>\n<meta property=\"og:image\" content=\"https:\/\/nationalstore.be\/wp-content\/uploads\/2021\/10\/DSC01305-2-scaled.jpg\" \/>\n\t<meta property=\"og:image:width\" content=\"1707\" \/>\n\t<meta property=\"og:image:height\" content=\"2560\" \/>\n\t<meta property=\"og:image:type\" content=\"image\/jpeg\" \/>\n<meta name=\"twitter:card\" content=\"summary_large_image\" \/>\n<meta name=\"twitter:site\" content=\"@Nationalstore\" \/>\n<meta name=\"twitter:label1\" content=\"Dur\u00e9e de lecture estim\u00e9e\" \/>\n\t<meta name=\"twitter:data1\" content=\"1 minute\" \/>\n<script type=\"application\/ld+json\" class=\"yoast-schema-graph\">{\"@context\":\"https:\/\/schema.org\",\"@graph\":[{\"@type\":\"Organization\",\"@id\":\"https:\/\/nationalstore.be\/fr#organization\",\"name\":\"NATIONA(A)L ARTIST MARKET\",\"url\":\"https:\/\/nationalstore.be\/fr\",\"sameAs\":[\"https:\/\/www.instagram.com\/nationalstore\/\",\"https:\/\/www.facebook.com\/nationalstore\/?ref=br_rs\",\"https:\/\/twitter.com\/Nationalstore\"],\"logo\":{\"@type\":\"ImageObject\",\"inLanguage\":\"fr-FR\",\"@id\":\"https:\/\/nationalstore.be\/fr#\/schema\/logo\/image\/\",\"url\":\"https:\/\/nationalstore.be\/wp-content\/uploads\/2024\/03\/nationaal-logo_mauve-cmjn.png\",\"contentUrl\":\"https:\/\/nationalstore.be\/wp-content\/uploads\/2024\/03\/nationaal-logo_mauve-cmjn.png\",\"width\":3475,\"height\":1352,\"caption\":\"NATIONA(A)L ARTIST MARKET\"},\"image\":{\"@id\":\"https:\/\/nationalstore.be\/fr#\/schema\/logo\/image\/\"}},{\"@type\":\"WebSite\",\"@id\":\"https:\/\/nationalstore.be\/fr#website\",\"url\":\"https:\/\/nationalstore.be\/fr\",\"name\":\"NATIONA(A)L ARTIST SUPERMARKET\",\"description\":\"\",\"publisher\":{\"@id\":\"https:\/\/nationalstore.be\/fr#organization\"},\"potentialAction\":[{\"@type\":\"SearchAction\",\"target\":{\"@type\":\"EntryPoint\",\"urlTemplate\":\"https:\/\/nationalstore.be\/fr?s={search_term_string}\"},\"query-input\":\"required name=search_term_string\"}],\"inLanguage\":\"fr-FR\"},{\"@type\":\"ImageObject\",\"inLanguage\":\"fr-FR\",\"@id\":\"https:\/\/nationalstore.be\/fr\/produit\/gradient-plaid-2#primaryimage\",\"url\":\"https:\/\/nationalstore.be\/wp-content\/uploads\/2021\/10\/DSC01305-2-scaled.jpg\",\"contentUrl\":\"https:\/\/nationalstore.be\/wp-content\/uploads\/2021\/10\/DSC01305-2-scaled.jpg\",\"width\":1707,\"height\":2560},{\"@type\":[\"WebPage\",\"ItemPage\"],\"@id\":\"https:\/\/nationalstore.be\/fr\/produit\/gradient-plaid-2#webpage\",\"url\":\"https:\/\/nationalstore.be\/fr\/produit\/gradient-plaid-2\",\"name\":\"GRADIENT Plaid | E-shop artistes belges\",\"isPartOf\":{\"@id\":\"https:\/\/nationalstore.be\/fr#website\"},\"primaryImageOfPage\":{\"@id\":\"https:\/\/nationalstore.be\/fr\/produit\/gradient-plaid-2#primaryimage\"},\"datePublished\":\"2021-11-10T09:20:57+00:00\",\"dateModified\":\"2023-11-24T08:57:23+00:00\",\"description\":\"Gradient Plaid Jacquard woven by Emma Terweduwe\",\"breadcrumb\":{\"@id\":\"https:\/\/nationalstore.be\/fr\/produit\/gradient-plaid-2#breadcrumb\"},\"inLanguage\":\"fr-FR\",\"potentialAction\":[{\"@type\":\"ReadAction\",\"target\":[\"https:\/\/nationalstore.be\/fr\/produit\/gradient-plaid-2\"]}]},{\"@type\":\"BreadcrumbList\",\"@id\":\"https:\/\/nationalstore.be\/fr\/produit\/gradient-plaid-2#breadcrumb\",\"itemListElement\":[{\"@type\":\"ListItem\",\"position\":1,\"name\":\"Home\",\"item\":\"https:\/\/nationalstore.be\/fr\"},{\"@type\":\"ListItem\",\"position\":2,\"name\":\"Produits\",\"item\":\"https:\/\/nationalstore.be\/fr\/shop\"},{\"@type\":\"ListItem\",\"position\":3,\"name\":\"Subcategories\",\"item\":\"https:\/\/nationalstore.be\/fr\/pc\/subcategories-fr\"},{\"@type\":\"ListItem\",\"position\":4,\"name\":\"Collection SOUVENIRS d\u2019artistes\",\"item\":\"https:\/\/nationalstore.be\/fr\/pc\/subcategories-fr\/collection-souvenirs-dartistes\"},{\"@type\":\"ListItem\",\"position\":5,\"name\":\"GRADIENT Plaid\"}]}]}<\/script>\n<!-- \/ Yoast SEO plugin. -->","yoast_head_json":{"title":"GRADIENT Plaid | E-shop artistes belges","description":"Gradient Plaid Jacquard woven by Emma Terweduwe","robots":{"index":"index","follow":"follow","max-snippet":"max-snippet:-1","max-image-preview":"max-image-preview:large","max-video-preview":"max-video-preview:-1"},"canonical":"https:\/\/nationalstore.be\/fr\/produit\/gradient-plaid-2","og_locale":"fr_FR","og_type":"article","og_title":"GRADIENT Plaid | E-shop artistes belges","og_description":"Gradient Plaid Jacquard woven by Emma Terweduwe","og_url":"https:\/\/nationalstore.be\/fr\/produit\/gradient-plaid-2","og_site_name":"NATIONA(A)L ARTIST SUPERMARKET","article_publisher":"https:\/\/www.facebook.com\/nationalstore\/?ref=br_rs","article_modified_time":"2023-11-24T08:57:23+00:00","og_image":[{"width":1707,"height":2560,"url":"https:\/\/nationalstore.be\/wp-content\/uploads\/2021\/10\/DSC01305-2-scaled.jpg","type":"image\/jpeg"}],"twitter_card":"summary_large_image","twitter_site":"@Nationalstore","twitter_misc":{"Dur\u00e9e de lecture estim\u00e9e":"1 minute"},"schema":{"@context":"https:\/\/schema.org","@graph":[{"@type":"Organization","@id":"https:\/\/nationalstore.be\/fr#organization","name":"NATIONA(A)L ARTIST MARKET","url":"https:\/\/nationalstore.be\/fr","sameAs":["https:\/\/www.instagram.com\/nationalstore\/","https:\/\/www.facebook.com\/nationalstore\/?ref=br_rs","https:\/\/twitter.com\/Nationalstore"],"logo":{"@type":"ImageObject","inLanguage":"fr-FR","@id":"https:\/\/nationalstore.be\/fr#\/schema\/logo\/image\/","url":"https:\/\/nationalstore.be\/wp-content\/uploads\/2024\/03\/nationaal-logo_mauve-cmjn.png","contentUrl":"https:\/\/nationalstore.be\/wp-content\/uploads\/2024\/03\/nationaal-logo_mauve-cmjn.png","width":3475,"height":1352,"caption":"NATIONA(A)L ARTIST MARKET"},"image":{"@id":"https:\/\/nationalstore.be\/fr#\/schema\/logo\/image\/"}},{"@type":"WebSite","@id":"https:\/\/nationalstore.be\/fr#website","url":"https:\/\/nationalstore.be\/fr","name":"NATIONA(A)L ARTIST SUPERMARKET","description":"","publisher":{"@id":"https:\/\/nationalstore.be\/fr#organization"},"potentialAction":[{"@type":"SearchAction","target":{"@type":"EntryPoint","urlTemplate":"https:\/\/nationalstore.be\/fr?s={search_term_string}"},"query-input":"required name=search_term_string"}],"inLanguage":"fr-FR"},{"@type":"ImageObject","inLanguage":"fr-FR","@id":"https:\/\/nationalstore.be\/fr\/produit\/gradient-plaid-2#primaryimage","url":"https:\/\/nationalstore.be\/wp-content\/uploads\/2021\/10\/DSC01305-2-scaled.jpg","contentUrl":"https:\/\/nationalstore.be\/wp-content\/uploads\/2021\/10\/DSC01305-2-scaled.jpg","width":1707,"height":2560},{"@type":["WebPage","ItemPage"],"@id":"https:\/\/nationalstore.be\/fr\/produit\/gradient-plaid-2#webpage","url":"https:\/\/nationalstore.be\/fr\/produit\/gradient-plaid-2","name":"GRADIENT Plaid | E-shop artistes belges","isPartOf":{"@id":"https:\/\/nationalstore.be\/fr#website"},"primaryImageOfPage":{"@id":"https:\/\/nationalstore.be\/fr\/produit\/gradient-plaid-2#primaryimage"},"datePublished":"2021-11-10T09:20:57+00:00","dateModified":"2023-11-24T08:57:23+00:00","description":"Gradient Plaid Jacquard woven by Emma Terweduwe","breadcrumb":{"@id":"https:\/\/nationalstore.be\/fr\/produit\/gradient-plaid-2#breadcrumb"},"inLanguage":"fr-FR","potentialAction":[{"@type":"ReadAction","target":["https:\/\/nationalstore.be\/fr\/produit\/gradient-plaid-2"]}]},{"@type":"BreadcrumbList","@id":"https:\/\/nationalstore.be\/fr\/produit\/gradient-plaid-2#breadcrumb","itemListElement":[{"@type":"ListItem","position":1,"name":"Home","item":"https:\/\/nationalstore.be\/fr"},{"@type":"ListItem","position":2,"name":"Produits","item":"https:\/\/nationalstore.be\/fr\/shop"},{"@type":"ListItem","position":3,"name":"Subcategories","item":"https:\/\/nationalstore.be\/fr\/pc\/subcategories-fr"},{"@type":"ListItem","position":4,"name":"Collection SOUVENIRS d\u2019artistes","item":"https:\/\/nationalstore.be\/fr\/pc\/subcategories-fr\/collection-souvenirs-dartistes"},{"@type":"ListItem","position":5,"name":"GRADIENT Plaid"}]}]}},"_links":{"self":[{"href":"https:\/\/nationalstore.be\/fr\/wp-json\/wp\/v2\/product\/26596"}],"collection":[{"href":"https:\/\/nationalstore.be\/fr\/wp-json\/wp\/v2\/product"}],"about":[{"href":"https:\/\/nationalstore.be\/fr\/wp-json\/wp\/v2\/types\/product"}],"wp:featuredmedia":[{"embeddable":true,"href":"https:\/\/nationalstore.be\/fr\/wp-json\/wp\/v2\/media\/25075"}],"wp:attachment":[{"href":"https:\/\/nationalstore.be\/fr\/wp-json\/wp\/v2\/media?parent=26596"}],"wp:term":[{"taxonomy":"product_cat","embeddable":true,"href":"https:\/\/nationalstore.be\/fr\/wp-json\/wp\/v2\/product_cat?post=26596"},{"taxonomy":"product_tag","embeddable":true,"href":"https:\/\/nationalstore.be\/fr\/wp-json\/wp\/v2\/product_tag?post=26596"}],"curies":[{"name":"wp","href":"https:\/\/api.w.org\/{rel}","templated":true}]}}