{"id":22940,"date":"2021-08-25T09:39:50","date_gmt":"2021-08-25T07:41:52","guid":{"rendered":"https:\/\/nationalstore.be\/?post_type=product&#038;p=22940"},"modified":"2021-08-25T09:42:59","modified_gmt":"2021-08-25T07:42:59","slug":"floats-tapisserie","status":"publish","type":"product","link":"https:\/\/nationalstore.be\/fr\/produit\/floats-tapisserie","title":{"rendered":"Floats Tapisserie"},"content":{"rendered":"<p>Gr\u00e2ce \u00e0 l&#8217;utilisation de la couleur, de mat\u00e9riaux naturels et francs dans la technique de tissage jacquard, FLOATS devient une tapisserie aux grands aspects tactiles et organiques. La combinaison de diff\u00e9rents mat\u00e9riaux, y compris les fils flottants en lin au sein d&#8217;une composition de forme organique, donne une sensation tactile tr\u00e8s unique \u00e0 la tapisserie.<\/p>\n<p>Avec des motifs diff\u00e9rents de part et d&#8217;autre de chaque tapisserie, ces pi\u00e8ces peuvent \u00eatre repositionn\u00e9es, r\u00e9affich\u00e9es et appr\u00e9ci\u00e9es sous de nouvelles perspectives \u00e0 la discr\u00e9tion de leurs propri\u00e9taires.\u00a0<\/p>\n<p>Cette pi\u00e8ce est exclusivement r\u00e9alis\u00e9e sur commande, avec num\u00e9ro de s\u00e9rie. R\u00e9alis\u00e9e en collaboration avec TextielLab Tilburg.<\/p>\n","protected":false},"excerpt":{"rendered":"<p>FLOATS 03 est une tapisserie d\u00e9licatement tiss\u00e9e en jacquard \u00e0 partir de laine m\u00e9rinos, de lin et de coton. Elle fait partie d&#8217;une s\u00e9rie de tapisseries murales, FLOATS, cr\u00e9\u00e9e \u00e0 partir d&#8217;une recherche sur la composition, la forme et la couleur.<\/p>\n<p>Dimensions: 165 x 160 cm<\/p>\n<p><br data-mce-bogus=\"1\"><\/p>\n","protected":false},"featured_media":22834,"template":"","meta":[],"product_cat":[3034,1995,527,1787,1667,2903,548,2870,2867],"product_tag":[823,825],"yoast_head":"<!-- This site is optimized with the Yoast SEO plugin v19.1 - https:\/\/yoast.com\/wordpress\/plugins\/seo\/ -->\n<title>Floats Tapisserie | E-shop artistes belges<\/title>\n<meta name=\"description\" content=\"Floats tapestry. Delicately jacquard woven. floating threads.\" \/>\n<meta name=\"robots\" content=\"index, follow, max-snippet:-1, max-image-preview:large, max-video-preview:-1\" \/>\n<link rel=\"canonical\" href=\"https:\/\/nationalstore.be\/fr\/produit\/floats-tapisserie\" \/>\n<meta property=\"og:locale\" content=\"fr_FR\" \/>\n<meta property=\"og:type\" content=\"article\" \/>\n<meta property=\"og:title\" content=\"Floats Tapisserie | E-shop artistes belges\" \/>\n<meta property=\"og:description\" content=\"Floats tapestry. Delicately jacquard woven. floating threads.\" \/>\n<meta property=\"og:url\" content=\"https:\/\/nationalstore.be\/fr\/produit\/floats-tapisserie\" \/>\n<meta property=\"og:site_name\" content=\"NATIONA(A)L ARTIST SUPERMARKET\" \/>\n<meta property=\"article:publisher\" content=\"https:\/\/www.facebook.com\/nationalstore\/?ref=br_rs\" \/>\n<meta property=\"article:modified_time\" content=\"2021-08-25T07:42:59+00:00\" \/>\n<meta property=\"og:image\" content=\"https:\/\/nationalstore.be\/wp-content\/uploads\/2021\/08\/DSC_0548-scaled.jpg\" \/>\n\t<meta property=\"og:image:width\" content=\"1702\" \/>\n\t<meta property=\"og:image:height\" content=\"2560\" \/>\n\t<meta property=\"og:image:type\" content=\"image\/jpeg\" \/>\n<meta name=\"twitter:card\" content=\"summary_large_image\" \/>\n<meta name=\"twitter:site\" content=\"@Nationalstore\" \/>\n<meta name=\"twitter:label1\" content=\"Dur\u00e9e de lecture estim\u00e9e\" \/>\n\t<meta name=\"twitter:data1\" content=\"1 minute\" \/>\n<script type=\"application\/ld+json\" class=\"yoast-schema-graph\">{\"@context\":\"https:\/\/schema.org\",\"@graph\":[{\"@type\":\"Organization\",\"@id\":\"https:\/\/nationalstore.be\/fr#organization\",\"name\":\"NATIONA(A)L ARTIST MARKET\",\"url\":\"https:\/\/nationalstore.be\/fr\",\"sameAs\":[\"https:\/\/www.instagram.com\/nationalstore\/\",\"https:\/\/www.facebook.com\/nationalstore\/?ref=br_rs\",\"https:\/\/twitter.com\/Nationalstore\"],\"logo\":{\"@type\":\"ImageObject\",\"inLanguage\":\"fr-FR\",\"@id\":\"https:\/\/nationalstore.be\/fr#\/schema\/logo\/image\/\",\"url\":\"https:\/\/nationalstore.be\/wp-content\/uploads\/2024\/03\/nationaal-logo_mauve-cmjn.png\",\"contentUrl\":\"https:\/\/nationalstore.be\/wp-content\/uploads\/2024\/03\/nationaal-logo_mauve-cmjn.png\",\"width\":3475,\"height\":1352,\"caption\":\"NATIONA(A)L ARTIST MARKET\"},\"image\":{\"@id\":\"https:\/\/nationalstore.be\/fr#\/schema\/logo\/image\/\"}},{\"@type\":\"WebSite\",\"@id\":\"https:\/\/nationalstore.be\/fr#website\",\"url\":\"https:\/\/nationalstore.be\/fr\",\"name\":\"NATIONA(A)L ARTIST SUPERMARKET\",\"description\":\"\",\"publisher\":{\"@id\":\"https:\/\/nationalstore.be\/fr#organization\"},\"potentialAction\":[{\"@type\":\"SearchAction\",\"target\":{\"@type\":\"EntryPoint\",\"urlTemplate\":\"https:\/\/nationalstore.be\/fr?s={search_term_string}\"},\"query-input\":\"required name=search_term_string\"}],\"inLanguage\":\"fr-FR\"},{\"@type\":\"ImageObject\",\"inLanguage\":\"fr-FR\",\"@id\":\"https:\/\/nationalstore.be\/fr\/produit\/floats-tapisserie#primaryimage\",\"url\":\"https:\/\/nationalstore.be\/wp-content\/uploads\/2021\/08\/DSC_0548-scaled.jpg\",\"contentUrl\":\"https:\/\/nationalstore.be\/wp-content\/uploads\/2021\/08\/DSC_0548-scaled.jpg\",\"width\":1702,\"height\":2560},{\"@type\":[\"WebPage\",\"ItemPage\"],\"@id\":\"https:\/\/nationalstore.be\/fr\/produit\/floats-tapisserie#webpage\",\"url\":\"https:\/\/nationalstore.be\/fr\/produit\/floats-tapisserie\",\"name\":\"Floats Tapisserie | E-shop artistes belges\",\"isPartOf\":{\"@id\":\"https:\/\/nationalstore.be\/fr#website\"},\"primaryImageOfPage\":{\"@id\":\"https:\/\/nationalstore.be\/fr\/produit\/floats-tapisserie#primaryimage\"},\"datePublished\":\"2021-08-25T07:41:52+00:00\",\"dateModified\":\"2021-08-25T07:42:59+00:00\",\"description\":\"Floats tapestry. Delicately jacquard woven. floating threads.\",\"breadcrumb\":{\"@id\":\"https:\/\/nationalstore.be\/fr\/produit\/floats-tapisserie#breadcrumb\"},\"inLanguage\":\"fr-FR\",\"potentialAction\":[{\"@type\":\"ReadAction\",\"target\":[\"https:\/\/nationalstore.be\/fr\/produit\/floats-tapisserie\"]}]},{\"@type\":\"BreadcrumbList\",\"@id\":\"https:\/\/nationalstore.be\/fr\/produit\/floats-tapisserie#breadcrumb\",\"itemListElement\":[{\"@type\":\"ListItem\",\"position\":1,\"name\":\"Home\",\"item\":\"https:\/\/nationalstore.be\/fr\"},{\"@type\":\"ListItem\",\"position\":2,\"name\":\"Produits\",\"item\":\"https:\/\/nationalstore.be\/fr\/shop\"},{\"@type\":\"ListItem\",\"position\":3,\"name\":\"Subcategories\",\"item\":\"https:\/\/nationalstore.be\/fr\/pc\/subcategories-fr\"},{\"@type\":\"ListItem\",\"position\":4,\"name\":\"Collection SOUVENIRS d\u2019artistes\",\"item\":\"https:\/\/nationalstore.be\/fr\/pc\/subcategories-fr\/collection-souvenirs-dartistes\"},{\"@type\":\"ListItem\",\"position\":5,\"name\":\"Floats Tapisserie\"}]}]}<\/script>\n<!-- \/ Yoast SEO plugin. -->","yoast_head_json":{"title":"Floats Tapisserie | E-shop artistes belges","description":"Floats tapestry. Delicately jacquard woven. floating threads.","robots":{"index":"index","follow":"follow","max-snippet":"max-snippet:-1","max-image-preview":"max-image-preview:large","max-video-preview":"max-video-preview:-1"},"canonical":"https:\/\/nationalstore.be\/fr\/produit\/floats-tapisserie","og_locale":"fr_FR","og_type":"article","og_title":"Floats Tapisserie | E-shop artistes belges","og_description":"Floats tapestry. Delicately jacquard woven. floating threads.","og_url":"https:\/\/nationalstore.be\/fr\/produit\/floats-tapisserie","og_site_name":"NATIONA(A)L ARTIST SUPERMARKET","article_publisher":"https:\/\/www.facebook.com\/nationalstore\/?ref=br_rs","article_modified_time":"2021-08-25T07:42:59+00:00","og_image":[{"width":1702,"height":2560,"url":"https:\/\/nationalstore.be\/wp-content\/uploads\/2021\/08\/DSC_0548-scaled.jpg","type":"image\/jpeg"}],"twitter_card":"summary_large_image","twitter_site":"@Nationalstore","twitter_misc":{"Dur\u00e9e de lecture estim\u00e9e":"1 minute"},"schema":{"@context":"https:\/\/schema.org","@graph":[{"@type":"Organization","@id":"https:\/\/nationalstore.be\/fr#organization","name":"NATIONA(A)L ARTIST MARKET","url":"https:\/\/nationalstore.be\/fr","sameAs":["https:\/\/www.instagram.com\/nationalstore\/","https:\/\/www.facebook.com\/nationalstore\/?ref=br_rs","https:\/\/twitter.com\/Nationalstore"],"logo":{"@type":"ImageObject","inLanguage":"fr-FR","@id":"https:\/\/nationalstore.be\/fr#\/schema\/logo\/image\/","url":"https:\/\/nationalstore.be\/wp-content\/uploads\/2024\/03\/nationaal-logo_mauve-cmjn.png","contentUrl":"https:\/\/nationalstore.be\/wp-content\/uploads\/2024\/03\/nationaal-logo_mauve-cmjn.png","width":3475,"height":1352,"caption":"NATIONA(A)L ARTIST MARKET"},"image":{"@id":"https:\/\/nationalstore.be\/fr#\/schema\/logo\/image\/"}},{"@type":"WebSite","@id":"https:\/\/nationalstore.be\/fr#website","url":"https:\/\/nationalstore.be\/fr","name":"NATIONA(A)L ARTIST SUPERMARKET","description":"","publisher":{"@id":"https:\/\/nationalstore.be\/fr#organization"},"potentialAction":[{"@type":"SearchAction","target":{"@type":"EntryPoint","urlTemplate":"https:\/\/nationalstore.be\/fr?s={search_term_string}"},"query-input":"required name=search_term_string"}],"inLanguage":"fr-FR"},{"@type":"ImageObject","inLanguage":"fr-FR","@id":"https:\/\/nationalstore.be\/fr\/produit\/floats-tapisserie#primaryimage","url":"https:\/\/nationalstore.be\/wp-content\/uploads\/2021\/08\/DSC_0548-scaled.jpg","contentUrl":"https:\/\/nationalstore.be\/wp-content\/uploads\/2021\/08\/DSC_0548-scaled.jpg","width":1702,"height":2560},{"@type":["WebPage","ItemPage"],"@id":"https:\/\/nationalstore.be\/fr\/produit\/floats-tapisserie#webpage","url":"https:\/\/nationalstore.be\/fr\/produit\/floats-tapisserie","name":"Floats Tapisserie | E-shop artistes belges","isPartOf":{"@id":"https:\/\/nationalstore.be\/fr#website"},"primaryImageOfPage":{"@id":"https:\/\/nationalstore.be\/fr\/produit\/floats-tapisserie#primaryimage"},"datePublished":"2021-08-25T07:41:52+00:00","dateModified":"2021-08-25T07:42:59+00:00","description":"Floats tapestry. Delicately jacquard woven. floating threads.","breadcrumb":{"@id":"https:\/\/nationalstore.be\/fr\/produit\/floats-tapisserie#breadcrumb"},"inLanguage":"fr-FR","potentialAction":[{"@type":"ReadAction","target":["https:\/\/nationalstore.be\/fr\/produit\/floats-tapisserie"]}]},{"@type":"BreadcrumbList","@id":"https:\/\/nationalstore.be\/fr\/produit\/floats-tapisserie#breadcrumb","itemListElement":[{"@type":"ListItem","position":1,"name":"Home","item":"https:\/\/nationalstore.be\/fr"},{"@type":"ListItem","position":2,"name":"Produits","item":"https:\/\/nationalstore.be\/fr\/shop"},{"@type":"ListItem","position":3,"name":"Subcategories","item":"https:\/\/nationalstore.be\/fr\/pc\/subcategories-fr"},{"@type":"ListItem","position":4,"name":"Collection SOUVENIRS d\u2019artistes","item":"https:\/\/nationalstore.be\/fr\/pc\/subcategories-fr\/collection-souvenirs-dartistes"},{"@type":"ListItem","position":5,"name":"Floats Tapisserie"}]}]}},"_links":{"self":[{"href":"https:\/\/nationalstore.be\/fr\/wp-json\/wp\/v2\/product\/22940"}],"collection":[{"href":"https:\/\/nationalstore.be\/fr\/wp-json\/wp\/v2\/product"}],"about":[{"href":"https:\/\/nationalstore.be\/fr\/wp-json\/wp\/v2\/types\/product"}],"wp:featuredmedia":[{"embeddable":true,"href":"https:\/\/nationalstore.be\/fr\/wp-json\/wp\/v2\/media\/22834"}],"wp:attachment":[{"href":"https:\/\/nationalstore.be\/fr\/wp-json\/wp\/v2\/media?parent=22940"}],"wp:term":[{"taxonomy":"product_cat","embeddable":true,"href":"https:\/\/nationalstore.be\/fr\/wp-json\/wp\/v2\/product_cat?post=22940"},{"taxonomy":"product_tag","embeddable":true,"href":"https:\/\/nationalstore.be\/fr\/wp-json\/wp\/v2\/product_tag?post=22940"}],"curies":[{"name":"wp","href":"https:\/\/api.w.org\/{rel}","templated":true}]}}