{"id":20578,"date":"2021-05-28T10:45:02","date_gmt":"2021-05-28T08:45:02","guid":{"rendered":"https:\/\/nationalstore.be\/?post_type=product&#038;p=20578"},"modified":"2022-06-09T18:05:45","modified_gmt":"2022-06-09T16:05:45","slug":"le-bob-a-nouer-x-c-pouki","status":"publish","type":"product","link":"https:\/\/nationalstore.be\/fr\/produit\/le-bob-a-nouer-x-c-pouki","title":{"rendered":"Le Bob \u00c0 Nouer x C.Pouki"},"content":{"rendered":"<p dir=\"ltr\">Chaque pi\u00e8ce est unique, fabriqu\u00e9e \u00e0 Li\u00e8ge et r\u00e9alis\u00e9e artisanalement. Le client peut, sur demande, choisir son motif parmi la gamme propos\u00e9e ainsi que la couleur du chapeau. Pour les finitions, les gros grains sont pos\u00e9s \u00e0 la main. <\/p>\n<p dir=\"ltr\">La mati\u00e8re: les chapeaux ne sont pas en feutre, ils sont en \u00e9thyl\u00e8ne de vinyle d&#8217;ac\u00e9tate, une mati\u00e8re imperm\u00e9able et particuli\u00e8rement l\u00e9g\u00e8re.\u00a0<\/p>\n<p dir=\"ltr\">Cette pi\u00e8ce est disponible en taille unique<\/p>\n<p><span style=\"font-size: 12pt; font-family: Arial; color: #000000; background-color: transparent; font-variant-numeric: normal; font-variant-east-asian: normal; vertical-align: baseline; white-space: pre-wrap;\" data-mce-style=\"font-size: 12pt; font-family: Arial; color: #000000; background-color: transparent; font-variant-numeric: normal; font-variant-east-asian: normal; vertical-align: baseline; white-space: pre-wrap;\"><br \/><\/span><\/p>\n","protected":false},"excerpt":{"rendered":"<p dir=\"ltr\">Le\u00a0BOB \u00c0 NOUER\u00a0est d\u2019un format carr\u00e9 et se noue sur l\u2019avant \u00e0 l\u2019aide du gros grain des bords. La pointe du chapeau redescend dans le dos.<\/p>\n<p dir=\"ltr\">Ce mod\u00e8le est de taille unique.<\/p>\n<p dir=\"ltr\">La collection\u00a0HACK A HAT\u00a0est une s\u00e9rie de chapeaux r\u00e9alis\u00e9s via une technique in\u00e9dite. Le proc\u00e8s de fabrication exclusif, gard\u00e9 secret, nous permet de revaloriser les chutes de production d\u2019une entreprise belge.<\/p>\n","protected":false},"featured_media":20574,"template":"","meta":[],"product_cat":[1514,529],"product_tag":[1067,1248,1308],"yoast_head":"<!-- This site is optimized with the Yoast SEO plugin v19.1 - https:\/\/yoast.com\/wordpress\/plugins\/seo\/ -->\n<title>Le Bob \u00c0 Nouer x C.Pouki | E-shop artistes belges<\/title>\n<meta name=\"description\" content=\"Acheter un produit comme Le Bob \u00c0 Nouer x C.Pouki? Laissez vous surprendre par nos artistes belges sp\u00e9cialis\u00e9s en produits artisanaux!\" \/>\n<meta name=\"robots\" content=\"index, follow, max-snippet:-1, max-image-preview:large, max-video-preview:-1\" \/>\n<link rel=\"canonical\" href=\"https:\/\/nationalstore.be\/fr\/produit\/le-bob-a-nouer-x-c-pouki\" \/>\n<meta property=\"og:locale\" content=\"fr_FR\" \/>\n<meta property=\"og:type\" content=\"article\" \/>\n<meta property=\"og:title\" content=\"Le Bob \u00c0 Nouer x C.Pouki | E-shop artistes belges\" \/>\n<meta property=\"og:description\" content=\"Acheter un produit comme Le Bob \u00c0 Nouer x C.Pouki? Laissez vous surprendre par nos artistes belges sp\u00e9cialis\u00e9s en produits artisanaux!\" \/>\n<meta property=\"og:url\" content=\"https:\/\/nationalstore.be\/fr\/produit\/le-bob-a-nouer-x-c-pouki\" \/>\n<meta property=\"og:site_name\" content=\"NATIONA(A)L ARTIST SUPERMARKET\" \/>\n<meta property=\"article:publisher\" content=\"https:\/\/www.facebook.com\/nationalstore\/?ref=br_rs\" \/>\n<meta property=\"article:modified_time\" content=\"2022-06-09T16:05:45+00:00\" \/>\n<meta property=\"og:image\" content=\"https:\/\/nationalstore.be\/wp-content\/uploads\/2021\/05\/DSC3654-scaled.jpg\" \/>\n\t<meta property=\"og:image:width\" content=\"1707\" \/>\n\t<meta property=\"og:image:height\" content=\"2560\" \/>\n\t<meta property=\"og:image:type\" content=\"image\/jpeg\" \/>\n<meta name=\"twitter:card\" content=\"summary_large_image\" \/>\n<meta name=\"twitter:site\" content=\"@Nationalstore\" \/>\n<script type=\"application\/ld+json\" class=\"yoast-schema-graph\">{\"@context\":\"https:\/\/schema.org\",\"@graph\":[{\"@type\":\"Organization\",\"@id\":\"https:\/\/nationalstore.be\/fr#organization\",\"name\":\"NATIONA(A)L ARTIST MARKET\",\"url\":\"https:\/\/nationalstore.be\/fr\",\"sameAs\":[\"https:\/\/www.instagram.com\/nationalstore\/\",\"https:\/\/www.facebook.com\/nationalstore\/?ref=br_rs\",\"https:\/\/twitter.com\/Nationalstore\"],\"logo\":{\"@type\":\"ImageObject\",\"inLanguage\":\"fr-FR\",\"@id\":\"https:\/\/nationalstore.be\/fr#\/schema\/logo\/image\/\",\"url\":\"https:\/\/nationalstore.be\/wp-content\/uploads\/2024\/03\/nationaal-logo_mauve-cmjn.png\",\"contentUrl\":\"https:\/\/nationalstore.be\/wp-content\/uploads\/2024\/03\/nationaal-logo_mauve-cmjn.png\",\"width\":3475,\"height\":1352,\"caption\":\"NATIONA(A)L ARTIST MARKET\"},\"image\":{\"@id\":\"https:\/\/nationalstore.be\/fr#\/schema\/logo\/image\/\"}},{\"@type\":\"WebSite\",\"@id\":\"https:\/\/nationalstore.be\/fr#website\",\"url\":\"https:\/\/nationalstore.be\/fr\",\"name\":\"NATIONA(A)L ARTIST SUPERMARKET\",\"description\":\"\",\"publisher\":{\"@id\":\"https:\/\/nationalstore.be\/fr#organization\"},\"potentialAction\":[{\"@type\":\"SearchAction\",\"target\":{\"@type\":\"EntryPoint\",\"urlTemplate\":\"https:\/\/nationalstore.be\/fr?s={search_term_string}\"},\"query-input\":\"required name=search_term_string\"}],\"inLanguage\":\"fr-FR\"},{\"@type\":\"ImageObject\",\"inLanguage\":\"fr-FR\",\"@id\":\"https:\/\/nationalstore.be\/fr\/produit\/le-bob-a-nouer-x-c-pouki#primaryimage\",\"url\":\"https:\/\/nationalstore.be\/wp-content\/uploads\/2021\/05\/DSC3654-scaled.jpg\",\"contentUrl\":\"https:\/\/nationalstore.be\/wp-content\/uploads\/2021\/05\/DSC3654-scaled.jpg\",\"width\":1707,\"height\":2560,\"caption\":\"Hackt hak a hat 2021 la cambre master accessoire chlo\u00e9 henris C.pouki li\u00e8ge belgique concours tremplin becraft\"},{\"@type\":[\"WebPage\",\"ItemPage\"],\"@id\":\"https:\/\/nationalstore.be\/fr\/produit\/le-bob-a-nouer-x-c-pouki#webpage\",\"url\":\"https:\/\/nationalstore.be\/fr\/produit\/le-bob-a-nouer-x-c-pouki\",\"name\":\"Le Bob \u00c0 Nouer x C.Pouki | E-shop artistes belges\",\"isPartOf\":{\"@id\":\"https:\/\/nationalstore.be\/fr#website\"},\"primaryImageOfPage\":{\"@id\":\"https:\/\/nationalstore.be\/fr\/produit\/le-bob-a-nouer-x-c-pouki#primaryimage\"},\"datePublished\":\"2021-05-28T08:45:02+00:00\",\"dateModified\":\"2022-06-09T16:05:45+00:00\",\"description\":\"Acheter un produit comme Le Bob \u00c0 Nouer x C.Pouki? Laissez vous surprendre par nos artistes belges sp\u00e9cialis\u00e9s en produits artisanaux!\",\"breadcrumb\":{\"@id\":\"https:\/\/nationalstore.be\/fr\/produit\/le-bob-a-nouer-x-c-pouki#breadcrumb\"},\"inLanguage\":\"fr-FR\",\"potentialAction\":[{\"@type\":\"ReadAction\",\"target\":[\"https:\/\/nationalstore.be\/fr\/produit\/le-bob-a-nouer-x-c-pouki\"]}]},{\"@type\":\"BreadcrumbList\",\"@id\":\"https:\/\/nationalstore.be\/fr\/produit\/le-bob-a-nouer-x-c-pouki#breadcrumb\",\"itemListElement\":[{\"@type\":\"ListItem\",\"position\":1,\"name\":\"Home\",\"item\":\"https:\/\/nationalstore.be\/fr\"},{\"@type\":\"ListItem\",\"position\":2,\"name\":\"Produits\",\"item\":\"https:\/\/nationalstore.be\/fr\/shop\"},{\"@type\":\"ListItem\",\"position\":3,\"name\":\"Subcategories\",\"item\":\"https:\/\/nationalstore.be\/fr\/pc\/subcategories-fr\"},{\"@type\":\"ListItem\",\"position\":4,\"name\":\"Flanders DC &amp; MAD Brussels 2\u00e8me s\u00e9lection\",\"item\":\"https:\/\/nationalstore.be\/fr\/pc\/subcategories-fr\/flanders-dc-mad-brussels-2eme-selection\"},{\"@type\":\"ListItem\",\"position\":5,\"name\":\"Le Bob \u00c0 Nouer x C.Pouki\"}]}]}<\/script>\n<!-- \/ Yoast SEO plugin. -->","yoast_head_json":{"title":"Le Bob \u00c0 Nouer x C.Pouki | E-shop artistes belges","description":"Acheter un produit comme Le Bob \u00c0 Nouer x C.Pouki? Laissez vous surprendre par nos artistes belges sp\u00e9cialis\u00e9s en produits artisanaux!","robots":{"index":"index","follow":"follow","max-snippet":"max-snippet:-1","max-image-preview":"max-image-preview:large","max-video-preview":"max-video-preview:-1"},"canonical":"https:\/\/nationalstore.be\/fr\/produit\/le-bob-a-nouer-x-c-pouki","og_locale":"fr_FR","og_type":"article","og_title":"Le Bob \u00c0 Nouer x C.Pouki | E-shop artistes belges","og_description":"Acheter un produit comme Le Bob \u00c0 Nouer x C.Pouki? Laissez vous surprendre par nos artistes belges sp\u00e9cialis\u00e9s en produits artisanaux!","og_url":"https:\/\/nationalstore.be\/fr\/produit\/le-bob-a-nouer-x-c-pouki","og_site_name":"NATIONA(A)L ARTIST SUPERMARKET","article_publisher":"https:\/\/www.facebook.com\/nationalstore\/?ref=br_rs","article_modified_time":"2022-06-09T16:05:45+00:00","og_image":[{"width":1707,"height":2560,"url":"https:\/\/nationalstore.be\/wp-content\/uploads\/2021\/05\/DSC3654-scaled.jpg","type":"image\/jpeg"}],"twitter_card":"summary_large_image","twitter_site":"@Nationalstore","schema":{"@context":"https:\/\/schema.org","@graph":[{"@type":"Organization","@id":"https:\/\/nationalstore.be\/fr#organization","name":"NATIONA(A)L ARTIST MARKET","url":"https:\/\/nationalstore.be\/fr","sameAs":["https:\/\/www.instagram.com\/nationalstore\/","https:\/\/www.facebook.com\/nationalstore\/?ref=br_rs","https:\/\/twitter.com\/Nationalstore"],"logo":{"@type":"ImageObject","inLanguage":"fr-FR","@id":"https:\/\/nationalstore.be\/fr#\/schema\/logo\/image\/","url":"https:\/\/nationalstore.be\/wp-content\/uploads\/2024\/03\/nationaal-logo_mauve-cmjn.png","contentUrl":"https:\/\/nationalstore.be\/wp-content\/uploads\/2024\/03\/nationaal-logo_mauve-cmjn.png","width":3475,"height":1352,"caption":"NATIONA(A)L ARTIST MARKET"},"image":{"@id":"https:\/\/nationalstore.be\/fr#\/schema\/logo\/image\/"}},{"@type":"WebSite","@id":"https:\/\/nationalstore.be\/fr#website","url":"https:\/\/nationalstore.be\/fr","name":"NATIONA(A)L ARTIST SUPERMARKET","description":"","publisher":{"@id":"https:\/\/nationalstore.be\/fr#organization"},"potentialAction":[{"@type":"SearchAction","target":{"@type":"EntryPoint","urlTemplate":"https:\/\/nationalstore.be\/fr?s={search_term_string}"},"query-input":"required name=search_term_string"}],"inLanguage":"fr-FR"},{"@type":"ImageObject","inLanguage":"fr-FR","@id":"https:\/\/nationalstore.be\/fr\/produit\/le-bob-a-nouer-x-c-pouki#primaryimage","url":"https:\/\/nationalstore.be\/wp-content\/uploads\/2021\/05\/DSC3654-scaled.jpg","contentUrl":"https:\/\/nationalstore.be\/wp-content\/uploads\/2021\/05\/DSC3654-scaled.jpg","width":1707,"height":2560,"caption":"Hackt hak a hat 2021 la cambre master accessoire chlo\u00e9 henris C.pouki li\u00e8ge belgique concours tremplin becraft"},{"@type":["WebPage","ItemPage"],"@id":"https:\/\/nationalstore.be\/fr\/produit\/le-bob-a-nouer-x-c-pouki#webpage","url":"https:\/\/nationalstore.be\/fr\/produit\/le-bob-a-nouer-x-c-pouki","name":"Le Bob \u00c0 Nouer x C.Pouki | E-shop artistes belges","isPartOf":{"@id":"https:\/\/nationalstore.be\/fr#website"},"primaryImageOfPage":{"@id":"https:\/\/nationalstore.be\/fr\/produit\/le-bob-a-nouer-x-c-pouki#primaryimage"},"datePublished":"2021-05-28T08:45:02+00:00","dateModified":"2022-06-09T16:05:45+00:00","description":"Acheter un produit comme Le Bob \u00c0 Nouer x C.Pouki? Laissez vous surprendre par nos artistes belges sp\u00e9cialis\u00e9s en produits artisanaux!","breadcrumb":{"@id":"https:\/\/nationalstore.be\/fr\/produit\/le-bob-a-nouer-x-c-pouki#breadcrumb"},"inLanguage":"fr-FR","potentialAction":[{"@type":"ReadAction","target":["https:\/\/nationalstore.be\/fr\/produit\/le-bob-a-nouer-x-c-pouki"]}]},{"@type":"BreadcrumbList","@id":"https:\/\/nationalstore.be\/fr\/produit\/le-bob-a-nouer-x-c-pouki#breadcrumb","itemListElement":[{"@type":"ListItem","position":1,"name":"Home","item":"https:\/\/nationalstore.be\/fr"},{"@type":"ListItem","position":2,"name":"Produits","item":"https:\/\/nationalstore.be\/fr\/shop"},{"@type":"ListItem","position":3,"name":"Subcategories","item":"https:\/\/nationalstore.be\/fr\/pc\/subcategories-fr"},{"@type":"ListItem","position":4,"name":"Flanders DC &amp; MAD Brussels 2\u00e8me s\u00e9lection","item":"https:\/\/nationalstore.be\/fr\/pc\/subcategories-fr\/flanders-dc-mad-brussels-2eme-selection"},{"@type":"ListItem","position":5,"name":"Le Bob \u00c0 Nouer x C.Pouki"}]}]}},"_links":{"self":[{"href":"https:\/\/nationalstore.be\/fr\/wp-json\/wp\/v2\/product\/20578"}],"collection":[{"href":"https:\/\/nationalstore.be\/fr\/wp-json\/wp\/v2\/product"}],"about":[{"href":"https:\/\/nationalstore.be\/fr\/wp-json\/wp\/v2\/types\/product"}],"wp:featuredmedia":[{"embeddable":true,"href":"https:\/\/nationalstore.be\/fr\/wp-json\/wp\/v2\/media\/20574"}],"wp:attachment":[{"href":"https:\/\/nationalstore.be\/fr\/wp-json\/wp\/v2\/media?parent=20578"}],"wp:term":[{"taxonomy":"product_cat","embeddable":true,"href":"https:\/\/nationalstore.be\/fr\/wp-json\/wp\/v2\/product_cat?post=20578"},{"taxonomy":"product_tag","embeddable":true,"href":"https:\/\/nationalstore.be\/fr\/wp-json\/wp\/v2\/product_tag?post=20578"}],"curies":[{"name":"wp","href":"https:\/\/api.w.org\/{rel}","templated":true}]}}