{"id":20502,"date":"2021-05-27T09:53:36","date_gmt":"2021-05-27T07:53:55","guid":{"rendered":"https:\/\/nationalstore.be\/?post_type=product&#038;p=20502"},"modified":"2021-07-28T18:30:52","modified_gmt":"2021-07-28T16:30:52","slug":"subjective-atlas-of-palestine","status":"publish","type":"product","link":"https:\/\/nationalstore.be\/fr\/produit\/subjective-atlas-of-palestine","title":{"rendered":"Subjective Atlas of Palestine"},"content":{"rendered":"<p>Les artistes, photographes et designers palestiniens ont cartographi\u00e9 leur pays tel qu&#8217;ils le voient. Leur proximit\u00e9 avec le sujet a donn\u00e9 lieu \u00e0 des impressions non conventionnelles, tr\u00e8s humaines, sur le paysage et l&#8217;architecture, la cuisine, la musique et la po\u00e9sie de la pens\u00e9e et de l&#8217;expression.\u00a0<\/p>\n<p>Les dessins, cartes et photographies r\u00e9v\u00e8lent des exp\u00e9riences de vie individuelles. Les contributions donnent un tout autre regard sur une nation en territoire occup\u00e9. Dans cet atlas subjectif, ce sont les Palestiniens eux-m\u00eames qui montrent l&#8217;envers d\u00e9sarmant de l&#8217;image en noir et blanc \u00e0 laquelle les m\u00e9dias ont g\u00e9n\u00e9ralement recours.<\/p>\n","protected":false},"excerpt":{"rendered":"<p>Des paysages sublimes, des sc\u00e8nes urbaines tranquilles, des enfants qui s&#8217;\u00e9battent ; qui associerait ces images \u00e0 la Palestine ? Trop souvent, les m\u00e9dias occidentaux montrent le c\u00f4t\u00e9 sombre du pays, et les Palestiniens comme des agresseurs. C&#8217;est ce qui rend l&#8217;identification avec eux pratiquement impossible. Pour s&#8217;identifier aux Palestiniens, il faut d&#8217;autres images, des images vues d&#8217;un point de vue culturel et plus humain.<\/p>\n","protected":false},"featured_media":20284,"template":"","meta":[],"product_cat":[2786,1514,525],"product_tag":[825],"yoast_head":"<!-- This site is optimized with the Yoast SEO plugin v19.1 - https:\/\/yoast.com\/wordpress\/plugins\/seo\/ -->\n<title>Subjective Atlas of Palestine | E-shop artistes belges<\/title>\n<meta name=\"description\" content=\"Acheter un produit comme Subjective Atlas of Palestine? Laissez vous surprendre par nos artistes belges sp\u00e9cialis\u00e9s en produits artisanaux!\" \/>\n<meta name=\"robots\" content=\"index, follow, max-snippet:-1, max-image-preview:large, max-video-preview:-1\" \/>\n<link rel=\"canonical\" href=\"https:\/\/nationalstore.be\/fr\/produit\/subjective-atlas-of-palestine\" \/>\n<meta property=\"og:locale\" content=\"fr_FR\" \/>\n<meta property=\"og:type\" content=\"article\" \/>\n<meta property=\"og:title\" content=\"Subjective Atlas of Palestine | E-shop artistes belges\" \/>\n<meta property=\"og:description\" content=\"Acheter un produit comme Subjective Atlas of Palestine? Laissez vous surprendre par nos artistes belges sp\u00e9cialis\u00e9s en produits artisanaux!\" \/>\n<meta property=\"og:url\" content=\"https:\/\/nationalstore.be\/fr\/produit\/subjective-atlas-of-palestine\" \/>\n<meta property=\"og:site_name\" content=\"NATIONA(A)L ARTIST SUPERMARKET\" \/>\n<meta property=\"article:publisher\" content=\"https:\/\/www.facebook.com\/nationalstore\/?ref=br_rs\" \/>\n<meta property=\"article:modified_time\" content=\"2021-07-28T16:30:52+00:00\" \/>\n<meta property=\"og:image\" content=\"https:\/\/nationalstore.be\/wp-content\/uploads\/2021\/05\/PaL.jpg\" \/>\n\t<meta property=\"og:image:width\" content=\"341\" \/>\n\t<meta property=\"og:image:height\" content=\"477\" \/>\n\t<meta property=\"og:image:type\" content=\"image\/jpeg\" \/>\n<meta name=\"twitter:card\" content=\"summary_large_image\" \/>\n<meta name=\"twitter:site\" content=\"@Nationalstore\" \/>\n<meta name=\"twitter:label1\" content=\"Dur\u00e9e de lecture estim\u00e9e\" \/>\n\t<meta name=\"twitter:data1\" content=\"1 minute\" \/>\n<script type=\"application\/ld+json\" class=\"yoast-schema-graph\">{\"@context\":\"https:\/\/schema.org\",\"@graph\":[{\"@type\":\"Organization\",\"@id\":\"https:\/\/nationalstore.be\/fr#organization\",\"name\":\"NATIONA(A)L ARTIST MARKET\",\"url\":\"https:\/\/nationalstore.be\/fr\",\"sameAs\":[\"https:\/\/www.instagram.com\/nationalstore\/\",\"https:\/\/www.facebook.com\/nationalstore\/?ref=br_rs\",\"https:\/\/twitter.com\/Nationalstore\"],\"logo\":{\"@type\":\"ImageObject\",\"inLanguage\":\"fr-FR\",\"@id\":\"https:\/\/nationalstore.be\/fr#\/schema\/logo\/image\/\",\"url\":\"https:\/\/nationalstore.be\/wp-content\/uploads\/2024\/03\/nationaal-logo_mauve-cmjn.png\",\"contentUrl\":\"https:\/\/nationalstore.be\/wp-content\/uploads\/2024\/03\/nationaal-logo_mauve-cmjn.png\",\"width\":3475,\"height\":1352,\"caption\":\"NATIONA(A)L ARTIST MARKET\"},\"image\":{\"@id\":\"https:\/\/nationalstore.be\/fr#\/schema\/logo\/image\/\"}},{\"@type\":\"WebSite\",\"@id\":\"https:\/\/nationalstore.be\/fr#website\",\"url\":\"https:\/\/nationalstore.be\/fr\",\"name\":\"NATIONA(A)L ARTIST SUPERMARKET\",\"description\":\"\",\"publisher\":{\"@id\":\"https:\/\/nationalstore.be\/fr#organization\"},\"potentialAction\":[{\"@type\":\"SearchAction\",\"target\":{\"@type\":\"EntryPoint\",\"urlTemplate\":\"https:\/\/nationalstore.be\/fr?s={search_term_string}\"},\"query-input\":\"required name=search_term_string\"}],\"inLanguage\":\"fr-FR\"},{\"@type\":\"ImageObject\",\"inLanguage\":\"fr-FR\",\"@id\":\"https:\/\/nationalstore.be\/fr\/produit\/subjective-atlas-of-palestine#primaryimage\",\"url\":\"https:\/\/nationalstore.be\/wp-content\/uploads\/2021\/05\/PaL.jpg\",\"contentUrl\":\"https:\/\/nationalstore.be\/wp-content\/uploads\/2021\/05\/PaL.jpg\",\"width\":341,\"height\":477},{\"@type\":[\"WebPage\",\"ItemPage\"],\"@id\":\"https:\/\/nationalstore.be\/fr\/produit\/subjective-atlas-of-palestine#webpage\",\"url\":\"https:\/\/nationalstore.be\/fr\/produit\/subjective-atlas-of-palestine\",\"name\":\"Subjective Atlas of Palestine | E-shop artistes belges\",\"isPartOf\":{\"@id\":\"https:\/\/nationalstore.be\/fr#website\"},\"primaryImageOfPage\":{\"@id\":\"https:\/\/nationalstore.be\/fr\/produit\/subjective-atlas-of-palestine#primaryimage\"},\"datePublished\":\"2021-05-27T07:53:55+00:00\",\"dateModified\":\"2021-07-28T16:30:52+00:00\",\"description\":\"Acheter un produit comme Subjective Atlas of Palestine? Laissez vous surprendre par nos artistes belges sp\u00e9cialis\u00e9s en produits artisanaux!\",\"breadcrumb\":{\"@id\":\"https:\/\/nationalstore.be\/fr\/produit\/subjective-atlas-of-palestine#breadcrumb\"},\"inLanguage\":\"fr-FR\",\"potentialAction\":[{\"@type\":\"ReadAction\",\"target\":[\"https:\/\/nationalstore.be\/fr\/produit\/subjective-atlas-of-palestine\"]}]},{\"@type\":\"BreadcrumbList\",\"@id\":\"https:\/\/nationalstore.be\/fr\/produit\/subjective-atlas-of-palestine#breadcrumb\",\"itemListElement\":[{\"@type\":\"ListItem\",\"position\":1,\"name\":\"Home\",\"item\":\"https:\/\/nationalstore.be\/fr\"},{\"@type\":\"ListItem\",\"position\":2,\"name\":\"Produits\",\"item\":\"https:\/\/nationalstore.be\/fr\/shop\"},{\"@type\":\"ListItem\",\"position\":3,\"name\":\"Livres &amp; Illustrations\",\"item\":\"https:\/\/nationalstore.be\/fr\/pc\/livres-illustrations\"},{\"@type\":\"ListItem\",\"position\":4,\"name\":\"Art &amp; design\",\"item\":\"https:\/\/nationalstore.be\/fr\/pc\/livres-illustrations\/art-design-fr\"},{\"@type\":\"ListItem\",\"position\":5,\"name\":\"Subjective Atlas of Palestine\"}]}]}<\/script>\n<!-- \/ Yoast SEO plugin. -->","yoast_head_json":{"title":"Subjective Atlas of Palestine | E-shop artistes belges","description":"Acheter un produit comme Subjective Atlas of Palestine? Laissez vous surprendre par nos artistes belges sp\u00e9cialis\u00e9s en produits artisanaux!","robots":{"index":"index","follow":"follow","max-snippet":"max-snippet:-1","max-image-preview":"max-image-preview:large","max-video-preview":"max-video-preview:-1"},"canonical":"https:\/\/nationalstore.be\/fr\/produit\/subjective-atlas-of-palestine","og_locale":"fr_FR","og_type":"article","og_title":"Subjective Atlas of Palestine | E-shop artistes belges","og_description":"Acheter un produit comme Subjective Atlas of Palestine? Laissez vous surprendre par nos artistes belges sp\u00e9cialis\u00e9s en produits artisanaux!","og_url":"https:\/\/nationalstore.be\/fr\/produit\/subjective-atlas-of-palestine","og_site_name":"NATIONA(A)L ARTIST SUPERMARKET","article_publisher":"https:\/\/www.facebook.com\/nationalstore\/?ref=br_rs","article_modified_time":"2021-07-28T16:30:52+00:00","og_image":[{"width":341,"height":477,"url":"https:\/\/nationalstore.be\/wp-content\/uploads\/2021\/05\/PaL.jpg","type":"image\/jpeg"}],"twitter_card":"summary_large_image","twitter_site":"@Nationalstore","twitter_misc":{"Dur\u00e9e de lecture estim\u00e9e":"1 minute"},"schema":{"@context":"https:\/\/schema.org","@graph":[{"@type":"Organization","@id":"https:\/\/nationalstore.be\/fr#organization","name":"NATIONA(A)L ARTIST MARKET","url":"https:\/\/nationalstore.be\/fr","sameAs":["https:\/\/www.instagram.com\/nationalstore\/","https:\/\/www.facebook.com\/nationalstore\/?ref=br_rs","https:\/\/twitter.com\/Nationalstore"],"logo":{"@type":"ImageObject","inLanguage":"fr-FR","@id":"https:\/\/nationalstore.be\/fr#\/schema\/logo\/image\/","url":"https:\/\/nationalstore.be\/wp-content\/uploads\/2024\/03\/nationaal-logo_mauve-cmjn.png","contentUrl":"https:\/\/nationalstore.be\/wp-content\/uploads\/2024\/03\/nationaal-logo_mauve-cmjn.png","width":3475,"height":1352,"caption":"NATIONA(A)L ARTIST MARKET"},"image":{"@id":"https:\/\/nationalstore.be\/fr#\/schema\/logo\/image\/"}},{"@type":"WebSite","@id":"https:\/\/nationalstore.be\/fr#website","url":"https:\/\/nationalstore.be\/fr","name":"NATIONA(A)L ARTIST SUPERMARKET","description":"","publisher":{"@id":"https:\/\/nationalstore.be\/fr#organization"},"potentialAction":[{"@type":"SearchAction","target":{"@type":"EntryPoint","urlTemplate":"https:\/\/nationalstore.be\/fr?s={search_term_string}"},"query-input":"required name=search_term_string"}],"inLanguage":"fr-FR"},{"@type":"ImageObject","inLanguage":"fr-FR","@id":"https:\/\/nationalstore.be\/fr\/produit\/subjective-atlas-of-palestine#primaryimage","url":"https:\/\/nationalstore.be\/wp-content\/uploads\/2021\/05\/PaL.jpg","contentUrl":"https:\/\/nationalstore.be\/wp-content\/uploads\/2021\/05\/PaL.jpg","width":341,"height":477},{"@type":["WebPage","ItemPage"],"@id":"https:\/\/nationalstore.be\/fr\/produit\/subjective-atlas-of-palestine#webpage","url":"https:\/\/nationalstore.be\/fr\/produit\/subjective-atlas-of-palestine","name":"Subjective Atlas of Palestine | E-shop artistes belges","isPartOf":{"@id":"https:\/\/nationalstore.be\/fr#website"},"primaryImageOfPage":{"@id":"https:\/\/nationalstore.be\/fr\/produit\/subjective-atlas-of-palestine#primaryimage"},"datePublished":"2021-05-27T07:53:55+00:00","dateModified":"2021-07-28T16:30:52+00:00","description":"Acheter un produit comme Subjective Atlas of Palestine? Laissez vous surprendre par nos artistes belges sp\u00e9cialis\u00e9s en produits artisanaux!","breadcrumb":{"@id":"https:\/\/nationalstore.be\/fr\/produit\/subjective-atlas-of-palestine#breadcrumb"},"inLanguage":"fr-FR","potentialAction":[{"@type":"ReadAction","target":["https:\/\/nationalstore.be\/fr\/produit\/subjective-atlas-of-palestine"]}]},{"@type":"BreadcrumbList","@id":"https:\/\/nationalstore.be\/fr\/produit\/subjective-atlas-of-palestine#breadcrumb","itemListElement":[{"@type":"ListItem","position":1,"name":"Home","item":"https:\/\/nationalstore.be\/fr"},{"@type":"ListItem","position":2,"name":"Produits","item":"https:\/\/nationalstore.be\/fr\/shop"},{"@type":"ListItem","position":3,"name":"Livres &amp; Illustrations","item":"https:\/\/nationalstore.be\/fr\/pc\/livres-illustrations"},{"@type":"ListItem","position":4,"name":"Art &amp; design","item":"https:\/\/nationalstore.be\/fr\/pc\/livres-illustrations\/art-design-fr"},{"@type":"ListItem","position":5,"name":"Subjective Atlas of Palestine"}]}]}},"_links":{"self":[{"href":"https:\/\/nationalstore.be\/fr\/wp-json\/wp\/v2\/product\/20502"}],"collection":[{"href":"https:\/\/nationalstore.be\/fr\/wp-json\/wp\/v2\/product"}],"about":[{"href":"https:\/\/nationalstore.be\/fr\/wp-json\/wp\/v2\/types\/product"}],"wp:featuredmedia":[{"embeddable":true,"href":"https:\/\/nationalstore.be\/fr\/wp-json\/wp\/v2\/media\/20284"}],"wp:attachment":[{"href":"https:\/\/nationalstore.be\/fr\/wp-json\/wp\/v2\/media?parent=20502"}],"wp:term":[{"taxonomy":"product_cat","embeddable":true,"href":"https:\/\/nationalstore.be\/fr\/wp-json\/wp\/v2\/product_cat?post=20502"},{"taxonomy":"product_tag","embeddable":true,"href":"https:\/\/nationalstore.be\/fr\/wp-json\/wp\/v2\/product_tag?post=20502"}],"curies":[{"name":"wp","href":"https:\/\/api.w.org\/{rel}","templated":true}]}}