{"id":20499,"date":"2021-05-27T09:47:08","date_gmt":"2021-05-27T07:48:26","guid":{"rendered":"https:\/\/nationalstore.be\/?post_type=product&#038;p=20499"},"modified":"2021-07-28T18:30:53","modified_gmt":"2021-07-28T16:30:53","slug":"subjective-atlas-of-pakistan","status":"publish","type":"product","link":"https:\/\/nationalstore.be\/fr\/produit\/subjective-atlas-of-pakistan","title":{"rendered":"Subjective Atlas of Pakistan"},"content":{"rendered":"<p>De quoi et de qui parlons-nous lorsque nous \u00e9voquons le &#8220;Pakistan&#8221; et les &#8220;Pakistanais&#8221; ? Cette question a \u00e9t\u00e9 pos\u00e9e \u00e0 plus de quatre-vingts artistes, designers et autres \u00e2mes cr\u00e9atives du Pakistan. Ils ont r\u00e9pondu par des cartes, des inventaires, des photographies et des dessins qui explorent les multiples facettes du microcosme de leurs vies r\u00e9elles et imagin\u00e9es.<\/p>\n<p>Ces enqu\u00eates vous emm\u00e8neront \u00e0 travers les labyrinthes des paysages urbains, les repaires cach\u00e9s sous des couches de d\u00f4mes, les discours nationalistes, la propagande fictive et les tromperies des entreprises.<\/p>\n<p>Ce livre se d\u00e9lecte de l&#8217;inattendu et du n\u00e9glig\u00e9, du cach\u00e9 et du myst\u00e9rieux, de l&#8217;obscur et du bizarre. <\/p>\n<div style=\"width: 960px;\" class=\"wp-video\"><!--[if lt IE 9]><script>document.createElement('video');<\/script><![endif]-->\n<video class=\"wp-video-shortcode\" id=\"video-20499-1\" width=\"960\" height=\"540\" preload=\"metadata\" controls=\"controls\"><source type=\"video\/mp4\" src=\"https:\/\/nationalstore.be\/wp-content\/uploads\/2021\/05\/18493-subjectivepakistan.mp4?_=1\" \/><a href=\"https:\/\/nationalstore.be\/wp-content\/uploads\/2021\/05\/18493-subjectivepakistan.mp4\">https:\/\/nationalstore.be\/wp-content\/uploads\/2021\/05\/18493-subjectivepakistan.mp4<\/a><\/video><\/div>\n","protected":false},"excerpt":{"rendered":"<p>\u00c0 travers ces fascinantes cartographies contemporaines, l&#8217;Atlas subjectif du Pakistan offre une vision humanis\u00e9e des conflits en cours, pacifi\u00e9e par une po\u00e9tique visuelle des histoires personnelles, des peurs, des espoirs et des r\u00eaves.<br data-mce-bogus=\"1\"><\/p>\n","protected":false},"featured_media":20247,"template":"","meta":[],"product_cat":[2786,1514,525],"product_tag":[825],"yoast_head":"<!-- This site is optimized with the Yoast SEO plugin v19.1 - https:\/\/yoast.com\/wordpress\/plugins\/seo\/ -->\n<title>Subjective Atlas of Pakistan | E-shop artistes belges<\/title>\n<meta name=\"description\" content=\"Acheter un produit comme Subjective Atlas of Pakistan? Laissez vous surprendre par nos artistes belges sp\u00e9cialis\u00e9s en produits artisanaux!\" \/>\n<meta name=\"robots\" content=\"index, follow, max-snippet:-1, max-image-preview:large, max-video-preview:-1\" \/>\n<link rel=\"canonical\" href=\"https:\/\/nationalstore.be\/fr\/produit\/subjective-atlas-of-pakistan\" \/>\n<meta property=\"og:locale\" content=\"fr_FR\" \/>\n<meta property=\"og:type\" content=\"article\" \/>\n<meta property=\"og:title\" content=\"Subjective Atlas of Pakistan | E-shop artistes belges\" \/>\n<meta property=\"og:description\" content=\"Acheter un produit comme Subjective Atlas of Pakistan? Laissez vous surprendre par nos artistes belges sp\u00e9cialis\u00e9s en produits artisanaux!\" \/>\n<meta property=\"og:url\" content=\"https:\/\/nationalstore.be\/fr\/produit\/subjective-atlas-of-pakistan\" \/>\n<meta property=\"og:site_name\" content=\"NATIONA(A)L ARTIST SUPERMARKET\" \/>\n<meta property=\"article:publisher\" content=\"https:\/\/www.facebook.com\/nationalstore\/?ref=br_rs\" \/>\n<meta property=\"article:modified_time\" content=\"2021-07-28T16:30:53+00:00\" \/>\n<meta property=\"og:image\" content=\"https:\/\/nationalstore.be\/wp-content\/uploads\/2021\/05\/SubjectiveAtlasOfPakistan_01-1600x1120-1.jpg\" \/>\n\t<meta property=\"og:image:width\" content=\"793\" \/>\n\t<meta property=\"og:image:height\" content=\"1034\" \/>\n\t<meta property=\"og:image:type\" content=\"image\/jpeg\" \/>\n<meta name=\"twitter:card\" content=\"summary_large_image\" \/>\n<meta name=\"twitter:site\" content=\"@Nationalstore\" \/>\n<meta name=\"twitter:label1\" content=\"Dur\u00e9e de lecture estim\u00e9e\" \/>\n\t<meta name=\"twitter:data1\" content=\"1 minute\" \/>\n<script type=\"application\/ld+json\" class=\"yoast-schema-graph\">{\"@context\":\"https:\/\/schema.org\",\"@graph\":[{\"@type\":\"Organization\",\"@id\":\"https:\/\/nationalstore.be\/fr#organization\",\"name\":\"NATIONA(A)L ARTIST MARKET\",\"url\":\"https:\/\/nationalstore.be\/fr\",\"sameAs\":[\"https:\/\/www.instagram.com\/nationalstore\/\",\"https:\/\/www.facebook.com\/nationalstore\/?ref=br_rs\",\"https:\/\/twitter.com\/Nationalstore\"],\"logo\":{\"@type\":\"ImageObject\",\"inLanguage\":\"fr-FR\",\"@id\":\"https:\/\/nationalstore.be\/fr#\/schema\/logo\/image\/\",\"url\":\"https:\/\/nationalstore.be\/wp-content\/uploads\/2024\/03\/nationaal-logo_mauve-cmjn.png\",\"contentUrl\":\"https:\/\/nationalstore.be\/wp-content\/uploads\/2024\/03\/nationaal-logo_mauve-cmjn.png\",\"width\":3475,\"height\":1352,\"caption\":\"NATIONA(A)L ARTIST MARKET\"},\"image\":{\"@id\":\"https:\/\/nationalstore.be\/fr#\/schema\/logo\/image\/\"}},{\"@type\":\"WebSite\",\"@id\":\"https:\/\/nationalstore.be\/fr#website\",\"url\":\"https:\/\/nationalstore.be\/fr\",\"name\":\"NATIONA(A)L ARTIST SUPERMARKET\",\"description\":\"\",\"publisher\":{\"@id\":\"https:\/\/nationalstore.be\/fr#organization\"},\"potentialAction\":[{\"@type\":\"SearchAction\",\"target\":{\"@type\":\"EntryPoint\",\"urlTemplate\":\"https:\/\/nationalstore.be\/fr?s={search_term_string}\"},\"query-input\":\"required name=search_term_string\"}],\"inLanguage\":\"fr-FR\"},{\"@type\":\"ImageObject\",\"inLanguage\":\"fr-FR\",\"@id\":\"https:\/\/nationalstore.be\/fr\/produit\/subjective-atlas-of-pakistan#primaryimage\",\"url\":\"https:\/\/nationalstore.be\/wp-content\/uploads\/2021\/05\/SubjectiveAtlasOfPakistan_01-1600x1120-1.jpg\",\"contentUrl\":\"https:\/\/nationalstore.be\/wp-content\/uploads\/2021\/05\/SubjectiveAtlasOfPakistan_01-1600x1120-1.jpg\",\"width\":793,\"height\":1034},{\"@type\":[\"WebPage\",\"ItemPage\"],\"@id\":\"https:\/\/nationalstore.be\/fr\/produit\/subjective-atlas-of-pakistan#webpage\",\"url\":\"https:\/\/nationalstore.be\/fr\/produit\/subjective-atlas-of-pakistan\",\"name\":\"Subjective Atlas of Pakistan | E-shop artistes belges\",\"isPartOf\":{\"@id\":\"https:\/\/nationalstore.be\/fr#website\"},\"primaryImageOfPage\":{\"@id\":\"https:\/\/nationalstore.be\/fr\/produit\/subjective-atlas-of-pakistan#primaryimage\"},\"datePublished\":\"2021-05-27T07:48:26+00:00\",\"dateModified\":\"2021-07-28T16:30:53+00:00\",\"description\":\"Acheter un produit comme Subjective Atlas of Pakistan? Laissez vous surprendre par nos artistes belges sp\u00e9cialis\u00e9s en produits artisanaux!\",\"breadcrumb\":{\"@id\":\"https:\/\/nationalstore.be\/fr\/produit\/subjective-atlas-of-pakistan#breadcrumb\"},\"inLanguage\":\"fr-FR\",\"potentialAction\":[{\"@type\":\"ReadAction\",\"target\":[\"https:\/\/nationalstore.be\/fr\/produit\/subjective-atlas-of-pakistan\"]}]},{\"@type\":\"BreadcrumbList\",\"@id\":\"https:\/\/nationalstore.be\/fr\/produit\/subjective-atlas-of-pakistan#breadcrumb\",\"itemListElement\":[{\"@type\":\"ListItem\",\"position\":1,\"name\":\"Home\",\"item\":\"https:\/\/nationalstore.be\/fr\"},{\"@type\":\"ListItem\",\"position\":2,\"name\":\"Produits\",\"item\":\"https:\/\/nationalstore.be\/fr\/shop\"},{\"@type\":\"ListItem\",\"position\":3,\"name\":\"Livres &amp; Illustrations\",\"item\":\"https:\/\/nationalstore.be\/fr\/pc\/livres-illustrations\"},{\"@type\":\"ListItem\",\"position\":4,\"name\":\"Art &amp; design\",\"item\":\"https:\/\/nationalstore.be\/fr\/pc\/livres-illustrations\/art-design-fr\"},{\"@type\":\"ListItem\",\"position\":5,\"name\":\"Subjective Atlas of Pakistan\"}]}]}<\/script>\n<!-- \/ Yoast SEO plugin. -->","yoast_head_json":{"title":"Subjective Atlas of Pakistan | E-shop artistes belges","description":"Acheter un produit comme Subjective Atlas of Pakistan? Laissez vous surprendre par nos artistes belges sp\u00e9cialis\u00e9s en produits artisanaux!","robots":{"index":"index","follow":"follow","max-snippet":"max-snippet:-1","max-image-preview":"max-image-preview:large","max-video-preview":"max-video-preview:-1"},"canonical":"https:\/\/nationalstore.be\/fr\/produit\/subjective-atlas-of-pakistan","og_locale":"fr_FR","og_type":"article","og_title":"Subjective Atlas of Pakistan | E-shop artistes belges","og_description":"Acheter un produit comme Subjective Atlas of Pakistan? Laissez vous surprendre par nos artistes belges sp\u00e9cialis\u00e9s en produits artisanaux!","og_url":"https:\/\/nationalstore.be\/fr\/produit\/subjective-atlas-of-pakistan","og_site_name":"NATIONA(A)L ARTIST SUPERMARKET","article_publisher":"https:\/\/www.facebook.com\/nationalstore\/?ref=br_rs","article_modified_time":"2021-07-28T16:30:53+00:00","og_image":[{"width":793,"height":1034,"url":"https:\/\/nationalstore.be\/wp-content\/uploads\/2021\/05\/SubjectiveAtlasOfPakistan_01-1600x1120-1.jpg","type":"image\/jpeg"}],"twitter_card":"summary_large_image","twitter_site":"@Nationalstore","twitter_misc":{"Dur\u00e9e de lecture estim\u00e9e":"1 minute"},"schema":{"@context":"https:\/\/schema.org","@graph":[{"@type":"Organization","@id":"https:\/\/nationalstore.be\/fr#organization","name":"NATIONA(A)L ARTIST MARKET","url":"https:\/\/nationalstore.be\/fr","sameAs":["https:\/\/www.instagram.com\/nationalstore\/","https:\/\/www.facebook.com\/nationalstore\/?ref=br_rs","https:\/\/twitter.com\/Nationalstore"],"logo":{"@type":"ImageObject","inLanguage":"fr-FR","@id":"https:\/\/nationalstore.be\/fr#\/schema\/logo\/image\/","url":"https:\/\/nationalstore.be\/wp-content\/uploads\/2024\/03\/nationaal-logo_mauve-cmjn.png","contentUrl":"https:\/\/nationalstore.be\/wp-content\/uploads\/2024\/03\/nationaal-logo_mauve-cmjn.png","width":3475,"height":1352,"caption":"NATIONA(A)L ARTIST MARKET"},"image":{"@id":"https:\/\/nationalstore.be\/fr#\/schema\/logo\/image\/"}},{"@type":"WebSite","@id":"https:\/\/nationalstore.be\/fr#website","url":"https:\/\/nationalstore.be\/fr","name":"NATIONA(A)L ARTIST SUPERMARKET","description":"","publisher":{"@id":"https:\/\/nationalstore.be\/fr#organization"},"potentialAction":[{"@type":"SearchAction","target":{"@type":"EntryPoint","urlTemplate":"https:\/\/nationalstore.be\/fr?s={search_term_string}"},"query-input":"required name=search_term_string"}],"inLanguage":"fr-FR"},{"@type":"ImageObject","inLanguage":"fr-FR","@id":"https:\/\/nationalstore.be\/fr\/produit\/subjective-atlas-of-pakistan#primaryimage","url":"https:\/\/nationalstore.be\/wp-content\/uploads\/2021\/05\/SubjectiveAtlasOfPakistan_01-1600x1120-1.jpg","contentUrl":"https:\/\/nationalstore.be\/wp-content\/uploads\/2021\/05\/SubjectiveAtlasOfPakistan_01-1600x1120-1.jpg","width":793,"height":1034},{"@type":["WebPage","ItemPage"],"@id":"https:\/\/nationalstore.be\/fr\/produit\/subjective-atlas-of-pakistan#webpage","url":"https:\/\/nationalstore.be\/fr\/produit\/subjective-atlas-of-pakistan","name":"Subjective Atlas of Pakistan | E-shop artistes belges","isPartOf":{"@id":"https:\/\/nationalstore.be\/fr#website"},"primaryImageOfPage":{"@id":"https:\/\/nationalstore.be\/fr\/produit\/subjective-atlas-of-pakistan#primaryimage"},"datePublished":"2021-05-27T07:48:26+00:00","dateModified":"2021-07-28T16:30:53+00:00","description":"Acheter un produit comme Subjective Atlas of Pakistan? Laissez vous surprendre par nos artistes belges sp\u00e9cialis\u00e9s en produits artisanaux!","breadcrumb":{"@id":"https:\/\/nationalstore.be\/fr\/produit\/subjective-atlas-of-pakistan#breadcrumb"},"inLanguage":"fr-FR","potentialAction":[{"@type":"ReadAction","target":["https:\/\/nationalstore.be\/fr\/produit\/subjective-atlas-of-pakistan"]}]},{"@type":"BreadcrumbList","@id":"https:\/\/nationalstore.be\/fr\/produit\/subjective-atlas-of-pakistan#breadcrumb","itemListElement":[{"@type":"ListItem","position":1,"name":"Home","item":"https:\/\/nationalstore.be\/fr"},{"@type":"ListItem","position":2,"name":"Produits","item":"https:\/\/nationalstore.be\/fr\/shop"},{"@type":"ListItem","position":3,"name":"Livres &amp; Illustrations","item":"https:\/\/nationalstore.be\/fr\/pc\/livres-illustrations"},{"@type":"ListItem","position":4,"name":"Art &amp; design","item":"https:\/\/nationalstore.be\/fr\/pc\/livres-illustrations\/art-design-fr"},{"@type":"ListItem","position":5,"name":"Subjective Atlas of Pakistan"}]}]}},"_links":{"self":[{"href":"https:\/\/nationalstore.be\/fr\/wp-json\/wp\/v2\/product\/20499"}],"collection":[{"href":"https:\/\/nationalstore.be\/fr\/wp-json\/wp\/v2\/product"}],"about":[{"href":"https:\/\/nationalstore.be\/fr\/wp-json\/wp\/v2\/types\/product"}],"wp:featuredmedia":[{"embeddable":true,"href":"https:\/\/nationalstore.be\/fr\/wp-json\/wp\/v2\/media\/20247"}],"wp:attachment":[{"href":"https:\/\/nationalstore.be\/fr\/wp-json\/wp\/v2\/media?parent=20499"}],"wp:term":[{"taxonomy":"product_cat","embeddable":true,"href":"https:\/\/nationalstore.be\/fr\/wp-json\/wp\/v2\/product_cat?post=20499"},{"taxonomy":"product_tag","embeddable":true,"href":"https:\/\/nationalstore.be\/fr\/wp-json\/wp\/v2\/product_tag?post=20499"}],"curies":[{"name":"wp","href":"https:\/\/api.w.org\/{rel}","templated":true}]}}