{"id":20078,"date":"2021-06-02T10:36:28","date_gmt":"2021-06-02T08:36:28","guid":{"rendered":"https:\/\/nationalstore.be\/?post_type=product&#038;p=20078"},"modified":"2022-07-29T16:30:47","modified_gmt":"2022-07-29T14:30:47","slug":"walking-man","status":"publish","type":"product","link":"https:\/\/nationalstore.be\/fr\/produit\/walking-man","title":{"rendered":"Walking Man."},"content":{"rendered":"<p><span id=\"p0\">Traversez le continent africain et l&#8217;h\u00e9ritage\u00a0culturel de l&#8217;Egypte antique \u00e0 travers l&#8217;univers color\u00e9 et narratif de Gilles\u00a0<span id=\"4\">Mayk<\/span>\u00a0<span id=\"5\">Navangi<\/span>.<\/span><span id=\"p1\">\u00a0Il vous incite \u00e0 \u00eatre curieux et \u00e0 vous documenter sur l&#8217;origine des connaissances et des civilisations africaines.<\/span><span id=\"p7\">\u00a0Ses \u0153uvres contiennent diff\u00e9rents niveaux de lecture qui m\u00ealent mythologie et faits historiques dans un univers onirique qui vous invite \u00e0 r\u00eaver et \u00e0 voyager dans le temps.<\/span><\/p>\n","protected":false},"excerpt":{"rendered":"<p class=\"p1\" style=\"margin: 0px 0px 12px; font-variant-numeric: normal; font-variant-east-asian: normal; font-stretch: normal; font-size: 18.7px; line-height: normal; font-family: Archer; color: #000000;\" data-mce-style=\"margin: 0px 0px 12px; font-variant-numeric: normal; font-variant-east-asian: normal; font-stretch: normal; font-size: 18.7px; line-height: normal; font-family: Archer; color: #000000;\"><span style=\"color: #333333; font-family: Georgia,;\" data-mce-style=\"color: #333333; font-family: Georgia,;\">Illustration originale encadr\u00e9e : 40 x 30 cm\u00a0<\/span><span style=\"color: #333333; font-family: Georgia,;\" data-mce-style=\"color: #333333; font-family: Georgia,;\">&#8211; Marqueur peinture &#8211; Papier textur\u00e9.<\/span><\/p>\n","protected":false},"featured_media":21509,"template":"","meta":[],"product_cat":[570,1995,2951,1514,1667,1626,1931,1651],"product_tag":[1439,287],"yoast_head":"<!-- This site is optimized with the Yoast SEO plugin v19.1 - https:\/\/yoast.com\/wordpress\/plugins\/seo\/ -->\n<title>Walking Man. | E-shop artistes belges<\/title>\n<meta name=\"description\" content=\"Traversez le continent africain et l&#039;h\u00e9ritage culturel de l&#039;Egypte antique \u00e0 travers l&#039;univers color\u00e9 et narratif de Gilles Mayk Navangi. Il vous incite \u00e0 \u00eatre curieux et \u00e0 vous documenter sur l&#039;origine des connaissances et des civilisations africaines. Ses \u0153uvres contiennent diff\u00e9rents niveaux de lecture qui m\u00ealent mythologie et faits historiques dans un univers onirique qui vous invite \u00e0 r\u00eaver et \u00e0 voyager dans le temps.\" \/>\n<meta name=\"robots\" content=\"index, follow, max-snippet:-1, max-image-preview:large, max-video-preview:-1\" \/>\n<link rel=\"canonical\" href=\"https:\/\/nationalstore.be\/fr\/produit\/walking-man\" \/>\n<meta property=\"og:locale\" content=\"fr_FR\" \/>\n<meta property=\"og:type\" content=\"article\" \/>\n<meta property=\"og:title\" content=\"Walking Man. | E-shop artistes belges\" \/>\n<meta property=\"og:description\" content=\"Traversez le continent africain et l&#039;h\u00e9ritage culturel de l&#039;Egypte antique \u00e0 travers l&#039;univers color\u00e9 et narratif de Gilles Mayk Navangi. Il vous incite \u00e0 \u00eatre curieux et \u00e0 vous documenter sur l&#039;origine des connaissances et des civilisations africaines. Ses \u0153uvres contiennent diff\u00e9rents niveaux de lecture qui m\u00ealent mythologie et faits historiques dans un univers onirique qui vous invite \u00e0 r\u00eaver et \u00e0 voyager dans le temps.\" \/>\n<meta property=\"og:url\" content=\"https:\/\/nationalstore.be\/fr\/produit\/walking-man\" \/>\n<meta property=\"og:site_name\" content=\"NATIONA(A)L ARTIST SUPERMARKET\" \/>\n<meta property=\"article:publisher\" content=\"https:\/\/www.facebook.com\/nationalstore\/?ref=br_rs\" \/>\n<meta property=\"article:modified_time\" content=\"2022-07-29T14:30:47+00:00\" \/>\n<meta property=\"og:image\" content=\"https:\/\/nationalstore.be\/wp-content\/uploads\/2021\/06\/Illustration-Walking-Man-Gilles-Mayk-Navangi.jpg\" \/>\n\t<meta property=\"og:image:width\" content=\"1701\" \/>\n\t<meta property=\"og:image:height\" content=\"2381\" \/>\n\t<meta property=\"og:image:type\" content=\"image\/jpeg\" \/>\n<meta name=\"twitter:card\" content=\"summary_large_image\" \/>\n<meta name=\"twitter:site\" content=\"@Nationalstore\" \/>\n<script type=\"application\/ld+json\" class=\"yoast-schema-graph\">{\"@context\":\"https:\/\/schema.org\",\"@graph\":[{\"@type\":\"Organization\",\"@id\":\"https:\/\/nationalstore.be\/fr#organization\",\"name\":\"NATIONA(A)L ARTIST MARKET\",\"url\":\"https:\/\/nationalstore.be\/fr\",\"sameAs\":[\"https:\/\/www.instagram.com\/nationalstore\/\",\"https:\/\/www.facebook.com\/nationalstore\/?ref=br_rs\",\"https:\/\/twitter.com\/Nationalstore\"],\"logo\":{\"@type\":\"ImageObject\",\"inLanguage\":\"fr-FR\",\"@id\":\"https:\/\/nationalstore.be\/fr#\/schema\/logo\/image\/\",\"url\":\"https:\/\/nationalstore.be\/wp-content\/uploads\/2024\/03\/nationaal-logo_mauve-cmjn.png\",\"contentUrl\":\"https:\/\/nationalstore.be\/wp-content\/uploads\/2024\/03\/nationaal-logo_mauve-cmjn.png\",\"width\":3475,\"height\":1352,\"caption\":\"NATIONA(A)L ARTIST MARKET\"},\"image\":{\"@id\":\"https:\/\/nationalstore.be\/fr#\/schema\/logo\/image\/\"}},{\"@type\":\"WebSite\",\"@id\":\"https:\/\/nationalstore.be\/fr#website\",\"url\":\"https:\/\/nationalstore.be\/fr\",\"name\":\"NATIONA(A)L ARTIST SUPERMARKET\",\"description\":\"\",\"publisher\":{\"@id\":\"https:\/\/nationalstore.be\/fr#organization\"},\"potentialAction\":[{\"@type\":\"SearchAction\",\"target\":{\"@type\":\"EntryPoint\",\"urlTemplate\":\"https:\/\/nationalstore.be\/fr?s={search_term_string}\"},\"query-input\":\"required name=search_term_string\"}],\"inLanguage\":\"fr-FR\"},{\"@type\":\"ImageObject\",\"inLanguage\":\"fr-FR\",\"@id\":\"https:\/\/nationalstore.be\/fr\/produit\/walking-man#primaryimage\",\"url\":\"https:\/\/nationalstore.be\/wp-content\/uploads\/2021\/06\/Illustration-Walking-Man-Gilles-Mayk-Navangi.jpg\",\"contentUrl\":\"https:\/\/nationalstore.be\/wp-content\/uploads\/2021\/06\/Illustration-Walking-Man-Gilles-Mayk-Navangi.jpg\",\"width\":1701,\"height\":2381},{\"@type\":[\"WebPage\",\"ItemPage\"],\"@id\":\"https:\/\/nationalstore.be\/fr\/produit\/walking-man#webpage\",\"url\":\"https:\/\/nationalstore.be\/fr\/produit\/walking-man\",\"name\":\"Walking Man. | E-shop artistes belges\",\"isPartOf\":{\"@id\":\"https:\/\/nationalstore.be\/fr#website\"},\"primaryImageOfPage\":{\"@id\":\"https:\/\/nationalstore.be\/fr\/produit\/walking-man#primaryimage\"},\"datePublished\":\"2021-06-02T08:36:28+00:00\",\"dateModified\":\"2022-07-29T14:30:47+00:00\",\"description\":\"Traversez le continent africain et l'h\u00e9ritage culturel de l'Egypte antique \u00e0 travers l'univers color\u00e9 et narratif de Gilles Mayk Navangi. Il vous incite \u00e0 \u00eatre curieux et \u00e0 vous documenter sur l'origine des connaissances et des civilisations africaines. Ses \u0153uvres contiennent diff\u00e9rents niveaux de lecture qui m\u00ealent mythologie et faits historiques dans un univers onirique qui vous invite \u00e0 r\u00eaver et \u00e0 voyager dans le temps.\",\"breadcrumb\":{\"@id\":\"https:\/\/nationalstore.be\/fr\/produit\/walking-man#breadcrumb\"},\"inLanguage\":\"fr-FR\",\"potentialAction\":[{\"@type\":\"ReadAction\",\"target\":[\"https:\/\/nationalstore.be\/fr\/produit\/walking-man\"]}]},{\"@type\":\"BreadcrumbList\",\"@id\":\"https:\/\/nationalstore.be\/fr\/produit\/walking-man#breadcrumb\",\"itemListElement\":[{\"@type\":\"ListItem\",\"position\":1,\"name\":\"Home\",\"item\":\"https:\/\/nationalstore.be\/fr\"},{\"@type\":\"ListItem\",\"position\":2,\"name\":\"Produits\",\"item\":\"https:\/\/nationalstore.be\/fr\/shop\"},{\"@type\":\"ListItem\",\"position\":3,\"name\":\"Subcategories\",\"item\":\"https:\/\/nationalstore.be\/fr\/pc\/subcategories-fr\"},{\"@type\":\"ListItem\",\"position\":4,\"name\":\"Comment bien s\u2019installer pour \u00eatre cr\u00e9atif ?\",\"item\":\"https:\/\/nationalstore.be\/fr\/pc\/subcategories-fr\/comment-bien-sinstaller-pour-etre-creatif\"},{\"@type\":\"ListItem\",\"position\":5,\"name\":\"Walking Man.\"}]}]}<\/script>\n<!-- \/ Yoast SEO plugin. -->","yoast_head_json":{"title":"Walking Man. | E-shop artistes belges","description":"Traversez le continent africain et l'h\u00e9ritage culturel de l'Egypte antique \u00e0 travers l'univers color\u00e9 et narratif de Gilles Mayk Navangi. Il vous incite \u00e0 \u00eatre curieux et \u00e0 vous documenter sur l'origine des connaissances et des civilisations africaines. Ses \u0153uvres contiennent diff\u00e9rents niveaux de lecture qui m\u00ealent mythologie et faits historiques dans un univers onirique qui vous invite \u00e0 r\u00eaver et \u00e0 voyager dans le temps.","robots":{"index":"index","follow":"follow","max-snippet":"max-snippet:-1","max-image-preview":"max-image-preview:large","max-video-preview":"max-video-preview:-1"},"canonical":"https:\/\/nationalstore.be\/fr\/produit\/walking-man","og_locale":"fr_FR","og_type":"article","og_title":"Walking Man. | E-shop artistes belges","og_description":"Traversez le continent africain et l'h\u00e9ritage culturel de l'Egypte antique \u00e0 travers l'univers color\u00e9 et narratif de Gilles Mayk Navangi. Il vous incite \u00e0 \u00eatre curieux et \u00e0 vous documenter sur l'origine des connaissances et des civilisations africaines. Ses \u0153uvres contiennent diff\u00e9rents niveaux de lecture qui m\u00ealent mythologie et faits historiques dans un univers onirique qui vous invite \u00e0 r\u00eaver et \u00e0 voyager dans le temps.","og_url":"https:\/\/nationalstore.be\/fr\/produit\/walking-man","og_site_name":"NATIONA(A)L ARTIST SUPERMARKET","article_publisher":"https:\/\/www.facebook.com\/nationalstore\/?ref=br_rs","article_modified_time":"2022-07-29T14:30:47+00:00","og_image":[{"width":1701,"height":2381,"url":"https:\/\/nationalstore.be\/wp-content\/uploads\/2021\/06\/Illustration-Walking-Man-Gilles-Mayk-Navangi.jpg","type":"image\/jpeg"}],"twitter_card":"summary_large_image","twitter_site":"@Nationalstore","schema":{"@context":"https:\/\/schema.org","@graph":[{"@type":"Organization","@id":"https:\/\/nationalstore.be\/fr#organization","name":"NATIONA(A)L ARTIST MARKET","url":"https:\/\/nationalstore.be\/fr","sameAs":["https:\/\/www.instagram.com\/nationalstore\/","https:\/\/www.facebook.com\/nationalstore\/?ref=br_rs","https:\/\/twitter.com\/Nationalstore"],"logo":{"@type":"ImageObject","inLanguage":"fr-FR","@id":"https:\/\/nationalstore.be\/fr#\/schema\/logo\/image\/","url":"https:\/\/nationalstore.be\/wp-content\/uploads\/2024\/03\/nationaal-logo_mauve-cmjn.png","contentUrl":"https:\/\/nationalstore.be\/wp-content\/uploads\/2024\/03\/nationaal-logo_mauve-cmjn.png","width":3475,"height":1352,"caption":"NATIONA(A)L ARTIST MARKET"},"image":{"@id":"https:\/\/nationalstore.be\/fr#\/schema\/logo\/image\/"}},{"@type":"WebSite","@id":"https:\/\/nationalstore.be\/fr#website","url":"https:\/\/nationalstore.be\/fr","name":"NATIONA(A)L ARTIST SUPERMARKET","description":"","publisher":{"@id":"https:\/\/nationalstore.be\/fr#organization"},"potentialAction":[{"@type":"SearchAction","target":{"@type":"EntryPoint","urlTemplate":"https:\/\/nationalstore.be\/fr?s={search_term_string}"},"query-input":"required name=search_term_string"}],"inLanguage":"fr-FR"},{"@type":"ImageObject","inLanguage":"fr-FR","@id":"https:\/\/nationalstore.be\/fr\/produit\/walking-man#primaryimage","url":"https:\/\/nationalstore.be\/wp-content\/uploads\/2021\/06\/Illustration-Walking-Man-Gilles-Mayk-Navangi.jpg","contentUrl":"https:\/\/nationalstore.be\/wp-content\/uploads\/2021\/06\/Illustration-Walking-Man-Gilles-Mayk-Navangi.jpg","width":1701,"height":2381},{"@type":["WebPage","ItemPage"],"@id":"https:\/\/nationalstore.be\/fr\/produit\/walking-man#webpage","url":"https:\/\/nationalstore.be\/fr\/produit\/walking-man","name":"Walking Man. | E-shop artistes belges","isPartOf":{"@id":"https:\/\/nationalstore.be\/fr#website"},"primaryImageOfPage":{"@id":"https:\/\/nationalstore.be\/fr\/produit\/walking-man#primaryimage"},"datePublished":"2021-06-02T08:36:28+00:00","dateModified":"2022-07-29T14:30:47+00:00","description":"Traversez le continent africain et l'h\u00e9ritage culturel de l'Egypte antique \u00e0 travers l'univers color\u00e9 et narratif de Gilles Mayk Navangi. Il vous incite \u00e0 \u00eatre curieux et \u00e0 vous documenter sur l'origine des connaissances et des civilisations africaines. Ses \u0153uvres contiennent diff\u00e9rents niveaux de lecture qui m\u00ealent mythologie et faits historiques dans un univers onirique qui vous invite \u00e0 r\u00eaver et \u00e0 voyager dans le temps.","breadcrumb":{"@id":"https:\/\/nationalstore.be\/fr\/produit\/walking-man#breadcrumb"},"inLanguage":"fr-FR","potentialAction":[{"@type":"ReadAction","target":["https:\/\/nationalstore.be\/fr\/produit\/walking-man"]}]},{"@type":"BreadcrumbList","@id":"https:\/\/nationalstore.be\/fr\/produit\/walking-man#breadcrumb","itemListElement":[{"@type":"ListItem","position":1,"name":"Home","item":"https:\/\/nationalstore.be\/fr"},{"@type":"ListItem","position":2,"name":"Produits","item":"https:\/\/nationalstore.be\/fr\/shop"},{"@type":"ListItem","position":3,"name":"Subcategories","item":"https:\/\/nationalstore.be\/fr\/pc\/subcategories-fr"},{"@type":"ListItem","position":4,"name":"Comment bien s\u2019installer pour \u00eatre cr\u00e9atif ?","item":"https:\/\/nationalstore.be\/fr\/pc\/subcategories-fr\/comment-bien-sinstaller-pour-etre-creatif"},{"@type":"ListItem","position":5,"name":"Walking Man."}]}]}},"_links":{"self":[{"href":"https:\/\/nationalstore.be\/fr\/wp-json\/wp\/v2\/product\/20078"}],"collection":[{"href":"https:\/\/nationalstore.be\/fr\/wp-json\/wp\/v2\/product"}],"about":[{"href":"https:\/\/nationalstore.be\/fr\/wp-json\/wp\/v2\/types\/product"}],"wp:featuredmedia":[{"embeddable":true,"href":"https:\/\/nationalstore.be\/fr\/wp-json\/wp\/v2\/media\/21509"}],"wp:attachment":[{"href":"https:\/\/nationalstore.be\/fr\/wp-json\/wp\/v2\/media?parent=20078"}],"wp:term":[{"taxonomy":"product_cat","embeddable":true,"href":"https:\/\/nationalstore.be\/fr\/wp-json\/wp\/v2\/product_cat?post=20078"},{"taxonomy":"product_tag","embeddable":true,"href":"https:\/\/nationalstore.be\/fr\/wp-json\/wp\/v2\/product_tag?post=20078"}],"curies":[{"name":"wp","href":"https:\/\/api.w.org\/{rel}","templated":true}]}}