{"id":19641,"date":"2021-05-12T15:22:54","date_gmt":"2021-05-19T12:20:51","guid":{"rendered":"https:\/\/nationalstore.be\/?post_type=product&#038;p=19641"},"modified":"2021-05-20T12:03:13","modified_gmt":"2021-05-20T10:03:13","slug":"kloot-per-w-group-nuits-blanches","status":"publish","type":"product","link":"https:\/\/nationalstore.be\/fr\/produit\/kloot-per-w-group-nuits-blanches","title":{"rendered":"Kloot Per W Group \u2013 Nuits Blanches"},"content":{"rendered":"<p><iframe loading=\"lazy\" src=\"https:\/\/www.youtube.com\/embed\/pqBFQwGlggY\" width=\"200\" height=\"200\" frameborder=\"0\" allowfullscreen=\"allowfullscreen\" data-mce-src=\"https:\/\/www.youtube.com\/embed\/pqBFQwGlggY\"><\/iframe><\/p>\n<p>Side A<\/p>\n<p>1. Nuits Blanches<\/p>\n<p>2. Je T&#8217;ai Toujours Aime\u00e9<\/p>\n<p>Side B<\/p>\n<p>1. Tout Abandonn\u00e9<\/p>\n<p>Je T&#8217;ai Toujours Aime\u00e9 est une reprise d&#8217;un vieux num\u00e9ro de Polyphonic Size que JJ Burnell des Stranglers a chant\u00e9 \u00e0 l&#8217;origine. Pascal Deweze l&#8217;a produit. Uwe Teichert l&#8217;a masteris\u00e9.<\/p>\n<p>Kloot Per W (65) a \u00e9t\u00e9 actif pour la premi\u00e8re fois sur la sc\u00e8ne musicale et artistique belge en 1969, et a enregistr\u00e9 d&#8217;abord en tant que bassiste pour The Misters (78) et guitariste pour The Employees (81). Il a probablement \u00e9t\u00e9 l&#8217;un des premiers artistes \u00e0 sortir ses albums solo sous forme de cassettes uniquement, deux en 1980 et trois en 1981, dont le l\u00e9gendaire Music For Girls (r\u00e9\u00e9dit\u00e9 par Starman Records). Kloot a \u00e9t\u00e9 actif dans les groupes Polyphonic Size (deux albums produits par JJ Burnel de The Stranglers), Sandie Trash (F), Strictly Rockers, Chop Chicks (avec DJ Buscemi) et De Lama&#8217;s. La XXXX de Kloot Per W, une compilation de 7&#8243; de Kloot, est sortie en 1995 et une cassette anthologique Moon en 2000. En 2018, Kloot Per W a sorti un album acclam\u00e9 de reprises du Velvet Underground intitul\u00e9 &#8216;Inhale Slowly and Feel&#8217; et DRILL une collection de musique abstraite instrumentale pour son installation artistique qui a reconstruit le studio Raymond Scott Manhattan Research Inc sur cl\u00e9 USB uniquement.<\/p>\n<p>Je T&#8217;ai Toujours Aim\u00e9e a \u00e9t\u00e9 enregistr\u00e9 par l&#8217;ancien groupe de Kloot, Polyphonic Size, en 1982, avec JJ Burnell des Stranglers au chant. Quelque 38 ans plus tard, Kloot a re-imagin\u00e9 la chanson avec Pascal Deweze (Sukilove\/Broken Glass Heroes\/Metal Molly) \u00e0 la barre de la production. Le titre a \u00e9galement \u00e9t\u00e9 masteris\u00e9 par Uwe Teichert (dEUS, Public Enemy, Placebo).<\/p>\n<p><a href=\"https:\/\/muziscene.nl\/2021\/03\/18\/kloot-per-w-group-nuits-blanches\/\" data-mce-href=\"https:\/\/muziscene.nl\/2021\/03\/18\/kloot-per-w-group-nuits-blanches\/\">Review Muziscene<\/a><\/p>\n","protected":false},"excerpt":{"rendered":"<p>Jezus Factory a l&#8217;honneur de sortir ce superbe vinyle 10\u2033 du groupe Kloot Per W &#8211; Nuits Blanches qui a \u00e9t\u00e9 produit par Pascal Deweze et Mauro Pawlowski et masteris\u00e9 par Uwe Teichert.<\/p>\n<p><iframe style=\"border: 0; width: 100%; height: 241px;\" src=\"https:\/\/bandcamp.com\/EmbeddedPlayer\/album=4294234689\/size=large\/bgcol=ffffff\/linkcol=0687f5\/artwork=none\/transparent=true\/\" seamless><a href=\"https:\/\/jezusfactoryrecords.bandcamp.com\/album\/kloot-per-w-group-nuits-blanches\">Kloot Per W Group &#8211; Nuits Blanches by Jezus Factory Records<\/a><\/iframe><br data-mce-bogus=\"1\"><\/p>\n","protected":false},"featured_media":18382,"template":"","meta":[],"product_cat":[1451,533],"product_tag":[3018,825],"yoast_head":"<!-- This site is optimized with the Yoast SEO plugin v19.1 - https:\/\/yoast.com\/wordpress\/plugins\/seo\/ -->\n<title>Kloot Per W Group \u2013 Nuits Blanches | E-shop artistes belges<\/title>\n<meta name=\"description\" content=\"Acheter un produit comme Kloot Per W Group \u2013 Nuits Blanches? Laissez vous surprendre par nos artistes belges sp\u00e9cialis\u00e9s en produits artisanaux!\" \/>\n<meta name=\"robots\" content=\"index, follow, max-snippet:-1, max-image-preview:large, max-video-preview:-1\" \/>\n<link rel=\"canonical\" href=\"https:\/\/nationalstore.be\/fr\/produit\/kloot-per-w-group-nuits-blanches\" \/>\n<meta property=\"og:locale\" content=\"fr_FR\" \/>\n<meta property=\"og:type\" content=\"article\" \/>\n<meta property=\"og:title\" content=\"Kloot Per W Group \u2013 Nuits Blanches | E-shop artistes belges\" \/>\n<meta property=\"og:description\" content=\"Acheter un produit comme Kloot Per W Group \u2013 Nuits Blanches? Laissez vous surprendre par nos artistes belges sp\u00e9cialis\u00e9s en produits artisanaux!\" \/>\n<meta property=\"og:url\" content=\"https:\/\/nationalstore.be\/fr\/produit\/kloot-per-w-group-nuits-blanches\" \/>\n<meta property=\"og:site_name\" content=\"NATIONA(A)L ARTIST SUPERMARKET\" \/>\n<meta property=\"article:publisher\" content=\"https:\/\/www.facebook.com\/nationalstore\/?ref=br_rs\" \/>\n<meta property=\"article:modified_time\" content=\"2021-05-20T10:03:13+00:00\" \/>\n<meta property=\"og:image\" content=\"https:\/\/nationalstore.be\/wp-content\/uploads\/2021\/04\/Kloot-Nuits-scaled.jpg\" \/>\n\t<meta property=\"og:image:width\" content=\"2558\" \/>\n\t<meta property=\"og:image:height\" content=\"2560\" \/>\n\t<meta property=\"og:image:type\" content=\"image\/jpeg\" \/>\n<meta name=\"twitter:card\" content=\"summary_large_image\" \/>\n<meta name=\"twitter:site\" content=\"@Nationalstore\" \/>\n<meta name=\"twitter:label1\" content=\"Dur\u00e9e de lecture estim\u00e9e\" \/>\n\t<meta name=\"twitter:data1\" content=\"1 minute\" \/>\n<script type=\"application\/ld+json\" class=\"yoast-schema-graph\">{\"@context\":\"https:\/\/schema.org\",\"@graph\":[{\"@type\":\"Organization\",\"@id\":\"https:\/\/nationalstore.be\/fr#organization\",\"name\":\"NATIONA(A)L ARTIST MARKET\",\"url\":\"https:\/\/nationalstore.be\/fr\",\"sameAs\":[\"https:\/\/www.instagram.com\/nationalstore\/\",\"https:\/\/www.facebook.com\/nationalstore\/?ref=br_rs\",\"https:\/\/twitter.com\/Nationalstore\"],\"logo\":{\"@type\":\"ImageObject\",\"inLanguage\":\"fr-FR\",\"@id\":\"https:\/\/nationalstore.be\/fr#\/schema\/logo\/image\/\",\"url\":\"https:\/\/nationalstore.be\/wp-content\/uploads\/2024\/03\/nationaal-logo_mauve-cmjn.png\",\"contentUrl\":\"https:\/\/nationalstore.be\/wp-content\/uploads\/2024\/03\/nationaal-logo_mauve-cmjn.png\",\"width\":3475,\"height\":1352,\"caption\":\"NATIONA(A)L ARTIST MARKET\"},\"image\":{\"@id\":\"https:\/\/nationalstore.be\/fr#\/schema\/logo\/image\/\"}},{\"@type\":\"WebSite\",\"@id\":\"https:\/\/nationalstore.be\/fr#website\",\"url\":\"https:\/\/nationalstore.be\/fr\",\"name\":\"NATIONA(A)L ARTIST SUPERMARKET\",\"description\":\"\",\"publisher\":{\"@id\":\"https:\/\/nationalstore.be\/fr#organization\"},\"potentialAction\":[{\"@type\":\"SearchAction\",\"target\":{\"@type\":\"EntryPoint\",\"urlTemplate\":\"https:\/\/nationalstore.be\/fr?s={search_term_string}\"},\"query-input\":\"required name=search_term_string\"}],\"inLanguage\":\"fr-FR\"},{\"@type\":\"ImageObject\",\"inLanguage\":\"fr-FR\",\"@id\":\"https:\/\/nationalstore.be\/fr\/produit\/kloot-per-w-group-nuits-blanches#primaryimage\",\"url\":\"https:\/\/nationalstore.be\/wp-content\/uploads\/2021\/04\/Kloot-Nuits-scaled.jpg\",\"contentUrl\":\"https:\/\/nationalstore.be\/wp-content\/uploads\/2021\/04\/Kloot-Nuits-scaled.jpg\",\"width\":2558,\"height\":2560},{\"@type\":[\"WebPage\",\"ItemPage\"],\"@id\":\"https:\/\/nationalstore.be\/fr\/produit\/kloot-per-w-group-nuits-blanches#webpage\",\"url\":\"https:\/\/nationalstore.be\/fr\/produit\/kloot-per-w-group-nuits-blanches\",\"name\":\"Kloot Per W Group \u2013 Nuits Blanches | E-shop artistes belges\",\"isPartOf\":{\"@id\":\"https:\/\/nationalstore.be\/fr#website\"},\"primaryImageOfPage\":{\"@id\":\"https:\/\/nationalstore.be\/fr\/produit\/kloot-per-w-group-nuits-blanches#primaryimage\"},\"datePublished\":\"2021-05-19T12:20:51+00:00\",\"dateModified\":\"2021-05-20T10:03:13+00:00\",\"description\":\"Acheter un produit comme Kloot Per W Group \u2013 Nuits Blanches? Laissez vous surprendre par nos artistes belges sp\u00e9cialis\u00e9s en produits artisanaux!\",\"breadcrumb\":{\"@id\":\"https:\/\/nationalstore.be\/fr\/produit\/kloot-per-w-group-nuits-blanches#breadcrumb\"},\"inLanguage\":\"fr-FR\",\"potentialAction\":[{\"@type\":\"ReadAction\",\"target\":[\"https:\/\/nationalstore.be\/fr\/produit\/kloot-per-w-group-nuits-blanches\"]}]},{\"@type\":\"BreadcrumbList\",\"@id\":\"https:\/\/nationalstore.be\/fr\/produit\/kloot-per-w-group-nuits-blanches#breadcrumb\",\"itemListElement\":[{\"@type\":\"ListItem\",\"position\":1,\"name\":\"Home\",\"item\":\"https:\/\/nationalstore.be\/fr\"},{\"@type\":\"ListItem\",\"position\":2,\"name\":\"Produits\",\"item\":\"https:\/\/nationalstore.be\/fr\/shop\"},{\"@type\":\"ListItem\",\"position\":3,\"name\":\"Subcategories\",\"item\":\"https:\/\/nationalstore.be\/fr\/pc\/subcategories-fr\"},{\"@type\":\"ListItem\",\"position\":4,\"name\":\"5 labels de musique belges qui vous feront swinguer\",\"item\":\"https:\/\/nationalstore.be\/fr\/pc\/subcategories-fr\/5-labels-de-musique-belges-qui-vous-feront-swinguer\"},{\"@type\":\"ListItem\",\"position\":5,\"name\":\"Kloot Per W Group \u2013 Nuits Blanches\"}]}]}<\/script>\n<!-- \/ Yoast SEO plugin. -->","yoast_head_json":{"title":"Kloot Per W Group \u2013 Nuits Blanches | E-shop artistes belges","description":"Acheter un produit comme Kloot Per W Group \u2013 Nuits Blanches? Laissez vous surprendre par nos artistes belges sp\u00e9cialis\u00e9s en produits artisanaux!","robots":{"index":"index","follow":"follow","max-snippet":"max-snippet:-1","max-image-preview":"max-image-preview:large","max-video-preview":"max-video-preview:-1"},"canonical":"https:\/\/nationalstore.be\/fr\/produit\/kloot-per-w-group-nuits-blanches","og_locale":"fr_FR","og_type":"article","og_title":"Kloot Per W Group \u2013 Nuits Blanches | E-shop artistes belges","og_description":"Acheter un produit comme Kloot Per W Group \u2013 Nuits Blanches? Laissez vous surprendre par nos artistes belges sp\u00e9cialis\u00e9s en produits artisanaux!","og_url":"https:\/\/nationalstore.be\/fr\/produit\/kloot-per-w-group-nuits-blanches","og_site_name":"NATIONA(A)L ARTIST SUPERMARKET","article_publisher":"https:\/\/www.facebook.com\/nationalstore\/?ref=br_rs","article_modified_time":"2021-05-20T10:03:13+00:00","og_image":[{"width":2558,"height":2560,"url":"https:\/\/nationalstore.be\/wp-content\/uploads\/2021\/04\/Kloot-Nuits-scaled.jpg","type":"image\/jpeg"}],"twitter_card":"summary_large_image","twitter_site":"@Nationalstore","twitter_misc":{"Dur\u00e9e de lecture estim\u00e9e":"1 minute"},"schema":{"@context":"https:\/\/schema.org","@graph":[{"@type":"Organization","@id":"https:\/\/nationalstore.be\/fr#organization","name":"NATIONA(A)L ARTIST MARKET","url":"https:\/\/nationalstore.be\/fr","sameAs":["https:\/\/www.instagram.com\/nationalstore\/","https:\/\/www.facebook.com\/nationalstore\/?ref=br_rs","https:\/\/twitter.com\/Nationalstore"],"logo":{"@type":"ImageObject","inLanguage":"fr-FR","@id":"https:\/\/nationalstore.be\/fr#\/schema\/logo\/image\/","url":"https:\/\/nationalstore.be\/wp-content\/uploads\/2024\/03\/nationaal-logo_mauve-cmjn.png","contentUrl":"https:\/\/nationalstore.be\/wp-content\/uploads\/2024\/03\/nationaal-logo_mauve-cmjn.png","width":3475,"height":1352,"caption":"NATIONA(A)L ARTIST MARKET"},"image":{"@id":"https:\/\/nationalstore.be\/fr#\/schema\/logo\/image\/"}},{"@type":"WebSite","@id":"https:\/\/nationalstore.be\/fr#website","url":"https:\/\/nationalstore.be\/fr","name":"NATIONA(A)L ARTIST SUPERMARKET","description":"","publisher":{"@id":"https:\/\/nationalstore.be\/fr#organization"},"potentialAction":[{"@type":"SearchAction","target":{"@type":"EntryPoint","urlTemplate":"https:\/\/nationalstore.be\/fr?s={search_term_string}"},"query-input":"required name=search_term_string"}],"inLanguage":"fr-FR"},{"@type":"ImageObject","inLanguage":"fr-FR","@id":"https:\/\/nationalstore.be\/fr\/produit\/kloot-per-w-group-nuits-blanches#primaryimage","url":"https:\/\/nationalstore.be\/wp-content\/uploads\/2021\/04\/Kloot-Nuits-scaled.jpg","contentUrl":"https:\/\/nationalstore.be\/wp-content\/uploads\/2021\/04\/Kloot-Nuits-scaled.jpg","width":2558,"height":2560},{"@type":["WebPage","ItemPage"],"@id":"https:\/\/nationalstore.be\/fr\/produit\/kloot-per-w-group-nuits-blanches#webpage","url":"https:\/\/nationalstore.be\/fr\/produit\/kloot-per-w-group-nuits-blanches","name":"Kloot Per W Group \u2013 Nuits Blanches | E-shop artistes belges","isPartOf":{"@id":"https:\/\/nationalstore.be\/fr#website"},"primaryImageOfPage":{"@id":"https:\/\/nationalstore.be\/fr\/produit\/kloot-per-w-group-nuits-blanches#primaryimage"},"datePublished":"2021-05-19T12:20:51+00:00","dateModified":"2021-05-20T10:03:13+00:00","description":"Acheter un produit comme Kloot Per W Group \u2013 Nuits Blanches? Laissez vous surprendre par nos artistes belges sp\u00e9cialis\u00e9s en produits artisanaux!","breadcrumb":{"@id":"https:\/\/nationalstore.be\/fr\/produit\/kloot-per-w-group-nuits-blanches#breadcrumb"},"inLanguage":"fr-FR","potentialAction":[{"@type":"ReadAction","target":["https:\/\/nationalstore.be\/fr\/produit\/kloot-per-w-group-nuits-blanches"]}]},{"@type":"BreadcrumbList","@id":"https:\/\/nationalstore.be\/fr\/produit\/kloot-per-w-group-nuits-blanches#breadcrumb","itemListElement":[{"@type":"ListItem","position":1,"name":"Home","item":"https:\/\/nationalstore.be\/fr"},{"@type":"ListItem","position":2,"name":"Produits","item":"https:\/\/nationalstore.be\/fr\/shop"},{"@type":"ListItem","position":3,"name":"Subcategories","item":"https:\/\/nationalstore.be\/fr\/pc\/subcategories-fr"},{"@type":"ListItem","position":4,"name":"5 labels de musique belges qui vous feront swinguer","item":"https:\/\/nationalstore.be\/fr\/pc\/subcategories-fr\/5-labels-de-musique-belges-qui-vous-feront-swinguer"},{"@type":"ListItem","position":5,"name":"Kloot Per W Group \u2013 Nuits Blanches"}]}]}},"_links":{"self":[{"href":"https:\/\/nationalstore.be\/fr\/wp-json\/wp\/v2\/product\/19641"}],"collection":[{"href":"https:\/\/nationalstore.be\/fr\/wp-json\/wp\/v2\/product"}],"about":[{"href":"https:\/\/nationalstore.be\/fr\/wp-json\/wp\/v2\/types\/product"}],"wp:featuredmedia":[{"embeddable":true,"href":"https:\/\/nationalstore.be\/fr\/wp-json\/wp\/v2\/media\/18382"}],"wp:attachment":[{"href":"https:\/\/nationalstore.be\/fr\/wp-json\/wp\/v2\/media?parent=19641"}],"wp:term":[{"taxonomy":"product_cat","embeddable":true,"href":"https:\/\/nationalstore.be\/fr\/wp-json\/wp\/v2\/product_cat?post=19641"},{"taxonomy":"product_tag","embeddable":true,"href":"https:\/\/nationalstore.be\/fr\/wp-json\/wp\/v2\/product_tag?post=19641"}],"curies":[{"name":"wp","href":"https:\/\/api.w.org\/{rel}","templated":true}]}}