{"id":18897,"date":"2021-05-06T07:50:27","date_gmt":"2021-05-06T05:50:27","guid":{"rendered":"https:\/\/nationalstore.be\/?post_type=product&#038;p=18897"},"modified":"2021-08-18T11:22:18","modified_gmt":"2021-08-18T09:22:18","slug":"le-petit-arrosoir-la-gadoue","status":"publish","type":"product","link":"https:\/\/nationalstore.be\/fr\/produit\/le-petit-arrosoir-la-gadoue","title":{"rendered":"Le Petit Arrosoir La Gadoue"},"content":{"rendered":"<p>Enti\u00e8rement fait \u00e0 la main\u00a0 dans notre atelier avec la technique de la construction \u00e0 la plaque en terre rouge avec un \u00e9mail semi opaque il est aussi d\u00e9coratif que pratique pour arroser vos plantes d&#8217;int\u00e9rieur !<\/p>\n<p>Contenance : 1 litre<\/p>\n<p>taille maximum : 22cm<\/p>\n<p><br data-mce-bogus=\"1\"><\/p>\n","protected":false},"excerpt":{"rendered":"<h2 class=\"open\" style=\"margin: 0px; color: #000000; font-family: Roboto; font-size: 14px; letter-spacing: 1px; line-height: 2;\" data-mce-style=\"margin: 0px; color: #000000; font-family: Roboto; font-size: 14px; letter-spacing: 1px; line-height: 2;\"><span style=\"color: rgb(51, 51, 51); font-family: Georgia, \"Times New Roman\", \"Bitstream Charter\", Times, serif; font-size: 16px; font-weight: 400; letter-spacing: normal;\">Petit arrosoir en c\u00e9ramique \u00e9maill\u00e9e<\/span><br \/><\/h2>\n","protected":false},"featured_media":18894,"template":"","meta":[],"product_cat":[527,1667,1651],"product_tag":[281,287],"yoast_head":"<!-- This site is optimized with the Yoast SEO plugin v19.1 - https:\/\/yoast.com\/wordpress\/plugins\/seo\/ -->\n<title>Le Petit Arrosoir La Gadoue | E-shop artistes belges<\/title>\n<meta name=\"description\" content=\"Acheter un produit comme Le Petit Arrosoir La Gadoue? Laissez vous surprendre par nos artistes belges sp\u00e9cialis\u00e9s en produits artisanaux!\" \/>\n<meta name=\"robots\" content=\"index, follow, max-snippet:-1, max-image-preview:large, max-video-preview:-1\" \/>\n<link rel=\"canonical\" href=\"https:\/\/nationalstore.be\/fr\/produit\/le-petit-arrosoir-la-gadoue\" \/>\n<meta property=\"og:locale\" content=\"fr_FR\" \/>\n<meta property=\"og:type\" content=\"article\" \/>\n<meta property=\"og:title\" content=\"Le Petit Arrosoir La Gadoue | E-shop artistes belges\" \/>\n<meta property=\"og:description\" content=\"Acheter un produit comme Le Petit Arrosoir La Gadoue? Laissez vous surprendre par nos artistes belges sp\u00e9cialis\u00e9s en produits artisanaux!\" \/>\n<meta property=\"og:url\" content=\"https:\/\/nationalstore.be\/fr\/produit\/le-petit-arrosoir-la-gadoue\" \/>\n<meta property=\"og:site_name\" content=\"NATIONA(A)L ARTIST SUPERMARKET\" \/>\n<meta property=\"article:publisher\" content=\"https:\/\/www.facebook.com\/nationalstore\/?ref=br_rs\" \/>\n<meta property=\"article:modified_time\" content=\"2021-08-18T09:22:18+00:00\" \/>\n<meta property=\"og:image\" content=\"https:\/\/nationalstore.be\/wp-content\/uploads\/2021\/04\/petit-arrosoir.jpg\" \/>\n\t<meta property=\"og:image:width\" content=\"921\" \/>\n\t<meta property=\"og:image:height\" content=\"1333\" \/>\n\t<meta property=\"og:image:type\" content=\"image\/jpeg\" \/>\n<meta name=\"twitter:card\" content=\"summary_large_image\" \/>\n<meta name=\"twitter:site\" content=\"@Nationalstore\" \/>\n<script type=\"application\/ld+json\" class=\"yoast-schema-graph\">{\"@context\":\"https:\/\/schema.org\",\"@graph\":[{\"@type\":\"Organization\",\"@id\":\"https:\/\/nationalstore.be\/fr#organization\",\"name\":\"NATIONA(A)L ARTIST MARKET\",\"url\":\"https:\/\/nationalstore.be\/fr\",\"sameAs\":[\"https:\/\/www.instagram.com\/nationalstore\/\",\"https:\/\/www.facebook.com\/nationalstore\/?ref=br_rs\",\"https:\/\/twitter.com\/Nationalstore\"],\"logo\":{\"@type\":\"ImageObject\",\"inLanguage\":\"fr-FR\",\"@id\":\"https:\/\/nationalstore.be\/fr#\/schema\/logo\/image\/\",\"url\":\"https:\/\/nationalstore.be\/wp-content\/uploads\/2024\/03\/nationaal-logo_mauve-cmjn.png\",\"contentUrl\":\"https:\/\/nationalstore.be\/wp-content\/uploads\/2024\/03\/nationaal-logo_mauve-cmjn.png\",\"width\":3475,\"height\":1352,\"caption\":\"NATIONA(A)L ARTIST MARKET\"},\"image\":{\"@id\":\"https:\/\/nationalstore.be\/fr#\/schema\/logo\/image\/\"}},{\"@type\":\"WebSite\",\"@id\":\"https:\/\/nationalstore.be\/fr#website\",\"url\":\"https:\/\/nationalstore.be\/fr\",\"name\":\"NATIONA(A)L ARTIST SUPERMARKET\",\"description\":\"\",\"publisher\":{\"@id\":\"https:\/\/nationalstore.be\/fr#organization\"},\"potentialAction\":[{\"@type\":\"SearchAction\",\"target\":{\"@type\":\"EntryPoint\",\"urlTemplate\":\"https:\/\/nationalstore.be\/fr?s={search_term_string}\"},\"query-input\":\"required name=search_term_string\"}],\"inLanguage\":\"fr-FR\"},{\"@type\":\"ImageObject\",\"inLanguage\":\"fr-FR\",\"@id\":\"https:\/\/nationalstore.be\/fr\/produit\/le-petit-arrosoir-la-gadoue#primaryimage\",\"url\":\"https:\/\/nationalstore.be\/wp-content\/uploads\/2021\/04\/petit-arrosoir.jpg\",\"contentUrl\":\"https:\/\/nationalstore.be\/wp-content\/uploads\/2021\/04\/petit-arrosoir.jpg\",\"width\":921,\"height\":1333,\"caption\":\"petit arrosoir\"},{\"@type\":[\"WebPage\",\"ItemPage\"],\"@id\":\"https:\/\/nationalstore.be\/fr\/produit\/le-petit-arrosoir-la-gadoue#webpage\",\"url\":\"https:\/\/nationalstore.be\/fr\/produit\/le-petit-arrosoir-la-gadoue\",\"name\":\"Le Petit Arrosoir La Gadoue | E-shop artistes belges\",\"isPartOf\":{\"@id\":\"https:\/\/nationalstore.be\/fr#website\"},\"primaryImageOfPage\":{\"@id\":\"https:\/\/nationalstore.be\/fr\/produit\/le-petit-arrosoir-la-gadoue#primaryimage\"},\"datePublished\":\"2021-05-06T05:50:27+00:00\",\"dateModified\":\"2021-08-18T09:22:18+00:00\",\"description\":\"Acheter un produit comme Le Petit Arrosoir La Gadoue? Laissez vous surprendre par nos artistes belges sp\u00e9cialis\u00e9s en produits artisanaux!\",\"breadcrumb\":{\"@id\":\"https:\/\/nationalstore.be\/fr\/produit\/le-petit-arrosoir-la-gadoue#breadcrumb\"},\"inLanguage\":\"fr-FR\",\"potentialAction\":[{\"@type\":\"ReadAction\",\"target\":[\"https:\/\/nationalstore.be\/fr\/produit\/le-petit-arrosoir-la-gadoue\"]}]},{\"@type\":\"BreadcrumbList\",\"@id\":\"https:\/\/nationalstore.be\/fr\/produit\/le-petit-arrosoir-la-gadoue#breadcrumb\",\"itemListElement\":[{\"@type\":\"ListItem\",\"position\":1,\"name\":\"Home\",\"item\":\"https:\/\/nationalstore.be\/fr\"},{\"@type\":\"ListItem\",\"position\":2,\"name\":\"Produits\",\"item\":\"https:\/\/nationalstore.be\/fr\/shop\"},{\"@type\":\"ListItem\",\"position\":3,\"name\":\"Subcategories\",\"item\":\"https:\/\/nationalstore.be\/fr\/pc\/subcategories-fr\"},{\"@type\":\"ListItem\",\"position\":4,\"name\":\"Notre s\u00e9lection \u00e0 voir au Contemporary Design Market en ligne et \u00e0 Tour &amp; Taxis !\",\"item\":\"https:\/\/nationalstore.be\/fr\/pc\/subcategories-fr\/notre-selection-a-voir-au-contemporary-design-market-en-ligne-et-a-tour-taxis\"},{\"@type\":\"ListItem\",\"position\":5,\"name\":\"Le Petit Arrosoir La Gadoue\"}]}]}<\/script>\n<!-- \/ Yoast SEO plugin. -->","yoast_head_json":{"title":"Le Petit Arrosoir La Gadoue | E-shop artistes belges","description":"Acheter un produit comme Le Petit Arrosoir La Gadoue? Laissez vous surprendre par nos artistes belges sp\u00e9cialis\u00e9s en produits artisanaux!","robots":{"index":"index","follow":"follow","max-snippet":"max-snippet:-1","max-image-preview":"max-image-preview:large","max-video-preview":"max-video-preview:-1"},"canonical":"https:\/\/nationalstore.be\/fr\/produit\/le-petit-arrosoir-la-gadoue","og_locale":"fr_FR","og_type":"article","og_title":"Le Petit Arrosoir La Gadoue | E-shop artistes belges","og_description":"Acheter un produit comme Le Petit Arrosoir La Gadoue? Laissez vous surprendre par nos artistes belges sp\u00e9cialis\u00e9s en produits artisanaux!","og_url":"https:\/\/nationalstore.be\/fr\/produit\/le-petit-arrosoir-la-gadoue","og_site_name":"NATIONA(A)L ARTIST SUPERMARKET","article_publisher":"https:\/\/www.facebook.com\/nationalstore\/?ref=br_rs","article_modified_time":"2021-08-18T09:22:18+00:00","og_image":[{"width":921,"height":1333,"url":"https:\/\/nationalstore.be\/wp-content\/uploads\/2021\/04\/petit-arrosoir.jpg","type":"image\/jpeg"}],"twitter_card":"summary_large_image","twitter_site":"@Nationalstore","schema":{"@context":"https:\/\/schema.org","@graph":[{"@type":"Organization","@id":"https:\/\/nationalstore.be\/fr#organization","name":"NATIONA(A)L ARTIST MARKET","url":"https:\/\/nationalstore.be\/fr","sameAs":["https:\/\/www.instagram.com\/nationalstore\/","https:\/\/www.facebook.com\/nationalstore\/?ref=br_rs","https:\/\/twitter.com\/Nationalstore"],"logo":{"@type":"ImageObject","inLanguage":"fr-FR","@id":"https:\/\/nationalstore.be\/fr#\/schema\/logo\/image\/","url":"https:\/\/nationalstore.be\/wp-content\/uploads\/2024\/03\/nationaal-logo_mauve-cmjn.png","contentUrl":"https:\/\/nationalstore.be\/wp-content\/uploads\/2024\/03\/nationaal-logo_mauve-cmjn.png","width":3475,"height":1352,"caption":"NATIONA(A)L ARTIST MARKET"},"image":{"@id":"https:\/\/nationalstore.be\/fr#\/schema\/logo\/image\/"}},{"@type":"WebSite","@id":"https:\/\/nationalstore.be\/fr#website","url":"https:\/\/nationalstore.be\/fr","name":"NATIONA(A)L ARTIST SUPERMARKET","description":"","publisher":{"@id":"https:\/\/nationalstore.be\/fr#organization"},"potentialAction":[{"@type":"SearchAction","target":{"@type":"EntryPoint","urlTemplate":"https:\/\/nationalstore.be\/fr?s={search_term_string}"},"query-input":"required name=search_term_string"}],"inLanguage":"fr-FR"},{"@type":"ImageObject","inLanguage":"fr-FR","@id":"https:\/\/nationalstore.be\/fr\/produit\/le-petit-arrosoir-la-gadoue#primaryimage","url":"https:\/\/nationalstore.be\/wp-content\/uploads\/2021\/04\/petit-arrosoir.jpg","contentUrl":"https:\/\/nationalstore.be\/wp-content\/uploads\/2021\/04\/petit-arrosoir.jpg","width":921,"height":1333,"caption":"petit arrosoir"},{"@type":["WebPage","ItemPage"],"@id":"https:\/\/nationalstore.be\/fr\/produit\/le-petit-arrosoir-la-gadoue#webpage","url":"https:\/\/nationalstore.be\/fr\/produit\/le-petit-arrosoir-la-gadoue","name":"Le Petit Arrosoir La Gadoue | E-shop artistes belges","isPartOf":{"@id":"https:\/\/nationalstore.be\/fr#website"},"primaryImageOfPage":{"@id":"https:\/\/nationalstore.be\/fr\/produit\/le-petit-arrosoir-la-gadoue#primaryimage"},"datePublished":"2021-05-06T05:50:27+00:00","dateModified":"2021-08-18T09:22:18+00:00","description":"Acheter un produit comme Le Petit Arrosoir La Gadoue? Laissez vous surprendre par nos artistes belges sp\u00e9cialis\u00e9s en produits artisanaux!","breadcrumb":{"@id":"https:\/\/nationalstore.be\/fr\/produit\/le-petit-arrosoir-la-gadoue#breadcrumb"},"inLanguage":"fr-FR","potentialAction":[{"@type":"ReadAction","target":["https:\/\/nationalstore.be\/fr\/produit\/le-petit-arrosoir-la-gadoue"]}]},{"@type":"BreadcrumbList","@id":"https:\/\/nationalstore.be\/fr\/produit\/le-petit-arrosoir-la-gadoue#breadcrumb","itemListElement":[{"@type":"ListItem","position":1,"name":"Home","item":"https:\/\/nationalstore.be\/fr"},{"@type":"ListItem","position":2,"name":"Produits","item":"https:\/\/nationalstore.be\/fr\/shop"},{"@type":"ListItem","position":3,"name":"Subcategories","item":"https:\/\/nationalstore.be\/fr\/pc\/subcategories-fr"},{"@type":"ListItem","position":4,"name":"Notre s\u00e9lection \u00e0 voir au Contemporary Design Market en ligne et \u00e0 Tour &amp; Taxis !","item":"https:\/\/nationalstore.be\/fr\/pc\/subcategories-fr\/notre-selection-a-voir-au-contemporary-design-market-en-ligne-et-a-tour-taxis"},{"@type":"ListItem","position":5,"name":"Le Petit Arrosoir La Gadoue"}]}]}},"_links":{"self":[{"href":"https:\/\/nationalstore.be\/fr\/wp-json\/wp\/v2\/product\/18897"}],"collection":[{"href":"https:\/\/nationalstore.be\/fr\/wp-json\/wp\/v2\/product"}],"about":[{"href":"https:\/\/nationalstore.be\/fr\/wp-json\/wp\/v2\/types\/product"}],"wp:featuredmedia":[{"embeddable":true,"href":"https:\/\/nationalstore.be\/fr\/wp-json\/wp\/v2\/media\/18894"}],"wp:attachment":[{"href":"https:\/\/nationalstore.be\/fr\/wp-json\/wp\/v2\/media?parent=18897"}],"wp:term":[{"taxonomy":"product_cat","embeddable":true,"href":"https:\/\/nationalstore.be\/fr\/wp-json\/wp\/v2\/product_cat?post=18897"},{"taxonomy":"product_tag","embeddable":true,"href":"https:\/\/nationalstore.be\/fr\/wp-json\/wp\/v2\/product_tag?post=18897"}],"curies":[{"name":"wp","href":"https:\/\/api.w.org\/{rel}","templated":true}]}}