{"id":18286,"date":"2021-03-25T12:46:24","date_gmt":"2021-03-25T11:43:45","guid":{"rendered":"https:\/\/nationalstore.be\/?post_type=product&#038;p=18286"},"modified":"2026-04-07T13:29:09","modified_gmt":"2026-04-07T11:29:09","slug":"representing-the-work-matt-mullican","status":"archived","type":"product","link":"https:\/\/nationalstore.be\/fr\/produit\/representing-the-work-matt-mullican","title":{"rendered":"Representing the Work \u2013 Matt Mullican"},"content":{"rendered":"<p>_____<\/p>\n<p>Design : Studio Luc Derycke<\/p>\n<p>Pages : 112<\/p>\n<p>Couverture rigide<\/p>\n<p>Ce catalogue a \u00e9t\u00e9 publi\u00e9 \u00e0 l&#8217;occasion de l&#8217;exposition &#8216;Matt Mullican. Representing the Work&#8217; au MAC&#8217;s Grand Hornu, 16.02-18.10.2020.<\/p>\n","protected":false},"excerpt":{"rendered":"<p>Au milieu des ann\u00e9es 1970, Matt Mullican a d\u00e9velopp\u00e9 un langage artistique unique bas\u00e9 sur des pictogrammes, des diagrammes et des mod\u00e8les cosmologiques. En r\u00e9action \u00e0 l&#8217;art conceptuel, ce retour \u00e0 l&#8217;image fait de l&#8217;artiste am\u00e9ricain l&#8217;un des repr\u00e9sentants de la Picture Generation.<\/p>\n<p>Aux c\u00f4t\u00e9s de ces symboles pos\u00e9s sur des supports vari\u00e9s (draps, livres, vitraux, etc.), ses performances sous hypnose donnent \u00e0 voir cette personne, une figure humaine embl\u00e9matique, voire caricaturale. En 2018, Matt Mullican a cr\u00e9\u00e9 representing the work, une installation mosa\u00efque de 64 illustrations iconographiques qui cataloguent les principaux chapitres de son \u0153uvre.<\/p>\n","protected":false},"featured_media":18283,"template":"","meta":[],"product_cat":[2009,1787,525,1909],"product_tag":[825,3543],"yoast_head":"<!-- This site is optimized with the Yoast SEO plugin v19.1 - https:\/\/yoast.com\/wordpress\/plugins\/seo\/ -->\n<title>Representing the Work \u2013 Matt Mullican | E-shop artistes belges<\/title>\n<meta name=\"description\" content=\"Acheter un produit comme Representing the Work \u2013 Matt Mullican? Laissez vous surprendre par nos artistes belges sp\u00e9cialis\u00e9s en produits artisanaux!\" \/>\n<meta name=\"robots\" content=\"index, follow, max-snippet:-1, max-image-preview:large, max-video-preview:-1\" \/>\n<link rel=\"canonical\" href=\"https:\/\/nationalstore.be\/fr\/produit\/representing-the-work-matt-mullican\" \/>\n<meta property=\"og:locale\" content=\"fr_FR\" \/>\n<meta property=\"og:type\" content=\"article\" \/>\n<meta property=\"og:title\" content=\"Representing the Work \u2013 Matt Mullican | E-shop artistes belges\" \/>\n<meta property=\"og:description\" content=\"Acheter un produit comme Representing the Work \u2013 Matt Mullican? Laissez vous surprendre par nos artistes belges sp\u00e9cialis\u00e9s en produits artisanaux!\" \/>\n<meta property=\"og:url\" content=\"https:\/\/nationalstore.be\/fr\/produit\/representing-the-work-matt-mullican\" \/>\n<meta property=\"og:site_name\" content=\"NATIONA(A)L ARTIST SUPERMARKET\" \/>\n<meta property=\"article:publisher\" content=\"https:\/\/www.facebook.com\/nationalstore\/?ref=br_rs\" \/>\n<meta property=\"article:modified_time\" content=\"2026-04-07T11:29:09+00:00\" \/>\n<meta property=\"og:image\" content=\"https:\/\/nationalstore.be\/wp-content\/uploads\/2021\/03\/2020_MATT-MULLICAN-REPRESENTING-FRONT-scaled.jpeg\" \/>\n\t<meta property=\"og:image:width\" content=\"2250\" \/>\n\t<meta property=\"og:image:height\" content=\"2560\" \/>\n\t<meta property=\"og:image:type\" content=\"image\/jpeg\" \/>\n<meta name=\"twitter:card\" content=\"summary_large_image\" \/>\n<meta name=\"twitter:site\" content=\"@Nationalstore\" \/>\n<script type=\"application\/ld+json\" class=\"yoast-schema-graph\">{\"@context\":\"https:\/\/schema.org\",\"@graph\":[{\"@type\":\"Organization\",\"@id\":\"https:\/\/nationalstore.be\/fr#organization\",\"name\":\"NATIONA(A)L ARTIST MARKET\",\"url\":\"https:\/\/nationalstore.be\/fr\",\"sameAs\":[\"https:\/\/www.instagram.com\/nationalstore\/\",\"https:\/\/www.facebook.com\/nationalstore\/?ref=br_rs\",\"https:\/\/twitter.com\/Nationalstore\"],\"logo\":{\"@type\":\"ImageObject\",\"inLanguage\":\"fr-FR\",\"@id\":\"https:\/\/nationalstore.be\/fr#\/schema\/logo\/image\/\",\"url\":\"https:\/\/nationalstore.be\/wp-content\/uploads\/2024\/03\/nationaal-logo_mauve-cmjn.png\",\"contentUrl\":\"https:\/\/nationalstore.be\/wp-content\/uploads\/2024\/03\/nationaal-logo_mauve-cmjn.png\",\"width\":3475,\"height\":1352,\"caption\":\"NATIONA(A)L ARTIST MARKET\"},\"image\":{\"@id\":\"https:\/\/nationalstore.be\/fr#\/schema\/logo\/image\/\"}},{\"@type\":\"WebSite\",\"@id\":\"https:\/\/nationalstore.be\/fr#website\",\"url\":\"https:\/\/nationalstore.be\/fr\",\"name\":\"NATIONA(A)L ARTIST SUPERMARKET\",\"description\":\"\",\"publisher\":{\"@id\":\"https:\/\/nationalstore.be\/fr#organization\"},\"potentialAction\":[{\"@type\":\"SearchAction\",\"target\":{\"@type\":\"EntryPoint\",\"urlTemplate\":\"https:\/\/nationalstore.be\/fr?s={search_term_string}\"},\"query-input\":\"required name=search_term_string\"}],\"inLanguage\":\"fr-FR\"},{\"@type\":\"ImageObject\",\"inLanguage\":\"fr-FR\",\"@id\":\"https:\/\/nationalstore.be\/fr\/produit\/representing-the-work-matt-mullican#primaryimage\",\"url\":\"https:\/\/nationalstore.be\/wp-content\/uploads\/2021\/03\/2020_MATT-MULLICAN-REPRESENTING-FRONT-scaled.jpeg\",\"contentUrl\":\"https:\/\/nationalstore.be\/wp-content\/uploads\/2021\/03\/2020_MATT-MULLICAN-REPRESENTING-FRONT-scaled.jpeg\",\"width\":2250,\"height\":2560,\"caption\":\"cover matt mullican\"},{\"@type\":[\"WebPage\",\"ItemPage\"],\"@id\":\"https:\/\/nationalstore.be\/fr\/produit\/representing-the-work-matt-mullican#webpage\",\"url\":\"https:\/\/nationalstore.be\/fr\/produit\/representing-the-work-matt-mullican\",\"name\":\"Representing the Work \u2013 Matt Mullican | E-shop artistes belges\",\"isPartOf\":{\"@id\":\"https:\/\/nationalstore.be\/fr#website\"},\"primaryImageOfPage\":{\"@id\":\"https:\/\/nationalstore.be\/fr\/produit\/representing-the-work-matt-mullican#primaryimage\"},\"datePublished\":\"2021-03-25T11:43:45+00:00\",\"dateModified\":\"2026-04-07T11:29:09+00:00\",\"description\":\"Acheter un produit comme Representing the Work \u2013 Matt Mullican? Laissez vous surprendre par nos artistes belges sp\u00e9cialis\u00e9s en produits artisanaux!\",\"breadcrumb\":{\"@id\":\"https:\/\/nationalstore.be\/fr\/produit\/representing-the-work-matt-mullican#breadcrumb\"},\"inLanguage\":\"fr-FR\",\"potentialAction\":[{\"@type\":\"ReadAction\",\"target\":[\"https:\/\/nationalstore.be\/fr\/produit\/representing-the-work-matt-mullican\"]}]},{\"@type\":\"BreadcrumbList\",\"@id\":\"https:\/\/nationalstore.be\/fr\/produit\/representing-the-work-matt-mullican#breadcrumb\",\"itemListElement\":[{\"@type\":\"ListItem\",\"position\":1,\"name\":\"Home\",\"item\":\"https:\/\/nationalstore.be\/fr\"},{\"@type\":\"ListItem\",\"position\":2,\"name\":\"Produits\",\"item\":\"https:\/\/nationalstore.be\/fr\/shop\"},{\"@type\":\"ListItem\",\"position\":3,\"name\":\"Subcategories\",\"item\":\"https:\/\/nationalstore.be\/fr\/pc\/subcategories-fr\"},{\"@type\":\"ListItem\",\"position\":4,\"name\":\"Ch\u00e9rissez votre amour les artistes pour la Saint-Valentin\",\"item\":\"https:\/\/nationalstore.be\/fr\/pc\/subcategories-fr\/cherissez-votre-amour-les-artistes-pour-la-saint-valentin\"},{\"@type\":\"ListItem\",\"position\":5,\"name\":\"Representing the Work \u2013 Matt Mullican\"}]}]}<\/script>\n<!-- \/ Yoast SEO plugin. -->","yoast_head_json":{"title":"Representing the Work \u2013 Matt Mullican | E-shop artistes belges","description":"Acheter un produit comme Representing the Work \u2013 Matt Mullican? Laissez vous surprendre par nos artistes belges sp\u00e9cialis\u00e9s en produits artisanaux!","robots":{"index":"index","follow":"follow","max-snippet":"max-snippet:-1","max-image-preview":"max-image-preview:large","max-video-preview":"max-video-preview:-1"},"canonical":"https:\/\/nationalstore.be\/fr\/produit\/representing-the-work-matt-mullican","og_locale":"fr_FR","og_type":"article","og_title":"Representing the Work \u2013 Matt Mullican | E-shop artistes belges","og_description":"Acheter un produit comme Representing the Work \u2013 Matt Mullican? Laissez vous surprendre par nos artistes belges sp\u00e9cialis\u00e9s en produits artisanaux!","og_url":"https:\/\/nationalstore.be\/fr\/produit\/representing-the-work-matt-mullican","og_site_name":"NATIONA(A)L ARTIST SUPERMARKET","article_publisher":"https:\/\/www.facebook.com\/nationalstore\/?ref=br_rs","article_modified_time":"2026-04-07T11:29:09+00:00","og_image":[{"width":2250,"height":2560,"url":"https:\/\/nationalstore.be\/wp-content\/uploads\/2021\/03\/2020_MATT-MULLICAN-REPRESENTING-FRONT-scaled.jpeg","type":"image\/jpeg"}],"twitter_card":"summary_large_image","twitter_site":"@Nationalstore","schema":{"@context":"https:\/\/schema.org","@graph":[{"@type":"Organization","@id":"https:\/\/nationalstore.be\/fr#organization","name":"NATIONA(A)L ARTIST MARKET","url":"https:\/\/nationalstore.be\/fr","sameAs":["https:\/\/www.instagram.com\/nationalstore\/","https:\/\/www.facebook.com\/nationalstore\/?ref=br_rs","https:\/\/twitter.com\/Nationalstore"],"logo":{"@type":"ImageObject","inLanguage":"fr-FR","@id":"https:\/\/nationalstore.be\/fr#\/schema\/logo\/image\/","url":"https:\/\/nationalstore.be\/wp-content\/uploads\/2024\/03\/nationaal-logo_mauve-cmjn.png","contentUrl":"https:\/\/nationalstore.be\/wp-content\/uploads\/2024\/03\/nationaal-logo_mauve-cmjn.png","width":3475,"height":1352,"caption":"NATIONA(A)L ARTIST MARKET"},"image":{"@id":"https:\/\/nationalstore.be\/fr#\/schema\/logo\/image\/"}},{"@type":"WebSite","@id":"https:\/\/nationalstore.be\/fr#website","url":"https:\/\/nationalstore.be\/fr","name":"NATIONA(A)L ARTIST SUPERMARKET","description":"","publisher":{"@id":"https:\/\/nationalstore.be\/fr#organization"},"potentialAction":[{"@type":"SearchAction","target":{"@type":"EntryPoint","urlTemplate":"https:\/\/nationalstore.be\/fr?s={search_term_string}"},"query-input":"required name=search_term_string"}],"inLanguage":"fr-FR"},{"@type":"ImageObject","inLanguage":"fr-FR","@id":"https:\/\/nationalstore.be\/fr\/produit\/representing-the-work-matt-mullican#primaryimage","url":"https:\/\/nationalstore.be\/wp-content\/uploads\/2021\/03\/2020_MATT-MULLICAN-REPRESENTING-FRONT-scaled.jpeg","contentUrl":"https:\/\/nationalstore.be\/wp-content\/uploads\/2021\/03\/2020_MATT-MULLICAN-REPRESENTING-FRONT-scaled.jpeg","width":2250,"height":2560,"caption":"cover matt mullican"},{"@type":["WebPage","ItemPage"],"@id":"https:\/\/nationalstore.be\/fr\/produit\/representing-the-work-matt-mullican#webpage","url":"https:\/\/nationalstore.be\/fr\/produit\/representing-the-work-matt-mullican","name":"Representing the Work \u2013 Matt Mullican | E-shop artistes belges","isPartOf":{"@id":"https:\/\/nationalstore.be\/fr#website"},"primaryImageOfPage":{"@id":"https:\/\/nationalstore.be\/fr\/produit\/representing-the-work-matt-mullican#primaryimage"},"datePublished":"2021-03-25T11:43:45+00:00","dateModified":"2026-04-07T11:29:09+00:00","description":"Acheter un produit comme Representing the Work \u2013 Matt Mullican? Laissez vous surprendre par nos artistes belges sp\u00e9cialis\u00e9s en produits artisanaux!","breadcrumb":{"@id":"https:\/\/nationalstore.be\/fr\/produit\/representing-the-work-matt-mullican#breadcrumb"},"inLanguage":"fr-FR","potentialAction":[{"@type":"ReadAction","target":["https:\/\/nationalstore.be\/fr\/produit\/representing-the-work-matt-mullican"]}]},{"@type":"BreadcrumbList","@id":"https:\/\/nationalstore.be\/fr\/produit\/representing-the-work-matt-mullican#breadcrumb","itemListElement":[{"@type":"ListItem","position":1,"name":"Home","item":"https:\/\/nationalstore.be\/fr"},{"@type":"ListItem","position":2,"name":"Produits","item":"https:\/\/nationalstore.be\/fr\/shop"},{"@type":"ListItem","position":3,"name":"Subcategories","item":"https:\/\/nationalstore.be\/fr\/pc\/subcategories-fr"},{"@type":"ListItem","position":4,"name":"Ch\u00e9rissez votre amour les artistes pour la Saint-Valentin","item":"https:\/\/nationalstore.be\/fr\/pc\/subcategories-fr\/cherissez-votre-amour-les-artistes-pour-la-saint-valentin"},{"@type":"ListItem","position":5,"name":"Representing the Work \u2013 Matt Mullican"}]}]}},"_links":{"self":[{"href":"https:\/\/nationalstore.be\/fr\/wp-json\/wp\/v2\/product\/18286"}],"collection":[{"href":"https:\/\/nationalstore.be\/fr\/wp-json\/wp\/v2\/product"}],"about":[{"href":"https:\/\/nationalstore.be\/fr\/wp-json\/wp\/v2\/types\/product"}],"wp:featuredmedia":[{"embeddable":true,"href":"https:\/\/nationalstore.be\/fr\/wp-json\/wp\/v2\/media\/18283"}],"wp:attachment":[{"href":"https:\/\/nationalstore.be\/fr\/wp-json\/wp\/v2\/media?parent=18286"}],"wp:term":[{"taxonomy":"product_cat","embeddable":true,"href":"https:\/\/nationalstore.be\/fr\/wp-json\/wp\/v2\/product_cat?post=18286"},{"taxonomy":"product_tag","embeddable":true,"href":"https:\/\/nationalstore.be\/fr\/wp-json\/wp\/v2\/product_tag?post=18286"}],"curies":[{"name":"wp","href":"https:\/\/api.w.org\/{rel}","templated":true}]}}