{"id":18220,"date":"2021-03-25T11:39:52","date_gmt":"2021-03-25T09:44:32","guid":{"rendered":"https:\/\/nationalstore.be\/?post_type=product&#038;p=18220"},"modified":"2026-04-07T13:29:09","modified_gmt":"2026-04-07T11:29:09","slug":"love-forever","status":"archived","type":"product","link":"https:\/\/nationalstore.be\/fr\/produit\/love-forever","title":{"rendered":"Love Forever"},"content":{"rendered":"<p>___<\/p>\n<p>Histoire par Harrie Verstappen<\/p>\n<p>Conception par Tijs Visser en collaboration avec Luc Derycke<\/p>\n<p>Photographies de Raoul van den Boom et Harrie Verstappen<\/p>\n<p>128 pages<\/p>\n<p>Langue : ANGLAIS<\/p>\n<p>___<\/p>\n<p>Harrie Verstappen (Cura\u00e7ao, 1940) a v\u00e9cu aux Pays-Bas de 1954 \u00e0 1978, date \u00e0 laquelle il est retourn\u00e9 \u00e0 Cura\u00e7ao. Il a travaill\u00e9 pour diverses soci\u00e9t\u00e9s de photographie aux Pays-Bas et a commenc\u00e9 \u00e0 distribuer des films japonais. Plus tard, il a publi\u00e9 des photographies dans pratiquement tous les journaux et magazines n\u00e9erlandais et dans de nombreuses publications internationales.<\/p>\n<p>Il a photographi\u00e9 des groupes de rock, comme Golden Earring, The Kinks et Frank Zappa, a travaill\u00e9 comme ing\u00e9nieur du son pour la t\u00e9l\u00e9vision n\u00e9erlandaise (1968-1970) et comme photographe de plateau dans la production de longs m\u00e9trages \u00e0 partir de 1969.<\/p>\n<p>Il a \u00e9galement \u00e9crit des sc\u00e9narios et r\u00e9alis\u00e9 plusieurs films. R\u00e9cemment, il a transf\u00e9r\u00e9 des op\u00e9ras \u00e0 l&#8217;\u00e8re num\u00e9rique et travaille \u00e0 une simulation en r\u00e9alit\u00e9 virtuelle de l&#8217;\u00eele de Cura\u00e7ao, lors de sa d\u00e9couverte et plus tard.\u00a0 Il a \u00e9galement \u00e9t\u00e9 directeur du festival Fotomatiko del Caribe.<\/p>\n","protected":false},"excerpt":{"rendered":"<p>Cette publication offre la toute premi\u00e8re vue d&#8217;ensemble des premi\u00e8res activit\u00e9s performatives de Kusama. Son travail des ann\u00e9es 60, lorsqu&#8217;elle travaillait \u00e0 New York, est r\u00e9guli\u00e8rement pr\u00e9sent\u00e9 dans des expositions \u00e0 travers le monde. Cependant, on ignorait jusqu&#8217;\u00e0 pr\u00e9sent qu&#8217;une grande partie de son travail provenait des Pays-Bas, d&#8217;Allemagne et de Belgique et \u00e9tait principalement document\u00e9 par des photographes n\u00e9erlandais et belges. Kusama, qui vivait alors \u00e0 Amsterdam, r\u00e9alisait r\u00e9guli\u00e8rement des actions uniques pour leurs appareils photo : nue et peinte de points, habill\u00e9e de sa propre &#8220;mode&#8221;, dans les rues et les sex-shops, ou simplement dans la nature n\u00e9erlandaise. Depuis 2005, l&#8217;Institut 0 collecte des archives avec une \u00e9quipe d&#8217;historiens de l&#8217;art et m\u00e8ne des entretiens avec des t\u00e9moins oculaires, notamment des artistes, des amis et des organisateurs. Les r\u00e9centes d\u00e9couvertes de photos in\u00e9dites provenant d&#8217;archives oubli\u00e9es ont conduit \u00e0 l&#8217;\u00e9laboration de cette publication qui jette un \u00e9clairage diff\u00e9rent sur les activit\u00e9s artistiques de Kusama, qui sont si color\u00e9es et ne peuvent \u00eatre contenues dans une seule rubrique.<\/p>\n","protected":false},"featured_media":18212,"template":"","meta":[],"product_cat":[1361,2786,2009,1787,525,3342,1909],"product_tag":[3017,825,3246,3543],"yoast_head":"<!-- This site is optimized with the Yoast SEO plugin v19.1 - https:\/\/yoast.com\/wordpress\/plugins\/seo\/ -->\n<title>Love Forever | E-shop artistes belges<\/title>\n<meta name=\"description\" content=\"Acheter un produit comme Love Forever? Laissez vous surprendre par nos artistes belges sp\u00e9cialis\u00e9s en produits artisanaux!\" \/>\n<meta name=\"robots\" content=\"index, follow, max-snippet:-1, max-image-preview:large, max-video-preview:-1\" \/>\n<link rel=\"canonical\" href=\"https:\/\/nationalstore.be\/fr\/produit\/love-forever\" \/>\n<meta property=\"og:locale\" content=\"fr_FR\" \/>\n<meta property=\"og:type\" content=\"article\" \/>\n<meta property=\"og:title\" content=\"Love Forever | E-shop artistes belges\" \/>\n<meta property=\"og:description\" content=\"Acheter un produit comme Love Forever? Laissez vous surprendre par nos artistes belges sp\u00e9cialis\u00e9s en produits artisanaux!\" \/>\n<meta property=\"og:url\" content=\"https:\/\/nationalstore.be\/fr\/produit\/love-forever\" \/>\n<meta property=\"og:site_name\" content=\"NATIONA(A)L ARTIST SUPERMARKET\" \/>\n<meta property=\"article:publisher\" content=\"https:\/\/www.facebook.com\/nationalstore\/?ref=br_rs\" \/>\n<meta property=\"article:modified_time\" content=\"2026-04-07T11:29:09+00:00\" \/>\n<meta property=\"og:image\" content=\"https:\/\/nationalstore.be\/wp-content\/uploads\/2021\/03\/KUSAMA_1500PX.jpeg\" \/>\n\t<meta property=\"og:image:width\" content=\"1500\" \/>\n\t<meta property=\"og:image:height\" content=\"2250\" \/>\n\t<meta property=\"og:image:type\" content=\"image\/jpeg\" \/>\n<meta name=\"twitter:card\" content=\"summary_large_image\" \/>\n<meta name=\"twitter:site\" content=\"@Nationalstore\" \/>\n<meta name=\"twitter:label1\" content=\"Dur\u00e9e de lecture estim\u00e9e\" \/>\n\t<meta name=\"twitter:data1\" content=\"1 minute\" \/>\n<script type=\"application\/ld+json\" class=\"yoast-schema-graph\">{\"@context\":\"https:\/\/schema.org\",\"@graph\":[{\"@type\":\"Organization\",\"@id\":\"https:\/\/nationalstore.be\/fr#organization\",\"name\":\"NATIONA(A)L ARTIST MARKET\",\"url\":\"https:\/\/nationalstore.be\/fr\",\"sameAs\":[\"https:\/\/www.instagram.com\/nationalstore\/\",\"https:\/\/www.facebook.com\/nationalstore\/?ref=br_rs\",\"https:\/\/twitter.com\/Nationalstore\"],\"logo\":{\"@type\":\"ImageObject\",\"inLanguage\":\"fr-FR\",\"@id\":\"https:\/\/nationalstore.be\/fr#\/schema\/logo\/image\/\",\"url\":\"https:\/\/nationalstore.be\/wp-content\/uploads\/2024\/03\/nationaal-logo_mauve-cmjn.png\",\"contentUrl\":\"https:\/\/nationalstore.be\/wp-content\/uploads\/2024\/03\/nationaal-logo_mauve-cmjn.png\",\"width\":3475,\"height\":1352,\"caption\":\"NATIONA(A)L ARTIST MARKET\"},\"image\":{\"@id\":\"https:\/\/nationalstore.be\/fr#\/schema\/logo\/image\/\"}},{\"@type\":\"WebSite\",\"@id\":\"https:\/\/nationalstore.be\/fr#website\",\"url\":\"https:\/\/nationalstore.be\/fr\",\"name\":\"NATIONA(A)L ARTIST SUPERMARKET\",\"description\":\"\",\"publisher\":{\"@id\":\"https:\/\/nationalstore.be\/fr#organization\"},\"potentialAction\":[{\"@type\":\"SearchAction\",\"target\":{\"@type\":\"EntryPoint\",\"urlTemplate\":\"https:\/\/nationalstore.be\/fr?s={search_term_string}\"},\"query-input\":\"required name=search_term_string\"}],\"inLanguage\":\"fr-FR\"},{\"@type\":\"ImageObject\",\"inLanguage\":\"fr-FR\",\"@id\":\"https:\/\/nationalstore.be\/fr\/produit\/love-forever#primaryimage\",\"url\":\"https:\/\/nationalstore.be\/wp-content\/uploads\/2021\/03\/KUSAMA_1500PX.jpeg\",\"contentUrl\":\"https:\/\/nationalstore.be\/wp-content\/uploads\/2021\/03\/KUSAMA_1500PX.jpeg\",\"width\":1500,\"height\":2250,\"caption\":\"cover kusama\"},{\"@type\":[\"WebPage\",\"ItemPage\"],\"@id\":\"https:\/\/nationalstore.be\/fr\/produit\/love-forever#webpage\",\"url\":\"https:\/\/nationalstore.be\/fr\/produit\/love-forever\",\"name\":\"Love Forever | E-shop artistes belges\",\"isPartOf\":{\"@id\":\"https:\/\/nationalstore.be\/fr#website\"},\"primaryImageOfPage\":{\"@id\":\"https:\/\/nationalstore.be\/fr\/produit\/love-forever#primaryimage\"},\"datePublished\":\"2021-03-25T09:44:32+00:00\",\"dateModified\":\"2026-04-07T11:29:09+00:00\",\"description\":\"Acheter un produit comme Love Forever? Laissez vous surprendre par nos artistes belges sp\u00e9cialis\u00e9s en produits artisanaux!\",\"breadcrumb\":{\"@id\":\"https:\/\/nationalstore.be\/fr\/produit\/love-forever#breadcrumb\"},\"inLanguage\":\"fr-FR\",\"potentialAction\":[{\"@type\":\"ReadAction\",\"target\":[\"https:\/\/nationalstore.be\/fr\/produit\/love-forever\"]}]},{\"@type\":\"BreadcrumbList\",\"@id\":\"https:\/\/nationalstore.be\/fr\/produit\/love-forever#breadcrumb\",\"itemListElement\":[{\"@type\":\"ListItem\",\"position\":1,\"name\":\"Home\",\"item\":\"https:\/\/nationalstore.be\/fr\"},{\"@type\":\"ListItem\",\"position\":2,\"name\":\"Produits\",\"item\":\"https:\/\/nationalstore.be\/fr\/shop\"},{\"@type\":\"ListItem\",\"position\":3,\"name\":\"Livres &amp; Illustrations\",\"item\":\"https:\/\/nationalstore.be\/fr\/pc\/livres-illustrations\"},{\"@type\":\"ListItem\",\"position\":4,\"name\":\"Love Forever\"}]}]}<\/script>\n<!-- \/ Yoast SEO plugin. -->","yoast_head_json":{"title":"Love Forever | E-shop artistes belges","description":"Acheter un produit comme Love Forever? Laissez vous surprendre par nos artistes belges sp\u00e9cialis\u00e9s en produits artisanaux!","robots":{"index":"index","follow":"follow","max-snippet":"max-snippet:-1","max-image-preview":"max-image-preview:large","max-video-preview":"max-video-preview:-1"},"canonical":"https:\/\/nationalstore.be\/fr\/produit\/love-forever","og_locale":"fr_FR","og_type":"article","og_title":"Love Forever | E-shop artistes belges","og_description":"Acheter un produit comme Love Forever? Laissez vous surprendre par nos artistes belges sp\u00e9cialis\u00e9s en produits artisanaux!","og_url":"https:\/\/nationalstore.be\/fr\/produit\/love-forever","og_site_name":"NATIONA(A)L ARTIST SUPERMARKET","article_publisher":"https:\/\/www.facebook.com\/nationalstore\/?ref=br_rs","article_modified_time":"2026-04-07T11:29:09+00:00","og_image":[{"width":1500,"height":2250,"url":"https:\/\/nationalstore.be\/wp-content\/uploads\/2021\/03\/KUSAMA_1500PX.jpeg","type":"image\/jpeg"}],"twitter_card":"summary_large_image","twitter_site":"@Nationalstore","twitter_misc":{"Dur\u00e9e de lecture estim\u00e9e":"1 minute"},"schema":{"@context":"https:\/\/schema.org","@graph":[{"@type":"Organization","@id":"https:\/\/nationalstore.be\/fr#organization","name":"NATIONA(A)L ARTIST MARKET","url":"https:\/\/nationalstore.be\/fr","sameAs":["https:\/\/www.instagram.com\/nationalstore\/","https:\/\/www.facebook.com\/nationalstore\/?ref=br_rs","https:\/\/twitter.com\/Nationalstore"],"logo":{"@type":"ImageObject","inLanguage":"fr-FR","@id":"https:\/\/nationalstore.be\/fr#\/schema\/logo\/image\/","url":"https:\/\/nationalstore.be\/wp-content\/uploads\/2024\/03\/nationaal-logo_mauve-cmjn.png","contentUrl":"https:\/\/nationalstore.be\/wp-content\/uploads\/2024\/03\/nationaal-logo_mauve-cmjn.png","width":3475,"height":1352,"caption":"NATIONA(A)L ARTIST MARKET"},"image":{"@id":"https:\/\/nationalstore.be\/fr#\/schema\/logo\/image\/"}},{"@type":"WebSite","@id":"https:\/\/nationalstore.be\/fr#website","url":"https:\/\/nationalstore.be\/fr","name":"NATIONA(A)L ARTIST SUPERMARKET","description":"","publisher":{"@id":"https:\/\/nationalstore.be\/fr#organization"},"potentialAction":[{"@type":"SearchAction","target":{"@type":"EntryPoint","urlTemplate":"https:\/\/nationalstore.be\/fr?s={search_term_string}"},"query-input":"required name=search_term_string"}],"inLanguage":"fr-FR"},{"@type":"ImageObject","inLanguage":"fr-FR","@id":"https:\/\/nationalstore.be\/fr\/produit\/love-forever#primaryimage","url":"https:\/\/nationalstore.be\/wp-content\/uploads\/2021\/03\/KUSAMA_1500PX.jpeg","contentUrl":"https:\/\/nationalstore.be\/wp-content\/uploads\/2021\/03\/KUSAMA_1500PX.jpeg","width":1500,"height":2250,"caption":"cover kusama"},{"@type":["WebPage","ItemPage"],"@id":"https:\/\/nationalstore.be\/fr\/produit\/love-forever#webpage","url":"https:\/\/nationalstore.be\/fr\/produit\/love-forever","name":"Love Forever | E-shop artistes belges","isPartOf":{"@id":"https:\/\/nationalstore.be\/fr#website"},"primaryImageOfPage":{"@id":"https:\/\/nationalstore.be\/fr\/produit\/love-forever#primaryimage"},"datePublished":"2021-03-25T09:44:32+00:00","dateModified":"2026-04-07T11:29:09+00:00","description":"Acheter un produit comme Love Forever? Laissez vous surprendre par nos artistes belges sp\u00e9cialis\u00e9s en produits artisanaux!","breadcrumb":{"@id":"https:\/\/nationalstore.be\/fr\/produit\/love-forever#breadcrumb"},"inLanguage":"fr-FR","potentialAction":[{"@type":"ReadAction","target":["https:\/\/nationalstore.be\/fr\/produit\/love-forever"]}]},{"@type":"BreadcrumbList","@id":"https:\/\/nationalstore.be\/fr\/produit\/love-forever#breadcrumb","itemListElement":[{"@type":"ListItem","position":1,"name":"Home","item":"https:\/\/nationalstore.be\/fr"},{"@type":"ListItem","position":2,"name":"Produits","item":"https:\/\/nationalstore.be\/fr\/shop"},{"@type":"ListItem","position":3,"name":"Livres &amp; Illustrations","item":"https:\/\/nationalstore.be\/fr\/pc\/livres-illustrations"},{"@type":"ListItem","position":4,"name":"Love Forever"}]}]}},"_links":{"self":[{"href":"https:\/\/nationalstore.be\/fr\/wp-json\/wp\/v2\/product\/18220"}],"collection":[{"href":"https:\/\/nationalstore.be\/fr\/wp-json\/wp\/v2\/product"}],"about":[{"href":"https:\/\/nationalstore.be\/fr\/wp-json\/wp\/v2\/types\/product"}],"wp:featuredmedia":[{"embeddable":true,"href":"https:\/\/nationalstore.be\/fr\/wp-json\/wp\/v2\/media\/18212"}],"wp:attachment":[{"href":"https:\/\/nationalstore.be\/fr\/wp-json\/wp\/v2\/media?parent=18220"}],"wp:term":[{"taxonomy":"product_cat","embeddable":true,"href":"https:\/\/nationalstore.be\/fr\/wp-json\/wp\/v2\/product_cat?post=18220"},{"taxonomy":"product_tag","embeddable":true,"href":"https:\/\/nationalstore.be\/fr\/wp-json\/wp\/v2\/product_tag?post=18220"}],"curies":[{"name":"wp","href":"https:\/\/api.w.org\/{rel}","templated":true}]}}