{"id":17797,"date":"2021-03-17T12:10:12","date_gmt":"2021-03-17T13:28:13","guid":{"rendered":"https:\/\/nationalstore.be\/?post_type=product&#038;p=17797"},"modified":"2021-03-19T11:48:21","modified_gmt":"2021-03-19T10:48:21","slug":"livre-vague-de-de-reve","status":"publish","type":"product","link":"https:\/\/nationalstore.be\/fr\/produit\/livre-vague-de-de-reve","title":{"rendered":"Livre Vague de de r\u00eave"},"content":{"rendered":"<p>Il \u00e9mane une fragilit\u00e9 singuli\u00e8re des images r\u00e9unies dans ce livre, elles semblent baigner dans un silence doux, presque silencieux. Nous plongeons dans un univers \u00e0 la fronti\u00e8re du r\u00eave et de la r\u00e9alit\u00e9, dans un dialogue entre une v\u00e9g\u00e9tation tant\u00f4t douce, tant\u00f4t piquante, et des portraits lointains emprunt\u00e9s \u00e0 une intense r\u00e9flexion int\u00e9rieure.\u00a0Ce n&#8217;est que subrepticement, par le bruissement des feuillages troubl\u00e9s par une pr\u00e9sence humaine malicieuse, ou par le pas lourd et lent, presque immobile, d&#8217;un crocodile errant seul sur la rive que nous sommes ramen\u00e9s \u00e0 la vie r\u00e9elle. Des morceaux ordinaires de la nature se transforment, \u00e0 travers les yeux du photographe, en particularit\u00e9s extraordinaires et remarquables. Pr\u00eater attention aux d\u00e9tails, d\u00e9tecter les moments magiques, telle est l&#8217;intention de Maria Baoli.<\/p>\n<p>Page apr\u00e8s page, elle nous entra\u00eene dans sa &#8220;vague de r\u00eave&#8221;, une sorte de va-et-vient o\u00f9 les parties du corps se prolongent par des instants de nature grandiose : des l\u00e8vres qui se m\u00e9tamorphosent en fleur \u00e0 la beaut\u00e9 suggestive, un ventre qui se d\u00e9chire en racines tortueuses. Les animaux n&#8217;\u00e9chappent pas \u00e0 la vague : le portrait d&#8217;un \u00e9l\u00e9phant majestueusement allong\u00e9 sur les dalles, entre ombre et lumi\u00e8re, succombe au plaisir du tuyau. Comble de la m\u00e9lancolie, sa trompe s&#8217;enroule sur elle-m\u00eame, comme le d\u00e9cor le plus rassurant de l&#8217;univers.<\/p>\n<p>Entour\u00e9 de vastes paysages offrant des moments de respiration \u00e0 ce r\u00e9seau de nature et de formes humaines, le livre associe la photographie couleur \u00e0 la photographie noir et blanc, au cyanotype et au collage. Toutes les images sont intemporelles, volontairement assembl\u00e9es par le photographe, marchant sur un tour d\u00e9licat de recherche domestique quant \u00e0 notre place dans le monde et notre relation \u00e0 la nature.<\/p>\n","protected":false},"excerpt":{"rendered":"<p>Ce livre de photographies interroge le langage partag\u00e9 entre l&#8217;Homme et son environnement. Quelle place pour lui ; quelle trace, laiss\u00e9e par lui, dans la nature ?\u00a0 Le livre se compose de photographies en couleur, noir et blanc, cyanotypes et haikus en fran\u00e7ais et en anglais.<\/p>\n<p>96 pages<\/p>\n<p>Format: 17&#215;20,5cm<\/p>\n","protected":false},"featured_media":17119,"template":"","meta":[],"product_cat":[2786,525,3382,2986],"product_tag":[3238,825,1154],"yoast_head":"<!-- This site is optimized with the Yoast SEO plugin v19.1 - https:\/\/yoast.com\/wordpress\/plugins\/seo\/ -->\n<title>Livre Vague de de r\u00eave | E-shop artistes belges<\/title>\n<meta name=\"description\" content=\"Acheter un produit comme Livre Vague de de r\u00eave? Laissez vous surprendre par nos artistes belges sp\u00e9cialis\u00e9s en produits artisanaux!\" \/>\n<meta name=\"robots\" content=\"index, follow, max-snippet:-1, max-image-preview:large, max-video-preview:-1\" \/>\n<link rel=\"canonical\" href=\"https:\/\/nationalstore.be\/fr\/produit\/livre-vague-de-de-reve\" \/>\n<meta property=\"og:locale\" content=\"fr_FR\" \/>\n<meta property=\"og:type\" content=\"article\" \/>\n<meta property=\"og:title\" content=\"Livre Vague de de r\u00eave | E-shop artistes belges\" \/>\n<meta property=\"og:description\" content=\"Acheter un produit comme Livre Vague de de r\u00eave? Laissez vous surprendre par nos artistes belges sp\u00e9cialis\u00e9s en produits artisanaux!\" \/>\n<meta property=\"og:url\" content=\"https:\/\/nationalstore.be\/fr\/produit\/livre-vague-de-de-reve\" \/>\n<meta property=\"og:site_name\" content=\"NATIONA(A)L ARTIST SUPERMARKET\" \/>\n<meta property=\"article:publisher\" content=\"https:\/\/www.facebook.com\/nationalstore\/?ref=br_rs\" \/>\n<meta property=\"article:modified_time\" content=\"2021-03-19T10:48:21+00:00\" \/>\n<meta property=\"og:image\" content=\"https:\/\/nationalstore.be\/wp-content\/uploads\/2021\/03\/wave-of-dream-photobook-maria-baoli.jpg\" \/>\n\t<meta property=\"og:image:width\" content=\"640\" \/>\n\t<meta property=\"og:image:height\" content=\"640\" \/>\n\t<meta property=\"og:image:type\" content=\"image\/jpeg\" \/>\n<meta name=\"twitter:card\" content=\"summary_large_image\" \/>\n<meta name=\"twitter:site\" content=\"@Nationalstore\" \/>\n<meta name=\"twitter:label1\" content=\"Dur\u00e9e de lecture estim\u00e9e\" \/>\n\t<meta name=\"twitter:data1\" content=\"2 minutes\" \/>\n<script type=\"application\/ld+json\" class=\"yoast-schema-graph\">{\"@context\":\"https:\/\/schema.org\",\"@graph\":[{\"@type\":\"Organization\",\"@id\":\"https:\/\/nationalstore.be\/fr#organization\",\"name\":\"NATIONA(A)L ARTIST MARKET\",\"url\":\"https:\/\/nationalstore.be\/fr\",\"sameAs\":[\"https:\/\/www.instagram.com\/nationalstore\/\",\"https:\/\/www.facebook.com\/nationalstore\/?ref=br_rs\",\"https:\/\/twitter.com\/Nationalstore\"],\"logo\":{\"@type\":\"ImageObject\",\"inLanguage\":\"fr-FR\",\"@id\":\"https:\/\/nationalstore.be\/fr#\/schema\/logo\/image\/\",\"url\":\"https:\/\/nationalstore.be\/wp-content\/uploads\/2024\/03\/nationaal-logo_mauve-cmjn.png\",\"contentUrl\":\"https:\/\/nationalstore.be\/wp-content\/uploads\/2024\/03\/nationaal-logo_mauve-cmjn.png\",\"width\":3475,\"height\":1352,\"caption\":\"NATIONA(A)L ARTIST MARKET\"},\"image\":{\"@id\":\"https:\/\/nationalstore.be\/fr#\/schema\/logo\/image\/\"}},{\"@type\":\"WebSite\",\"@id\":\"https:\/\/nationalstore.be\/fr#website\",\"url\":\"https:\/\/nationalstore.be\/fr\",\"name\":\"NATIONA(A)L ARTIST SUPERMARKET\",\"description\":\"\",\"publisher\":{\"@id\":\"https:\/\/nationalstore.be\/fr#organization\"},\"potentialAction\":[{\"@type\":\"SearchAction\",\"target\":{\"@type\":\"EntryPoint\",\"urlTemplate\":\"https:\/\/nationalstore.be\/fr?s={search_term_string}\"},\"query-input\":\"required name=search_term_string\"}],\"inLanguage\":\"fr-FR\"},{\"@type\":\"ImageObject\",\"inLanguage\":\"fr-FR\",\"@id\":\"https:\/\/nationalstore.be\/fr\/produit\/livre-vague-de-de-reve#primaryimage\",\"url\":\"https:\/\/nationalstore.be\/wp-content\/uploads\/2021\/03\/wave-of-dream-photobook-maria-baoli.jpg\",\"contentUrl\":\"https:\/\/nationalstore.be\/wp-content\/uploads\/2021\/03\/wave-of-dream-photobook-maria-baoli.jpg\",\"width\":640,\"height\":640,\"caption\":\"wave of dream photobook\"},{\"@type\":[\"WebPage\",\"ItemPage\"],\"@id\":\"https:\/\/nationalstore.be\/fr\/produit\/livre-vague-de-de-reve#webpage\",\"url\":\"https:\/\/nationalstore.be\/fr\/produit\/livre-vague-de-de-reve\",\"name\":\"Livre Vague de de r\u00eave | E-shop artistes belges\",\"isPartOf\":{\"@id\":\"https:\/\/nationalstore.be\/fr#website\"},\"primaryImageOfPage\":{\"@id\":\"https:\/\/nationalstore.be\/fr\/produit\/livre-vague-de-de-reve#primaryimage\"},\"datePublished\":\"2021-03-17T13:28:13+00:00\",\"dateModified\":\"2021-03-19T10:48:21+00:00\",\"description\":\"Acheter un produit comme Livre Vague de de r\u00eave? Laissez vous surprendre par nos artistes belges sp\u00e9cialis\u00e9s en produits artisanaux!\",\"breadcrumb\":{\"@id\":\"https:\/\/nationalstore.be\/fr\/produit\/livre-vague-de-de-reve#breadcrumb\"},\"inLanguage\":\"fr-FR\",\"potentialAction\":[{\"@type\":\"ReadAction\",\"target\":[\"https:\/\/nationalstore.be\/fr\/produit\/livre-vague-de-de-reve\"]}]},{\"@type\":\"BreadcrumbList\",\"@id\":\"https:\/\/nationalstore.be\/fr\/produit\/livre-vague-de-de-reve#breadcrumb\",\"itemListElement\":[{\"@type\":\"ListItem\",\"position\":1,\"name\":\"Home\",\"item\":\"https:\/\/nationalstore.be\/fr\"},{\"@type\":\"ListItem\",\"position\":2,\"name\":\"Produits\",\"item\":\"https:\/\/nationalstore.be\/fr\/shop\"},{\"@type\":\"ListItem\",\"position\":3,\"name\":\"Livres &amp; Illustrations\",\"item\":\"https:\/\/nationalstore.be\/fr\/pc\/livres-illustrations\"},{\"@type\":\"ListItem\",\"position\":4,\"name\":\"Art &amp; design\",\"item\":\"https:\/\/nationalstore.be\/fr\/pc\/livres-illustrations\/art-design-fr\"},{\"@type\":\"ListItem\",\"position\":5,\"name\":\"Livre Vague de de r\u00eave\"}]}]}<\/script>\n<!-- \/ Yoast SEO plugin. -->","yoast_head_json":{"title":"Livre Vague de de r\u00eave | E-shop artistes belges","description":"Acheter un produit comme Livre Vague de de r\u00eave? Laissez vous surprendre par nos artistes belges sp\u00e9cialis\u00e9s en produits artisanaux!","robots":{"index":"index","follow":"follow","max-snippet":"max-snippet:-1","max-image-preview":"max-image-preview:large","max-video-preview":"max-video-preview:-1"},"canonical":"https:\/\/nationalstore.be\/fr\/produit\/livre-vague-de-de-reve","og_locale":"fr_FR","og_type":"article","og_title":"Livre Vague de de r\u00eave | E-shop artistes belges","og_description":"Acheter un produit comme Livre Vague de de r\u00eave? Laissez vous surprendre par nos artistes belges sp\u00e9cialis\u00e9s en produits artisanaux!","og_url":"https:\/\/nationalstore.be\/fr\/produit\/livre-vague-de-de-reve","og_site_name":"NATIONA(A)L ARTIST SUPERMARKET","article_publisher":"https:\/\/www.facebook.com\/nationalstore\/?ref=br_rs","article_modified_time":"2021-03-19T10:48:21+00:00","og_image":[{"width":640,"height":640,"url":"https:\/\/nationalstore.be\/wp-content\/uploads\/2021\/03\/wave-of-dream-photobook-maria-baoli.jpg","type":"image\/jpeg"}],"twitter_card":"summary_large_image","twitter_site":"@Nationalstore","twitter_misc":{"Dur\u00e9e de lecture estim\u00e9e":"2 minutes"},"schema":{"@context":"https:\/\/schema.org","@graph":[{"@type":"Organization","@id":"https:\/\/nationalstore.be\/fr#organization","name":"NATIONA(A)L ARTIST MARKET","url":"https:\/\/nationalstore.be\/fr","sameAs":["https:\/\/www.instagram.com\/nationalstore\/","https:\/\/www.facebook.com\/nationalstore\/?ref=br_rs","https:\/\/twitter.com\/Nationalstore"],"logo":{"@type":"ImageObject","inLanguage":"fr-FR","@id":"https:\/\/nationalstore.be\/fr#\/schema\/logo\/image\/","url":"https:\/\/nationalstore.be\/wp-content\/uploads\/2024\/03\/nationaal-logo_mauve-cmjn.png","contentUrl":"https:\/\/nationalstore.be\/wp-content\/uploads\/2024\/03\/nationaal-logo_mauve-cmjn.png","width":3475,"height":1352,"caption":"NATIONA(A)L ARTIST MARKET"},"image":{"@id":"https:\/\/nationalstore.be\/fr#\/schema\/logo\/image\/"}},{"@type":"WebSite","@id":"https:\/\/nationalstore.be\/fr#website","url":"https:\/\/nationalstore.be\/fr","name":"NATIONA(A)L ARTIST SUPERMARKET","description":"","publisher":{"@id":"https:\/\/nationalstore.be\/fr#organization"},"potentialAction":[{"@type":"SearchAction","target":{"@type":"EntryPoint","urlTemplate":"https:\/\/nationalstore.be\/fr?s={search_term_string}"},"query-input":"required name=search_term_string"}],"inLanguage":"fr-FR"},{"@type":"ImageObject","inLanguage":"fr-FR","@id":"https:\/\/nationalstore.be\/fr\/produit\/livre-vague-de-de-reve#primaryimage","url":"https:\/\/nationalstore.be\/wp-content\/uploads\/2021\/03\/wave-of-dream-photobook-maria-baoli.jpg","contentUrl":"https:\/\/nationalstore.be\/wp-content\/uploads\/2021\/03\/wave-of-dream-photobook-maria-baoli.jpg","width":640,"height":640,"caption":"wave of dream photobook"},{"@type":["WebPage","ItemPage"],"@id":"https:\/\/nationalstore.be\/fr\/produit\/livre-vague-de-de-reve#webpage","url":"https:\/\/nationalstore.be\/fr\/produit\/livre-vague-de-de-reve","name":"Livre Vague de de r\u00eave | E-shop artistes belges","isPartOf":{"@id":"https:\/\/nationalstore.be\/fr#website"},"primaryImageOfPage":{"@id":"https:\/\/nationalstore.be\/fr\/produit\/livre-vague-de-de-reve#primaryimage"},"datePublished":"2021-03-17T13:28:13+00:00","dateModified":"2021-03-19T10:48:21+00:00","description":"Acheter un produit comme Livre Vague de de r\u00eave? Laissez vous surprendre par nos artistes belges sp\u00e9cialis\u00e9s en produits artisanaux!","breadcrumb":{"@id":"https:\/\/nationalstore.be\/fr\/produit\/livre-vague-de-de-reve#breadcrumb"},"inLanguage":"fr-FR","potentialAction":[{"@type":"ReadAction","target":["https:\/\/nationalstore.be\/fr\/produit\/livre-vague-de-de-reve"]}]},{"@type":"BreadcrumbList","@id":"https:\/\/nationalstore.be\/fr\/produit\/livre-vague-de-de-reve#breadcrumb","itemListElement":[{"@type":"ListItem","position":1,"name":"Home","item":"https:\/\/nationalstore.be\/fr"},{"@type":"ListItem","position":2,"name":"Produits","item":"https:\/\/nationalstore.be\/fr\/shop"},{"@type":"ListItem","position":3,"name":"Livres &amp; Illustrations","item":"https:\/\/nationalstore.be\/fr\/pc\/livres-illustrations"},{"@type":"ListItem","position":4,"name":"Art &amp; design","item":"https:\/\/nationalstore.be\/fr\/pc\/livres-illustrations\/art-design-fr"},{"@type":"ListItem","position":5,"name":"Livre Vague de de r\u00eave"}]}]}},"_links":{"self":[{"href":"https:\/\/nationalstore.be\/fr\/wp-json\/wp\/v2\/product\/17797"}],"collection":[{"href":"https:\/\/nationalstore.be\/fr\/wp-json\/wp\/v2\/product"}],"about":[{"href":"https:\/\/nationalstore.be\/fr\/wp-json\/wp\/v2\/types\/product"}],"wp:featuredmedia":[{"embeddable":true,"href":"https:\/\/nationalstore.be\/fr\/wp-json\/wp\/v2\/media\/17119"}],"wp:attachment":[{"href":"https:\/\/nationalstore.be\/fr\/wp-json\/wp\/v2\/media?parent=17797"}],"wp:term":[{"taxonomy":"product_cat","embeddable":true,"href":"https:\/\/nationalstore.be\/fr\/wp-json\/wp\/v2\/product_cat?post=17797"},{"taxonomy":"product_tag","embeddable":true,"href":"https:\/\/nationalstore.be\/fr\/wp-json\/wp\/v2\/product_tag?post=17797"}],"curies":[{"name":"wp","href":"https:\/\/api.w.org\/{rel}","templated":true}]}}