{"id":16831,"date":"2021-02-25T11:04:22","date_gmt":"2021-02-24T18:48:18","guid":{"rendered":"https:\/\/nationalstore.be\/?post_type=product&#038;p=16831"},"modified":"2022-07-29T14:57:47","modified_gmt":"2022-07-29T12:57:47","slug":"boy-table-a-treteaux-design-wannes-de-bruycker-pour-onbetaalbaar-2","status":"publish","type":"product","link":"https:\/\/nationalstore.be\/fr\/produit\/boy-table-a-treteaux-design-wannes-de-bruycker-pour-onbetaalbaar-2","title":{"rendered":"Boy Table \u00e0 tr\u00e9teaux, design Wannes De Bruycker pour Onbetaalbaar."},"content":{"rendered":"<p><span lang=\"fr\">Le plateau de cette table \u00e0 tr\u00e9teaux repose sur deux \u00e9l\u00e9gants tr\u00e9pieds, fabriqu\u00e9s \u00e0 partir de chutes de bois dur et de contreplaqu\u00e9. La double forme conique des tr\u00e9pieds conf\u00e8re \u00e0 cette table une forme \u00e9l\u00e9gante et un confort d&#8217;assise maximal. De plus, vous pouvez facilement ranger la table pour une utilisation flexible de votre int\u00e9rieur.<\/span><\/p>\n<p><span lang=\"fr\">Dimensions du plateau: 220cmx80cm (\u00e9galement disponible en longueur 180cm et 240cm -> mail valerie@volmaakt.be)<\/span><\/p>\n<p><span lang=\"fr\">Mat\u00e9riaux + finition:<br \/>Tr\u00e9pied: m\u00e9l\u00e8ze teint\u00e9 fonc\u00e9.<br \/>Plateau: stratifi\u00e9 de couleur verte (autres couleurs disponibles sur demande, mail valerie@volmaakt.be)<\/span><\/p>\n","protected":false},"excerpt":{"rendered":"<p>Boy Table \u00e0 Tr\u00e9teaux, design Wannes De Bruycker pour Onbetaalbaar.<\/p>\n","protected":false},"featured_media":16823,"template":"","meta":[],"product_cat":[1977,1589,527,550,1667,548,1324,1261],"product_tag":[1936,878,1168],"yoast_head":"<!-- This site is optimized with the Yoast SEO plugin v19.1 - https:\/\/yoast.com\/wordpress\/plugins\/seo\/ -->\n<title>Boy Table \u00e0 tr\u00e9teaux, design Wannes De Bruycker pour Onbetaalbaar. | E-shop artistes belges<\/title>\n<meta name=\"description\" content=\"Acheter un produit comme Boy Table \u00e0 tr\u00e9teaux, design Wannes De Bruycker pour Onbetaalbaar.? Laissez vous surprendre par nos artistes belges sp\u00e9cialis\u00e9s en produits artisanaux!\" \/>\n<meta name=\"robots\" content=\"index, follow, max-snippet:-1, max-image-preview:large, max-video-preview:-1\" \/>\n<link rel=\"canonical\" href=\"https:\/\/nationalstore.be\/fr\/produit\/boy-table-a-treteaux-design-wannes-de-bruycker-pour-onbetaalbaar-2\" \/>\n<meta property=\"og:locale\" content=\"fr_FR\" \/>\n<meta property=\"og:type\" content=\"article\" \/>\n<meta property=\"og:title\" content=\"Boy Table \u00e0 tr\u00e9teaux, design Wannes De Bruycker pour Onbetaalbaar. | E-shop artistes belges\" \/>\n<meta property=\"og:description\" content=\"Acheter un produit comme Boy Table \u00e0 tr\u00e9teaux, design Wannes De Bruycker pour Onbetaalbaar.? Laissez vous surprendre par nos artistes belges sp\u00e9cialis\u00e9s en produits artisanaux!\" \/>\n<meta property=\"og:url\" content=\"https:\/\/nationalstore.be\/fr\/produit\/boy-table-a-treteaux-design-wannes-de-bruycker-pour-onbetaalbaar-2\" \/>\n<meta property=\"og:site_name\" content=\"NATIONA(A)L ARTIST SUPERMARKET\" \/>\n<meta property=\"article:publisher\" content=\"https:\/\/www.facebook.com\/nationalstore\/?ref=br_rs\" \/>\n<meta property=\"article:modified_time\" content=\"2022-07-29T12:57:47+00:00\" \/>\n<meta property=\"og:image\" content=\"https:\/\/nationalstore.be\/wp-content\/uploads\/2021\/02\/Volmaakt_Tafel_Wannes020.jpg\" \/>\n\t<meta property=\"og:image:width\" content=\"1500\" \/>\n\t<meta property=\"og:image:height\" content=\"1000\" \/>\n\t<meta property=\"og:image:type\" content=\"image\/jpeg\" \/>\n<meta name=\"twitter:card\" content=\"summary_large_image\" \/>\n<meta name=\"twitter:site\" content=\"@Nationalstore\" \/>\n<meta name=\"twitter:label1\" content=\"Dur\u00e9e de lecture estim\u00e9e\" \/>\n\t<meta name=\"twitter:data1\" content=\"1 minute\" \/>\n<script type=\"application\/ld+json\" class=\"yoast-schema-graph\">{\"@context\":\"https:\/\/schema.org\",\"@graph\":[{\"@type\":\"Organization\",\"@id\":\"https:\/\/nationalstore.be\/fr#organization\",\"name\":\"NATIONA(A)L ARTIST MARKET\",\"url\":\"https:\/\/nationalstore.be\/fr\",\"sameAs\":[\"https:\/\/www.instagram.com\/nationalstore\/\",\"https:\/\/www.facebook.com\/nationalstore\/?ref=br_rs\",\"https:\/\/twitter.com\/Nationalstore\"],\"logo\":{\"@type\":\"ImageObject\",\"inLanguage\":\"fr-FR\",\"@id\":\"https:\/\/nationalstore.be\/fr#\/schema\/logo\/image\/\",\"url\":\"https:\/\/nationalstore.be\/wp-content\/uploads\/2024\/03\/nationaal-logo_mauve-cmjn.png\",\"contentUrl\":\"https:\/\/nationalstore.be\/wp-content\/uploads\/2024\/03\/nationaal-logo_mauve-cmjn.png\",\"width\":3475,\"height\":1352,\"caption\":\"NATIONA(A)L ARTIST MARKET\"},\"image\":{\"@id\":\"https:\/\/nationalstore.be\/fr#\/schema\/logo\/image\/\"}},{\"@type\":\"WebSite\",\"@id\":\"https:\/\/nationalstore.be\/fr#website\",\"url\":\"https:\/\/nationalstore.be\/fr\",\"name\":\"NATIONA(A)L ARTIST SUPERMARKET\",\"description\":\"\",\"publisher\":{\"@id\":\"https:\/\/nationalstore.be\/fr#organization\"},\"potentialAction\":[{\"@type\":\"SearchAction\",\"target\":{\"@type\":\"EntryPoint\",\"urlTemplate\":\"https:\/\/nationalstore.be\/fr?s={search_term_string}\"},\"query-input\":\"required name=search_term_string\"}],\"inLanguage\":\"fr-FR\"},{\"@type\":\"ImageObject\",\"inLanguage\":\"fr-FR\",\"@id\":\"https:\/\/nationalstore.be\/fr\/produit\/boy-table-a-treteaux-design-wannes-de-bruycker-pour-onbetaalbaar-2#primaryimage\",\"url\":\"https:\/\/nationalstore.be\/wp-content\/uploads\/2021\/02\/Volmaakt_Tafel_Wannes020.jpg\",\"contentUrl\":\"https:\/\/nationalstore.be\/wp-content\/uploads\/2021\/02\/Volmaakt_Tafel_Wannes020.jpg\",\"width\":1500,\"height\":1000,\"caption\":\"BoyTable_Onbetaalbaar\"},{\"@type\":[\"WebPage\",\"ItemPage\"],\"@id\":\"https:\/\/nationalstore.be\/fr\/produit\/boy-table-a-treteaux-design-wannes-de-bruycker-pour-onbetaalbaar-2#webpage\",\"url\":\"https:\/\/nationalstore.be\/fr\/produit\/boy-table-a-treteaux-design-wannes-de-bruycker-pour-onbetaalbaar-2\",\"name\":\"Boy Table \u00e0 tr\u00e9teaux, design Wannes De Bruycker pour Onbetaalbaar. | E-shop artistes belges\",\"isPartOf\":{\"@id\":\"https:\/\/nationalstore.be\/fr#website\"},\"primaryImageOfPage\":{\"@id\":\"https:\/\/nationalstore.be\/fr\/produit\/boy-table-a-treteaux-design-wannes-de-bruycker-pour-onbetaalbaar-2#primaryimage\"},\"datePublished\":\"2021-02-24T18:48:18+00:00\",\"dateModified\":\"2022-07-29T12:57:47+00:00\",\"description\":\"Acheter un produit comme Boy Table \u00e0 tr\u00e9teaux, design Wannes De Bruycker pour Onbetaalbaar.? Laissez vous surprendre par nos artistes belges sp\u00e9cialis\u00e9s en produits artisanaux!\",\"breadcrumb\":{\"@id\":\"https:\/\/nationalstore.be\/fr\/produit\/boy-table-a-treteaux-design-wannes-de-bruycker-pour-onbetaalbaar-2#breadcrumb\"},\"inLanguage\":\"fr-FR\",\"potentialAction\":[{\"@type\":\"ReadAction\",\"target\":[\"https:\/\/nationalstore.be\/fr\/produit\/boy-table-a-treteaux-design-wannes-de-bruycker-pour-onbetaalbaar-2\"]}]},{\"@type\":\"BreadcrumbList\",\"@id\":\"https:\/\/nationalstore.be\/fr\/produit\/boy-table-a-treteaux-design-wannes-de-bruycker-pour-onbetaalbaar-2#breadcrumb\",\"itemListElement\":[{\"@type\":\"ListItem\",\"position\":1,\"name\":\"Home\",\"item\":\"https:\/\/nationalstore.be\/fr\"},{\"@type\":\"ListItem\",\"position\":2,\"name\":\"Produits\",\"item\":\"https:\/\/nationalstore.be\/fr\/shop\"},{\"@type\":\"ListItem\",\"position\":3,\"name\":\"Subcategories\",\"item\":\"https:\/\/nationalstore.be\/fr\/pc\/subcategories-fr\"},{\"@type\":\"ListItem\",\"position\":4,\"name\":\"Collection livraison gratuite\",\"item\":\"https:\/\/nationalstore.be\/fr\/pc\/subcategories-fr\/collection-livraison-gratuite\"},{\"@type\":\"ListItem\",\"position\":5,\"name\":\"Boy Table \u00e0 tr\u00e9teaux, design Wannes De Bruycker pour Onbetaalbaar.\"}]}]}<\/script>\n<!-- \/ Yoast SEO plugin. -->","yoast_head_json":{"title":"Boy Table \u00e0 tr\u00e9teaux, design Wannes De Bruycker pour Onbetaalbaar. | E-shop artistes belges","description":"Acheter un produit comme Boy Table \u00e0 tr\u00e9teaux, design Wannes De Bruycker pour Onbetaalbaar.? Laissez vous surprendre par nos artistes belges sp\u00e9cialis\u00e9s en produits artisanaux!","robots":{"index":"index","follow":"follow","max-snippet":"max-snippet:-1","max-image-preview":"max-image-preview:large","max-video-preview":"max-video-preview:-1"},"canonical":"https:\/\/nationalstore.be\/fr\/produit\/boy-table-a-treteaux-design-wannes-de-bruycker-pour-onbetaalbaar-2","og_locale":"fr_FR","og_type":"article","og_title":"Boy Table \u00e0 tr\u00e9teaux, design Wannes De Bruycker pour Onbetaalbaar. | E-shop artistes belges","og_description":"Acheter un produit comme Boy Table \u00e0 tr\u00e9teaux, design Wannes De Bruycker pour Onbetaalbaar.? Laissez vous surprendre par nos artistes belges sp\u00e9cialis\u00e9s en produits artisanaux!","og_url":"https:\/\/nationalstore.be\/fr\/produit\/boy-table-a-treteaux-design-wannes-de-bruycker-pour-onbetaalbaar-2","og_site_name":"NATIONA(A)L ARTIST SUPERMARKET","article_publisher":"https:\/\/www.facebook.com\/nationalstore\/?ref=br_rs","article_modified_time":"2022-07-29T12:57:47+00:00","og_image":[{"width":1500,"height":1000,"url":"https:\/\/nationalstore.be\/wp-content\/uploads\/2021\/02\/Volmaakt_Tafel_Wannes020.jpg","type":"image\/jpeg"}],"twitter_card":"summary_large_image","twitter_site":"@Nationalstore","twitter_misc":{"Dur\u00e9e de lecture estim\u00e9e":"1 minute"},"schema":{"@context":"https:\/\/schema.org","@graph":[{"@type":"Organization","@id":"https:\/\/nationalstore.be\/fr#organization","name":"NATIONA(A)L ARTIST MARKET","url":"https:\/\/nationalstore.be\/fr","sameAs":["https:\/\/www.instagram.com\/nationalstore\/","https:\/\/www.facebook.com\/nationalstore\/?ref=br_rs","https:\/\/twitter.com\/Nationalstore"],"logo":{"@type":"ImageObject","inLanguage":"fr-FR","@id":"https:\/\/nationalstore.be\/fr#\/schema\/logo\/image\/","url":"https:\/\/nationalstore.be\/wp-content\/uploads\/2024\/03\/nationaal-logo_mauve-cmjn.png","contentUrl":"https:\/\/nationalstore.be\/wp-content\/uploads\/2024\/03\/nationaal-logo_mauve-cmjn.png","width":3475,"height":1352,"caption":"NATIONA(A)L ARTIST MARKET"},"image":{"@id":"https:\/\/nationalstore.be\/fr#\/schema\/logo\/image\/"}},{"@type":"WebSite","@id":"https:\/\/nationalstore.be\/fr#website","url":"https:\/\/nationalstore.be\/fr","name":"NATIONA(A)L ARTIST SUPERMARKET","description":"","publisher":{"@id":"https:\/\/nationalstore.be\/fr#organization"},"potentialAction":[{"@type":"SearchAction","target":{"@type":"EntryPoint","urlTemplate":"https:\/\/nationalstore.be\/fr?s={search_term_string}"},"query-input":"required name=search_term_string"}],"inLanguage":"fr-FR"},{"@type":"ImageObject","inLanguage":"fr-FR","@id":"https:\/\/nationalstore.be\/fr\/produit\/boy-table-a-treteaux-design-wannes-de-bruycker-pour-onbetaalbaar-2#primaryimage","url":"https:\/\/nationalstore.be\/wp-content\/uploads\/2021\/02\/Volmaakt_Tafel_Wannes020.jpg","contentUrl":"https:\/\/nationalstore.be\/wp-content\/uploads\/2021\/02\/Volmaakt_Tafel_Wannes020.jpg","width":1500,"height":1000,"caption":"BoyTable_Onbetaalbaar"},{"@type":["WebPage","ItemPage"],"@id":"https:\/\/nationalstore.be\/fr\/produit\/boy-table-a-treteaux-design-wannes-de-bruycker-pour-onbetaalbaar-2#webpage","url":"https:\/\/nationalstore.be\/fr\/produit\/boy-table-a-treteaux-design-wannes-de-bruycker-pour-onbetaalbaar-2","name":"Boy Table \u00e0 tr\u00e9teaux, design Wannes De Bruycker pour Onbetaalbaar. | E-shop artistes belges","isPartOf":{"@id":"https:\/\/nationalstore.be\/fr#website"},"primaryImageOfPage":{"@id":"https:\/\/nationalstore.be\/fr\/produit\/boy-table-a-treteaux-design-wannes-de-bruycker-pour-onbetaalbaar-2#primaryimage"},"datePublished":"2021-02-24T18:48:18+00:00","dateModified":"2022-07-29T12:57:47+00:00","description":"Acheter un produit comme Boy Table \u00e0 tr\u00e9teaux, design Wannes De Bruycker pour Onbetaalbaar.? Laissez vous surprendre par nos artistes belges sp\u00e9cialis\u00e9s en produits artisanaux!","breadcrumb":{"@id":"https:\/\/nationalstore.be\/fr\/produit\/boy-table-a-treteaux-design-wannes-de-bruycker-pour-onbetaalbaar-2#breadcrumb"},"inLanguage":"fr-FR","potentialAction":[{"@type":"ReadAction","target":["https:\/\/nationalstore.be\/fr\/produit\/boy-table-a-treteaux-design-wannes-de-bruycker-pour-onbetaalbaar-2"]}]},{"@type":"BreadcrumbList","@id":"https:\/\/nationalstore.be\/fr\/produit\/boy-table-a-treteaux-design-wannes-de-bruycker-pour-onbetaalbaar-2#breadcrumb","itemListElement":[{"@type":"ListItem","position":1,"name":"Home","item":"https:\/\/nationalstore.be\/fr"},{"@type":"ListItem","position":2,"name":"Produits","item":"https:\/\/nationalstore.be\/fr\/shop"},{"@type":"ListItem","position":3,"name":"Subcategories","item":"https:\/\/nationalstore.be\/fr\/pc\/subcategories-fr"},{"@type":"ListItem","position":4,"name":"Collection livraison gratuite","item":"https:\/\/nationalstore.be\/fr\/pc\/subcategories-fr\/collection-livraison-gratuite"},{"@type":"ListItem","position":5,"name":"Boy Table \u00e0 tr\u00e9teaux, design Wannes De Bruycker pour Onbetaalbaar."}]}]}},"_links":{"self":[{"href":"https:\/\/nationalstore.be\/fr\/wp-json\/wp\/v2\/product\/16831"}],"collection":[{"href":"https:\/\/nationalstore.be\/fr\/wp-json\/wp\/v2\/product"}],"about":[{"href":"https:\/\/nationalstore.be\/fr\/wp-json\/wp\/v2\/types\/product"}],"wp:featuredmedia":[{"embeddable":true,"href":"https:\/\/nationalstore.be\/fr\/wp-json\/wp\/v2\/media\/16823"}],"wp:attachment":[{"href":"https:\/\/nationalstore.be\/fr\/wp-json\/wp\/v2\/media?parent=16831"}],"wp:term":[{"taxonomy":"product_cat","embeddable":true,"href":"https:\/\/nationalstore.be\/fr\/wp-json\/wp\/v2\/product_cat?post=16831"},{"taxonomy":"product_tag","embeddable":true,"href":"https:\/\/nationalstore.be\/fr\/wp-json\/wp\/v2\/product_tag?post=16831"}],"curies":[{"name":"wp","href":"https:\/\/api.w.org\/{rel}","templated":true}]}}