{"id":14154,"date":"2021-01-05T13:06:52","date_gmt":"2021-01-19T09:29:07","guid":{"rendered":"https:\/\/nationalstore.be\/?post_type=product&#038;p=14154"},"modified":"2021-02-10T11:34:44","modified_gmt":"2021-02-10T10:34:44","slug":"flower-original-collage","status":"publish","type":"product","link":"https:\/\/nationalstore.be\/fr\/produit\/flower-original-collage","title":{"rendered":"Flower Original Collage."},"content":{"rendered":"<div>Ce collage original est r\u00e9alis\u00e9 sur papier \u00e9pais, color\u00e9 \u00e0 la main \u00e0 l&#8217;encre ecoline. C&#8217;est la technique des techniques mixtes que j&#8217;utilise actuellement dans mon travail, avec diff\u00e9rents types de papiers, r\u00e9alisant la composition en jouant avec les diff\u00e9rentes formes.<\/div>\n<div>Les couleurs des papiers d\u00e9coup\u00e9s sont assez vives et se d\u00e9tachent sur le fond bleu fonc\u00e9.<\/div>\n<div>Ce petit collage po\u00e9tique ajoutera une belle touche de couleur partout o\u00f9 vous l&#8217;accrocherez.<\/div>\n<div><\/div>\n<div>Je recommanderais d&#8217;encadrer cette \u0153uvre d&#8217;art, en utilisant un cadre A4 pour l&#8217;afficher au mieux.<\/div>\n<div>N&#8217;h\u00e9sitez pas \u00e0 me contacter pour tout renseignement compl\u00e9mentaire.<\/div>\n","protected":false},"excerpt":{"rendered":"<p>Collage Original<\/p>\n<p>20,5 x 15 cm<\/p>\n","protected":false},"featured_media":12767,"template":"","meta":[],"product_cat":[570,1142,2287,2948,1787,1909],"product_tag":[3067,823,852,825],"yoast_head":"<!-- This site is optimized with the Yoast SEO plugin v19.1 - https:\/\/yoast.com\/wordpress\/plugins\/seo\/ -->\n<title>Flower Original Collage. | E-shop artistes belges<\/title>\n<meta name=\"description\" content=\"Buy this original collage from my official store. Find this collage and other original illustrations and prints in my shop!\" \/>\n<meta name=\"robots\" content=\"index, follow, max-snippet:-1, max-image-preview:large, max-video-preview:-1\" \/>\n<link rel=\"canonical\" href=\"https:\/\/nationalstore.be\/fr\/produit\/flower-original-collage\" \/>\n<meta property=\"og:locale\" content=\"fr_FR\" \/>\n<meta property=\"og:type\" content=\"article\" \/>\n<meta property=\"og:title\" content=\"Flower Original Collage. | E-shop artistes belges\" \/>\n<meta property=\"og:description\" content=\"Buy this original collage from my official store. Find this collage and other original illustrations and prints in my shop!\" \/>\n<meta property=\"og:url\" content=\"https:\/\/nationalstore.be\/fr\/produit\/flower-original-collage\" \/>\n<meta property=\"og:site_name\" content=\"NATIONA(A)L ARTIST SUPERMARKET\" \/>\n<meta property=\"article:publisher\" content=\"https:\/\/www.facebook.com\/nationalstore\/?ref=br_rs\" \/>\n<meta property=\"article:modified_time\" content=\"2021-02-10T10:34:44+00:00\" \/>\n<meta property=\"og:image\" content=\"https:\/\/nationalstore.be\/wp-content\/uploads\/2021\/01\/collage-ba.jpg\" \/>\n\t<meta property=\"og:image:width\" content=\"827\" \/>\n\t<meta property=\"og:image:height\" content=\"1159\" \/>\n\t<meta property=\"og:image:type\" content=\"image\/jpeg\" \/>\n<meta name=\"twitter:card\" content=\"summary_large_image\" \/>\n<meta name=\"twitter:site\" content=\"@Nationalstore\" \/>\n<meta name=\"twitter:label1\" content=\"Dur\u00e9e de lecture estim\u00e9e\" \/>\n\t<meta name=\"twitter:data1\" content=\"1 minute\" \/>\n<script type=\"application\/ld+json\" class=\"yoast-schema-graph\">{\"@context\":\"https:\/\/schema.org\",\"@graph\":[{\"@type\":\"Organization\",\"@id\":\"https:\/\/nationalstore.be\/fr#organization\",\"name\":\"NATIONA(A)L ARTIST MARKET\",\"url\":\"https:\/\/nationalstore.be\/fr\",\"sameAs\":[\"https:\/\/www.instagram.com\/nationalstore\/\",\"https:\/\/www.facebook.com\/nationalstore\/?ref=br_rs\",\"https:\/\/twitter.com\/Nationalstore\"],\"logo\":{\"@type\":\"ImageObject\",\"inLanguage\":\"fr-FR\",\"@id\":\"https:\/\/nationalstore.be\/fr#\/schema\/logo\/image\/\",\"url\":\"https:\/\/nationalstore.be\/wp-content\/uploads\/2024\/03\/nationaal-logo_mauve-cmjn.png\",\"contentUrl\":\"https:\/\/nationalstore.be\/wp-content\/uploads\/2024\/03\/nationaal-logo_mauve-cmjn.png\",\"width\":3475,\"height\":1352,\"caption\":\"NATIONA(A)L ARTIST MARKET\"},\"image\":{\"@id\":\"https:\/\/nationalstore.be\/fr#\/schema\/logo\/image\/\"}},{\"@type\":\"WebSite\",\"@id\":\"https:\/\/nationalstore.be\/fr#website\",\"url\":\"https:\/\/nationalstore.be\/fr\",\"name\":\"NATIONA(A)L ARTIST SUPERMARKET\",\"description\":\"\",\"publisher\":{\"@id\":\"https:\/\/nationalstore.be\/fr#organization\"},\"potentialAction\":[{\"@type\":\"SearchAction\",\"target\":{\"@type\":\"EntryPoint\",\"urlTemplate\":\"https:\/\/nationalstore.be\/fr?s={search_term_string}\"},\"query-input\":\"required name=search_term_string\"}],\"inLanguage\":\"fr-FR\"},{\"@type\":\"ImageObject\",\"inLanguage\":\"fr-FR\",\"@id\":\"https:\/\/nationalstore.be\/fr\/produit\/flower-original-collage#primaryimage\",\"url\":\"https:\/\/nationalstore.be\/wp-content\/uploads\/2021\/01\/collage-ba.jpg\",\"contentUrl\":\"https:\/\/nationalstore.be\/wp-content\/uploads\/2021\/01\/collage-ba.jpg\",\"width\":827,\"height\":1159},{\"@type\":[\"WebPage\",\"ItemPage\"],\"@id\":\"https:\/\/nationalstore.be\/fr\/produit\/flower-original-collage#webpage\",\"url\":\"https:\/\/nationalstore.be\/fr\/produit\/flower-original-collage\",\"name\":\"Flower Original Collage. | E-shop artistes belges\",\"isPartOf\":{\"@id\":\"https:\/\/nationalstore.be\/fr#website\"},\"primaryImageOfPage\":{\"@id\":\"https:\/\/nationalstore.be\/fr\/produit\/flower-original-collage#primaryimage\"},\"datePublished\":\"2021-01-19T09:29:07+00:00\",\"dateModified\":\"2021-02-10T10:34:44+00:00\",\"description\":\"Buy this original collage from my official store. Find this collage and other original illustrations and prints in my shop!\",\"breadcrumb\":{\"@id\":\"https:\/\/nationalstore.be\/fr\/produit\/flower-original-collage#breadcrumb\"},\"inLanguage\":\"fr-FR\",\"potentialAction\":[{\"@type\":\"ReadAction\",\"target\":[\"https:\/\/nationalstore.be\/fr\/produit\/flower-original-collage\"]}]},{\"@type\":\"BreadcrumbList\",\"@id\":\"https:\/\/nationalstore.be\/fr\/produit\/flower-original-collage#breadcrumb\",\"itemListElement\":[{\"@type\":\"ListItem\",\"position\":1,\"name\":\"Home\",\"item\":\"https:\/\/nationalstore.be\/fr\"},{\"@type\":\"ListItem\",\"position\":2,\"name\":\"Produits\",\"item\":\"https:\/\/nationalstore.be\/fr\/shop\"},{\"@type\":\"ListItem\",\"position\":3,\"name\":\"Arts plastiques\",\"item\":\"https:\/\/nationalstore.be\/fr\/pc\/arts-plastiques\"},{\"@type\":\"ListItem\",\"position\":4,\"name\":\"Collage\",\"item\":\"https:\/\/nationalstore.be\/fr\/pc\/arts-plastiques\/collage-fr\"},{\"@type\":\"ListItem\",\"position\":5,\"name\":\"Flower Original Collage.\"}]}]}<\/script>\n<!-- \/ Yoast SEO plugin. -->","yoast_head_json":{"title":"Flower Original Collage. | E-shop artistes belges","description":"Buy this original collage from my official store. Find this collage and other original illustrations and prints in my shop!","robots":{"index":"index","follow":"follow","max-snippet":"max-snippet:-1","max-image-preview":"max-image-preview:large","max-video-preview":"max-video-preview:-1"},"canonical":"https:\/\/nationalstore.be\/fr\/produit\/flower-original-collage","og_locale":"fr_FR","og_type":"article","og_title":"Flower Original Collage. | E-shop artistes belges","og_description":"Buy this original collage from my official store. Find this collage and other original illustrations and prints in my shop!","og_url":"https:\/\/nationalstore.be\/fr\/produit\/flower-original-collage","og_site_name":"NATIONA(A)L ARTIST SUPERMARKET","article_publisher":"https:\/\/www.facebook.com\/nationalstore\/?ref=br_rs","article_modified_time":"2021-02-10T10:34:44+00:00","og_image":[{"width":827,"height":1159,"url":"https:\/\/nationalstore.be\/wp-content\/uploads\/2021\/01\/collage-ba.jpg","type":"image\/jpeg"}],"twitter_card":"summary_large_image","twitter_site":"@Nationalstore","twitter_misc":{"Dur\u00e9e de lecture estim\u00e9e":"1 minute"},"schema":{"@context":"https:\/\/schema.org","@graph":[{"@type":"Organization","@id":"https:\/\/nationalstore.be\/fr#organization","name":"NATIONA(A)L ARTIST MARKET","url":"https:\/\/nationalstore.be\/fr","sameAs":["https:\/\/www.instagram.com\/nationalstore\/","https:\/\/www.facebook.com\/nationalstore\/?ref=br_rs","https:\/\/twitter.com\/Nationalstore"],"logo":{"@type":"ImageObject","inLanguage":"fr-FR","@id":"https:\/\/nationalstore.be\/fr#\/schema\/logo\/image\/","url":"https:\/\/nationalstore.be\/wp-content\/uploads\/2024\/03\/nationaal-logo_mauve-cmjn.png","contentUrl":"https:\/\/nationalstore.be\/wp-content\/uploads\/2024\/03\/nationaal-logo_mauve-cmjn.png","width":3475,"height":1352,"caption":"NATIONA(A)L ARTIST MARKET"},"image":{"@id":"https:\/\/nationalstore.be\/fr#\/schema\/logo\/image\/"}},{"@type":"WebSite","@id":"https:\/\/nationalstore.be\/fr#website","url":"https:\/\/nationalstore.be\/fr","name":"NATIONA(A)L ARTIST SUPERMARKET","description":"","publisher":{"@id":"https:\/\/nationalstore.be\/fr#organization"},"potentialAction":[{"@type":"SearchAction","target":{"@type":"EntryPoint","urlTemplate":"https:\/\/nationalstore.be\/fr?s={search_term_string}"},"query-input":"required name=search_term_string"}],"inLanguage":"fr-FR"},{"@type":"ImageObject","inLanguage":"fr-FR","@id":"https:\/\/nationalstore.be\/fr\/produit\/flower-original-collage#primaryimage","url":"https:\/\/nationalstore.be\/wp-content\/uploads\/2021\/01\/collage-ba.jpg","contentUrl":"https:\/\/nationalstore.be\/wp-content\/uploads\/2021\/01\/collage-ba.jpg","width":827,"height":1159},{"@type":["WebPage","ItemPage"],"@id":"https:\/\/nationalstore.be\/fr\/produit\/flower-original-collage#webpage","url":"https:\/\/nationalstore.be\/fr\/produit\/flower-original-collage","name":"Flower Original Collage. | E-shop artistes belges","isPartOf":{"@id":"https:\/\/nationalstore.be\/fr#website"},"primaryImageOfPage":{"@id":"https:\/\/nationalstore.be\/fr\/produit\/flower-original-collage#primaryimage"},"datePublished":"2021-01-19T09:29:07+00:00","dateModified":"2021-02-10T10:34:44+00:00","description":"Buy this original collage from my official store. Find this collage and other original illustrations and prints in my shop!","breadcrumb":{"@id":"https:\/\/nationalstore.be\/fr\/produit\/flower-original-collage#breadcrumb"},"inLanguage":"fr-FR","potentialAction":[{"@type":"ReadAction","target":["https:\/\/nationalstore.be\/fr\/produit\/flower-original-collage"]}]},{"@type":"BreadcrumbList","@id":"https:\/\/nationalstore.be\/fr\/produit\/flower-original-collage#breadcrumb","itemListElement":[{"@type":"ListItem","position":1,"name":"Home","item":"https:\/\/nationalstore.be\/fr"},{"@type":"ListItem","position":2,"name":"Produits","item":"https:\/\/nationalstore.be\/fr\/shop"},{"@type":"ListItem","position":3,"name":"Arts plastiques","item":"https:\/\/nationalstore.be\/fr\/pc\/arts-plastiques"},{"@type":"ListItem","position":4,"name":"Collage","item":"https:\/\/nationalstore.be\/fr\/pc\/arts-plastiques\/collage-fr"},{"@type":"ListItem","position":5,"name":"Flower Original Collage."}]}]}},"_links":{"self":[{"href":"https:\/\/nationalstore.be\/fr\/wp-json\/wp\/v2\/product\/14154"}],"collection":[{"href":"https:\/\/nationalstore.be\/fr\/wp-json\/wp\/v2\/product"}],"about":[{"href":"https:\/\/nationalstore.be\/fr\/wp-json\/wp\/v2\/types\/product"}],"wp:featuredmedia":[{"embeddable":true,"href":"https:\/\/nationalstore.be\/fr\/wp-json\/wp\/v2\/media\/12767"}],"wp:attachment":[{"href":"https:\/\/nationalstore.be\/fr\/wp-json\/wp\/v2\/media?parent=14154"}],"wp:term":[{"taxonomy":"product_cat","embeddable":true,"href":"https:\/\/nationalstore.be\/fr\/wp-json\/wp\/v2\/product_cat?post=14154"},{"taxonomy":"product_tag","embeddable":true,"href":"https:\/\/nationalstore.be\/fr\/wp-json\/wp\/v2\/product_tag?post=14154"}],"curies":[{"name":"wp","href":"https:\/\/api.w.org\/{rel}","templated":true}]}}