{"id":13807,"date":"2021-01-08T18:46:30","date_gmt":"2021-01-14T20:47:17","guid":{"rendered":"https:\/\/nationalstore.be\/?post_type=product&#038;p=13807"},"modified":"2021-10-29T00:00:32","modified_gmt":"2021-10-28T22:00:32","slug":"scissors-sisters","status":"publish","type":"product","link":"https:\/\/nationalstore.be\/fr\/produit\/scissors-sisters","title":{"rendered":"Scissors\u2019 Sisters"},"content":{"rendered":"<p>N\u00e9es d&#8217;un d\u00e9fi lanc\u00e9 lors d&#8217;une visite au CIAV (Centre International de l&#8217;Art du Verre), Scissors Sisters porte un regard attentif sur le soufflage traditionnel, et met en \u00e9vidence une \u00e9tape en particulier.<\/p>\n<p>En interrompant le processus et en introduisant une coupe inhabituelle au bord du verre, un bec est g\u00e9n\u00e9r\u00e9. Le liquide est amplifi\u00e9 au fur et \u00e0 mesure qu&#8217;il est vers\u00e9, laissant derri\u00e8re lui une seule goutte qui trace la longueur du pichet.<\/p>\n<p>Le temps s&#8217;arr\u00eate un instant et nous pouvons imaginer autour de nous l&#8217;\u00e9clairage tamis\u00e9 et les tables en bois teint\u00e9 d&#8217;un pub traditionnel. Puis la goutte tombe, et nous ne pouvons qu\u2019admirer l\u2019identit\u00e9 unique de ce lanceur.<\/p>\n","protected":false},"excerpt":{"rendered":"<p>Scissors Sisters est une s\u00e9rie de trois pichets; 25cl, 50cl et 100cl en verre moul\u00e9.<\/p>\n","protected":false},"featured_media":36995,"template":"","meta":[],"product_cat":[527,1667,1931,1324,3060,566],"product_tag":[823],"yoast_head":"<!-- This site is optimized with the Yoast SEO plugin v19.1 - https:\/\/yoast.com\/wordpress\/plugins\/seo\/ -->\n<title>Scissors\u2019 Sisters | E-shop artistes belges<\/title>\n<meta name=\"description\" content=\"Acheter un produit comme Scissors\u2019 Sisters? Laissez vous surprendre par nos artistes belges sp\u00e9cialis\u00e9s en produits artisanaux!\" \/>\n<meta name=\"robots\" content=\"index, follow, max-snippet:-1, max-image-preview:large, max-video-preview:-1\" \/>\n<link rel=\"canonical\" href=\"https:\/\/nationalstore.be\/fr\/produit\/scissors-sisters\" \/>\n<meta property=\"og:locale\" content=\"fr_FR\" \/>\n<meta property=\"og:type\" content=\"article\" \/>\n<meta property=\"og:title\" content=\"Scissors\u2019 Sisters | E-shop artistes belges\" \/>\n<meta property=\"og:description\" content=\"Acheter un produit comme Scissors\u2019 Sisters? Laissez vous surprendre par nos artistes belges sp\u00e9cialis\u00e9s en produits artisanaux!\" \/>\n<meta property=\"og:url\" content=\"https:\/\/nationalstore.be\/fr\/produit\/scissors-sisters\" \/>\n<meta property=\"og:site_name\" content=\"NATIONA(A)L ARTIST SUPERMARKET\" \/>\n<meta property=\"article:publisher\" content=\"https:\/\/www.facebook.com\/nationalstore\/?ref=br_rs\" \/>\n<meta property=\"article:modified_time\" content=\"2021-10-28T22:00:32+00:00\" \/>\n<meta property=\"og:image\" content=\"https:\/\/nationalstore.be\/wp-content\/uploads\/2022\/06\/image3-1.jpg\" \/>\n\t<meta property=\"og:image:width\" content=\"1280\" \/>\n\t<meta property=\"og:image:height\" content=\"853\" \/>\n\t<meta property=\"og:image:type\" content=\"image\/jpeg\" \/>\n<meta name=\"twitter:card\" content=\"summary_large_image\" \/>\n<meta name=\"twitter:site\" content=\"@Nationalstore\" \/>\n<meta name=\"twitter:label1\" content=\"Dur\u00e9e de lecture estim\u00e9e\" \/>\n\t<meta name=\"twitter:data1\" content=\"1 minute\" \/>\n<script type=\"application\/ld+json\" class=\"yoast-schema-graph\">{\"@context\":\"https:\/\/schema.org\",\"@graph\":[{\"@type\":\"Organization\",\"@id\":\"https:\/\/nationalstore.be\/fr#organization\",\"name\":\"NATIONA(A)L ARTIST MARKET\",\"url\":\"https:\/\/nationalstore.be\/fr\",\"sameAs\":[\"https:\/\/www.instagram.com\/nationalstore\/\",\"https:\/\/www.facebook.com\/nationalstore\/?ref=br_rs\",\"https:\/\/twitter.com\/Nationalstore\"],\"logo\":{\"@type\":\"ImageObject\",\"inLanguage\":\"fr-FR\",\"@id\":\"https:\/\/nationalstore.be\/fr#\/schema\/logo\/image\/\",\"url\":\"https:\/\/nationalstore.be\/wp-content\/uploads\/2024\/03\/nationaal-logo_mauve-cmjn.png\",\"contentUrl\":\"https:\/\/nationalstore.be\/wp-content\/uploads\/2024\/03\/nationaal-logo_mauve-cmjn.png\",\"width\":3475,\"height\":1352,\"caption\":\"NATIONA(A)L ARTIST MARKET\"},\"image\":{\"@id\":\"https:\/\/nationalstore.be\/fr#\/schema\/logo\/image\/\"}},{\"@type\":\"WebSite\",\"@id\":\"https:\/\/nationalstore.be\/fr#website\",\"url\":\"https:\/\/nationalstore.be\/fr\",\"name\":\"NATIONA(A)L ARTIST SUPERMARKET\",\"description\":\"\",\"publisher\":{\"@id\":\"https:\/\/nationalstore.be\/fr#organization\"},\"potentialAction\":[{\"@type\":\"SearchAction\",\"target\":{\"@type\":\"EntryPoint\",\"urlTemplate\":\"https:\/\/nationalstore.be\/fr?s={search_term_string}\"},\"query-input\":\"required name=search_term_string\"}],\"inLanguage\":\"fr-FR\"},{\"@type\":\"ImageObject\",\"inLanguage\":\"fr-FR\",\"@id\":\"https:\/\/nationalstore.be\/fr\/produit\/scissors-sisters#primaryimage\",\"url\":\"https:\/\/nationalstore.be\/wp-content\/uploads\/2022\/06\/image3-1.jpg\",\"contentUrl\":\"https:\/\/nationalstore.be\/wp-content\/uploads\/2022\/06\/image3-1.jpg\",\"width\":1280,\"height\":853},{\"@type\":[\"WebPage\",\"ItemPage\"],\"@id\":\"https:\/\/nationalstore.be\/fr\/produit\/scissors-sisters#webpage\",\"url\":\"https:\/\/nationalstore.be\/fr\/produit\/scissors-sisters\",\"name\":\"Scissors\u2019 Sisters | E-shop artistes belges\",\"isPartOf\":{\"@id\":\"https:\/\/nationalstore.be\/fr#website\"},\"primaryImageOfPage\":{\"@id\":\"https:\/\/nationalstore.be\/fr\/produit\/scissors-sisters#primaryimage\"},\"datePublished\":\"2021-01-14T20:47:17+00:00\",\"dateModified\":\"2021-10-28T22:00:32+00:00\",\"description\":\"Acheter un produit comme Scissors\u2019 Sisters? Laissez vous surprendre par nos artistes belges sp\u00e9cialis\u00e9s en produits artisanaux!\",\"breadcrumb\":{\"@id\":\"https:\/\/nationalstore.be\/fr\/produit\/scissors-sisters#breadcrumb\"},\"inLanguage\":\"fr-FR\",\"potentialAction\":[{\"@type\":\"ReadAction\",\"target\":[\"https:\/\/nationalstore.be\/fr\/produit\/scissors-sisters\"]}]},{\"@type\":\"BreadcrumbList\",\"@id\":\"https:\/\/nationalstore.be\/fr\/produit\/scissors-sisters#breadcrumb\",\"itemListElement\":[{\"@type\":\"ListItem\",\"position\":1,\"name\":\"Home\",\"item\":\"https:\/\/nationalstore.be\/fr\"},{\"@type\":\"ListItem\",\"position\":2,\"name\":\"Produits\",\"item\":\"https:\/\/nationalstore.be\/fr\/shop\"},{\"@type\":\"ListItem\",\"position\":3,\"name\":\"Subcategories\",\"item\":\"https:\/\/nationalstore.be\/fr\/pc\/subcategories-fr\"},{\"@type\":\"ListItem\",\"position\":4,\"name\":\"Notre s\u00e9lection \u00e0 voir au Contemporary Design Market en ligne et \u00e0 Tour &amp; Taxis !\",\"item\":\"https:\/\/nationalstore.be\/fr\/pc\/subcategories-fr\/notre-selection-a-voir-au-contemporary-design-market-en-ligne-et-a-tour-taxis\"},{\"@type\":\"ListItem\",\"position\":5,\"name\":\"Scissors\u2019 Sisters\"}]}]}<\/script>\n<!-- \/ Yoast SEO plugin. -->","yoast_head_json":{"title":"Scissors\u2019 Sisters | E-shop artistes belges","description":"Acheter un produit comme Scissors\u2019 Sisters? Laissez vous surprendre par nos artistes belges sp\u00e9cialis\u00e9s en produits artisanaux!","robots":{"index":"index","follow":"follow","max-snippet":"max-snippet:-1","max-image-preview":"max-image-preview:large","max-video-preview":"max-video-preview:-1"},"canonical":"https:\/\/nationalstore.be\/fr\/produit\/scissors-sisters","og_locale":"fr_FR","og_type":"article","og_title":"Scissors\u2019 Sisters | E-shop artistes belges","og_description":"Acheter un produit comme Scissors\u2019 Sisters? Laissez vous surprendre par nos artistes belges sp\u00e9cialis\u00e9s en produits artisanaux!","og_url":"https:\/\/nationalstore.be\/fr\/produit\/scissors-sisters","og_site_name":"NATIONA(A)L ARTIST SUPERMARKET","article_publisher":"https:\/\/www.facebook.com\/nationalstore\/?ref=br_rs","article_modified_time":"2021-10-28T22:00:32+00:00","og_image":[{"width":1280,"height":853,"url":"https:\/\/nationalstore.be\/wp-content\/uploads\/2022\/06\/image3-1.jpg","type":"image\/jpeg"}],"twitter_card":"summary_large_image","twitter_site":"@Nationalstore","twitter_misc":{"Dur\u00e9e de lecture estim\u00e9e":"1 minute"},"schema":{"@context":"https:\/\/schema.org","@graph":[{"@type":"Organization","@id":"https:\/\/nationalstore.be\/fr#organization","name":"NATIONA(A)L ARTIST MARKET","url":"https:\/\/nationalstore.be\/fr","sameAs":["https:\/\/www.instagram.com\/nationalstore\/","https:\/\/www.facebook.com\/nationalstore\/?ref=br_rs","https:\/\/twitter.com\/Nationalstore"],"logo":{"@type":"ImageObject","inLanguage":"fr-FR","@id":"https:\/\/nationalstore.be\/fr#\/schema\/logo\/image\/","url":"https:\/\/nationalstore.be\/wp-content\/uploads\/2024\/03\/nationaal-logo_mauve-cmjn.png","contentUrl":"https:\/\/nationalstore.be\/wp-content\/uploads\/2024\/03\/nationaal-logo_mauve-cmjn.png","width":3475,"height":1352,"caption":"NATIONA(A)L ARTIST MARKET"},"image":{"@id":"https:\/\/nationalstore.be\/fr#\/schema\/logo\/image\/"}},{"@type":"WebSite","@id":"https:\/\/nationalstore.be\/fr#website","url":"https:\/\/nationalstore.be\/fr","name":"NATIONA(A)L ARTIST SUPERMARKET","description":"","publisher":{"@id":"https:\/\/nationalstore.be\/fr#organization"},"potentialAction":[{"@type":"SearchAction","target":{"@type":"EntryPoint","urlTemplate":"https:\/\/nationalstore.be\/fr?s={search_term_string}"},"query-input":"required name=search_term_string"}],"inLanguage":"fr-FR"},{"@type":"ImageObject","inLanguage":"fr-FR","@id":"https:\/\/nationalstore.be\/fr\/produit\/scissors-sisters#primaryimage","url":"https:\/\/nationalstore.be\/wp-content\/uploads\/2022\/06\/image3-1.jpg","contentUrl":"https:\/\/nationalstore.be\/wp-content\/uploads\/2022\/06\/image3-1.jpg","width":1280,"height":853},{"@type":["WebPage","ItemPage"],"@id":"https:\/\/nationalstore.be\/fr\/produit\/scissors-sisters#webpage","url":"https:\/\/nationalstore.be\/fr\/produit\/scissors-sisters","name":"Scissors\u2019 Sisters | E-shop artistes belges","isPartOf":{"@id":"https:\/\/nationalstore.be\/fr#website"},"primaryImageOfPage":{"@id":"https:\/\/nationalstore.be\/fr\/produit\/scissors-sisters#primaryimage"},"datePublished":"2021-01-14T20:47:17+00:00","dateModified":"2021-10-28T22:00:32+00:00","description":"Acheter un produit comme Scissors\u2019 Sisters? Laissez vous surprendre par nos artistes belges sp\u00e9cialis\u00e9s en produits artisanaux!","breadcrumb":{"@id":"https:\/\/nationalstore.be\/fr\/produit\/scissors-sisters#breadcrumb"},"inLanguage":"fr-FR","potentialAction":[{"@type":"ReadAction","target":["https:\/\/nationalstore.be\/fr\/produit\/scissors-sisters"]}]},{"@type":"BreadcrumbList","@id":"https:\/\/nationalstore.be\/fr\/produit\/scissors-sisters#breadcrumb","itemListElement":[{"@type":"ListItem","position":1,"name":"Home","item":"https:\/\/nationalstore.be\/fr"},{"@type":"ListItem","position":2,"name":"Produits","item":"https:\/\/nationalstore.be\/fr\/shop"},{"@type":"ListItem","position":3,"name":"Subcategories","item":"https:\/\/nationalstore.be\/fr\/pc\/subcategories-fr"},{"@type":"ListItem","position":4,"name":"Notre s\u00e9lection \u00e0 voir au Contemporary Design Market en ligne et \u00e0 Tour &amp; Taxis !","item":"https:\/\/nationalstore.be\/fr\/pc\/subcategories-fr\/notre-selection-a-voir-au-contemporary-design-market-en-ligne-et-a-tour-taxis"},{"@type":"ListItem","position":5,"name":"Scissors\u2019 Sisters"}]}]}},"_links":{"self":[{"href":"https:\/\/nationalstore.be\/fr\/wp-json\/wp\/v2\/product\/13807"}],"collection":[{"href":"https:\/\/nationalstore.be\/fr\/wp-json\/wp\/v2\/product"}],"about":[{"href":"https:\/\/nationalstore.be\/fr\/wp-json\/wp\/v2\/types\/product"}],"wp:featuredmedia":[{"embeddable":true,"href":"https:\/\/nationalstore.be\/fr\/wp-json\/wp\/v2\/media\/36995"}],"wp:attachment":[{"href":"https:\/\/nationalstore.be\/fr\/wp-json\/wp\/v2\/media?parent=13807"}],"wp:term":[{"taxonomy":"product_cat","embeddable":true,"href":"https:\/\/nationalstore.be\/fr\/wp-json\/wp\/v2\/product_cat?post=13807"},{"taxonomy":"product_tag","embeddable":true,"href":"https:\/\/nationalstore.be\/fr\/wp-json\/wp\/v2\/product_tag?post=13807"}],"curies":[{"name":"wp","href":"https:\/\/api.w.org\/{rel}","templated":true}]}}