{"id":10898,"date":"2020-12-14T12:45:45","date_gmt":"2020-12-14T11:25:40","guid":{"rendered":"https:\/\/nationalstore.be\/?post_type=product&#038;p=10898"},"modified":"2025-12-22T12:04:20","modified_gmt":"2025-12-22T11:04:20","slug":"under-the-reefs-orchestra-lp","status":"archived","type":"product","link":"https:\/\/nationalstore.be\/fr\/produit\/under-the-reefs-orchestra-lp","title":{"rendered":"Under The Reefs Orchestra (LP)"},"content":{"rendered":"<p><!-- [if lt IE 9]><img loading=\"lazy\" src=\"data:image\/gif;base64,R0lGODlhAQABAIAAAAAAAP\/\/\/yH5BAEAAAAALAAAAAABAAEAAAIBRAA7\" data-wp-preserve=\"%3Cscript%3Edocument.createElement('audio')%3B%3C%2Fscript%3E\" data-mce-resize=\"false\" data-mce-placeholder=\"1\" class=\"mce-object\" width=\"20\" height=\"20\" alt=\"<script>\" title=\"<script>\" \/><![endif]--><\/p>\n<div class=\"wp-playlist wp-audio-playlist wp-playlist-light\">\n<div>\n<p><span lang=\"FR-BE\">Quatre ans apr\u00e8s son dernier album solo, le guitariste et compositeur fran\u00e7ais, Clement Nourry revient avec Under the Reefs Orchestra, et\u00a0un album \u00e9ponyme.<\/span><\/p>\n<p><span lang=\"FR-BE\">Univers\u00a0instrumental une fois de plus, peupl\u00e9 par les vibrations profondes et\u00a0d\u00e9chirante du saxophone basse de Marti Melia (Flat earth Society), par les\u00a0batteries et les inventions \u00e9lectriques de Louis Evrard (Jawhar, Robbin\u00a0Millions), et toujours par les riffs et arp\u00e8ges lancinants des guitares de\u00a0Nourry\u2026<\/span><\/p>\n<p><span lang=\"FR-BE\">\u00a0<\/span><\/p>\n<p><span lang=\"FR-BE\">Quatres\u00a0ann\u00e9es d&#8217;experimentations n\u00e9cessaires \u00e0 la maturation lente des id\u00e9es, \u00e0 la\u00a0pr\u00e9paration d\u2019un nouveau geste musical. Pour Nourry, pas question de livrer une\u00a0musique qui n\u2019a pas \u00e9t\u00e9 ressass\u00e9e jusqu\u2019\u00e0 l\u2019obsession.<\/span><\/p>\n<p><span lang=\"FR-BE\">Puis,\u00a0en 2 jours d\u2019enregistrements intenses et agit\u00e9s au Jet studio \u00e0 Bruxelles, le groupe a\u00a0grav\u00e9 \u00e0 l\u2019eau forte un album stellaire, une bande-son hant\u00e9e par les spectres\u00a0de Moondog et Adrien Belew.<\/span><\/p>\n<p><span lang=\"FR-BE\">Intense,\u00a0cin\u00e9matographique, la musique d&#8217;Under the Reefs Orchestra trace un trait\u00a0d&#8217;union entre le post-rock et le jazz spirituel.<\/span><\/p>\n<p><span lang=\"FR-BE\">Des\u00a0riffs angulaires de l\u2019ouverture magistrale (une \u00eele) au chaos fractal du\u00a0Naufrage final, ce disque fa\u00e7onne une fresque fabuleuse:<\/span><\/p>\n<p><span lang=\"FR-BE\">Sept\u00a0morceaux hypnotiques et vertigineux, sept \u00e9tapes d&#8217;un trip hallucin\u00e9 le\u00a0long des instables failles volcaniques japonaises, dans les lumineux\u00a0d\u00e9serts salins d&#8217;Argentine, dans un lent naufrage vers\u00a0le fond de l&#8217;oc\u00e9an pacifique&#8230;<\/span><\/p>\n<\/div>\n<div class=\"wp-playlist-prev\"><\/div>\n<p><noscript><\/p>\n<ol>\n<li><a href='https:\/\/nationalstore.be\/wp-content\/uploads\/2020\/12\/01-Une-I\u0302le_44_16.mp3'>01-Une I\u0302le_44_16<\/a><\/li>\n<li><a href='https:\/\/nationalstore.be\/wp-content\/uploads\/2020\/12\/02-Sumo_44_16.mp3'>02-Sumo_44_16<\/a><\/li>\n<li><a href='https:\/\/nationalstore.be\/wp-content\/uploads\/2020\/12\/03-Eldorado_44_16.mp3'>03-Eldorado_44_16<\/a><\/li>\n<li><a href='https:\/\/nationalstore.be\/wp-content\/uploads\/2020\/12\/04-Tucuman_44_16.mp3'>04-Tucuman_44_16<\/a><\/li>\n<li><a href='https:\/\/nationalstore.be\/wp-content\/uploads\/2020\/12\/05-Hana_44_16.mp3'>05-Hana_44_16<\/a><\/li>\n<li><a href='https:\/\/nationalstore.be\/wp-content\/uploads\/2020\/12\/06-Le-Marcheur_44_16.mp3'>06-Le Marcheur_44_16<\/a><\/li>\n<li><a href='https:\/\/nationalstore.be\/wp-content\/uploads\/2020\/12\/07-Le-Naufrage_44_16.mp3'>07-Le Naufrage_44_16<\/a><\/li>\n<\/ol>\n<p>\t<\/noscript><br \/><img loading=\"lazy\" src=\"data:image\/gif;base64,R0lGODlhAQABAIAAAAAAAP\/\/\/yH5BAEAAAAALAAAAAABAAEAAAIBRAA7\" data-wp-preserve=\"%3Cscript%20type%3D%22application%2Fjson%22%20class%3D%22wp-playlist-script%22%3E%7B%22type%22%3A%22audio%22%2C%22tracklist%22%3Atrue%2C%22tracknumbers%22%3Atrue%2C%22images%22%3Atrue%2C%22artists%22%3Atrue%2C%22tracks%22%3A%5B%7B%22src%22%3A%22https%3A%5C%2F%5C%2Fnationalstore.be%5C%2Fwp-content%5C%2Fuploads%5C%2F2020%5C%2F12%5C%2F01-Une-I%5Cu0302le_44_16.mp3%22%2C%22type%22%3A%22audio%5C%2Fmpeg%22%2C%22title%22%3A%2201-Une%20I%5Cu0302le_44_16%22%2C%22caption%22%3A%22%22%2C%22description%22%3A%22%5C%2201-Une%20I%5Cu0302le_44_16%5C%22.%22%2C%22meta%22%3A%7B%22length_formatted%22%3A%227%3A08%22%7D%2C%22image%22%3A%7B%22src%22%3A%22https%3A%5C%2F%5C%2Fnationalstore.be%5C%2Fwp-includes%5C%2Fimages%5C%2Fmedia%5C%2Faudio.png%22%2C%22width%22%3A48%2C%22height%22%3A64%7D%2C%22thumb%22%3A%7B%22src%22%3A%22https%3A%5C%2F%5C%2Fnationalstore.be%5C%2Fwp-includes%5C%2Fimages%5C%2Fmedia%5C%2Faudio.png%22%2C%22width%22%3A48%2C%22height%22%3A64%7D%7D%2C%7B%22src%22%3A%22https%3A%5C%2F%5C%2Fnationalstore.be%5C%2Fwp-content%5C%2Fuploads%5C%2F2020%5C%2F12%5C%2F02-Sumo_44_16.mp3%22%2C%22type%22%3A%22audio%5C%2Fmpeg%22%2C%22title%22%3A%2202-Sumo_44_16%22%2C%22caption%22%3A%22%22%2C%22description%22%3A%22%5C%2202-Sumo_44_16%5C%22.%22%2C%22meta%22%3A%7B%22length_formatted%22%3A%223%3A57%22%7D%2C%22image%22%3A%7B%22src%22%3A%22https%3A%5C%2F%5C%2Fnationalstore.be%5C%2Fwp-includes%5C%2Fimages%5C%2Fmedia%5C%2Faudio.png%22%2C%22width%22%3A48%2C%22height%22%3A64%7D%2C%22thumb%22%3A%7B%22src%22%3A%22https%3A%5C%2F%5C%2Fnationalstore.be%5C%2Fwp-includes%5C%2Fimages%5C%2Fmedia%5C%2Faudio.png%22%2C%22width%22%3A48%2C%22height%22%3A64%7D%7D%2C%7B%22src%22%3A%22https%3A%5C%2F%5C%2Fnationalstore.be%5C%2Fwp-content%5C%2Fuploads%5C%2F2020%5C%2F12%5C%2F03-Eldorado_44_16.mp3%22%2C%22type%22%3A%22audio%5C%2Fmpeg%22%2C%22title%22%3A%2203-Eldorado_44_16%22%2C%22caption%22%3A%22%22%2C%22description%22%3A%22%5C%2203-Eldorado_44_16%5C%22.%22%2C%22meta%22%3A%7B%22length_formatted%22%3A%221%3A55%22%7D%2C%22image%22%3A%7B%22src%22%3A%22https%3A%5C%2F%5C%2Fnationalstore.be%5C%2Fwp-includes%5C%2Fimages%5C%2Fmedia%5C%2Faudio.png%22%2C%22width%22%3A48%2C%22height%22%3A64%7D%2C%22thumb%22%3A%7B%22src%22%3A%22https%3A%5C%2F%5C%2Fnationalstore.be%5C%2Fwp-includes%5C%2Fimages%5C%2Fmedia%5C%2Faudio.png%22%2C%22width%22%3A48%2C%22height%22%3A64%7D%7D%2C%7B%22src%22%3A%22https%3A%5C%2F%5C%2Fnationalstore.be%5C%2Fwp-content%5C%2Fuploads%5C%2F2020%5C%2F12%5C%2F04-Tucuman_44_16.mp3%22%2C%22type%22%3A%22audio%5C%2Fmpeg%22%2C%22title%22%3A%2204-Tucuman_44_16%22%2C%22caption%22%3A%22%22%2C%22description%22%3A%22%5C%2204-Tucuman_44_16%5C%22.%22%2C%22meta%22%3A%7B%22length_formatted%22%3A%224%3A56%22%7D%2C%22image%22%3A%7B%22src%22%3A%22https%3A%5C%2F%5C%2Fnationalstore.be%5C%2Fwp-includes%5C%2Fimages%5C%2Fmedia%5C%2Faudio.png%22%2C%22width%22%3A48%2C%22height%22%3A64%7D%2C%22thumb%22%3A%7B%22src%22%3A%22https%3A%5C%2F%5C%2Fnationalstore.be%5C%2Fwp-includes%5C%2Fimages%5C%2Fmedia%5C%2Faudio.png%22%2C%22width%22%3A48%2C%22height%22%3A64%7D%7D%2C%7B%22src%22%3A%22https%3A%5C%2F%5C%2Fnationalstore.be%5C%2Fwp-content%5C%2Fuploads%5C%2F2020%5C%2F12%5C%2F05-Hana_44_16.mp3%22%2C%22type%22%3A%22audio%5C%2Fmpeg%22%2C%22title%22%3A%2205-Hana_44_16%22%2C%22caption%22%3A%22%22%2C%22description%22%3A%22%5C%2205-Hana_44_16%5C%22.%22%2C%22meta%22%3A%7B%22length_formatted%22%3A%223%3A38%22%7D%2C%22image%22%3A%7B%22src%22%3A%22https%3A%5C%2F%5C%2Fnationalstore.be%5C%2Fwp-includes%5C%2Fimages%5C%2Fmedia%5C%2Faudio.png%22%2C%22width%22%3A48%2C%22height%22%3A64%7D%2C%22thumb%22%3A%7B%22src%22%3A%22https%3A%5C%2F%5C%2Fnationalstore.be%5C%2Fwp-includes%5C%2Fimages%5C%2Fmedia%5C%2Faudio.png%22%2C%22width%22%3A48%2C%22height%22%3A64%7D%7D%2C%7B%22src%22%3A%22https%3A%5C%2F%5C%2Fnationalstore.be%5C%2Fwp-content%5C%2Fuploads%5C%2F2020%5C%2F12%5C%2F06-Le-Marcheur_44_16.mp3%22%2C%22type%22%3A%22audio%5C%2Fmpeg%22%2C%22title%22%3A%2206-Le%20Marcheur_44_16%22%2C%22caption%22%3A%22%22%2C%22description%22%3A%22%5C%2206-Le%20Marcheur_44_16%5C%22.%22%2C%22meta%22%3A%7B%22length_formatted%22%3A%226%3A06%22%7D%2C%22image%22%3A%7B%22src%22%3A%22https%3A%5C%2F%5C%2Fnationalstore.be%5C%2Fwp-includes%5C%2Fimages%5C%2Fmedia%5C%2Faudio.png%22%2C%22width%22%3A48%2C%22height%22%3A64%7D%2C%22thumb%22%3A%7B%22src%22%3A%22https%3A%5C%2F%5C%2Fnationalstore.be%5C%2Fwp-includes%5C%2Fimages%5C%2Fmedia%5C%2Faudio.png%22%2C%22width%22%3A48%2C%22height%22%3A64%7D%7D%2C%7B%22src%22%3A%22https%3A%5C%2F%5C%2Fnationalstore.be%5C%2Fwp-content%5C%2Fuploads%5C%2F2020%5C%2F12%5C%2F07-Le-Naufrage_44_16.mp3%22%2C%22type%22%3A%22audio%5C%2Fmpeg%22%2C%22title%22%3A%2207-Le%20Naufrage_44_16%22%2C%22caption%22%3A%22%22%2C%22description%22%3A%22%5C%2207-Le%20Naufrage_44_16%5C%22.%22%2C%22meta%22%3A%7B%22length_formatted%22%3A%227%3A33%22%7D%2C%22image%22%3A%7B%22src%22%3A%22https%3A%5C%2F%5C%2Fnationalstore.be%5C%2Fwp-includes%5C%2Fimages%5C%2Fmedia%5C%2Faudio.png%22%2C%22width%22%3A48%2C%22height%22%3A64%7D%2C%22thumb%22%3A%7B%22src%22%3A%22https%3A%5C%2F%5C%2Fnationalstore.be%5C%2Fwp-includes%5C%2Fimages%5C%2Fmedia%5C%2Faudio.png%22%2C%22width%22%3A48%2C%22height%22%3A64%7D%7D%5D%7D%3C%2Fscript%3E\" data-mce-resize=\"false\" data-mce-placeholder=\"1\" class=\"mce-object\" width=\"20\" height=\"20\" alt=\"<script>&#8221; title=&#8221;<script>\"><\/p>\n<\/div>\n","protected":false},"excerpt":{"rendered":"<p><iframe style=\"border: 0; width: 100%; height: 373px;\" src=\"https:\/\/bandcamp.com\/EmbeddedPlayer\/album=1793835476\/size=large\/bgcol=ffffff\/linkcol=0687f5\/artwork=none\/transparent=true\/\" seamless><a href=\"https:\/\/underthereefsorchestra.bandcamp.com\/album\/under-the-reefs-orchestra\">Under The Reefs Orchestra by Under the Reefs Orchestra<\/a><\/iframe><br data-mce-bogus=\"1\"><\/p>\n","protected":false},"featured_media":10851,"template":"","meta":[],"product_cat":[1451,2735,2738,533],"product_tag":[3018,3343],"yoast_head":"<!-- This site is optimized with the Yoast SEO plugin v19.1 - https:\/\/yoast.com\/wordpress\/plugins\/seo\/ -->\n<title>Under The Reefs Orchestra (LP) | E-shop artistes belges<\/title>\n<meta name=\"description\" content=\"Acheter un produit comme Under The Reefs Orchestra (LP)? Laissez vous surprendre par nos artistes belges sp\u00e9cialis\u00e9s en produits artisanaux!\" \/>\n<meta name=\"robots\" content=\"index, follow, max-snippet:-1, max-image-preview:large, max-video-preview:-1\" \/>\n<link rel=\"canonical\" href=\"https:\/\/nationalstore.be\/fr\/produit\/under-the-reefs-orchestra-lp\" \/>\n<meta property=\"og:locale\" content=\"fr_FR\" \/>\n<meta property=\"og:type\" content=\"article\" \/>\n<meta property=\"og:title\" content=\"Under The Reefs Orchestra (LP) | E-shop artistes belges\" \/>\n<meta property=\"og:description\" content=\"Acheter un produit comme Under The Reefs Orchestra (LP)? Laissez vous surprendre par nos artistes belges sp\u00e9cialis\u00e9s en produits artisanaux!\" \/>\n<meta property=\"og:url\" content=\"https:\/\/nationalstore.be\/fr\/produit\/under-the-reefs-orchestra-lp\" \/>\n<meta property=\"og:site_name\" content=\"NATIONA(A)L ARTIST SUPERMARKET\" \/>\n<meta property=\"article:publisher\" content=\"https:\/\/www.facebook.com\/nationalstore\/?ref=br_rs\" \/>\n<meta property=\"article:modified_time\" content=\"2025-12-22T11:04:20+00:00\" \/>\n<meta property=\"og:image\" content=\"https:\/\/nationalstore.be\/wp-content\/uploads\/2020\/12\/UTRO-Vinyl-MockUp.png\" \/>\n\t<meta property=\"og:image:width\" content=\"2400\" \/>\n\t<meta property=\"og:image:height\" content=\"1700\" \/>\n\t<meta property=\"og:image:type\" content=\"image\/png\" \/>\n<meta name=\"twitter:card\" content=\"summary_large_image\" \/>\n<meta name=\"twitter:site\" content=\"@Nationalstore\" \/>\n<meta name=\"twitter:label1\" content=\"Dur\u00e9e de lecture estim\u00e9e\" \/>\n\t<meta name=\"twitter:data1\" content=\"1 minute\" \/>\n<script type=\"application\/ld+json\" class=\"yoast-schema-graph\">{\"@context\":\"https:\/\/schema.org\",\"@graph\":[{\"@type\":\"Organization\",\"@id\":\"https:\/\/nationalstore.be\/fr#organization\",\"name\":\"NATIONA(A)L ARTIST MARKET\",\"url\":\"https:\/\/nationalstore.be\/fr\",\"sameAs\":[\"https:\/\/www.instagram.com\/nationalstore\/\",\"https:\/\/www.facebook.com\/nationalstore\/?ref=br_rs\",\"https:\/\/twitter.com\/Nationalstore\"],\"logo\":{\"@type\":\"ImageObject\",\"inLanguage\":\"fr-FR\",\"@id\":\"https:\/\/nationalstore.be\/fr#\/schema\/logo\/image\/\",\"url\":\"https:\/\/nationalstore.be\/wp-content\/uploads\/2024\/03\/nationaal-logo_mauve-cmjn.png\",\"contentUrl\":\"https:\/\/nationalstore.be\/wp-content\/uploads\/2024\/03\/nationaal-logo_mauve-cmjn.png\",\"width\":3475,\"height\":1352,\"caption\":\"NATIONA(A)L ARTIST MARKET\"},\"image\":{\"@id\":\"https:\/\/nationalstore.be\/fr#\/schema\/logo\/image\/\"}},{\"@type\":\"WebSite\",\"@id\":\"https:\/\/nationalstore.be\/fr#website\",\"url\":\"https:\/\/nationalstore.be\/fr\",\"name\":\"NATIONA(A)L ARTIST SUPERMARKET\",\"description\":\"\",\"publisher\":{\"@id\":\"https:\/\/nationalstore.be\/fr#organization\"},\"potentialAction\":[{\"@type\":\"SearchAction\",\"target\":{\"@type\":\"EntryPoint\",\"urlTemplate\":\"https:\/\/nationalstore.be\/fr?s={search_term_string}\"},\"query-input\":\"required name=search_term_string\"}],\"inLanguage\":\"fr-FR\"},{\"@type\":\"ImageObject\",\"inLanguage\":\"fr-FR\",\"@id\":\"https:\/\/nationalstore.be\/fr\/produit\/under-the-reefs-orchestra-lp#primaryimage\",\"url\":\"https:\/\/nationalstore.be\/wp-content\/uploads\/2020\/12\/UTRO-Vinyl-MockUp.png\",\"contentUrl\":\"https:\/\/nationalstore.be\/wp-content\/uploads\/2020\/12\/UTRO-Vinyl-MockUp.png\",\"width\":2400,\"height\":1700},{\"@type\":[\"WebPage\",\"ItemPage\"],\"@id\":\"https:\/\/nationalstore.be\/fr\/produit\/under-the-reefs-orchestra-lp#webpage\",\"url\":\"https:\/\/nationalstore.be\/fr\/produit\/under-the-reefs-orchestra-lp\",\"name\":\"Under The Reefs Orchestra (LP) | E-shop artistes belges\",\"isPartOf\":{\"@id\":\"https:\/\/nationalstore.be\/fr#website\"},\"primaryImageOfPage\":{\"@id\":\"https:\/\/nationalstore.be\/fr\/produit\/under-the-reefs-orchestra-lp#primaryimage\"},\"datePublished\":\"2020-12-14T11:25:40+00:00\",\"dateModified\":\"2025-12-22T11:04:20+00:00\",\"description\":\"Acheter un produit comme Under The Reefs Orchestra (LP)? Laissez vous surprendre par nos artistes belges sp\u00e9cialis\u00e9s en produits artisanaux!\",\"breadcrumb\":{\"@id\":\"https:\/\/nationalstore.be\/fr\/produit\/under-the-reefs-orchestra-lp#breadcrumb\"},\"inLanguage\":\"fr-FR\",\"potentialAction\":[{\"@type\":\"ReadAction\",\"target\":[\"https:\/\/nationalstore.be\/fr\/produit\/under-the-reefs-orchestra-lp\"]}]},{\"@type\":\"BreadcrumbList\",\"@id\":\"https:\/\/nationalstore.be\/fr\/produit\/under-the-reefs-orchestra-lp#breadcrumb\",\"itemListElement\":[{\"@type\":\"ListItem\",\"position\":1,\"name\":\"Home\",\"item\":\"https:\/\/nationalstore.be\/fr\"},{\"@type\":\"ListItem\",\"position\":2,\"name\":\"Produits\",\"item\":\"https:\/\/nationalstore.be\/fr\/shop\"},{\"@type\":\"ListItem\",\"position\":3,\"name\":\"Subcategories\",\"item\":\"https:\/\/nationalstore.be\/fr\/pc\/subcategories-fr\"},{\"@type\":\"ListItem\",\"position\":4,\"name\":\"5 labels de musique belges qui vous feront swinguer\",\"item\":\"https:\/\/nationalstore.be\/fr\/pc\/subcategories-fr\/5-labels-de-musique-belges-qui-vous-feront-swinguer\"},{\"@type\":\"ListItem\",\"position\":5,\"name\":\"Under The Reefs Orchestra (LP)\"}]}]}<\/script>\n<!-- \/ Yoast SEO plugin. -->","yoast_head_json":{"title":"Under The Reefs Orchestra (LP) | E-shop artistes belges","description":"Acheter un produit comme Under The Reefs Orchestra (LP)? Laissez vous surprendre par nos artistes belges sp\u00e9cialis\u00e9s en produits artisanaux!","robots":{"index":"index","follow":"follow","max-snippet":"max-snippet:-1","max-image-preview":"max-image-preview:large","max-video-preview":"max-video-preview:-1"},"canonical":"https:\/\/nationalstore.be\/fr\/produit\/under-the-reefs-orchestra-lp","og_locale":"fr_FR","og_type":"article","og_title":"Under The Reefs Orchestra (LP) | E-shop artistes belges","og_description":"Acheter un produit comme Under The Reefs Orchestra (LP)? Laissez vous surprendre par nos artistes belges sp\u00e9cialis\u00e9s en produits artisanaux!","og_url":"https:\/\/nationalstore.be\/fr\/produit\/under-the-reefs-orchestra-lp","og_site_name":"NATIONA(A)L ARTIST SUPERMARKET","article_publisher":"https:\/\/www.facebook.com\/nationalstore\/?ref=br_rs","article_modified_time":"2025-12-22T11:04:20+00:00","og_image":[{"width":2400,"height":1700,"url":"https:\/\/nationalstore.be\/wp-content\/uploads\/2020\/12\/UTRO-Vinyl-MockUp.png","type":"image\/png"}],"twitter_card":"summary_large_image","twitter_site":"@Nationalstore","twitter_misc":{"Dur\u00e9e de lecture estim\u00e9e":"1 minute"},"schema":{"@context":"https:\/\/schema.org","@graph":[{"@type":"Organization","@id":"https:\/\/nationalstore.be\/fr#organization","name":"NATIONA(A)L ARTIST MARKET","url":"https:\/\/nationalstore.be\/fr","sameAs":["https:\/\/www.instagram.com\/nationalstore\/","https:\/\/www.facebook.com\/nationalstore\/?ref=br_rs","https:\/\/twitter.com\/Nationalstore"],"logo":{"@type":"ImageObject","inLanguage":"fr-FR","@id":"https:\/\/nationalstore.be\/fr#\/schema\/logo\/image\/","url":"https:\/\/nationalstore.be\/wp-content\/uploads\/2024\/03\/nationaal-logo_mauve-cmjn.png","contentUrl":"https:\/\/nationalstore.be\/wp-content\/uploads\/2024\/03\/nationaal-logo_mauve-cmjn.png","width":3475,"height":1352,"caption":"NATIONA(A)L ARTIST MARKET"},"image":{"@id":"https:\/\/nationalstore.be\/fr#\/schema\/logo\/image\/"}},{"@type":"WebSite","@id":"https:\/\/nationalstore.be\/fr#website","url":"https:\/\/nationalstore.be\/fr","name":"NATIONA(A)L ARTIST SUPERMARKET","description":"","publisher":{"@id":"https:\/\/nationalstore.be\/fr#organization"},"potentialAction":[{"@type":"SearchAction","target":{"@type":"EntryPoint","urlTemplate":"https:\/\/nationalstore.be\/fr?s={search_term_string}"},"query-input":"required name=search_term_string"}],"inLanguage":"fr-FR"},{"@type":"ImageObject","inLanguage":"fr-FR","@id":"https:\/\/nationalstore.be\/fr\/produit\/under-the-reefs-orchestra-lp#primaryimage","url":"https:\/\/nationalstore.be\/wp-content\/uploads\/2020\/12\/UTRO-Vinyl-MockUp.png","contentUrl":"https:\/\/nationalstore.be\/wp-content\/uploads\/2020\/12\/UTRO-Vinyl-MockUp.png","width":2400,"height":1700},{"@type":["WebPage","ItemPage"],"@id":"https:\/\/nationalstore.be\/fr\/produit\/under-the-reefs-orchestra-lp#webpage","url":"https:\/\/nationalstore.be\/fr\/produit\/under-the-reefs-orchestra-lp","name":"Under The Reefs Orchestra (LP) | E-shop artistes belges","isPartOf":{"@id":"https:\/\/nationalstore.be\/fr#website"},"primaryImageOfPage":{"@id":"https:\/\/nationalstore.be\/fr\/produit\/under-the-reefs-orchestra-lp#primaryimage"},"datePublished":"2020-12-14T11:25:40+00:00","dateModified":"2025-12-22T11:04:20+00:00","description":"Acheter un produit comme Under The Reefs Orchestra (LP)? Laissez vous surprendre par nos artistes belges sp\u00e9cialis\u00e9s en produits artisanaux!","breadcrumb":{"@id":"https:\/\/nationalstore.be\/fr\/produit\/under-the-reefs-orchestra-lp#breadcrumb"},"inLanguage":"fr-FR","potentialAction":[{"@type":"ReadAction","target":["https:\/\/nationalstore.be\/fr\/produit\/under-the-reefs-orchestra-lp"]}]},{"@type":"BreadcrumbList","@id":"https:\/\/nationalstore.be\/fr\/produit\/under-the-reefs-orchestra-lp#breadcrumb","itemListElement":[{"@type":"ListItem","position":1,"name":"Home","item":"https:\/\/nationalstore.be\/fr"},{"@type":"ListItem","position":2,"name":"Produits","item":"https:\/\/nationalstore.be\/fr\/shop"},{"@type":"ListItem","position":3,"name":"Subcategories","item":"https:\/\/nationalstore.be\/fr\/pc\/subcategories-fr"},{"@type":"ListItem","position":4,"name":"5 labels de musique belges qui vous feront swinguer","item":"https:\/\/nationalstore.be\/fr\/pc\/subcategories-fr\/5-labels-de-musique-belges-qui-vous-feront-swinguer"},{"@type":"ListItem","position":5,"name":"Under The Reefs Orchestra (LP)"}]}]}},"_links":{"self":[{"href":"https:\/\/nationalstore.be\/fr\/wp-json\/wp\/v2\/product\/10898"}],"collection":[{"href":"https:\/\/nationalstore.be\/fr\/wp-json\/wp\/v2\/product"}],"about":[{"href":"https:\/\/nationalstore.be\/fr\/wp-json\/wp\/v2\/types\/product"}],"wp:featuredmedia":[{"embeddable":true,"href":"https:\/\/nationalstore.be\/fr\/wp-json\/wp\/v2\/media\/10851"}],"wp:attachment":[{"href":"https:\/\/nationalstore.be\/fr\/wp-json\/wp\/v2\/media?parent=10898"}],"wp:term":[{"taxonomy":"product_cat","embeddable":true,"href":"https:\/\/nationalstore.be\/fr\/wp-json\/wp\/v2\/product_cat?post=10898"},{"taxonomy":"product_tag","embeddable":true,"href":"https:\/\/nationalstore.be\/fr\/wp-json\/wp\/v2\/product_tag?post=10898"}],"curies":[{"name":"wp","href":"https:\/\/api.w.org\/{rel}","templated":true}]}}