{"id":10794,"date":"2020-12-05T09:44:16","date_gmt":"2020-12-14T09:44:25","guid":{"rendered":"https:\/\/nationalstore.be\/?post_type=product&#038;p=10794"},"modified":"2021-05-20T12:54:24","modified_gmt":"2021-05-20T10:54:24","slug":"la-jungle-coucou-beuh","status":"publish","type":"product","link":"https:\/\/nationalstore.be\/fr\/produit\/la-jungle-coucou-beuh","title":{"rendered":"La Jungle \u2013 Coucou Beuh !!!"},"content":{"rendered":"<p>Jim et Roxie empruntent les codes traditionnels de la noise, s&#8217;en r\u00e9approprient des bribes et bouclent le tout pour r\u00e9p\u00e9ter compulsivement des s\u00e9quences toujours con\u00e7ues live. Une spontan\u00e9it\u00e9 hypnotique et volontairement lancinante, \u00e0 la limite de l&#8217;interminable, qui s&#8217;octroiera \u00e0 l&#8217;occasion quelques br\u00e8ves impulsions doom orientales ou une \u00e9pique bifurcation m\u00e9tal au beau milieu d&#8217;une \u00e9pop\u00e9e kraut-rock. <\/p>\n<p>Si La Jungle est souvent d\u00e9finie comme un duo math-rock, ses deux noisers pr\u00e9f\u00e8rent parler de techno \u00e0 guitare d\u00e9flagrante, \u00e0 batterie fr\u00e9n\u00e9tique et \u00e0 Casio pour gamin, sauvage et effront\u00e9ment dansante. Welcome in the &#8230; trance!<\/p>\n","protected":false},"excerpt":{"rendered":"<p>Double album live du groupe montois de kraut\/techno\/rock LA JUNGLE, enregistr\u00e9 au festival de Dour et au Periscope de Lyon en France.\u00a0<\/p>\n<p><iframe style=\"border: 0; width: 100%; height: 472px;\" src=\"https:\/\/bandcamp.com\/EmbeddedPlayer\/album=3608842209\/size=large\/bgcol=ffffff\/linkcol=0687f5\/artwork=none\/transparent=true\/\" seamless><a href=\"https:\/\/exagrecords.bandcamp.com\/album\/coucou-beuh\">Coucou Beuh !!! by La Jungle<\/a><\/iframe><br data-mce-bogus=\"1\"><\/p>\n<p>Regardez le clip &#8220;<a data-mce-href=\"https:\/\/youtu.be\/vrrRQH8LEfg\" href=\"https:\/\/youtu.be\/vrrRQH8LEfg\">The Knigh The Doom<\/a>&#8221; tourn\u00e9 \u00e0 Dour.\u00a0<\/p>\n<p>Swamp Green &#038; Milk Edition : SOLDOUT<\/p>\n","protected":false},"featured_media":8195,"template":"","meta":[],"product_cat":[1451,533,908],"product_tag":[],"yoast_head":"<!-- This site is optimized with the Yoast SEO plugin v19.1 - https:\/\/yoast.com\/wordpress\/plugins\/seo\/ -->\n<title>La Jungle \u2013 Coucou Beuh !!! | E-shop artistes belges<\/title>\n<meta name=\"description\" content=\"Acheter un produit comme La Jungle \u2013 Coucou Beuh !!!? Laissez vous surprendre par nos artistes belges sp\u00e9cialis\u00e9s en produits artisanaux!\" \/>\n<meta name=\"robots\" content=\"index, follow, max-snippet:-1, max-image-preview:large, max-video-preview:-1\" \/>\n<link rel=\"canonical\" href=\"https:\/\/nationalstore.be\/fr\/produit\/la-jungle-coucou-beuh\" \/>\n<meta property=\"og:locale\" content=\"fr_FR\" \/>\n<meta property=\"og:type\" content=\"article\" \/>\n<meta property=\"og:title\" content=\"La Jungle \u2013 Coucou Beuh !!! | E-shop artistes belges\" \/>\n<meta property=\"og:description\" content=\"Acheter un produit comme La Jungle \u2013 Coucou Beuh !!!? Laissez vous surprendre par nos artistes belges sp\u00e9cialis\u00e9s en produits artisanaux!\" \/>\n<meta property=\"og:url\" content=\"https:\/\/nationalstore.be\/fr\/produit\/la-jungle-coucou-beuh\" \/>\n<meta property=\"og:site_name\" content=\"NATIONA(A)L ARTIST SUPERMARKET\" \/>\n<meta property=\"article:publisher\" content=\"https:\/\/www.facebook.com\/nationalstore\/?ref=br_rs\" \/>\n<meta property=\"article:modified_time\" content=\"2021-05-20T10:54:24+00:00\" \/>\n<meta property=\"og:image\" content=\"https:\/\/nationalstore.be\/wp-content\/uploads\/2020\/12\/LaJungle_MockUp2020_GoldSilver.jpg\" \/>\n\t<meta property=\"og:image:width\" content=\"1500\" \/>\n\t<meta property=\"og:image:height\" content=\"1063\" \/>\n\t<meta property=\"og:image:type\" content=\"image\/jpeg\" \/>\n<meta name=\"twitter:card\" content=\"summary_large_image\" \/>\n<meta name=\"twitter:site\" content=\"@Nationalstore\" \/>\n<meta name=\"twitter:label1\" content=\"Dur\u00e9e de lecture estim\u00e9e\" \/>\n\t<meta name=\"twitter:data1\" content=\"1 minute\" \/>\n<script type=\"application\/ld+json\" class=\"yoast-schema-graph\">{\"@context\":\"https:\/\/schema.org\",\"@graph\":[{\"@type\":\"Organization\",\"@id\":\"https:\/\/nationalstore.be\/fr#organization\",\"name\":\"NATIONA(A)L ARTIST MARKET\",\"url\":\"https:\/\/nationalstore.be\/fr\",\"sameAs\":[\"https:\/\/www.instagram.com\/nationalstore\/\",\"https:\/\/www.facebook.com\/nationalstore\/?ref=br_rs\",\"https:\/\/twitter.com\/Nationalstore\"],\"logo\":{\"@type\":\"ImageObject\",\"inLanguage\":\"fr-FR\",\"@id\":\"https:\/\/nationalstore.be\/fr#\/schema\/logo\/image\/\",\"url\":\"https:\/\/nationalstore.be\/wp-content\/uploads\/2024\/03\/nationaal-logo_mauve-cmjn.png\",\"contentUrl\":\"https:\/\/nationalstore.be\/wp-content\/uploads\/2024\/03\/nationaal-logo_mauve-cmjn.png\",\"width\":3475,\"height\":1352,\"caption\":\"NATIONA(A)L ARTIST MARKET\"},\"image\":{\"@id\":\"https:\/\/nationalstore.be\/fr#\/schema\/logo\/image\/\"}},{\"@type\":\"WebSite\",\"@id\":\"https:\/\/nationalstore.be\/fr#website\",\"url\":\"https:\/\/nationalstore.be\/fr\",\"name\":\"NATIONA(A)L ARTIST SUPERMARKET\",\"description\":\"\",\"publisher\":{\"@id\":\"https:\/\/nationalstore.be\/fr#organization\"},\"potentialAction\":[{\"@type\":\"SearchAction\",\"target\":{\"@type\":\"EntryPoint\",\"urlTemplate\":\"https:\/\/nationalstore.be\/fr?s={search_term_string}\"},\"query-input\":\"required name=search_term_string\"}],\"inLanguage\":\"fr-FR\"},{\"@type\":\"ImageObject\",\"inLanguage\":\"fr-FR\",\"@id\":\"https:\/\/nationalstore.be\/fr\/produit\/la-jungle-coucou-beuh#primaryimage\",\"url\":\"https:\/\/nationalstore.be\/wp-content\/uploads\/2020\/12\/LaJungle_MockUp2020_GoldSilver.jpg\",\"contentUrl\":\"https:\/\/nationalstore.be\/wp-content\/uploads\/2020\/12\/LaJungle_MockUp2020_GoldSilver.jpg\",\"width\":1500,\"height\":1063,\"caption\":\"lajungle\"},{\"@type\":[\"WebPage\",\"ItemPage\"],\"@id\":\"https:\/\/nationalstore.be\/fr\/produit\/la-jungle-coucou-beuh#webpage\",\"url\":\"https:\/\/nationalstore.be\/fr\/produit\/la-jungle-coucou-beuh\",\"name\":\"La Jungle \u2013 Coucou Beuh !!! | E-shop artistes belges\",\"isPartOf\":{\"@id\":\"https:\/\/nationalstore.be\/fr#website\"},\"primaryImageOfPage\":{\"@id\":\"https:\/\/nationalstore.be\/fr\/produit\/la-jungle-coucou-beuh#primaryimage\"},\"datePublished\":\"2020-12-14T09:44:25+00:00\",\"dateModified\":\"2021-05-20T10:54:24+00:00\",\"description\":\"Acheter un produit comme La Jungle \u2013 Coucou Beuh !!!? Laissez vous surprendre par nos artistes belges sp\u00e9cialis\u00e9s en produits artisanaux!\",\"breadcrumb\":{\"@id\":\"https:\/\/nationalstore.be\/fr\/produit\/la-jungle-coucou-beuh#breadcrumb\"},\"inLanguage\":\"fr-FR\",\"potentialAction\":[{\"@type\":\"ReadAction\",\"target\":[\"https:\/\/nationalstore.be\/fr\/produit\/la-jungle-coucou-beuh\"]}]},{\"@type\":\"BreadcrumbList\",\"@id\":\"https:\/\/nationalstore.be\/fr\/produit\/la-jungle-coucou-beuh#breadcrumb\",\"itemListElement\":[{\"@type\":\"ListItem\",\"position\":1,\"name\":\"Home\",\"item\":\"https:\/\/nationalstore.be\/fr\"},{\"@type\":\"ListItem\",\"position\":2,\"name\":\"Produits\",\"item\":\"https:\/\/nationalstore.be\/fr\/shop\"},{\"@type\":\"ListItem\",\"position\":3,\"name\":\"Subcategories\",\"item\":\"https:\/\/nationalstore.be\/fr\/pc\/subcategories-fr\"},{\"@type\":\"ListItem\",\"position\":4,\"name\":\"5 labels de musique belges qui vous feront swinguer\",\"item\":\"https:\/\/nationalstore.be\/fr\/pc\/subcategories-fr\/5-labels-de-musique-belges-qui-vous-feront-swinguer\"},{\"@type\":\"ListItem\",\"position\":5,\"name\":\"La Jungle \u2013 Coucou Beuh !!!\"}]}]}<\/script>\n<!-- \/ Yoast SEO plugin. -->","yoast_head_json":{"title":"La Jungle \u2013 Coucou Beuh !!! | E-shop artistes belges","description":"Acheter un produit comme La Jungle \u2013 Coucou Beuh !!!? Laissez vous surprendre par nos artistes belges sp\u00e9cialis\u00e9s en produits artisanaux!","robots":{"index":"index","follow":"follow","max-snippet":"max-snippet:-1","max-image-preview":"max-image-preview:large","max-video-preview":"max-video-preview:-1"},"canonical":"https:\/\/nationalstore.be\/fr\/produit\/la-jungle-coucou-beuh","og_locale":"fr_FR","og_type":"article","og_title":"La Jungle \u2013 Coucou Beuh !!! | E-shop artistes belges","og_description":"Acheter un produit comme La Jungle \u2013 Coucou Beuh !!!? Laissez vous surprendre par nos artistes belges sp\u00e9cialis\u00e9s en produits artisanaux!","og_url":"https:\/\/nationalstore.be\/fr\/produit\/la-jungle-coucou-beuh","og_site_name":"NATIONA(A)L ARTIST SUPERMARKET","article_publisher":"https:\/\/www.facebook.com\/nationalstore\/?ref=br_rs","article_modified_time":"2021-05-20T10:54:24+00:00","og_image":[{"width":1500,"height":1063,"url":"https:\/\/nationalstore.be\/wp-content\/uploads\/2020\/12\/LaJungle_MockUp2020_GoldSilver.jpg","type":"image\/jpeg"}],"twitter_card":"summary_large_image","twitter_site":"@Nationalstore","twitter_misc":{"Dur\u00e9e de lecture estim\u00e9e":"1 minute"},"schema":{"@context":"https:\/\/schema.org","@graph":[{"@type":"Organization","@id":"https:\/\/nationalstore.be\/fr#organization","name":"NATIONA(A)L ARTIST MARKET","url":"https:\/\/nationalstore.be\/fr","sameAs":["https:\/\/www.instagram.com\/nationalstore\/","https:\/\/www.facebook.com\/nationalstore\/?ref=br_rs","https:\/\/twitter.com\/Nationalstore"],"logo":{"@type":"ImageObject","inLanguage":"fr-FR","@id":"https:\/\/nationalstore.be\/fr#\/schema\/logo\/image\/","url":"https:\/\/nationalstore.be\/wp-content\/uploads\/2024\/03\/nationaal-logo_mauve-cmjn.png","contentUrl":"https:\/\/nationalstore.be\/wp-content\/uploads\/2024\/03\/nationaal-logo_mauve-cmjn.png","width":3475,"height":1352,"caption":"NATIONA(A)L ARTIST MARKET"},"image":{"@id":"https:\/\/nationalstore.be\/fr#\/schema\/logo\/image\/"}},{"@type":"WebSite","@id":"https:\/\/nationalstore.be\/fr#website","url":"https:\/\/nationalstore.be\/fr","name":"NATIONA(A)L ARTIST SUPERMARKET","description":"","publisher":{"@id":"https:\/\/nationalstore.be\/fr#organization"},"potentialAction":[{"@type":"SearchAction","target":{"@type":"EntryPoint","urlTemplate":"https:\/\/nationalstore.be\/fr?s={search_term_string}"},"query-input":"required name=search_term_string"}],"inLanguage":"fr-FR"},{"@type":"ImageObject","inLanguage":"fr-FR","@id":"https:\/\/nationalstore.be\/fr\/produit\/la-jungle-coucou-beuh#primaryimage","url":"https:\/\/nationalstore.be\/wp-content\/uploads\/2020\/12\/LaJungle_MockUp2020_GoldSilver.jpg","contentUrl":"https:\/\/nationalstore.be\/wp-content\/uploads\/2020\/12\/LaJungle_MockUp2020_GoldSilver.jpg","width":1500,"height":1063,"caption":"lajungle"},{"@type":["WebPage","ItemPage"],"@id":"https:\/\/nationalstore.be\/fr\/produit\/la-jungle-coucou-beuh#webpage","url":"https:\/\/nationalstore.be\/fr\/produit\/la-jungle-coucou-beuh","name":"La Jungle \u2013 Coucou Beuh !!! | E-shop artistes belges","isPartOf":{"@id":"https:\/\/nationalstore.be\/fr#website"},"primaryImageOfPage":{"@id":"https:\/\/nationalstore.be\/fr\/produit\/la-jungle-coucou-beuh#primaryimage"},"datePublished":"2020-12-14T09:44:25+00:00","dateModified":"2021-05-20T10:54:24+00:00","description":"Acheter un produit comme La Jungle \u2013 Coucou Beuh !!!? Laissez vous surprendre par nos artistes belges sp\u00e9cialis\u00e9s en produits artisanaux!","breadcrumb":{"@id":"https:\/\/nationalstore.be\/fr\/produit\/la-jungle-coucou-beuh#breadcrumb"},"inLanguage":"fr-FR","potentialAction":[{"@type":"ReadAction","target":["https:\/\/nationalstore.be\/fr\/produit\/la-jungle-coucou-beuh"]}]},{"@type":"BreadcrumbList","@id":"https:\/\/nationalstore.be\/fr\/produit\/la-jungle-coucou-beuh#breadcrumb","itemListElement":[{"@type":"ListItem","position":1,"name":"Home","item":"https:\/\/nationalstore.be\/fr"},{"@type":"ListItem","position":2,"name":"Produits","item":"https:\/\/nationalstore.be\/fr\/shop"},{"@type":"ListItem","position":3,"name":"Subcategories","item":"https:\/\/nationalstore.be\/fr\/pc\/subcategories-fr"},{"@type":"ListItem","position":4,"name":"5 labels de musique belges qui vous feront swinguer","item":"https:\/\/nationalstore.be\/fr\/pc\/subcategories-fr\/5-labels-de-musique-belges-qui-vous-feront-swinguer"},{"@type":"ListItem","position":5,"name":"La Jungle \u2013 Coucou Beuh !!!"}]}]}},"_links":{"self":[{"href":"https:\/\/nationalstore.be\/fr\/wp-json\/wp\/v2\/product\/10794"}],"collection":[{"href":"https:\/\/nationalstore.be\/fr\/wp-json\/wp\/v2\/product"}],"about":[{"href":"https:\/\/nationalstore.be\/fr\/wp-json\/wp\/v2\/types\/product"}],"wp:featuredmedia":[{"embeddable":true,"href":"https:\/\/nationalstore.be\/fr\/wp-json\/wp\/v2\/media\/8195"}],"wp:attachment":[{"href":"https:\/\/nationalstore.be\/fr\/wp-json\/wp\/v2\/media?parent=10794"}],"wp:term":[{"taxonomy":"product_cat","embeddable":true,"href":"https:\/\/nationalstore.be\/fr\/wp-json\/wp\/v2\/product_cat?post=10794"},{"taxonomy":"product_tag","embeddable":true,"href":"https:\/\/nationalstore.be\/fr\/wp-json\/wp\/v2\/product_tag?post=10794"}],"curies":[{"name":"wp","href":"https:\/\/api.w.org\/{rel}","templated":true}]}}