{"id":10788,"date":"2020-12-05T09:48:25","date_gmt":"2020-12-14T09:05:55","guid":{"rendered":"https:\/\/nationalstore.be\/?post_type=product&#038;p=10788"},"modified":"2021-05-20T12:52:00","modified_gmt":"2021-05-20T10:52:00","slug":"phoenician-drive-phoenician-drive","status":"publish","type":"product","link":"https:\/\/nationalstore.be\/fr\/produit\/phoenician-drive-phoenician-drive","title":{"rendered":"Phoenician Drive \u2013 Phoenician Drive"},"content":{"rendered":"<p>En deux morceaux et un E.P. incandescent, les six musiciens de Phoenician Drive ont grill\u00e9 tous les postes fronti\u00e8res pour imaginer un rock transcontinental. Depuis 2015, la formation bruxelloise tisse en effet ses m\u00e9lodies aux confins de l\u2019Asie et de l\u2019Europe, \u00e0 la lisi\u00e8re des Balkans et du Moyen-Orient (Okay Temiz, Erkan O\u011fur, Erkin Koray). <\/p>\n<p>Attendu au tournant, le groupe persiste et signe, en gravant son premier album \u00e0 la crois\u00e9e des continents. Enregistr\u00e9 dans l\u2019enceinte du Studio Koko par l\u2019insatiable John Roo (La Jungle, It It Anita), ce disque s\u2019adonne aux plaisirs psych\u00e9d\u00e9liques (Amon D\u00fc\u00fcl II, Os Mutantes) et \u00e0 la joie des rythmes motorik (Can, NEU!, Faust, Cluster). Impr\u00e9gn\u00e9es de darbouka, bord\u00e9 de oud et d\u2019effusions de distorsion, les compositions voyagent ici en premi\u00e8re classe, \u00e0 l\u2019\u00e9cart des autoroutes format\u00e9es et des embarras de circulation. Le pied enfonc\u00e9 sur l\u2019acc\u00e9l\u00e9rateur, Phoenician Drive carbure au krautrock avec le coffre bien charg\u00e9. Flamenco, grooves orientaux, jazz et vibrations balkaniques s\u2019entassent \u00e0 c\u00f4t\u00e9 d\u2019une valise bourr\u00e9e de B.O. bien barr\u00e9es comme autant d\u2019\u00e9chos aux traditions de la \u00a0library mucic (Sandro Brugnolini, Alessandro Alessandroni). <\/p>\n<p>Entre r\u00e9miniscences d\u2019un pass\u00e9 fantasm\u00e9 et perspectives d\u2019un futur excitant, la musique de Phoenician Drive se joue des normes de la ligne du temps pour fa\u00e7onner huit morceaux vivaces et percutants, increvables et totalement inclassables. Une performance unique en ses genres. \u00a0\u00a0\u00a0<\/p>\n","protected":false},"excerpt":{"rendered":"<p>Ecoutez le dernier single de Phoenician Drive &#8216;<a data-mce-href=\"https:\/\/youtu.be\/NgEpM1kJnao\" href=\"https:\/\/youtu.be\/NgEpM1kJnao\">Deep Morning<\/a>&#8216;<\/p>\n<p>Standard Black Edition vinyl<\/p>\n<p><iframe style=\"border: 0; width: 100%; height: 406px;\" src=\"https:\/\/bandcamp.com\/EmbeddedPlayer\/album=4276344773\/size=large\/bgcol=ffffff\/linkcol=0687f5\/artwork=none\/transparent=true\/\" seamless><a href=\"https:\/\/phoeniciandrive.bandcamp.com\/album\/phoenician-drive\">Phoenician Drive by Phoenician Drive<\/a><\/iframe><\/p>\n","protected":false},"featured_media":8211,"template":"","meta":[],"product_cat":[1451,2009,2735,2741,2738,533],"product_tag":[3018],"yoast_head":"<!-- This site is optimized with the Yoast SEO plugin v19.1 - https:\/\/yoast.com\/wordpress\/plugins\/seo\/ -->\n<title>Phoenician Drive \u2013 Phoenician Drive | E-shop artistes belges<\/title>\n<meta name=\"description\" content=\"Acheter un produit comme Phoenician Drive \u2013 Phoenician Drive? Laissez vous surprendre par nos artistes belges sp\u00e9cialis\u00e9s en produits artisanaux!\" \/>\n<meta name=\"robots\" content=\"index, follow, max-snippet:-1, max-image-preview:large, max-video-preview:-1\" \/>\n<link rel=\"canonical\" href=\"https:\/\/nationalstore.be\/fr\/produit\/phoenician-drive-phoenician-drive\" \/>\n<meta property=\"og:locale\" content=\"fr_FR\" \/>\n<meta property=\"og:type\" content=\"article\" \/>\n<meta property=\"og:title\" content=\"Phoenician Drive \u2013 Phoenician Drive | E-shop artistes belges\" \/>\n<meta property=\"og:description\" content=\"Acheter un produit comme Phoenician Drive \u2013 Phoenician Drive? Laissez vous surprendre par nos artistes belges sp\u00e9cialis\u00e9s en produits artisanaux!\" \/>\n<meta property=\"og:url\" content=\"https:\/\/nationalstore.be\/fr\/produit\/phoenician-drive-phoenician-drive\" \/>\n<meta property=\"og:site_name\" content=\"NATIONA(A)L ARTIST SUPERMARKET\" \/>\n<meta property=\"article:publisher\" content=\"https:\/\/www.facebook.com\/nationalstore\/?ref=br_rs\" \/>\n<meta property=\"article:modified_time\" content=\"2021-05-20T10:52:00+00:00\" \/>\n<meta property=\"og:image\" content=\"https:\/\/nationalstore.be\/wp-content\/uploads\/2020\/12\/Phoenician_Album2018_front_v2.jpg\" \/>\n\t<meta property=\"og:image:width\" content=\"1500\" \/>\n\t<meta property=\"og:image:height\" content=\"1063\" \/>\n\t<meta property=\"og:image:type\" content=\"image\/jpeg\" \/>\n<meta name=\"twitter:card\" content=\"summary_large_image\" \/>\n<meta name=\"twitter:site\" content=\"@Nationalstore\" \/>\n<meta name=\"twitter:label1\" content=\"Dur\u00e9e de lecture estim\u00e9e\" \/>\n\t<meta name=\"twitter:data1\" content=\"1 minute\" \/>\n<script type=\"application\/ld+json\" class=\"yoast-schema-graph\">{\"@context\":\"https:\/\/schema.org\",\"@graph\":[{\"@type\":\"Organization\",\"@id\":\"https:\/\/nationalstore.be\/fr#organization\",\"name\":\"NATIONA(A)L ARTIST MARKET\",\"url\":\"https:\/\/nationalstore.be\/fr\",\"sameAs\":[\"https:\/\/www.instagram.com\/nationalstore\/\",\"https:\/\/www.facebook.com\/nationalstore\/?ref=br_rs\",\"https:\/\/twitter.com\/Nationalstore\"],\"logo\":{\"@type\":\"ImageObject\",\"inLanguage\":\"fr-FR\",\"@id\":\"https:\/\/nationalstore.be\/fr#\/schema\/logo\/image\/\",\"url\":\"https:\/\/nationalstore.be\/wp-content\/uploads\/2024\/03\/nationaal-logo_mauve-cmjn.png\",\"contentUrl\":\"https:\/\/nationalstore.be\/wp-content\/uploads\/2024\/03\/nationaal-logo_mauve-cmjn.png\",\"width\":3475,\"height\":1352,\"caption\":\"NATIONA(A)L ARTIST MARKET\"},\"image\":{\"@id\":\"https:\/\/nationalstore.be\/fr#\/schema\/logo\/image\/\"}},{\"@type\":\"WebSite\",\"@id\":\"https:\/\/nationalstore.be\/fr#website\",\"url\":\"https:\/\/nationalstore.be\/fr\",\"name\":\"NATIONA(A)L ARTIST SUPERMARKET\",\"description\":\"\",\"publisher\":{\"@id\":\"https:\/\/nationalstore.be\/fr#organization\"},\"potentialAction\":[{\"@type\":\"SearchAction\",\"target\":{\"@type\":\"EntryPoint\",\"urlTemplate\":\"https:\/\/nationalstore.be\/fr?s={search_term_string}\"},\"query-input\":\"required name=search_term_string\"}],\"inLanguage\":\"fr-FR\"},{\"@type\":\"ImageObject\",\"inLanguage\":\"fr-FR\",\"@id\":\"https:\/\/nationalstore.be\/fr\/produit\/phoenician-drive-phoenician-drive#primaryimage\",\"url\":\"https:\/\/nationalstore.be\/wp-content\/uploads\/2020\/12\/Phoenician_Album2018_front_v2.jpg\",\"contentUrl\":\"https:\/\/nationalstore.be\/wp-content\/uploads\/2020\/12\/Phoenician_Album2018_front_v2.jpg\",\"width\":1500,\"height\":1063,\"caption\":\"PhoenicianDrive\"},{\"@type\":[\"WebPage\",\"ItemPage\"],\"@id\":\"https:\/\/nationalstore.be\/fr\/produit\/phoenician-drive-phoenician-drive#webpage\",\"url\":\"https:\/\/nationalstore.be\/fr\/produit\/phoenician-drive-phoenician-drive\",\"name\":\"Phoenician Drive \u2013 Phoenician Drive | E-shop artistes belges\",\"isPartOf\":{\"@id\":\"https:\/\/nationalstore.be\/fr#website\"},\"primaryImageOfPage\":{\"@id\":\"https:\/\/nationalstore.be\/fr\/produit\/phoenician-drive-phoenician-drive#primaryimage\"},\"datePublished\":\"2020-12-14T09:05:55+00:00\",\"dateModified\":\"2021-05-20T10:52:00+00:00\",\"description\":\"Acheter un produit comme Phoenician Drive \u2013 Phoenician Drive? Laissez vous surprendre par nos artistes belges sp\u00e9cialis\u00e9s en produits artisanaux!\",\"breadcrumb\":{\"@id\":\"https:\/\/nationalstore.be\/fr\/produit\/phoenician-drive-phoenician-drive#breadcrumb\"},\"inLanguage\":\"fr-FR\",\"potentialAction\":[{\"@type\":\"ReadAction\",\"target\":[\"https:\/\/nationalstore.be\/fr\/produit\/phoenician-drive-phoenician-drive\"]}]},{\"@type\":\"BreadcrumbList\",\"@id\":\"https:\/\/nationalstore.be\/fr\/produit\/phoenician-drive-phoenician-drive#breadcrumb\",\"itemListElement\":[{\"@type\":\"ListItem\",\"position\":1,\"name\":\"Home\",\"item\":\"https:\/\/nationalstore.be\/fr\"},{\"@type\":\"ListItem\",\"position\":2,\"name\":\"Produits\",\"item\":\"https:\/\/nationalstore.be\/fr\/shop\"},{\"@type\":\"ListItem\",\"position\":3,\"name\":\"Subcategories\",\"item\":\"https:\/\/nationalstore.be\/fr\/pc\/subcategories-fr\"},{\"@type\":\"ListItem\",\"position\":4,\"name\":\"5 labels de musique belges qui vous feront swinguer\",\"item\":\"https:\/\/nationalstore.be\/fr\/pc\/subcategories-fr\/5-labels-de-musique-belges-qui-vous-feront-swinguer\"},{\"@type\":\"ListItem\",\"position\":5,\"name\":\"Phoenician Drive \u2013 Phoenician Drive\"}]}]}<\/script>\n<!-- \/ Yoast SEO plugin. -->","yoast_head_json":{"title":"Phoenician Drive \u2013 Phoenician Drive | E-shop artistes belges","description":"Acheter un produit comme Phoenician Drive \u2013 Phoenician Drive? Laissez vous surprendre par nos artistes belges sp\u00e9cialis\u00e9s en produits artisanaux!","robots":{"index":"index","follow":"follow","max-snippet":"max-snippet:-1","max-image-preview":"max-image-preview:large","max-video-preview":"max-video-preview:-1"},"canonical":"https:\/\/nationalstore.be\/fr\/produit\/phoenician-drive-phoenician-drive","og_locale":"fr_FR","og_type":"article","og_title":"Phoenician Drive \u2013 Phoenician Drive | E-shop artistes belges","og_description":"Acheter un produit comme Phoenician Drive \u2013 Phoenician Drive? Laissez vous surprendre par nos artistes belges sp\u00e9cialis\u00e9s en produits artisanaux!","og_url":"https:\/\/nationalstore.be\/fr\/produit\/phoenician-drive-phoenician-drive","og_site_name":"NATIONA(A)L ARTIST SUPERMARKET","article_publisher":"https:\/\/www.facebook.com\/nationalstore\/?ref=br_rs","article_modified_time":"2021-05-20T10:52:00+00:00","og_image":[{"width":1500,"height":1063,"url":"https:\/\/nationalstore.be\/wp-content\/uploads\/2020\/12\/Phoenician_Album2018_front_v2.jpg","type":"image\/jpeg"}],"twitter_card":"summary_large_image","twitter_site":"@Nationalstore","twitter_misc":{"Dur\u00e9e de lecture estim\u00e9e":"1 minute"},"schema":{"@context":"https:\/\/schema.org","@graph":[{"@type":"Organization","@id":"https:\/\/nationalstore.be\/fr#organization","name":"NATIONA(A)L ARTIST MARKET","url":"https:\/\/nationalstore.be\/fr","sameAs":["https:\/\/www.instagram.com\/nationalstore\/","https:\/\/www.facebook.com\/nationalstore\/?ref=br_rs","https:\/\/twitter.com\/Nationalstore"],"logo":{"@type":"ImageObject","inLanguage":"fr-FR","@id":"https:\/\/nationalstore.be\/fr#\/schema\/logo\/image\/","url":"https:\/\/nationalstore.be\/wp-content\/uploads\/2024\/03\/nationaal-logo_mauve-cmjn.png","contentUrl":"https:\/\/nationalstore.be\/wp-content\/uploads\/2024\/03\/nationaal-logo_mauve-cmjn.png","width":3475,"height":1352,"caption":"NATIONA(A)L ARTIST MARKET"},"image":{"@id":"https:\/\/nationalstore.be\/fr#\/schema\/logo\/image\/"}},{"@type":"WebSite","@id":"https:\/\/nationalstore.be\/fr#website","url":"https:\/\/nationalstore.be\/fr","name":"NATIONA(A)L ARTIST SUPERMARKET","description":"","publisher":{"@id":"https:\/\/nationalstore.be\/fr#organization"},"potentialAction":[{"@type":"SearchAction","target":{"@type":"EntryPoint","urlTemplate":"https:\/\/nationalstore.be\/fr?s={search_term_string}"},"query-input":"required name=search_term_string"}],"inLanguage":"fr-FR"},{"@type":"ImageObject","inLanguage":"fr-FR","@id":"https:\/\/nationalstore.be\/fr\/produit\/phoenician-drive-phoenician-drive#primaryimage","url":"https:\/\/nationalstore.be\/wp-content\/uploads\/2020\/12\/Phoenician_Album2018_front_v2.jpg","contentUrl":"https:\/\/nationalstore.be\/wp-content\/uploads\/2020\/12\/Phoenician_Album2018_front_v2.jpg","width":1500,"height":1063,"caption":"PhoenicianDrive"},{"@type":["WebPage","ItemPage"],"@id":"https:\/\/nationalstore.be\/fr\/produit\/phoenician-drive-phoenician-drive#webpage","url":"https:\/\/nationalstore.be\/fr\/produit\/phoenician-drive-phoenician-drive","name":"Phoenician Drive \u2013 Phoenician Drive | E-shop artistes belges","isPartOf":{"@id":"https:\/\/nationalstore.be\/fr#website"},"primaryImageOfPage":{"@id":"https:\/\/nationalstore.be\/fr\/produit\/phoenician-drive-phoenician-drive#primaryimage"},"datePublished":"2020-12-14T09:05:55+00:00","dateModified":"2021-05-20T10:52:00+00:00","description":"Acheter un produit comme Phoenician Drive \u2013 Phoenician Drive? Laissez vous surprendre par nos artistes belges sp\u00e9cialis\u00e9s en produits artisanaux!","breadcrumb":{"@id":"https:\/\/nationalstore.be\/fr\/produit\/phoenician-drive-phoenician-drive#breadcrumb"},"inLanguage":"fr-FR","potentialAction":[{"@type":"ReadAction","target":["https:\/\/nationalstore.be\/fr\/produit\/phoenician-drive-phoenician-drive"]}]},{"@type":"BreadcrumbList","@id":"https:\/\/nationalstore.be\/fr\/produit\/phoenician-drive-phoenician-drive#breadcrumb","itemListElement":[{"@type":"ListItem","position":1,"name":"Home","item":"https:\/\/nationalstore.be\/fr"},{"@type":"ListItem","position":2,"name":"Produits","item":"https:\/\/nationalstore.be\/fr\/shop"},{"@type":"ListItem","position":3,"name":"Subcategories","item":"https:\/\/nationalstore.be\/fr\/pc\/subcategories-fr"},{"@type":"ListItem","position":4,"name":"5 labels de musique belges qui vous feront swinguer","item":"https:\/\/nationalstore.be\/fr\/pc\/subcategories-fr\/5-labels-de-musique-belges-qui-vous-feront-swinguer"},{"@type":"ListItem","position":5,"name":"Phoenician Drive \u2013 Phoenician Drive"}]}]}},"_links":{"self":[{"href":"https:\/\/nationalstore.be\/fr\/wp-json\/wp\/v2\/product\/10788"}],"collection":[{"href":"https:\/\/nationalstore.be\/fr\/wp-json\/wp\/v2\/product"}],"about":[{"href":"https:\/\/nationalstore.be\/fr\/wp-json\/wp\/v2\/types\/product"}],"wp:featuredmedia":[{"embeddable":true,"href":"https:\/\/nationalstore.be\/fr\/wp-json\/wp\/v2\/media\/8211"}],"wp:attachment":[{"href":"https:\/\/nationalstore.be\/fr\/wp-json\/wp\/v2\/media?parent=10788"}],"wp:term":[{"taxonomy":"product_cat","embeddable":true,"href":"https:\/\/nationalstore.be\/fr\/wp-json\/wp\/v2\/product_cat?post=10788"},{"taxonomy":"product_tag","embeddable":true,"href":"https:\/\/nationalstore.be\/fr\/wp-json\/wp\/v2\/product_tag?post=10788"}],"curies":[{"name":"wp","href":"https:\/\/api.w.org\/{rel}","templated":true}]}}