{"id":10430,"date":"2020-12-12T11:49:03","date_gmt":"2020-12-12T10:49:03","guid":{"rendered":"https:\/\/nationalstore.be\/?post_type=product&#038;p=10430"},"modified":"2022-09-29T11:47:11","modified_gmt":"2022-09-29T09:47:11","slug":"votre-portrait-les-yeux-dans-les-yeux-solo","status":"publish","type":"product","link":"https:\/\/nationalstore.be\/fr\/produit\/votre-portrait-les-yeux-dans-les-yeux-solo","title":{"rendered":"VOTRE Portrait \u201cLes Yeux Dans Les Yeux\u201d SOLO"},"content":{"rendered":"<p style=\"margin: 0px; font-stretch: normal; line-height: normal; font-family: Georgia; -webkit-text-stroke-width: initial; -webkit-text-stroke-color: #333333;\" data-mce-style=\"margin: 0px; font-stretch: normal; line-height: normal; font-family: Georgia; -webkit-text-stroke-width: initial; -webkit-text-stroke-color: #333333;\"><span style=\"font-kerning: none;\" data-mce-style=\"font-kerning: none;\">***<\/span><\/p>\n<p style=\"margin: 0px; text-align: justify; font-stretch: normal; line-height: normal; font-family: Georgia; color: #070707; -webkit-text-stroke-width: initial; -webkit-text-stroke-color: #070707;\" data-mce-style=\"margin: 0px; text-align: justify; font-stretch: normal; line-height: normal; font-family: Georgia; color: #070707; -webkit-text-stroke-width: initial; -webkit-text-stroke-color: #070707;\"><span style=\"font-kerning: none;\" data-mce-style=\"font-kerning: none;\">A travers les Portraits \u00ab Les Yeux Dans Les Yeux \u00bb, V\u00e9ronique prends le temps de regarder la personne pos\u00e9e en face d&#8217;elle. Tout part simplement de deux regards qui s\u2019entrecroisent. Constamment dans le regard, elle encha\u00eene ou chevauche diff\u00e9rents dessins du mod\u00e8le.<\/span><\/p>\n<p style=\"margin: 0px; text-align: justify; font-stretch: normal; line-height: normal; font-family: Georgia; color: #070707; -webkit-text-stroke-width: initial; -webkit-text-stroke-color: #070707;\" data-mce-style=\"margin: 0px; text-align: justify; font-stretch: normal; line-height: normal; font-family: Georgia; color: #070707; -webkit-text-stroke-width: initial; -webkit-text-stroke-color: #070707;\"><span style=\"font-kerning: none;\" data-mce-style=\"font-kerning: none;\">En noir &#038; blanc, le trait est ininterrompu. En couleurs, sa main prend les outils \u00e0 sa port\u00e9e pour dessiner \u00ab ce qui est \u00bb. \u00a0<\/span><\/p>\n<p style=\"margin: 0px; text-align: justify; font-stretch: normal; line-height: normal; font-family: Georgia; color: #070707; -webkit-text-stroke-width: initial; -webkit-text-stroke-color: #070707;\" data-mce-style=\"margin: 0px; text-align: justify; font-stretch: normal; line-height: normal; font-family: Georgia; color: #070707; -webkit-text-stroke-width: initial; -webkit-text-stroke-color: #070707;\"><span style=\"font-kerning: none;\" data-mce-style=\"font-kerning: none;\">Plus qu\u2019une oeuvre artistique, c\u2019est une exp\u00e9rience profond\u00e9ment humaine, une opportunit\u00e9 de se laisser regarder, de se voir autrement, de se rencontrer.\u00a0<\/span><\/p>\n<p style=\"margin: 0px; text-align: justify; font-stretch: normal; line-height: normal; font-family: Georgia; color: #070707; -webkit-text-stroke-width: initial; -webkit-text-stroke-color: #070707;\" data-mce-style=\"margin: 0px; text-align: justify; font-stretch: normal; line-height: normal; font-family: Georgia; color: #070707; -webkit-text-stroke-width: initial; -webkit-text-stroke-color: #070707;\"><span style=\"font-kerning: none;\" data-mce-style=\"font-kerning: none;\">C\u2019est \u00e9galement une collaboration entre Art et Regard,\u00a0 entre Trait et Portrait, entre tissage de liens sinc\u00e8res avec Soi &#038; l\u2019Autre.<\/span><\/p>\n<p style=\"margin: 0px; text-align: justify; font-stretch: normal; line-height: normal; font-family: Georgia; color: #070707; -webkit-text-stroke-width: initial; -webkit-text-stroke-color: #070707;\" data-mce-style=\"margin: 0px; text-align: justify; font-stretch: normal; line-height: normal; font-family: Georgia; color: #070707; -webkit-text-stroke-width: initial; -webkit-text-stroke-color: #070707;\"><span style=\"font-kerning: none;\" data-mce-style=\"font-kerning: none;\">Chaque trait, chaque portrait, chaque mot ont leur raison d\u2019\u00eatre. Ils traduisent une forme de justesse, de v\u00e9rit\u00e9, d\u2019authenticit\u00e9. Apr\u00e8s avoir dessin\u00e9 \u00ab Les Yeux Dans Les Yeux \u00bb plus de 900 personnes d\u2019ici et d\u2019ailleurs, elle t\u00e9moigne \u00e0 travers ses dessins du myst\u00e8re, de la douceur et de l\u2019intensit\u00e9 de ce partage.<\/span><\/p>\n<p style=\"margin: 0px; text-align: justify; font-stretch: normal; line-height: normal; font-family: Georgia; color: #070707; -webkit-text-stroke-width: initial; -webkit-text-stroke-color: #070707;\" data-mce-style=\"margin: 0px; text-align: justify; font-stretch: normal; line-height: normal; font-family: Georgia; color: #070707; -webkit-text-stroke-width: initial; -webkit-text-stroke-color: #070707;\"><span style=\"font-kerning: none;\" data-mce-style=\"font-kerning: none;\">Portraits &#8220;Les Yeux Dans Les Yeux\u00a0\u00bb &#8211; L&#8217;Art Au Service de l&#8217;Humain\u00a0 &#8211; L\u2019Art Cr\u00e9ateur de Liens<\/span><\/p>\n<p style=\"margin: 0px; font-stretch: normal; line-height: normal; font-family: Georgia; color: #551a8b; -webkit-text-stroke-width: initial; -webkit-text-stroke-color: #333333;\" data-mce-style=\"margin: 0px; font-stretch: normal; line-height: normal; font-family: Georgia; color: #551a8b; -webkit-text-stroke-width: initial; -webkit-text-stroke-color: #333333;\"><span style=\"text-decoration: underline; font-kerning: none;\" data-mce-style=\"text-decoration: underline; font-kerning: none;\"><a href=\"http:\/\/www.lydly.be\/\" data-mce-href=\"http:\/\/www.lydly.be\/\">www.lydly.be<\/a><\/span><\/p>\n","protected":false},"excerpt":{"rendered":"<p style=\"margin: 0px; font-stretch: normal; line-height: normal; font-family: Georgia; -webkit-text-stroke-width: initial; -webkit-text-stroke-color: #333333;\" data-mce-style=\"margin: 0px; font-stretch: normal; line-height: normal; font-family: Georgia; -webkit-text-stroke-width: initial; -webkit-text-stroke-color: #333333;\"><span style=\"font-kerning: none;\" data-mce-style=\"font-kerning: none;\">UNE OEUVRE DE L&#8217;ARTISTE BELGE &#8211; VERONIQUE VAN DER WIELEN &#8211; TEMOIGNAGE D&#8217;UNE EXPERIENCE PROFONDEMENT HUMAINE.<\/span><\/p>\n<p style=\"margin: 0px; font-stretch: normal; line-height: normal; font-family: Georgia; color: #070707; -webkit-text-stroke-width: initial; -webkit-text-stroke-color: #070707;\" data-mce-style=\"margin: 0px; font-stretch: normal; line-height: normal; font-family: Georgia; color: #070707; -webkit-text-stroke-width: initial; -webkit-text-stroke-color: #070707;\"><span style=\"font-kerning: none;\" data-mce-style=\"font-kerning: none;\">Elle vous invite \u00e0 r\u00e9aliser VOTRE PORTRAIT &#8220;Les Yeux Dans Les Yeux&#8221;:<\/span><\/p>\n<p style=\"margin: 0px; font-stretch: normal; line-height: normal; font-family: Georgia; color: #070707; -webkit-text-stroke-width: initial; -webkit-text-stroke-color: #070707;\" data-mce-style=\"margin: 0px; font-stretch: normal; line-height: normal; font-family: Georgia; color: #070707; -webkit-text-stroke-width: initial; -webkit-text-stroke-color: #070707;\"><span style=\"font-kerning: none;\" data-mce-style=\"font-kerning: none;\">En Solo \/ En Noir&Blanc; En Pr\u00e9sentiel \/ En Ligne. Un Portrait &#8220;Les Yeux Dans Les Yeux&#8221; est une s\u00e9rie de 3 dessins originaux (Format A3).<\/span><\/p>\n<p style=\"margin: 0px; font-stretch: normal; line-height: normal; font-family: Georgia; color: #070707; -webkit-text-stroke-width: initial; -webkit-text-stroke-color: #070707;\" data-mce-style=\"margin: 0px; font-stretch: normal; line-height: normal; font-family: Georgia; color: #070707; -webkit-text-stroke-width: initial; -webkit-text-stroke-color: #070707;\"><span style=\"font-kerning: none;\" data-mce-style=\"font-kerning: none;\">N&#8217;h\u00e9sitez pas \u00e0 la contacter directement \u00e0 l&#8217;adresse suivante: veroniquevdw@gmail.com. Elle vous accueillera avec grand plaisir!\u00a0<\/span><\/p>\n","protected":false},"featured_media":10433,"template":"","meta":[],"product_cat":[570,2009,2951,558,908],"product_tag":[3067,2970,827,2969,844],"yoast_head":"<!-- This site is optimized with the Yoast SEO plugin v19.1 - https:\/\/yoast.com\/wordpress\/plugins\/seo\/ -->\n<title>VOTRE Portrait \u201cLes Yeux Dans Les Yeux\u201d SOLO | E-shop artistes belges<\/title>\n<meta name=\"description\" content=\"Acheter un produit comme VOTRE Portrait \u201cLes Yeux Dans Les Yeux\u201d SOLO? Laissez vous surprendre par nos artistes belges sp\u00e9cialis\u00e9s en produits artisanaux!\" \/>\n<meta name=\"robots\" content=\"index, follow, max-snippet:-1, max-image-preview:large, max-video-preview:-1\" \/>\n<link rel=\"canonical\" href=\"https:\/\/nationalstore.be\/fr\/produit\/votre-portrait-les-yeux-dans-les-yeux-solo\" \/>\n<meta property=\"og:locale\" content=\"fr_FR\" \/>\n<meta property=\"og:type\" content=\"article\" \/>\n<meta property=\"og:title\" content=\"VOTRE Portrait \u201cLes Yeux Dans Les Yeux\u201d SOLO | E-shop artistes belges\" \/>\n<meta property=\"og:description\" content=\"Acheter un produit comme VOTRE Portrait \u201cLes Yeux Dans Les Yeux\u201d SOLO? Laissez vous surprendre par nos artistes belges sp\u00e9cialis\u00e9s en produits artisanaux!\" \/>\n<meta property=\"og:url\" content=\"https:\/\/nationalstore.be\/fr\/produit\/votre-portrait-les-yeux-dans-les-yeux-solo\" \/>\n<meta property=\"og:site_name\" content=\"NATIONA(A)L ARTIST SUPERMARKET\" \/>\n<meta property=\"article:publisher\" content=\"https:\/\/www.facebook.com\/nationalstore\/?ref=br_rs\" \/>\n<meta property=\"article:modified_time\" content=\"2022-09-29T09:47:11+00:00\" \/>\n<meta property=\"og:image\" content=\"https:\/\/nationalstore.be\/wp-content\/uploads\/2020\/12\/Image-12-12-20-a-11.39.jpg\" \/>\n\t<meta property=\"og:image:width\" content=\"708\" \/>\n\t<meta property=\"og:image:height\" content=\"708\" \/>\n\t<meta property=\"og:image:type\" content=\"image\/jpeg\" \/>\n<meta name=\"twitter:card\" content=\"summary_large_image\" \/>\n<meta name=\"twitter:site\" content=\"@Nationalstore\" \/>\n<meta name=\"twitter:label1\" content=\"Dur\u00e9e de lecture estim\u00e9e\" \/>\n\t<meta name=\"twitter:data1\" content=\"1 minute\" \/>\n<script type=\"application\/ld+json\" class=\"yoast-schema-graph\">{\"@context\":\"https:\/\/schema.org\",\"@graph\":[{\"@type\":\"Organization\",\"@id\":\"https:\/\/nationalstore.be\/fr#organization\",\"name\":\"NATIONA(A)L ARTIST MARKET\",\"url\":\"https:\/\/nationalstore.be\/fr\",\"sameAs\":[\"https:\/\/www.instagram.com\/nationalstore\/\",\"https:\/\/www.facebook.com\/nationalstore\/?ref=br_rs\",\"https:\/\/twitter.com\/Nationalstore\"],\"logo\":{\"@type\":\"ImageObject\",\"inLanguage\":\"fr-FR\",\"@id\":\"https:\/\/nationalstore.be\/fr#\/schema\/logo\/image\/\",\"url\":\"https:\/\/nationalstore.be\/wp-content\/uploads\/2024\/03\/nationaal-logo_mauve-cmjn.png\",\"contentUrl\":\"https:\/\/nationalstore.be\/wp-content\/uploads\/2024\/03\/nationaal-logo_mauve-cmjn.png\",\"width\":3475,\"height\":1352,\"caption\":\"NATIONA(A)L ARTIST MARKET\"},\"image\":{\"@id\":\"https:\/\/nationalstore.be\/fr#\/schema\/logo\/image\/\"}},{\"@type\":\"WebSite\",\"@id\":\"https:\/\/nationalstore.be\/fr#website\",\"url\":\"https:\/\/nationalstore.be\/fr\",\"name\":\"NATIONA(A)L ARTIST SUPERMARKET\",\"description\":\"\",\"publisher\":{\"@id\":\"https:\/\/nationalstore.be\/fr#organization\"},\"potentialAction\":[{\"@type\":\"SearchAction\",\"target\":{\"@type\":\"EntryPoint\",\"urlTemplate\":\"https:\/\/nationalstore.be\/fr?s={search_term_string}\"},\"query-input\":\"required name=search_term_string\"}],\"inLanguage\":\"fr-FR\"},{\"@type\":\"ImageObject\",\"inLanguage\":\"fr-FR\",\"@id\":\"https:\/\/nationalstore.be\/fr\/produit\/votre-portrait-les-yeux-dans-les-yeux-solo#primaryimage\",\"url\":\"https:\/\/nationalstore.be\/wp-content\/uploads\/2020\/12\/Image-12-12-20-a-11.39.jpg\",\"contentUrl\":\"https:\/\/nationalstore.be\/wp-content\/uploads\/2020\/12\/Image-12-12-20-a-11.39.jpg\",\"width\":708,\"height\":708,\"caption\":\"Portrait LYDLY\"},{\"@type\":[\"WebPage\",\"ItemPage\"],\"@id\":\"https:\/\/nationalstore.be\/fr\/produit\/votre-portrait-les-yeux-dans-les-yeux-solo#webpage\",\"url\":\"https:\/\/nationalstore.be\/fr\/produit\/votre-portrait-les-yeux-dans-les-yeux-solo\",\"name\":\"VOTRE Portrait \u201cLes Yeux Dans Les Yeux\u201d SOLO | E-shop artistes belges\",\"isPartOf\":{\"@id\":\"https:\/\/nationalstore.be\/fr#website\"},\"primaryImageOfPage\":{\"@id\":\"https:\/\/nationalstore.be\/fr\/produit\/votre-portrait-les-yeux-dans-les-yeux-solo#primaryimage\"},\"datePublished\":\"2020-12-12T10:49:03+00:00\",\"dateModified\":\"2022-09-29T09:47:11+00:00\",\"description\":\"Acheter un produit comme VOTRE Portrait \u201cLes Yeux Dans Les Yeux\u201d SOLO? Laissez vous surprendre par nos artistes belges sp\u00e9cialis\u00e9s en produits artisanaux!\",\"breadcrumb\":{\"@id\":\"https:\/\/nationalstore.be\/fr\/produit\/votre-portrait-les-yeux-dans-les-yeux-solo#breadcrumb\"},\"inLanguage\":\"fr-FR\",\"potentialAction\":[{\"@type\":\"ReadAction\",\"target\":[\"https:\/\/nationalstore.be\/fr\/produit\/votre-portrait-les-yeux-dans-les-yeux-solo\"]}]},{\"@type\":\"BreadcrumbList\",\"@id\":\"https:\/\/nationalstore.be\/fr\/produit\/votre-portrait-les-yeux-dans-les-yeux-solo#breadcrumb\",\"itemListElement\":[{\"@type\":\"ListItem\",\"position\":1,\"name\":\"Home\",\"item\":\"https:\/\/nationalstore.be\/fr\"},{\"@type\":\"ListItem\",\"position\":2,\"name\":\"Produits\",\"item\":\"https:\/\/nationalstore.be\/fr\/shop\"},{\"@type\":\"ListItem\",\"position\":3,\"name\":\"Subcategories\",\"item\":\"https:\/\/nationalstore.be\/fr\/pc\/subcategories-fr\"},{\"@type\":\"ListItem\",\"position\":4,\"name\":\"Ch\u00e9rissez votre amour les artistes pour la Saint-Valentin\",\"item\":\"https:\/\/nationalstore.be\/fr\/pc\/subcategories-fr\/cherissez-votre-amour-les-artistes-pour-la-saint-valentin\"},{\"@type\":\"ListItem\",\"position\":5,\"name\":\"VOTRE Portrait \u201cLes Yeux Dans Les Yeux\u201d SOLO\"}]}]}<\/script>\n<!-- \/ Yoast SEO plugin. -->","yoast_head_json":{"title":"VOTRE Portrait \u201cLes Yeux Dans Les Yeux\u201d SOLO | E-shop artistes belges","description":"Acheter un produit comme VOTRE Portrait \u201cLes Yeux Dans Les Yeux\u201d SOLO? Laissez vous surprendre par nos artistes belges sp\u00e9cialis\u00e9s en produits artisanaux!","robots":{"index":"index","follow":"follow","max-snippet":"max-snippet:-1","max-image-preview":"max-image-preview:large","max-video-preview":"max-video-preview:-1"},"canonical":"https:\/\/nationalstore.be\/fr\/produit\/votre-portrait-les-yeux-dans-les-yeux-solo","og_locale":"fr_FR","og_type":"article","og_title":"VOTRE Portrait \u201cLes Yeux Dans Les Yeux\u201d SOLO | E-shop artistes belges","og_description":"Acheter un produit comme VOTRE Portrait \u201cLes Yeux Dans Les Yeux\u201d SOLO? Laissez vous surprendre par nos artistes belges sp\u00e9cialis\u00e9s en produits artisanaux!","og_url":"https:\/\/nationalstore.be\/fr\/produit\/votre-portrait-les-yeux-dans-les-yeux-solo","og_site_name":"NATIONA(A)L ARTIST SUPERMARKET","article_publisher":"https:\/\/www.facebook.com\/nationalstore\/?ref=br_rs","article_modified_time":"2022-09-29T09:47:11+00:00","og_image":[{"width":708,"height":708,"url":"https:\/\/nationalstore.be\/wp-content\/uploads\/2020\/12\/Image-12-12-20-a-11.39.jpg","type":"image\/jpeg"}],"twitter_card":"summary_large_image","twitter_site":"@Nationalstore","twitter_misc":{"Dur\u00e9e de lecture estim\u00e9e":"1 minute"},"schema":{"@context":"https:\/\/schema.org","@graph":[{"@type":"Organization","@id":"https:\/\/nationalstore.be\/fr#organization","name":"NATIONA(A)L ARTIST MARKET","url":"https:\/\/nationalstore.be\/fr","sameAs":["https:\/\/www.instagram.com\/nationalstore\/","https:\/\/www.facebook.com\/nationalstore\/?ref=br_rs","https:\/\/twitter.com\/Nationalstore"],"logo":{"@type":"ImageObject","inLanguage":"fr-FR","@id":"https:\/\/nationalstore.be\/fr#\/schema\/logo\/image\/","url":"https:\/\/nationalstore.be\/wp-content\/uploads\/2024\/03\/nationaal-logo_mauve-cmjn.png","contentUrl":"https:\/\/nationalstore.be\/wp-content\/uploads\/2024\/03\/nationaal-logo_mauve-cmjn.png","width":3475,"height":1352,"caption":"NATIONA(A)L ARTIST MARKET"},"image":{"@id":"https:\/\/nationalstore.be\/fr#\/schema\/logo\/image\/"}},{"@type":"WebSite","@id":"https:\/\/nationalstore.be\/fr#website","url":"https:\/\/nationalstore.be\/fr","name":"NATIONA(A)L ARTIST SUPERMARKET","description":"","publisher":{"@id":"https:\/\/nationalstore.be\/fr#organization"},"potentialAction":[{"@type":"SearchAction","target":{"@type":"EntryPoint","urlTemplate":"https:\/\/nationalstore.be\/fr?s={search_term_string}"},"query-input":"required name=search_term_string"}],"inLanguage":"fr-FR"},{"@type":"ImageObject","inLanguage":"fr-FR","@id":"https:\/\/nationalstore.be\/fr\/produit\/votre-portrait-les-yeux-dans-les-yeux-solo#primaryimage","url":"https:\/\/nationalstore.be\/wp-content\/uploads\/2020\/12\/Image-12-12-20-a-11.39.jpg","contentUrl":"https:\/\/nationalstore.be\/wp-content\/uploads\/2020\/12\/Image-12-12-20-a-11.39.jpg","width":708,"height":708,"caption":"Portrait LYDLY"},{"@type":["WebPage","ItemPage"],"@id":"https:\/\/nationalstore.be\/fr\/produit\/votre-portrait-les-yeux-dans-les-yeux-solo#webpage","url":"https:\/\/nationalstore.be\/fr\/produit\/votre-portrait-les-yeux-dans-les-yeux-solo","name":"VOTRE Portrait \u201cLes Yeux Dans Les Yeux\u201d SOLO | E-shop artistes belges","isPartOf":{"@id":"https:\/\/nationalstore.be\/fr#website"},"primaryImageOfPage":{"@id":"https:\/\/nationalstore.be\/fr\/produit\/votre-portrait-les-yeux-dans-les-yeux-solo#primaryimage"},"datePublished":"2020-12-12T10:49:03+00:00","dateModified":"2022-09-29T09:47:11+00:00","description":"Acheter un produit comme VOTRE Portrait \u201cLes Yeux Dans Les Yeux\u201d SOLO? Laissez vous surprendre par nos artistes belges sp\u00e9cialis\u00e9s en produits artisanaux!","breadcrumb":{"@id":"https:\/\/nationalstore.be\/fr\/produit\/votre-portrait-les-yeux-dans-les-yeux-solo#breadcrumb"},"inLanguage":"fr-FR","potentialAction":[{"@type":"ReadAction","target":["https:\/\/nationalstore.be\/fr\/produit\/votre-portrait-les-yeux-dans-les-yeux-solo"]}]},{"@type":"BreadcrumbList","@id":"https:\/\/nationalstore.be\/fr\/produit\/votre-portrait-les-yeux-dans-les-yeux-solo#breadcrumb","itemListElement":[{"@type":"ListItem","position":1,"name":"Home","item":"https:\/\/nationalstore.be\/fr"},{"@type":"ListItem","position":2,"name":"Produits","item":"https:\/\/nationalstore.be\/fr\/shop"},{"@type":"ListItem","position":3,"name":"Subcategories","item":"https:\/\/nationalstore.be\/fr\/pc\/subcategories-fr"},{"@type":"ListItem","position":4,"name":"Ch\u00e9rissez votre amour les artistes pour la Saint-Valentin","item":"https:\/\/nationalstore.be\/fr\/pc\/subcategories-fr\/cherissez-votre-amour-les-artistes-pour-la-saint-valentin"},{"@type":"ListItem","position":5,"name":"VOTRE Portrait \u201cLes Yeux Dans Les Yeux\u201d SOLO"}]}]}},"_links":{"self":[{"href":"https:\/\/nationalstore.be\/fr\/wp-json\/wp\/v2\/product\/10430"}],"collection":[{"href":"https:\/\/nationalstore.be\/fr\/wp-json\/wp\/v2\/product"}],"about":[{"href":"https:\/\/nationalstore.be\/fr\/wp-json\/wp\/v2\/types\/product"}],"wp:featuredmedia":[{"embeddable":true,"href":"https:\/\/nationalstore.be\/fr\/wp-json\/wp\/v2\/media\/10433"}],"wp:attachment":[{"href":"https:\/\/nationalstore.be\/fr\/wp-json\/wp\/v2\/media?parent=10430"}],"wp:term":[{"taxonomy":"product_cat","embeddable":true,"href":"https:\/\/nationalstore.be\/fr\/wp-json\/wp\/v2\/product_cat?post=10430"},{"taxonomy":"product_tag","embeddable":true,"href":"https:\/\/nationalstore.be\/fr\/wp-json\/wp\/v2\/product_tag?post=10430"}],"curies":[{"name":"wp","href":"https:\/\/api.w.org\/{rel}","templated":true}]}}