{"id":7267,"date":"2022-06-14T17:44:44","date_gmt":"2022-06-14T15:44:44","guid":{"rendered":"https:\/\/nationalstore.be\/?page_id=7267"},"modified":"2022-06-15T14:03:45","modified_gmt":"2022-06-15T12:03:45","slug":"stands-dexposition","status":"publish","type":"page","link":"https:\/\/nationalstore.be\/fr\/vendez-avec-nous\/exposition-marketplace\/postuler-pour-des-installations-dexposition\/stands-dexposition","title":{"rendered":"Stands d\u2019exposition"},"content":{"rendered":"<div id=\"pl-7267\"  class=\"panel-layout\" ><div id=\"pg-7267-0\"  class=\"panel-grid panel-no-style\" ><div id=\"pgc-7267-0-0\"  class=\"panel-grid-cell\" ><div id=\"panel-7267-0-0-0\" class=\"so-panel widget widget_sow-slider panel-first-child\" data-index=\"0\" ><div\n\t\t\t\n\t\t\tclass=\"so-widget-sow-slider so-widget-sow-slider-default-2ea1b5459842-7267\"\n\t\t\t\n\t\t>\t\t\t\t<div class=\"sow-slider-base\" style=\"display: none\">\n\t\t\t\t\t<ul\n\t\t\t\t\tclass=\"sow-slider-images\"\n\t\t\t\t\tdata-settings=\"{&quot;pagination&quot;:true,&quot;speed&quot;:800,&quot;timeout&quot;:3000,&quot;paused&quot;:false,&quot;pause_on_hover&quot;:false,&quot;swipe&quot;:true,&quot;nav_always_show_desktop&quot;:&quot;&quot;,&quot;nav_always_show_mobile&quot;:&quot;&quot;,&quot;breakpoint&quot;:&quot;780px&quot;,&quot;unmute&quot;:false,&quot;anchor&quot;:null}\"\n\t\t\t\t\t\t\t\t\t\tdata-anchor-id=\"\"\n\t\t\t\t>\t\t<li class=\"sow-slider-image  sow-slider-image-cover\" style=\"visibility: visible;;background-image: url(https:\/\/nationalstore.be\/wp-content\/uploads\/2022\/06\/ns-new-booth-01.jpg)\" >\n\t\t\t\t\t\t<img width=\"1536\" height=\"921\" src=\"https:\/\/nationalstore.be\/wp-content\/uploads\/2022\/06\/ns-new-booth-01.jpg\" class=\"sow-slider-background-image skip-lazy\" alt=\"\" loading=\"eager\" style=\"\" srcset=\"https:\/\/nationalstore.be\/wp-content\/uploads\/2022\/06\/ns-new-booth-01.jpg 1536w, https:\/\/nationalstore.be\/wp-content\/uploads\/2022\/06\/ns-new-booth-01-300x180.jpg 300w, https:\/\/nationalstore.be\/wp-content\/uploads\/2022\/06\/ns-new-booth-01-1024x614.jpg 1024w, https:\/\/nationalstore.be\/wp-content\/uploads\/2022\/06\/ns-new-booth-01-768x461.jpg 768w, https:\/\/nationalstore.be\/wp-content\/uploads\/2022\/06\/ns-new-booth-01-600x360.jpg 600w\" sizes=\"(max-width: 1536px) 100vw, 1536px\" \/>\t\t<\/li>\n\t\t\t\t<li class=\"sow-slider-image  sow-slider-image-cover\" style=\"visibility: hidden;;background-image: url(https:\/\/nationalstore.be\/wp-content\/uploads\/2022\/06\/ns-new-boothb-01.jpg)\" >\n\t\t\t\t\t\t<img width=\"1536\" height=\"921\" src=\"https:\/\/nationalstore.be\/wp-content\/uploads\/2022\/06\/ns-new-boothb-01.jpg\" class=\"sow-slider-background-image skip-lazy\" alt=\"\" loading=\"eager\" style=\"\" srcset=\"https:\/\/nationalstore.be\/wp-content\/uploads\/2022\/06\/ns-new-boothb-01.jpg 1536w, https:\/\/nationalstore.be\/wp-content\/uploads\/2022\/06\/ns-new-boothb-01-300x180.jpg 300w, https:\/\/nationalstore.be\/wp-content\/uploads\/2022\/06\/ns-new-boothb-01-1024x614.jpg 1024w, https:\/\/nationalstore.be\/wp-content\/uploads\/2022\/06\/ns-new-boothb-01-768x461.jpg 768w, https:\/\/nationalstore.be\/wp-content\/uploads\/2022\/06\/ns-new-boothb-01-600x360.jpg 600w\" sizes=\"(max-width: 1536px) 100vw, 1536px\" \/>\t\t<\/li>\n\t\t<\/ul>\t\t\t\t<ol class=\"sow-slider-pagination\">\n\t\t\t\t\t\t\t\t\t\t\t<li><a href=\"#\" data-goto=\"0\" aria-label=\"afficher la diapositive 1\"><\/a><\/li>\n\t\t\t\t\t\t\t\t\t\t\t<li><a href=\"#\" data-goto=\"1\" aria-label=\"afficher la diapositive 2\"><\/a><\/li>\n\t\t\t\t\t\t\t\t\t<\/ol>\n\n\t\t\t\t<div class=\"sow-slide-nav sow-slide-nav-next\">\n\t\t\t\t\t<a href=\"#\" data-goto=\"next\" aria-label=\"diapositive suivante\" data-action=\"next\">\n\t\t\t\t\t\t<em class=\"sow-sld-icon-thin-right\"><\/em>\n\t\t\t\t\t<\/a>\n\t\t\t\t<\/div>\n\n\t\t\t\t<div class=\"sow-slide-nav sow-slide-nav-prev\">\n\t\t\t\t\t<a href=\"#\" data-goto=\"previous\" aria-label=\"diapositive pr\u00e9c\u00e9dente\" data-action=\"prev\">\n\t\t\t\t\t\t<em class=\"sow-sld-icon-thin-left\"><\/em>\n\t\t\t\t\t<\/a>\n\t\t\t\t<\/div>\n\t\t\t\t<\/div><\/div><\/div><div id=\"panel-7267-0-0-1\" class=\"so-panel widget widget_sow-slider panel-last-child\" data-index=\"1\" ><div\n\t\t\t\n\t\t\tclass=\"so-widget-sow-slider so-widget-sow-slider-default-2ea1b5459842-7267\"\n\t\t\t\n\t\t>\t\t\t\t<div class=\"sow-slider-base\" style=\"display: none\">\n\t\t\t\t\t<ul\n\t\t\t\t\tclass=\"sow-slider-images\"\n\t\t\t\t\tdata-settings=\"{&quot;pagination&quot;:true,&quot;speed&quot;:800,&quot;timeout&quot;:3000,&quot;paused&quot;:false,&quot;pause_on_hover&quot;:false,&quot;swipe&quot;:true,&quot;nav_always_show_desktop&quot;:&quot;&quot;,&quot;nav_always_show_mobile&quot;:&quot;&quot;,&quot;breakpoint&quot;:&quot;780px&quot;,&quot;unmute&quot;:false,&quot;anchor&quot;:null}\"\n\t\t\t\t\t\t\t\t\t\tdata-anchor-id=\"\"\n\t\t\t\t>\t\t<li class=\"sow-slider-image  sow-slider-image-cover\" style=\"visibility: visible;;background-image: url(https:\/\/nationalstore.be\/wp-content\/uploads\/2022\/06\/ns-afmetingen-producten-2_page-0001-scaled.jpg)\" >\n\t\t\t\t\t\t<img width=\"2560\" height=\"1792\" src=\"https:\/\/nationalstore.be\/wp-content\/uploads\/2022\/06\/ns-afmetingen-producten-2_page-0001-scaled.jpg\" class=\"sow-slider-background-image skip-lazy\" alt=\"\" loading=\"eager\" style=\"\" srcset=\"https:\/\/nationalstore.be\/wp-content\/uploads\/2022\/06\/ns-afmetingen-producten-2_page-0001-scaled.jpg 2560w, https:\/\/nationalstore.be\/wp-content\/uploads\/2022\/06\/ns-afmetingen-producten-2_page-0001-300x210.jpg 300w, https:\/\/nationalstore.be\/wp-content\/uploads\/2022\/06\/ns-afmetingen-producten-2_page-0001-1024x717.jpg 1024w, https:\/\/nationalstore.be\/wp-content\/uploads\/2022\/06\/ns-afmetingen-producten-2_page-0001-768x538.jpg 768w, https:\/\/nationalstore.be\/wp-content\/uploads\/2022\/06\/ns-afmetingen-producten-2_page-0001-1536x1075.jpg 1536w, https:\/\/nationalstore.be\/wp-content\/uploads\/2022\/06\/ns-afmetingen-producten-2_page-0001-2048x1434.jpg 2048w, https:\/\/nationalstore.be\/wp-content\/uploads\/2022\/06\/ns-afmetingen-producten-2_page-0001-600x420.jpg 600w\" sizes=\"(max-width: 2560px) 100vw, 2560px\" \/>\t\t<\/li>\n\t\t\t\t<li class=\"sow-slider-image  sow-slider-image-cover\" style=\"visibility: hidden;;background-image: url(https:\/\/nationalstore.be\/wp-content\/uploads\/2022\/06\/ns-afmetingen-producten-2_page-0002-scaled.jpg)\" >\n\t\t\t\t\t\t<img width=\"2560\" height=\"1792\" src=\"https:\/\/nationalstore.be\/wp-content\/uploads\/2022\/06\/ns-afmetingen-producten-2_page-0002-scaled.jpg\" class=\"sow-slider-background-image skip-lazy\" alt=\"\" loading=\"eager\" style=\"\" srcset=\"https:\/\/nationalstore.be\/wp-content\/uploads\/2022\/06\/ns-afmetingen-producten-2_page-0002-scaled.jpg 2560w, https:\/\/nationalstore.be\/wp-content\/uploads\/2022\/06\/ns-afmetingen-producten-2_page-0002-300x210.jpg 300w, https:\/\/nationalstore.be\/wp-content\/uploads\/2022\/06\/ns-afmetingen-producten-2_page-0002-1024x717.jpg 1024w, https:\/\/nationalstore.be\/wp-content\/uploads\/2022\/06\/ns-afmetingen-producten-2_page-0002-768x538.jpg 768w, https:\/\/nationalstore.be\/wp-content\/uploads\/2022\/06\/ns-afmetingen-producten-2_page-0002-1536x1075.jpg 1536w, https:\/\/nationalstore.be\/wp-content\/uploads\/2022\/06\/ns-afmetingen-producten-2_page-0002-2048x1434.jpg 2048w, https:\/\/nationalstore.be\/wp-content\/uploads\/2022\/06\/ns-afmetingen-producten-2_page-0002-600x420.jpg 600w\" sizes=\"(max-width: 2560px) 100vw, 2560px\" \/>\t\t<\/li>\n\t\t<\/ul>\t\t\t\t<ol class=\"sow-slider-pagination\">\n\t\t\t\t\t\t\t\t\t\t\t<li><a href=\"#\" data-goto=\"0\" aria-label=\"afficher la diapositive 1\"><\/a><\/li>\n\t\t\t\t\t\t\t\t\t\t\t<li><a href=\"#\" data-goto=\"1\" aria-label=\"afficher la diapositive 2\"><\/a><\/li>\n\t\t\t\t\t\t\t\t\t<\/ol>\n\n\t\t\t\t<div class=\"sow-slide-nav sow-slide-nav-next\">\n\t\t\t\t\t<a href=\"#\" data-goto=\"next\" aria-label=\"diapositive suivante\" data-action=\"next\">\n\t\t\t\t\t\t<em class=\"sow-sld-icon-thin-right\"><\/em>\n\t\t\t\t\t<\/a>\n\t\t\t\t<\/div>\n\n\t\t\t\t<div class=\"sow-slide-nav sow-slide-nav-prev\">\n\t\t\t\t\t<a href=\"#\" data-goto=\"previous\" aria-label=\"diapositive pr\u00e9c\u00e9dente\" data-action=\"prev\">\n\t\t\t\t\t\t<em class=\"sow-sld-icon-thin-left\"><\/em>\n\t\t\t\t\t<\/a>\n\t\t\t\t<\/div>\n\t\t\t\t<\/div><\/div><\/div><\/div><div id=\"pgc-7267-0-1\"  class=\"panel-grid-cell\" ><div id=\"panel-7267-0-1-0\" class=\"so-panel widget widget_sow-editor panel-first-child\" data-index=\"2\" ><div class=\"facility panel-widget-style panel-widget-style-for-7267-0-1-0\" ><div\n\t\t\t\n\t\t\tclass=\"so-widget-sow-editor so-widget-sow-editor-base\"\n\t\t\t\n\t\t>\n<div class=\"siteorigin-widget-tinymce textwidget\">\n\t<h1>Stands d\u2019exposition<\/h1>\n<p>Nous offrons des stands d\u2019exposition en forme de U (20m2) & de L (14m2) d\u2019une hauteur de 2.65m<\/p>\n<h4>Les stands d\u2019exposition sont \u00e9quip\u00e9s de :<\/h4>\n<ul>\n<li>Une banni\u00e8re de signal\u00e9tique reprenant le nom de votre organisation<\/li>\n<li>Un espace de stockage <\/li>\n<\/ul>\n<h4>Les frais de participation comprennent :<\/h4>\n<ul>\n<li>20 (x2) invitations pour le vernissage<\/li>\n<li>100 (x1) invitation gratuites pour l\u2019Artist Market<\/li>\n<\/ul>\n<\/div>\n<\/div><\/div><\/div><div id=\"panel-7267-0-1-1\" class=\"so-panel widget widget_sow-editor panel-last-child\" data-index=\"3\" ><div\n\t\t\t\n\t\t\tclass=\"so-widget-sow-editor so-widget-sow-editor-base\"\n\t\t\t\n\t\t>\n<div class=\"siteorigin-widget-tinymce textwidget\">\n\t<form id=\"formBuy\" method=\"POST\" action=\"https:\/\/nationalstore.be\/fr\/checkout-1\">\r\n\r\n<div class=\"table\">\r\n<div class=\"row\">\r\n<div class=\"table-cell\">\r\n<h4>DIMENSIONS<\/h4>\r\n<select id=\"dimension_facility\" type=\"text\" name=\"dimension_facility\">\r\n<option value=\"\">s\u00e9lectionner<\/option>\r\n<option value=\"14 m2\">L-SHAPE (14m2) \u2013 1400 \u20ac HTVA<\/option>\r\n<option value=\"20 m2\">U-SHAPE(20m2) \u2013 2000 \u20ac HTVA<\/option>\r\n<\/select>\r\n<input min=1 max=1 name=\"quantity_facility\" class=\"quantity_facility\" type=\"number\" value=\"1\" style=\"display: none;\" \/>\r\n<\/div>\r\n<\/div>\r\n<\/div>\r\n\r\n<div class=\"table\">\r\n<div class=\"row\">\r\n<div class=\"table-cell\">\r\n<h4 style=\"margin-bottom: 0\">PRIX<\/h4>\r\n\u2014\r\n<p style=\"margin: 0\">(HTVA 21%)<\/p>\r\n<\/div>\r\n<div class=\"table-cell\">\r\n<script type=\"text\/javascript\">\r\nvar x = document.getElementById(\"dimension_facility\").value;\r\ndimension_facility.addEventListener('change', myFunction);\r\nfunction myFunction() {\r\nif (dimension_facility.value == \"\") total.value = \"\";\r\nif (dimension_facility.value == \"14 m2\") total.value = 1400;\r\nif (dimension_facility.value == \"20 m2\") total.value = 2000;\r\n}\r\n<\/script>\r\n<h3>\u20ac <input type=\"text\" id=\"total\" name=\"total\" value=\"1400\" style=\"font-size: 20px; line-height: 26px; border: none; color: #3C3C3C; font-weight: bold; width: 100px;\"><\/h3>\r\n<script type=\"text\/javascript\">\r\nvar i = document.getElementById(\"dimension_facility\").value;\r\ndimension_facility.addEventListener('change', myFunctioni);\r\nfunction myFunctioni() {\r\nif (dimension_facility.value == \"\")image.src = \"https:\/\/nationalstore.be\/wp-content\/themes\/national\/images\/facility-4.1.jpg\";\r\nif (dimension_facility.value == \"14 m2\")image.src = \"https:\/\/nationalstore.be\/wp-content\/themes\/national\/images\/facility-4.1.jpg\";\r\nif (dimension_facility.value == \"20 m2\")image.src = \"https:\/\/nationalstore.be\/wp-content\/themes\/national\/images\/facility-4.3.jpg\";\r\n}\r\n<\/script>\r\n<script type=\"text\/javascript\">\r\nvar i2 = document.getElementById(\"dimension_facility\").value;\r\ndimension_facility.addEventListener('change', myFunctioni2);\r\nfunction myFunctioni2() {\r\nif (dimension_facility.value == \"\")image2.src = \"https:\/\/nationalstore.be\/wp-content\/themes\/national\/images\/facility-4.2.jpg\";\r\nif (dimension_facility.value == \"14 m2\")image2.src = \"https:\/\/nationalstore.be\/wp-content\/themes\/national\/images\/facility-4.2.jpg\";\r\nif (dimension_facility.value == \"20 m2\")image2.src = \"https:\/\/nationalstore.be\/wp-content\/themes\/national\/images\/facility-4.4.jpg\";\r\n}\r\n<\/script>\r\n<\/div>\r\n<\/div>\r\n<\/div>\r\n\r\n<input type=\"text\" style=\"display: none;\" name=\"product_facility\" value=\"Stands d\u2019exposition\"\/>\r\n<p><button>COMMANDER MAINTENANT<\/button><\/p>\r\n<p>Les frais de candidature sont de \u20ac25 TVA incluse. Toutes les candidatures seront soumises \u00e0 la d\u00e9lib\u00e9ration devant un comit\u00e9. Les exposants s\u00e9lectionn\u00e9s recevront une notification de s\u00e9lection accompagn\u00e9e d\u2019une facture de paiement.<\/p>\r\n\r\n<\/form>\r\n\r\n<script>\r\nvar $qtity = $(\"input[name='quantity_facility']\");\r\nvar $dimension = $(\"input[name='dimension_facility']\");\r\nvar $total = $(\"input[name='total']\");\r\nvar $totalText = $(\"span#priceText\");\r\n$qtity.change(calculatePrice);\r\nfunction calculatePrice() {\r\nvar q = $qtity.val();\r\nvar d = $dimension.val();\r\nvar t = d;\r\n$total.val(t);\r\n$totalText.text(\"\u20ac \" + t);\r\n}\r\ncalculatePrice();\r\n$(\"div.exhibitors.hover a\").addClass(\"selected\");\r\n<\/script>\n<\/div>\n<\/div><\/div><\/div><\/div><\/div>","protected":false},"excerpt":{"rendered":"<p>Stands d\u2019exposition Nous offrons des stands d\u2019exposition en forme de U (20m2) &#038; de L (14m2) d\u2019une hauteur de 2.65m Les stands d\u2019exposition sont \u00e9quip\u00e9s de : Une banni\u00e8re de signal\u00e9tique reprenant le nom de votre organisation Un espace de stockage Les frais de participation comprennent : 20 (x2) invitations pour le vernissage 100 (x1) [&hellip;]<\/p>\n","protected":false},"author":1,"featured_media":0,"parent":36328,"menu_order":9,"comment_status":"closed","ping_status":"closed","template":"","meta":[],"yoast_head":"<!-- This site is optimized with the Yoast SEO plugin v19.1 - https:\/\/yoast.com\/wordpress\/plugins\/seo\/ -->\n<title>Stands d\u2019exposition | E-shop artistes belges<\/title>\n<meta name=\"description\" content=\"Want to know more about Stands d\u2019exposition? Surf on the site of the Nationaal Artists Supermarket, you will discover many creators of !\" \/>\n<meta name=\"robots\" content=\"index, follow, max-snippet:-1, max-image-preview:large, max-video-preview:-1\" \/>\n<link rel=\"canonical\" href=\"https:\/\/nationalstore.be\/fr\/vendez-avec-nous\/exposition-marketplace\/postuler-pour-des-installations-dexposition\/stands-dexposition\" \/>\n<meta property=\"og:locale\" content=\"fr_FR\" \/>\n<meta property=\"og:type\" content=\"article\" \/>\n<meta property=\"og:title\" content=\"Stands d\u2019exposition | E-shop artistes belges\" \/>\n<meta property=\"og:description\" content=\"Want to know more about Stands d\u2019exposition? Surf on the site of the Nationaal Artists Supermarket, you will discover many creators of !\" \/>\n<meta property=\"og:url\" content=\"https:\/\/nationalstore.be\/fr\/vendez-avec-nous\/exposition-marketplace\/postuler-pour-des-installations-dexposition\/stands-dexposition\" \/>\n<meta property=\"og:site_name\" content=\"NATIONA(A)L ARTIST SUPERMARKET\" \/>\n<meta property=\"article:publisher\" content=\"https:\/\/www.facebook.com\/nationalstore\/?ref=br_rs\" \/>\n<meta property=\"article:modified_time\" content=\"2022-06-15T12:03:45+00:00\" \/>\n<meta property=\"og:image\" content=\"https:\/\/nationalstore.be\/wp-content\/uploads\/2024\/09\/2-2.png\" \/>\n\t<meta property=\"og:image:width\" content=\"1080\" \/>\n\t<meta property=\"og:image:height\" content=\"1080\" \/>\n\t<meta property=\"og:image:type\" content=\"image\/png\" \/>\n<meta name=\"twitter:card\" content=\"summary_large_image\" \/>\n<meta name=\"twitter:site\" content=\"@Nationalstore\" \/>\n<script type=\"application\/ld+json\" class=\"yoast-schema-graph\">{\"@context\":\"https:\/\/schema.org\",\"@graph\":[{\"@type\":\"Organization\",\"@id\":\"https:\/\/nationalstore.be\/fr#organization\",\"name\":\"NATIONA(A)L ARTIST MARKET\",\"url\":\"https:\/\/nationalstore.be\/fr\",\"sameAs\":[\"https:\/\/www.instagram.com\/nationalstore\/\",\"https:\/\/www.facebook.com\/nationalstore\/?ref=br_rs\",\"https:\/\/twitter.com\/Nationalstore\"],\"logo\":{\"@type\":\"ImageObject\",\"inLanguage\":\"fr-FR\",\"@id\":\"https:\/\/nationalstore.be\/fr#\/schema\/logo\/image\/\",\"url\":\"https:\/\/nationalstore.be\/wp-content\/uploads\/2024\/03\/nationaal-logo_mauve-cmjn.png\",\"contentUrl\":\"https:\/\/nationalstore.be\/wp-content\/uploads\/2024\/03\/nationaal-logo_mauve-cmjn.png\",\"width\":3475,\"height\":1352,\"caption\":\"NATIONA(A)L ARTIST MARKET\"},\"image\":{\"@id\":\"https:\/\/nationalstore.be\/fr#\/schema\/logo\/image\/\"}},{\"@type\":\"WebSite\",\"@id\":\"https:\/\/nationalstore.be\/fr#website\",\"url\":\"https:\/\/nationalstore.be\/fr\",\"name\":\"NATIONA(A)L ARTIST SUPERMARKET\",\"description\":\"\",\"publisher\":{\"@id\":\"https:\/\/nationalstore.be\/fr#organization\"},\"potentialAction\":[{\"@type\":\"SearchAction\",\"target\":{\"@type\":\"EntryPoint\",\"urlTemplate\":\"https:\/\/nationalstore.be\/fr?s={search_term_string}\"},\"query-input\":\"required name=search_term_string\"}],\"inLanguage\":\"fr-FR\"},{\"@type\":\"WebPage\",\"@id\":\"https:\/\/nationalstore.be\/fr\/vendez-avec-nous\/exposition-marketplace\/postuler-pour-des-installations-dexposition\/stands-dexposition#webpage\",\"url\":\"https:\/\/nationalstore.be\/fr\/vendez-avec-nous\/exposition-marketplace\/postuler-pour-des-installations-dexposition\/stands-dexposition\",\"name\":\"Stands d\u2019exposition | E-shop artistes belges\",\"isPartOf\":{\"@id\":\"https:\/\/nationalstore.be\/fr#website\"},\"datePublished\":\"2022-06-14T15:44:44+00:00\",\"dateModified\":\"2022-06-15T12:03:45+00:00\",\"description\":\"Want to know more about Stands d\u2019exposition? Surf on the site of the Nationaal Artists Supermarket, you will discover many creators of !\",\"breadcrumb\":{\"@id\":\"https:\/\/nationalstore.be\/fr\/vendez-avec-nous\/exposition-marketplace\/postuler-pour-des-installations-dexposition\/stands-dexposition#breadcrumb\"},\"inLanguage\":\"fr-FR\",\"potentialAction\":[{\"@type\":\"ReadAction\",\"target\":[\"https:\/\/nationalstore.be\/fr\/vendez-avec-nous\/exposition-marketplace\/postuler-pour-des-installations-dexposition\/stands-dexposition\"]}]},{\"@type\":\"BreadcrumbList\",\"@id\":\"https:\/\/nationalstore.be\/fr\/vendez-avec-nous\/exposition-marketplace\/postuler-pour-des-installations-dexposition\/stands-dexposition#breadcrumb\",\"itemListElement\":[{\"@type\":\"ListItem\",\"position\":1,\"name\":\"Home\",\"item\":\"https:\/\/nationalstore.be\/fr\"},{\"@type\":\"ListItem\",\"position\":2,\"name\":\"Vendez avec nous\",\"item\":\"https:\/\/nationalstore.be\/fr\/vendez-avec-nous\"},{\"@type\":\"ListItem\",\"position\":3,\"name\":\"Market &#038; Marketplace\",\"item\":\"https:\/\/nationalstore.be\/fr\/vendez-avec-nous\/exposition-marketplace\"},{\"@type\":\"ListItem\",\"position\":4,\"name\":\"Postuler pour des installations d&#8217;exposition\",\"item\":\"https:\/\/nationalstore.be\/fr\/vendez-avec-nous\/exposition-marketplace\/postuler-pour-des-installations-dexposition\"},{\"@type\":\"ListItem\",\"position\":5,\"name\":\"Stands d\u2019exposition\"}]}]}<\/script>\n<!-- \/ Yoast SEO plugin. -->","yoast_head_json":{"title":"Stands d\u2019exposition | E-shop artistes belges","description":"Want to know more about Stands d\u2019exposition? Surf on the site of the Nationaal Artists Supermarket, you will discover many creators of !","robots":{"index":"index","follow":"follow","max-snippet":"max-snippet:-1","max-image-preview":"max-image-preview:large","max-video-preview":"max-video-preview:-1"},"canonical":"https:\/\/nationalstore.be\/fr\/vendez-avec-nous\/exposition-marketplace\/postuler-pour-des-installations-dexposition\/stands-dexposition","og_locale":"fr_FR","og_type":"article","og_title":"Stands d\u2019exposition | E-shop artistes belges","og_description":"Want to know more about Stands d\u2019exposition? Surf on the site of the Nationaal Artists Supermarket, you will discover many creators of !","og_url":"https:\/\/nationalstore.be\/fr\/vendez-avec-nous\/exposition-marketplace\/postuler-pour-des-installations-dexposition\/stands-dexposition","og_site_name":"NATIONA(A)L ARTIST SUPERMARKET","article_publisher":"https:\/\/www.facebook.com\/nationalstore\/?ref=br_rs","article_modified_time":"2022-06-15T12:03:45+00:00","og_image":[{"width":1080,"height":1080,"url":"https:\/\/nationalstore.be\/wp-content\/uploads\/2024\/09\/2-2.png","type":"image\/png"}],"twitter_card":"summary_large_image","twitter_site":"@Nationalstore","schema":{"@context":"https:\/\/schema.org","@graph":[{"@type":"Organization","@id":"https:\/\/nationalstore.be\/fr#organization","name":"NATIONA(A)L ARTIST MARKET","url":"https:\/\/nationalstore.be\/fr","sameAs":["https:\/\/www.instagram.com\/nationalstore\/","https:\/\/www.facebook.com\/nationalstore\/?ref=br_rs","https:\/\/twitter.com\/Nationalstore"],"logo":{"@type":"ImageObject","inLanguage":"fr-FR","@id":"https:\/\/nationalstore.be\/fr#\/schema\/logo\/image\/","url":"https:\/\/nationalstore.be\/wp-content\/uploads\/2024\/03\/nationaal-logo_mauve-cmjn.png","contentUrl":"https:\/\/nationalstore.be\/wp-content\/uploads\/2024\/03\/nationaal-logo_mauve-cmjn.png","width":3475,"height":1352,"caption":"NATIONA(A)L ARTIST MARKET"},"image":{"@id":"https:\/\/nationalstore.be\/fr#\/schema\/logo\/image\/"}},{"@type":"WebSite","@id":"https:\/\/nationalstore.be\/fr#website","url":"https:\/\/nationalstore.be\/fr","name":"NATIONA(A)L ARTIST SUPERMARKET","description":"","publisher":{"@id":"https:\/\/nationalstore.be\/fr#organization"},"potentialAction":[{"@type":"SearchAction","target":{"@type":"EntryPoint","urlTemplate":"https:\/\/nationalstore.be\/fr?s={search_term_string}"},"query-input":"required name=search_term_string"}],"inLanguage":"fr-FR"},{"@type":"WebPage","@id":"https:\/\/nationalstore.be\/fr\/vendez-avec-nous\/exposition-marketplace\/postuler-pour-des-installations-dexposition\/stands-dexposition#webpage","url":"https:\/\/nationalstore.be\/fr\/vendez-avec-nous\/exposition-marketplace\/postuler-pour-des-installations-dexposition\/stands-dexposition","name":"Stands d\u2019exposition | E-shop artistes belges","isPartOf":{"@id":"https:\/\/nationalstore.be\/fr#website"},"datePublished":"2022-06-14T15:44:44+00:00","dateModified":"2022-06-15T12:03:45+00:00","description":"Want to know more about Stands d\u2019exposition? Surf on the site of the Nationaal Artists Supermarket, you will discover many creators of !","breadcrumb":{"@id":"https:\/\/nationalstore.be\/fr\/vendez-avec-nous\/exposition-marketplace\/postuler-pour-des-installations-dexposition\/stands-dexposition#breadcrumb"},"inLanguage":"fr-FR","potentialAction":[{"@type":"ReadAction","target":["https:\/\/nationalstore.be\/fr\/vendez-avec-nous\/exposition-marketplace\/postuler-pour-des-installations-dexposition\/stands-dexposition"]}]},{"@type":"BreadcrumbList","@id":"https:\/\/nationalstore.be\/fr\/vendez-avec-nous\/exposition-marketplace\/postuler-pour-des-installations-dexposition\/stands-dexposition#breadcrumb","itemListElement":[{"@type":"ListItem","position":1,"name":"Home","item":"https:\/\/nationalstore.be\/fr"},{"@type":"ListItem","position":2,"name":"Vendez avec nous","item":"https:\/\/nationalstore.be\/fr\/vendez-avec-nous"},{"@type":"ListItem","position":3,"name":"Market &#038; Marketplace","item":"https:\/\/nationalstore.be\/fr\/vendez-avec-nous\/exposition-marketplace"},{"@type":"ListItem","position":4,"name":"Postuler pour des installations d&#8217;exposition","item":"https:\/\/nationalstore.be\/fr\/vendez-avec-nous\/exposition-marketplace\/postuler-pour-des-installations-dexposition"},{"@type":"ListItem","position":5,"name":"Stands d\u2019exposition"}]}]}},"_links":{"self":[{"href":"https:\/\/nationalstore.be\/fr\/wp-json\/wp\/v2\/pages\/7267"}],"collection":[{"href":"https:\/\/nationalstore.be\/fr\/wp-json\/wp\/v2\/pages"}],"about":[{"href":"https:\/\/nationalstore.be\/fr\/wp-json\/wp\/v2\/types\/page"}],"author":[{"embeddable":true,"href":"https:\/\/nationalstore.be\/fr\/wp-json\/wp\/v2\/users\/1"}],"replies":[{"embeddable":true,"href":"https:\/\/nationalstore.be\/fr\/wp-json\/wp\/v2\/comments?post=7267"}],"version-history":[{"count":9,"href":"https:\/\/nationalstore.be\/fr\/wp-json\/wp\/v2\/pages\/7267\/revisions"}],"predecessor-version":[{"id":36419,"href":"https:\/\/nationalstore.be\/fr\/wp-json\/wp\/v2\/pages\/7267\/revisions\/36419"}],"up":[{"embeddable":true,"href":"https:\/\/nationalstore.be\/fr\/wp-json\/wp\/v2\/pages\/36328"}],"wp:attachment":[{"href":"https:\/\/nationalstore.be\/fr\/wp-json\/wp\/v2\/media?parent=7267"}],"curies":[{"name":"wp","href":"https:\/\/api.w.org\/{rel}","templated":true}]}}