{"id":7047,"date":"2020-12-04T13:44:11","date_gmt":"2020-12-04T12:44:11","guid":{"rendered":"https:\/\/nationalstore.be\/?page_id=7047"},"modified":"2026-01-27T13:38:16","modified_gmt":"2026-01-27T12:38:16","slug":"a-propos","status":"publish","type":"page","link":"https:\/\/nationalstore.be\/fr\/a-propos","title":{"rendered":"A propos"},"content":{"rendered":"<div id=\"pl-7047\"  class=\"panel-layout\" ><div id=\"pg-7047-0\"  class=\"panel-grid panel-no-style\" ><div id=\"pgc-7047-0-0\"  class=\"panel-grid-cell panel-grid-cell-mobile-last\" ><div id=\"panel-7047-0-0-0\" class=\"so-panel widget widget_sow-editor panel-first-child panel-last-child\" data-index=\"0\" ><div class=\"panel-widget-style panel-widget-style-for-7047-0-0-0\" ><div\n\t\t\t\n\t\t\tclass=\"so-widget-sow-editor so-widget-sow-editor-base\"\n\t\t\t\n\t\t>\n<div class=\"siteorigin-widget-tinymce textwidget\">\n\t<h3>NATIONA(A)L offre visibilit\u00e9 et soutien aux artistes et initiatives culturelles locales.<\/h3>\n<\/div>\n<\/div><\/div><\/div><\/div><div id=\"pgc-7047-0-1\"  class=\"panel-grid-cell panel-grid-cell-empty\" ><\/div><\/div><div id=\"pg-7047-1\"  class=\"panel-grid panel-no-style\" ><div id=\"pgc-7047-1-0\"  class=\"panel-grid-cell\" ><div id=\"panel-7047-1-0-0\" class=\"so-panel widget widget_sow-editor panel-first-child panel-last-child\" data-index=\"1\" ><div class=\"panel-widget-style panel-widget-style-for-7047-1-0-0\" ><div\n\t\t\t\n\t\t\tclass=\"so-widget-sow-editor so-widget-sow-editor-base\"\n\t\t\t\n\t\t>\n<div class=\"siteorigin-widget-tinymce textwidget\">\n\t<h3>NOUS VOULONS<\/h3>\n<h4>Faire d\u00e9couvrir &amp; rendre accessible<\/h4>\n<ul>\n<li>Connecter et r\u00e9-enchanter nos visiteurs avec les micro-soci\u00e9t\u00e9s culturelles &amp; cr\u00e9atives locales actives dans 5 disciplines : Les Arts plastiques, la Musique, le Design, Le livre et la Mode.<\/li>\n<li>Recruter de nouveaux fans de la culture belge en r\u00e9v\u00e9lant les meilleurs artistes locaux et initiatives culturelles.<\/li>\n<\/ul>\n<h4>Impacter les habitudes de consommation<\/h4>\n<ul>\n<li>Lutter contre la globalisation culturelle et oeuvrer pour reconnecter, re-initier et r\u00e9\u00e9duquer le public \u00e0 l\u2019appr\u00e9ciation des produits d'artistes et culturels locaux.<\/li>\n<li>Tous nos artistes produisent avec un esprit \u00e9thique des \u0153uvres, des pi\u00e8ces et objets qui stimulent la cr\u00e9ation de nouveaux imaginaires.<\/li>\n<\/ul>\n<h4>Faire fleurir<\/h4>\n<ul>\n<li>Restaurer l'\u00e9cosyst\u00e8me cr\u00e9atif et culturel local et, pour ce faire, impliquer le consommateur final. Avec son march\u00e9 d'artistes, NATIONA(A)L attire un public diversifi\u00e9, aguerri ou non, parfois sceptique ou d\u00e9j\u00e0 enthousiaste, \u00e0 contribuer au capital culturel du pays et \u00e0 r\u00e9fl\u00e9chir \u00e0 une nouvelle fa\u00e7on de consommer le cr\u00e9atif ainsi que les produits d\u2019artistes<\/li>\n<li>Faire baisser la facture des artistes et entrepreneurs culturels sur les aspects commerciaux &amp; digitaux en les accompagnant dans les ventes, relations publiques &amp; marketing digital<\/li>\n<\/ul>\n<p>&nbsp;<\/p>\n<\/div>\n<\/div><\/div><\/div><\/div><div id=\"pgc-7047-1-1\"  class=\"panel-grid-cell\" ><div id=\"panel-7047-1-1-0\" class=\"so-panel widget widget_sow-editor panel-first-child panel-last-child\" data-index=\"2\" ><div class=\"panel-widget-style panel-widget-style-for-7047-1-1-0\" ><div\n\t\t\t\n\t\t\tclass=\"so-widget-sow-editor so-widget-sow-editor-base\"\n\t\t\t\n\t\t>\n<div class=\"siteorigin-widget-tinymce textwidget\">\n\t<h3>NOS ACTIVIT\u00c9S<\/h3>\n<p>Pour r\u00e9aliser sa mission, NATIONA(A)L cr\u00e9e des espaces de r\u00e9enchantement par la d\u00e9couverte, l\u2019\u00e9change et la rencontre :<\/p>\n<h4>1\/ Une foire d\u2019art physique : Le NATIONA(A)L Artist Market<\/h4>\n<p>\u00c0 la fois exp\u00e9rience immersive et \u00e9v\u00e9nement exclusif pour la sc\u00e8ne artistique \u00e9mergente contemporaine, le NATIONA(A)L Artist Market promeut et commercialise des artistes et des produits des disciplines suivantes : ARTS VISUELS \/ DESIGN \/ MODE \/ LIVRE \/ MUSIQUE<\/p>\n<ul>\n<li>Un \u00e9v\u00e9nement polymorphe produit pour r\u00e9-enchanter par des d\u00e9couvertes qui brouillent les fronti\u00e8res entre exposition traditionnelle et foire.<\/li>\n<li>Un lieu de repr\u00e9sentation o\u00f9 vous avez l'opportunit\u00e9 de rencontrer vos artistes belges pr\u00e9f\u00e9r\u00e9s et de profiter de concerts intimistes, de s\u00e9ances de d\u00e9dicaces, de performances, etc.<\/li>\n<\/ul>\n<p>&gt; <a href=\"https:\/\/nationalstore.be\/en\/nationaal-artist-market-event\" target=\"_blank\" rel=\"noopener\"><strong>NATIONA(A)L Artist Market 2022 \u00e0 la Maison de la Poste<\/strong><\/a><\/p>\n<h4>2\/ Une place de march\u00e9 en ligne : Le NATIONA(A)L Artist e-Market<\/h4>\n<p>Le plus grand march\u00e9 en ligne pour les artistes et initiatives culturelles locales pr\u00e9sentant des produits d'artistes et \u00e9v\u00e9nements culturels s\u00e9lectionn\u00e9s avec soin :<\/p>\n<ul>\n<li>Une plateforme con\u00e7ue comme un espace de r\u00e9-enchantement au travers de la d\u00e9couverte, l\u2019\u00e9change et la rencontre.<\/li>\n<li>Un agenda d'\u00e9v\u00e9nements o\u00f9 rep\u00e9rer nos artistes &amp; initiatives culturelles tout au long de l'ann\u00e9e.<\/li>\n<li>Une cartographie des ateliers de nos artistes pour permettre \u00e0 chacun de d\u00e9couvrir ce qui se passe \u00e0 c\u00f4t\u00e9 et d\u00e9couvrir leurs d\u00e9marches et des univers artistiques vari\u00e9s !<\/li>\n<\/ul>\n<p>VENDEZ AVEC NOUS TOUTE L'ANN<span style=\"font-weight: 400;\">\u00c9<\/span>E SUR<strong> <a href=\"https:\/\/nationalstore.be\/fr\/vendez-avec-nous\/\">NOTRE MARKETPLACE EN LIGNE<\/a><\/strong><\/p>\n<\/div>\n<\/div><\/div><\/div><\/div><\/div><div id=\"pg-7047-2\"  class=\"panel-grid panel-no-style\" ><div id=\"pgc-7047-2-0\"  class=\"panel-grid-cell\" ><div id=\"panel-7047-2-0-0\" class=\"so-panel widget widget_sow-editor panel-first-child panel-last-child\" data-index=\"3\" ><div class=\"panel-widget-style panel-widget-style-for-7047-2-0-0\" ><div\n\t\t\t\n\t\t\tclass=\"so-widget-sow-editor so-widget-sow-editor-base\"\n\t\t\t\n\t\t>\n<div class=\"siteorigin-widget-tinymce textwidget\">\n\t<h3>NOUS CROYONS...<\/h3>\n<ul>\n<li>Que les gens ont besoin de contacts plus fr\u00e9quents et plus \u00e9troits avec les produits culturels et cr\u00e9atifs, de plus de temps pour appr\u00e9cier, toucher, lire, sentir, voir, entendre et exp\u00e9rimenter la cr\u00e9ativit\u00e9, car la culture stimule le d\u00e9veloppement social, la compr\u00e9hension et la coh\u00e9sion.<\/li>\n<li>En une \u00e9conomie cr\u00e9ative et culturelle en circuit court avec artistes, collectionneurs &amp; consommateurs, se stimulant par la d\u00e9couverte et l'\u00e9change<\/li>\n<li>Que les ressources cr\u00e9atives profitent au bien-\u00eatre et agissent comme une th\u00e9rapie ascendante pour la soci\u00e9t\u00e9.<\/li>\n<li>Que les villes b\u00e9n\u00e9ficient d'initiatives valorisant leur cr\u00e9ativit\u00e9 et leur savoir-faire locaux car celles-ci v\u00e9hiculent un sentiment d'excellence, contribuent \u00e0 attirer un tourisme de qualit\u00e9 et invitent les entreprises internationales \u00e0 d\u00e9couvrir et collaborer avec leurs talents<\/li>\n<\/ul>\n<\/div>\n<\/div><\/div><\/div><\/div><div id=\"pgc-7047-2-1\"  class=\"panel-grid-cell\" ><div id=\"panel-7047-2-1-0\" class=\"so-panel widget widget_sow-image panel-first-child panel-last-child\" data-index=\"4\" ><div\n\t\t\t\n\t\t\tclass=\"so-widget-sow-image so-widget-sow-image-default-8b5b6f678277-7047\"\n\t\t\t\n\t\t>\n\n<div class=\"sow-image-container\">\n\t\t<img src=\"https:\/\/nationalstore.be\/wp-content\/uploads\/2021\/09\/anim_caddie_3-copie.gif\" width=\"400\" height=\"400\" sizes=\"(max-width: 400px) 100vw, 400px\" title=\"Anim_Caddie_3 &#8211; copie\" alt=\"\" loading=\"lazy\" \t\tclass=\"so-widget-image\"\/>\n\t<\/div>\n\n<\/div><\/div><\/div><\/div><div id=\"pg-7047-3\"  class=\"panel-grid panel-has-style\" ><div class=\"ux-team-1 panel-row-style panel-row-style-for-7047-3\" ><div id=\"pgc-7047-3-0\"  class=\"panel-grid-cell\" ><div id=\"panel-7047-3-0-0\" class=\"so-panel widget widget_sow-editor panel-first-child panel-last-child\" data-index=\"5\" ><div\n\t\t\t\n\t\t\tclass=\"so-widget-sow-editor so-widget-sow-editor-base\"\n\t\t\t\n\t\t>\n<div class=\"siteorigin-widget-tinymce textwidget\">\n\t<h4 style=\"margin-bottom: -20px;\">Adeline d\u2019Ursel<\/h4>\n<p>Fondatrice<br \/>\n<a href=\"mailto:adeline@nationalstore.be\">adeline@nationalstore.be<\/a><\/p>\n<\/div>\n<\/div><\/div><\/div><div id=\"pgc-7047-3-1\"  class=\"panel-grid-cell\" ><div id=\"panel-7047-3-1-0\" class=\"so-panel widget widget_sow-editor panel-first-child panel-last-child\" data-index=\"6\" ><div\n\t\t\t\n\t\t\tclass=\"so-widget-sow-editor so-widget-sow-editor-base\"\n\t\t\t\n\t\t>\n<div class=\"siteorigin-widget-tinymce textwidget\">\n\t<h4 style=\"margin-bottom: -20px;\">Vanessa d'Hennezel<\/h4>\n<p>Production<br \/>\n<a href=\"mailto:adeline@nationalstore.be\">vanessa@nationalstore.be<\/a><\/p>\n<\/div>\n<\/div><\/div><\/div><div id=\"pgc-7047-3-2\"  class=\"panel-grid-cell\" ><div id=\"panel-7047-3-2-0\" class=\"so-panel widget widget_sow-editor panel-first-child panel-last-child\" data-index=\"7\" ><div\n\t\t\t\n\t\t\tclass=\"so-widget-sow-editor so-widget-sow-editor-base\"\n\t\t\t\n\t\t>\n<div class=\"siteorigin-widget-tinymce textwidget\">\n\t<h4 style=\"margin-bottom: -20px;\">Mariadea Totta<\/h4>\n<p>Assistante en communication digitale<br \/>\n<a href=\"mailto:adeline@nationalstore.be\">maria@nationalstore.be<\/a><\/p>\n<\/div>\n<\/div><\/div><\/div><\/div><\/div><div id=\"pg-7047-4\"  class=\"panel-grid panel-has-style\" ><div class=\"ux-team-2 panel-row-style panel-row-style-for-7047-4\" ><div id=\"pgc-7047-4-0\"  class=\"panel-grid-cell\" ><div id=\"panel-7047-4-0-0\" class=\"so-panel widget widget_sow-editor panel-first-child panel-last-child\" data-index=\"8\" ><div\n\t\t\t\n\t\t\tclass=\"so-widget-sow-editor so-widget-sow-editor-base\"\n\t\t\t\n\t\t>\n<div class=\"siteorigin-widget-tinymce textwidget\">\n\t<p>T\u00e9l\u00e9chargez <a href=\"https:\/\/we.tl\/t-9Xsq060Mpv\"><span style=\"text-decoration: underline;\"><strong>le kit presse ici<\/strong><\/span><\/a><\/p>\n<\/div>\n<\/div><\/div><\/div><div id=\"pgc-7047-4-1\"  class=\"panel-grid-cell panel-grid-cell-empty panel-grid-cell-mobile-last\" ><\/div><div id=\"pgc-7047-4-2\"  class=\"panel-grid-cell panel-grid-cell-empty\" ><\/div><\/div><\/div><\/div>","protected":false},"excerpt":{"rendered":"<p>NATIONA(A)L offre visibilit\u00e9 et soutien aux artistes et initiatives culturelles locales. NOUS VOULONS Faire d\u00e9couvrir &amp; rendre accessible Connecter et r\u00e9-enchanter nos visiteurs avec les micro-soci\u00e9t\u00e9s culturelles &amp; cr\u00e9atives locales actives dans 5 disciplines : Les Arts plastiques, la Musique, le Design, Le livre et la Mode. Recruter de nouveaux fans de la culture belge [&hellip;]<\/p>\n","protected":false},"author":1,"featured_media":0,"parent":0,"menu_order":1,"comment_status":"closed","ping_status":"closed","template":"","meta":[],"yoast_head":"<!-- This site is optimized with the Yoast SEO plugin v19.1 - https:\/\/yoast.com\/wordpress\/plugins\/seo\/ -->\n<title>A propos | E-shop artistes belges<\/title>\n<meta name=\"description\" content=\"Want to know more about A propos? Surf on the site of the Nationaal Artists Supermarket, you will discover many creators of !\" \/>\n<meta name=\"robots\" content=\"index, follow, max-snippet:-1, max-image-preview:large, max-video-preview:-1\" \/>\n<link rel=\"canonical\" href=\"https:\/\/nationalstore.be\/fr\/a-propos\" \/>\n<meta property=\"og:locale\" content=\"fr_FR\" \/>\n<meta property=\"og:type\" content=\"article\" \/>\n<meta property=\"og:title\" content=\"A propos | E-shop artistes belges\" \/>\n<meta property=\"og:description\" content=\"Want to know more about A propos? Surf on the site of the Nationaal Artists Supermarket, you will discover many creators of !\" \/>\n<meta property=\"og:url\" content=\"https:\/\/nationalstore.be\/fr\/a-propos\" \/>\n<meta property=\"og:site_name\" content=\"NATIONA(A)L ARTIST SUPERMARKET\" \/>\n<meta property=\"article:publisher\" content=\"https:\/\/www.facebook.com\/nationalstore\/?ref=br_rs\" \/>\n<meta property=\"article:modified_time\" content=\"2026-01-27T12:38:16+00:00\" \/>\n<meta property=\"og:image\" content=\"https:\/\/nationalstore.be\/wp-content\/uploads\/2024\/09\/2-2.png\" \/>\n\t<meta property=\"og:image:width\" content=\"1080\" \/>\n\t<meta property=\"og:image:height\" content=\"1080\" \/>\n\t<meta property=\"og:image:type\" content=\"image\/png\" \/>\n<meta name=\"twitter:card\" content=\"summary_large_image\" \/>\n<meta name=\"twitter:site\" content=\"@Nationalstore\" \/>\n<meta name=\"twitter:label1\" content=\"Dur\u00e9e de lecture estim\u00e9e\" \/>\n\t<meta name=\"twitter:data1\" content=\"3 minutes\" \/>\n<script type=\"application\/ld+json\" class=\"yoast-schema-graph\">{\"@context\":\"https:\/\/schema.org\",\"@graph\":[{\"@type\":\"Organization\",\"@id\":\"https:\/\/nationalstore.be\/fr#organization\",\"name\":\"NATIONA(A)L ARTIST MARKET\",\"url\":\"https:\/\/nationalstore.be\/fr\",\"sameAs\":[\"https:\/\/www.instagram.com\/nationalstore\/\",\"https:\/\/www.facebook.com\/nationalstore\/?ref=br_rs\",\"https:\/\/twitter.com\/Nationalstore\"],\"logo\":{\"@type\":\"ImageObject\",\"inLanguage\":\"fr-FR\",\"@id\":\"https:\/\/nationalstore.be\/fr#\/schema\/logo\/image\/\",\"url\":\"https:\/\/nationalstore.be\/wp-content\/uploads\/2024\/03\/nationaal-logo_mauve-cmjn.png\",\"contentUrl\":\"https:\/\/nationalstore.be\/wp-content\/uploads\/2024\/03\/nationaal-logo_mauve-cmjn.png\",\"width\":3475,\"height\":1352,\"caption\":\"NATIONA(A)L ARTIST MARKET\"},\"image\":{\"@id\":\"https:\/\/nationalstore.be\/fr#\/schema\/logo\/image\/\"}},{\"@type\":\"WebSite\",\"@id\":\"https:\/\/nationalstore.be\/fr#website\",\"url\":\"https:\/\/nationalstore.be\/fr\",\"name\":\"NATIONA(A)L ARTIST SUPERMARKET\",\"description\":\"\",\"publisher\":{\"@id\":\"https:\/\/nationalstore.be\/fr#organization\"},\"potentialAction\":[{\"@type\":\"SearchAction\",\"target\":{\"@type\":\"EntryPoint\",\"urlTemplate\":\"https:\/\/nationalstore.be\/fr?s={search_term_string}\"},\"query-input\":\"required name=search_term_string\"}],\"inLanguage\":\"fr-FR\"},{\"@type\":\"WebPage\",\"@id\":\"https:\/\/nationalstore.be\/fr\/a-propos#webpage\",\"url\":\"https:\/\/nationalstore.be\/fr\/a-propos\",\"name\":\"A propos | E-shop artistes belges\",\"isPartOf\":{\"@id\":\"https:\/\/nationalstore.be\/fr#website\"},\"datePublished\":\"2020-12-04T12:44:11+00:00\",\"dateModified\":\"2026-01-27T12:38:16+00:00\",\"description\":\"Want to know more about A propos? Surf on the site of the Nationaal Artists Supermarket, you will discover many creators of !\",\"breadcrumb\":{\"@id\":\"https:\/\/nationalstore.be\/fr\/a-propos#breadcrumb\"},\"inLanguage\":\"fr-FR\",\"potentialAction\":[{\"@type\":\"ReadAction\",\"target\":[\"https:\/\/nationalstore.be\/fr\/a-propos\"]}]},{\"@type\":\"BreadcrumbList\",\"@id\":\"https:\/\/nationalstore.be\/fr\/a-propos#breadcrumb\",\"itemListElement\":[{\"@type\":\"ListItem\",\"position\":1,\"name\":\"Home\",\"item\":\"https:\/\/nationalstore.be\/fr\"},{\"@type\":\"ListItem\",\"position\":2,\"name\":\"A propos\"}]}]}<\/script>\n<!-- \/ Yoast SEO plugin. -->","yoast_head_json":{"title":"A propos | E-shop artistes belges","description":"Want to know more about A propos? Surf on the site of the Nationaal Artists Supermarket, you will discover many creators of !","robots":{"index":"index","follow":"follow","max-snippet":"max-snippet:-1","max-image-preview":"max-image-preview:large","max-video-preview":"max-video-preview:-1"},"canonical":"https:\/\/nationalstore.be\/fr\/a-propos","og_locale":"fr_FR","og_type":"article","og_title":"A propos | E-shop artistes belges","og_description":"Want to know more about A propos? Surf on the site of the Nationaal Artists Supermarket, you will discover many creators of !","og_url":"https:\/\/nationalstore.be\/fr\/a-propos","og_site_name":"NATIONA(A)L ARTIST SUPERMARKET","article_publisher":"https:\/\/www.facebook.com\/nationalstore\/?ref=br_rs","article_modified_time":"2026-01-27T12:38:16+00:00","og_image":[{"width":1080,"height":1080,"url":"https:\/\/nationalstore.be\/wp-content\/uploads\/2024\/09\/2-2.png","type":"image\/png"}],"twitter_card":"summary_large_image","twitter_site":"@Nationalstore","twitter_misc":{"Dur\u00e9e de lecture estim\u00e9e":"3 minutes"},"schema":{"@context":"https:\/\/schema.org","@graph":[{"@type":"Organization","@id":"https:\/\/nationalstore.be\/fr#organization","name":"NATIONA(A)L ARTIST MARKET","url":"https:\/\/nationalstore.be\/fr","sameAs":["https:\/\/www.instagram.com\/nationalstore\/","https:\/\/www.facebook.com\/nationalstore\/?ref=br_rs","https:\/\/twitter.com\/Nationalstore"],"logo":{"@type":"ImageObject","inLanguage":"fr-FR","@id":"https:\/\/nationalstore.be\/fr#\/schema\/logo\/image\/","url":"https:\/\/nationalstore.be\/wp-content\/uploads\/2024\/03\/nationaal-logo_mauve-cmjn.png","contentUrl":"https:\/\/nationalstore.be\/wp-content\/uploads\/2024\/03\/nationaal-logo_mauve-cmjn.png","width":3475,"height":1352,"caption":"NATIONA(A)L ARTIST MARKET"},"image":{"@id":"https:\/\/nationalstore.be\/fr#\/schema\/logo\/image\/"}},{"@type":"WebSite","@id":"https:\/\/nationalstore.be\/fr#website","url":"https:\/\/nationalstore.be\/fr","name":"NATIONA(A)L ARTIST SUPERMARKET","description":"","publisher":{"@id":"https:\/\/nationalstore.be\/fr#organization"},"potentialAction":[{"@type":"SearchAction","target":{"@type":"EntryPoint","urlTemplate":"https:\/\/nationalstore.be\/fr?s={search_term_string}"},"query-input":"required name=search_term_string"}],"inLanguage":"fr-FR"},{"@type":"WebPage","@id":"https:\/\/nationalstore.be\/fr\/a-propos#webpage","url":"https:\/\/nationalstore.be\/fr\/a-propos","name":"A propos | E-shop artistes belges","isPartOf":{"@id":"https:\/\/nationalstore.be\/fr#website"},"datePublished":"2020-12-04T12:44:11+00:00","dateModified":"2026-01-27T12:38:16+00:00","description":"Want to know more about A propos? Surf on the site of the Nationaal Artists Supermarket, you will discover many creators of !","breadcrumb":{"@id":"https:\/\/nationalstore.be\/fr\/a-propos#breadcrumb"},"inLanguage":"fr-FR","potentialAction":[{"@type":"ReadAction","target":["https:\/\/nationalstore.be\/fr\/a-propos"]}]},{"@type":"BreadcrumbList","@id":"https:\/\/nationalstore.be\/fr\/a-propos#breadcrumb","itemListElement":[{"@type":"ListItem","position":1,"name":"Home","item":"https:\/\/nationalstore.be\/fr"},{"@type":"ListItem","position":2,"name":"A propos"}]}]}},"_links":{"self":[{"href":"https:\/\/nationalstore.be\/fr\/wp-json\/wp\/v2\/pages\/7047"}],"collection":[{"href":"https:\/\/nationalstore.be\/fr\/wp-json\/wp\/v2\/pages"}],"about":[{"href":"https:\/\/nationalstore.be\/fr\/wp-json\/wp\/v2\/types\/page"}],"author":[{"embeddable":true,"href":"https:\/\/nationalstore.be\/fr\/wp-json\/wp\/v2\/users\/1"}],"replies":[{"embeddable":true,"href":"https:\/\/nationalstore.be\/fr\/wp-json\/wp\/v2\/comments?post=7047"}],"version-history":[{"count":19,"href":"https:\/\/nationalstore.be\/fr\/wp-json\/wp\/v2\/pages\/7047\/revisions"}],"predecessor-version":[{"id":56603,"href":"https:\/\/nationalstore.be\/fr\/wp-json\/wp\/v2\/pages\/7047\/revisions\/56603"}],"wp:attachment":[{"href":"https:\/\/nationalstore.be\/fr\/wp-json\/wp\/v2\/media?parent=7047"}],"curies":[{"name":"wp","href":"https:\/\/api.w.org\/{rel}","templated":true}]}}