{"id":36347,"date":"2022-06-14T10:41:56","date_gmt":"2022-06-14T08:41:56","guid":{"rendered":"https:\/\/nationalstore.be\/vendez-avec-nous\/exposition-marketplace\/postuler-pour-des-installations-dexposition\/carpets"},"modified":"2024-02-01T12:27:22","modified_gmt":"2024-02-01T11:27:22","slug":"carpettes","status":"publish","type":"page","link":"https:\/\/nationalstore.be\/fr\/vendez-avec-nous\/exposition-marketplace\/postuler-pour-des-installations-dexposition\/carpettes","title":{"rendered":"Espace libre &#8211; j&#8217;apporte mon propre mat\u00e9riel d&#8217;exposition"},"content":{"rendered":"<div id=\"pl-36347\"  class=\"panel-layout\" ><div id=\"pg-36347-0\"  class=\"panel-grid panel-no-style\" ><div id=\"pgc-36347-0-0\"  class=\"panel-grid-cell\" ><div id=\"panel-36347-0-0-0\" class=\"so-panel widget widget_sow-image panel-first-child panel-last-child\" data-index=\"0\" ><div class=\"panel-widget-style panel-widget-style-for-36347-0-0-0\" ><div\n\t\t\t\n\t\t\tclass=\"so-widget-sow-image so-widget-sow-image-default-c67d20f9f743-36347\"\n\t\t\t\n\t\t>\n\n<div class=\"sow-image-container\">\n\t\t<img src=\"https:\/\/nationalstore.be\/wp-content\/uploads\/2023\/11\/free-spot.png\" width=\"1080\" height=\"1080\" srcset=\"https:\/\/nationalstore.be\/wp-content\/uploads\/2023\/11\/free-spot.png 1080w, https:\/\/nationalstore.be\/wp-content\/uploads\/2023\/11\/free-spot-300x300.png 300w, https:\/\/nationalstore.be\/wp-content\/uploads\/2023\/11\/free-spot-1024x1024.png 1024w, https:\/\/nationalstore.be\/wp-content\/uploads\/2023\/11\/free-spot-150x150.png 150w, https:\/\/nationalstore.be\/wp-content\/uploads\/2023\/11\/free-spot-768x768.png 768w, https:\/\/nationalstore.be\/wp-content\/uploads\/2023\/11\/free-spot-600x600.png 600w, https:\/\/nationalstore.be\/wp-content\/uploads\/2023\/11\/free-spot-100x100.png 100w\" sizes=\"(max-width: 1080px) 100vw, 1080px\" title=\"Espace libre\" alt=\"Espace libre\" loading=\"lazy\" \t\tclass=\"so-widget-image\"\/>\n\t<\/div>\n\n<\/div><\/div><\/div><\/div><div id=\"pgc-36347-0-1\"  class=\"panel-grid-cell\" ><div id=\"panel-36347-0-1-0\" class=\"so-panel widget widget_sow-editor panel-first-child\" data-index=\"1\" ><div class=\"facility panel-widget-style panel-widget-style-for-36347-0-1-0\" ><div\n\t\t\t\n\t\t\tclass=\"so-widget-sow-editor so-widget-sow-editor-base\"\n\t\t\t\n\t\t>\n<div class=\"siteorigin-widget-tinymce textwidget\">\n\t<p>&nbsp;<\/p>\n<h1>Espace libre \/ J'apporte mon propre mat\u00e9riel d'exposition<\/h1>\n<p>Nous proposons des espaces d'exposition par module de 4m x 1m ou 2m\u00b2.<\/p>\n<h4>Ces espaces sont \u00e9quip\u00e9s de :<\/h4>\n<ul>\n<li>Une banni\u00e8re de signal\u00e9tique reprenant le nom de votre organisation<\/li>\n<\/ul>\n<p><em>Les exposants sont pri\u00e9s de venir avec leurs propres tables, tringles, podiums, etc. pour ce module d\u2019exposition.<\/em><\/p>\n<h4>Les frais de participation comprennent :<\/h4>\n<ul>\n<li>10 (x2) invitations pour le vernissage<\/li>\n<li>20 (x1) invitation gratuites pour l\u2019Artist Market<\/li>\n<\/ul>\n<\/div>\n<\/div><\/div><\/div><div id=\"panel-36347-0-1-1\" class=\"so-panel widget widget_sow-editor panel-last-child\" data-index=\"2\" ><div\n\t\t\t\n\t\t\tclass=\"so-widget-sow-editor so-widget-sow-editor-base\"\n\t\t\t\n\t\t>\n<div class=\"siteorigin-widget-tinymce textwidget\">\n\t<form id=\"formBuy\" method=\"POST\" action=\"https:\/\/nationalstore.be\/fr\/checkout-1\">\r\n\r\n<div class=\"table\">\r\n<div class=\"row\">\r\n<div class=\"table-cell\">\r\n<h4 style=\"margin-bottom: 0\">DIMENSIONS<\/h4>\r\n\u2014\r\n<p style=\"margin: 0\">1m x 4m ou 2 m2<\/p>\r\n<input type=\"text\" style=\"display: none;\" name=\"product_facility\" value=\"Espace libre\"\/>\r\n<input type=\"text\" style=\"display: none;\" name=\"dimension_facility\" value=\"1m x 4m\/ 2 m2\"\/>\r\n<\/div>\r\n<\/div>\r\n<\/div>\r\n\r\n<div class=\"table\">\r\n<div class=\"row\">\r\n<div class=\"table-cell\" style=\"width: 50%\">\r\n<h4 style=\"margin-bottom: 0\">QUANTIT\u00c9<\/h4>\r\n<\/div>\r\n<div class=\"table-cell\" style=\"width: 50%\">\r\n<input id=\"quantity_facility\" min=1 max=10 name=\"quantity_facility\" type=\"number\" value=\"1\" class=\"quantity\" \/>\r\n<\/div>\r\n<\/div>\r\n<\/div>\r\n\r\n<div class=\"table\">\r\n<div class=\"row\">\r\n<div class=\"table-cell\" style=\"width: 50%\">\r\n<h4 style=\"margin-bottom: 0\">PRIX<\/h4>\r\n\u2014\r\n<p style=\"margin: 0\">(excl.21%)<\/p>\r\n<\/div>\r\n<div class=\"table-cell\" style=\"width: 50%\">\r\n<input type=\"text\" style=\"display: none;\" name=\"total\"\/>\r\n<script type=\"text\/javascript\">\r\nvar x = document.getElementById(\"quantity_facility\").value;\r\nquantity_facility.addEventListener('change', myFunction);\r\nfunction myFunction() {\r\nprice_facility.value = quantity_facility.value * 375;\r\n}\r\n<\/script>\r\n<h3 style=\"margin-bottom:0\">\u20ac <input type=\"text\" id=\"price_facility\" value=\"375\" style=\"font-size: 20px; line-height: 26px; border: none; color: #3C3C3C; font-weight: bold; width: 100px;\" \/><\/h3>\r\n<\/div>\r\n<\/div>\r\n<\/div>\r\n\r\n<p><button>COMMANDER MAINTENANT<\/button><\/p>\r\n<p>Les frais de candidature sont de \u20ac25 TVA incluse. Toutes les candidatures seront soumises \u00e0 la d\u00e9lib\u00e9ration devant un comit\u00e9. Les exposants s\u00e9lectionn\u00e9s recevront une notification de s\u00e9lection accompagn\u00e9e d\u2019une facture de paiement<\/p>\r\n\r\n<\/form>\r\n\r\n<script>\r\nvar $qtity = $(\"input[name='quantity_facility']\");\r\nvar $total = $(\"input[name='total']\");\r\nvar $totalText = $(\"span#priceText\");\r\n$qtity.change(calculatePrice);\r\nfunction calculatePrice() {\r\nvar q = $qtity.val();\r\nvar p = 375;\r\nvar t = q * p;\r\nif(q == 3) t = 1125;\r\nif(q == 4) t = 1500;\r\n$total.val(t);\r\n$totalText.text(\"\u20ac \" + t);\r\n}\r\ncalculatePrice();\r\n$(\"div.exhibitors.hover a\").addClass(\"selected\");\r\n<\/script>\n<\/div>\n<\/div><\/div><\/div><\/div><\/div>","protected":false},"excerpt":{"rendered":"<p>&nbsp; Espace libre \/ J&#8217;apporte mon propre mat\u00e9riel d&#8217;exposition Nous proposons des espaces d&#8217;exposition par module de 4m x 1m ou 2m\u00b2. Ces espaces sont \u00e9quip\u00e9s de : Une banni\u00e8re de signal\u00e9tique reprenant le nom de votre organisation Les exposants sont pri\u00e9s de venir avec leurs propres tables, tringles, podiums, etc. pour ce module d\u2019exposition. [&hellip;]<\/p>\n","protected":false},"author":2,"featured_media":0,"parent":36328,"menu_order":0,"comment_status":"closed","ping_status":"closed","template":"","meta":[],"yoast_head":"<!-- This site is optimized with the Yoast SEO plugin v19.1 - https:\/\/yoast.com\/wordpress\/plugins\/seo\/ -->\n<title>Espace libre - j&#039;apporte mon propre mat\u00e9riel d&#039;exposition | E-shop artistes belges<\/title>\n<meta name=\"description\" content=\"Want to know more about Espace libre - j&#039;apporte mon propre mat\u00e9riel d&#039;exposition? Surf on the site of the Nationaal Artists Supermarket, you will discover many creators of !\" \/>\n<meta name=\"robots\" content=\"index, follow, max-snippet:-1, max-image-preview:large, max-video-preview:-1\" \/>\n<link rel=\"canonical\" href=\"https:\/\/nationalstore.be\/fr\/vendez-avec-nous\/exposition-marketplace\/postuler-pour-des-installations-dexposition\/carpettes\" \/>\n<meta property=\"og:locale\" content=\"fr_FR\" \/>\n<meta property=\"og:type\" content=\"article\" \/>\n<meta property=\"og:title\" content=\"Espace libre - j&#039;apporte mon propre mat\u00e9riel d&#039;exposition | E-shop artistes belges\" \/>\n<meta property=\"og:description\" content=\"Want to know more about Espace libre - j&#039;apporte mon propre mat\u00e9riel d&#039;exposition? Surf on the site of the Nationaal Artists Supermarket, you will discover many creators of !\" \/>\n<meta property=\"og:url\" content=\"https:\/\/nationalstore.be\/fr\/vendez-avec-nous\/exposition-marketplace\/postuler-pour-des-installations-dexposition\/carpettes\" \/>\n<meta property=\"og:site_name\" content=\"NATIONA(A)L ARTIST SUPERMARKET\" \/>\n<meta property=\"article:publisher\" content=\"https:\/\/www.facebook.com\/nationalstore\/?ref=br_rs\" \/>\n<meta property=\"article:modified_time\" content=\"2024-02-01T11:27:22+00:00\" \/>\n<meta property=\"og:image\" content=\"https:\/\/nationalstore.be\/wp-content\/uploads\/2024\/09\/2-2.png\" \/>\n\t<meta property=\"og:image:width\" content=\"1080\" \/>\n\t<meta property=\"og:image:height\" content=\"1080\" \/>\n\t<meta property=\"og:image:type\" content=\"image\/png\" \/>\n<meta name=\"twitter:card\" content=\"summary_large_image\" \/>\n<meta name=\"twitter:site\" content=\"@Nationalstore\" \/>\n<meta name=\"twitter:label1\" content=\"Dur\u00e9e de lecture estim\u00e9e\" \/>\n\t<meta name=\"twitter:data1\" content=\"1 minute\" \/>\n<script type=\"application\/ld+json\" class=\"yoast-schema-graph\">{\"@context\":\"https:\/\/schema.org\",\"@graph\":[{\"@type\":\"Organization\",\"@id\":\"https:\/\/nationalstore.be\/fr#organization\",\"name\":\"NATIONA(A)L ARTIST MARKET\",\"url\":\"https:\/\/nationalstore.be\/fr\",\"sameAs\":[\"https:\/\/www.instagram.com\/nationalstore\/\",\"https:\/\/www.facebook.com\/nationalstore\/?ref=br_rs\",\"https:\/\/twitter.com\/Nationalstore\"],\"logo\":{\"@type\":\"ImageObject\",\"inLanguage\":\"fr-FR\",\"@id\":\"https:\/\/nationalstore.be\/fr#\/schema\/logo\/image\/\",\"url\":\"https:\/\/nationalstore.be\/wp-content\/uploads\/2024\/03\/nationaal-logo_mauve-cmjn.png\",\"contentUrl\":\"https:\/\/nationalstore.be\/wp-content\/uploads\/2024\/03\/nationaal-logo_mauve-cmjn.png\",\"width\":3475,\"height\":1352,\"caption\":\"NATIONA(A)L ARTIST MARKET\"},\"image\":{\"@id\":\"https:\/\/nationalstore.be\/fr#\/schema\/logo\/image\/\"}},{\"@type\":\"WebSite\",\"@id\":\"https:\/\/nationalstore.be\/fr#website\",\"url\":\"https:\/\/nationalstore.be\/fr\",\"name\":\"NATIONA(A)L ARTIST SUPERMARKET\",\"description\":\"\",\"publisher\":{\"@id\":\"https:\/\/nationalstore.be\/fr#organization\"},\"potentialAction\":[{\"@type\":\"SearchAction\",\"target\":{\"@type\":\"EntryPoint\",\"urlTemplate\":\"https:\/\/nationalstore.be\/fr?s={search_term_string}\"},\"query-input\":\"required name=search_term_string\"}],\"inLanguage\":\"fr-FR\"},{\"@type\":\"WebPage\",\"@id\":\"https:\/\/nationalstore.be\/fr\/vendez-avec-nous\/exposition-marketplace\/postuler-pour-des-installations-dexposition\/carpettes#webpage\",\"url\":\"https:\/\/nationalstore.be\/fr\/vendez-avec-nous\/exposition-marketplace\/postuler-pour-des-installations-dexposition\/carpettes\",\"name\":\"Espace libre - j'apporte mon propre mat\u00e9riel d'exposition | E-shop artistes belges\",\"isPartOf\":{\"@id\":\"https:\/\/nationalstore.be\/fr#website\"},\"datePublished\":\"2022-06-14T08:41:56+00:00\",\"dateModified\":\"2024-02-01T11:27:22+00:00\",\"description\":\"Want to know more about Espace libre - j'apporte mon propre mat\u00e9riel d'exposition? Surf on the site of the Nationaal Artists Supermarket, you will discover many creators of !\",\"breadcrumb\":{\"@id\":\"https:\/\/nationalstore.be\/fr\/vendez-avec-nous\/exposition-marketplace\/postuler-pour-des-installations-dexposition\/carpettes#breadcrumb\"},\"inLanguage\":\"fr-FR\",\"potentialAction\":[{\"@type\":\"ReadAction\",\"target\":[\"https:\/\/nationalstore.be\/fr\/vendez-avec-nous\/exposition-marketplace\/postuler-pour-des-installations-dexposition\/carpettes\"]}]},{\"@type\":\"BreadcrumbList\",\"@id\":\"https:\/\/nationalstore.be\/fr\/vendez-avec-nous\/exposition-marketplace\/postuler-pour-des-installations-dexposition\/carpettes#breadcrumb\",\"itemListElement\":[{\"@type\":\"ListItem\",\"position\":1,\"name\":\"Home\",\"item\":\"https:\/\/nationalstore.be\/fr\"},{\"@type\":\"ListItem\",\"position\":2,\"name\":\"Vendez avec nous\",\"item\":\"https:\/\/nationalstore.be\/fr\/vendez-avec-nous\"},{\"@type\":\"ListItem\",\"position\":3,\"name\":\"Market &#038; Marketplace\",\"item\":\"https:\/\/nationalstore.be\/fr\/vendez-avec-nous\/exposition-marketplace\"},{\"@type\":\"ListItem\",\"position\":4,\"name\":\"Postuler pour des installations d&#8217;exposition\",\"item\":\"https:\/\/nationalstore.be\/fr\/vendez-avec-nous\/exposition-marketplace\/postuler-pour-des-installations-dexposition\"},{\"@type\":\"ListItem\",\"position\":5,\"name\":\"Espace libre &#8211; j&#8217;apporte mon propre mat\u00e9riel d&#8217;exposition\"}]}]}<\/script>\n<!-- \/ Yoast SEO plugin. -->","yoast_head_json":{"title":"Espace libre - j'apporte mon propre mat\u00e9riel d'exposition | E-shop artistes belges","description":"Want to know more about Espace libre - j'apporte mon propre mat\u00e9riel d'exposition? Surf on the site of the Nationaal Artists Supermarket, you will discover many creators of !","robots":{"index":"index","follow":"follow","max-snippet":"max-snippet:-1","max-image-preview":"max-image-preview:large","max-video-preview":"max-video-preview:-1"},"canonical":"https:\/\/nationalstore.be\/fr\/vendez-avec-nous\/exposition-marketplace\/postuler-pour-des-installations-dexposition\/carpettes","og_locale":"fr_FR","og_type":"article","og_title":"Espace libre - j'apporte mon propre mat\u00e9riel d'exposition | E-shop artistes belges","og_description":"Want to know more about Espace libre - j'apporte mon propre mat\u00e9riel d'exposition? Surf on the site of the Nationaal Artists Supermarket, you will discover many creators of !","og_url":"https:\/\/nationalstore.be\/fr\/vendez-avec-nous\/exposition-marketplace\/postuler-pour-des-installations-dexposition\/carpettes","og_site_name":"NATIONA(A)L ARTIST SUPERMARKET","article_publisher":"https:\/\/www.facebook.com\/nationalstore\/?ref=br_rs","article_modified_time":"2024-02-01T11:27:22+00:00","og_image":[{"width":1080,"height":1080,"url":"https:\/\/nationalstore.be\/wp-content\/uploads\/2024\/09\/2-2.png","type":"image\/png"}],"twitter_card":"summary_large_image","twitter_site":"@Nationalstore","twitter_misc":{"Dur\u00e9e de lecture estim\u00e9e":"1 minute"},"schema":{"@context":"https:\/\/schema.org","@graph":[{"@type":"Organization","@id":"https:\/\/nationalstore.be\/fr#organization","name":"NATIONA(A)L ARTIST MARKET","url":"https:\/\/nationalstore.be\/fr","sameAs":["https:\/\/www.instagram.com\/nationalstore\/","https:\/\/www.facebook.com\/nationalstore\/?ref=br_rs","https:\/\/twitter.com\/Nationalstore"],"logo":{"@type":"ImageObject","inLanguage":"fr-FR","@id":"https:\/\/nationalstore.be\/fr#\/schema\/logo\/image\/","url":"https:\/\/nationalstore.be\/wp-content\/uploads\/2024\/03\/nationaal-logo_mauve-cmjn.png","contentUrl":"https:\/\/nationalstore.be\/wp-content\/uploads\/2024\/03\/nationaal-logo_mauve-cmjn.png","width":3475,"height":1352,"caption":"NATIONA(A)L ARTIST MARKET"},"image":{"@id":"https:\/\/nationalstore.be\/fr#\/schema\/logo\/image\/"}},{"@type":"WebSite","@id":"https:\/\/nationalstore.be\/fr#website","url":"https:\/\/nationalstore.be\/fr","name":"NATIONA(A)L ARTIST SUPERMARKET","description":"","publisher":{"@id":"https:\/\/nationalstore.be\/fr#organization"},"potentialAction":[{"@type":"SearchAction","target":{"@type":"EntryPoint","urlTemplate":"https:\/\/nationalstore.be\/fr?s={search_term_string}"},"query-input":"required name=search_term_string"}],"inLanguage":"fr-FR"},{"@type":"WebPage","@id":"https:\/\/nationalstore.be\/fr\/vendez-avec-nous\/exposition-marketplace\/postuler-pour-des-installations-dexposition\/carpettes#webpage","url":"https:\/\/nationalstore.be\/fr\/vendez-avec-nous\/exposition-marketplace\/postuler-pour-des-installations-dexposition\/carpettes","name":"Espace libre - j'apporte mon propre mat\u00e9riel d'exposition | E-shop artistes belges","isPartOf":{"@id":"https:\/\/nationalstore.be\/fr#website"},"datePublished":"2022-06-14T08:41:56+00:00","dateModified":"2024-02-01T11:27:22+00:00","description":"Want to know more about Espace libre - j'apporte mon propre mat\u00e9riel d'exposition? Surf on the site of the Nationaal Artists Supermarket, you will discover many creators of !","breadcrumb":{"@id":"https:\/\/nationalstore.be\/fr\/vendez-avec-nous\/exposition-marketplace\/postuler-pour-des-installations-dexposition\/carpettes#breadcrumb"},"inLanguage":"fr-FR","potentialAction":[{"@type":"ReadAction","target":["https:\/\/nationalstore.be\/fr\/vendez-avec-nous\/exposition-marketplace\/postuler-pour-des-installations-dexposition\/carpettes"]}]},{"@type":"BreadcrumbList","@id":"https:\/\/nationalstore.be\/fr\/vendez-avec-nous\/exposition-marketplace\/postuler-pour-des-installations-dexposition\/carpettes#breadcrumb","itemListElement":[{"@type":"ListItem","position":1,"name":"Home","item":"https:\/\/nationalstore.be\/fr"},{"@type":"ListItem","position":2,"name":"Vendez avec nous","item":"https:\/\/nationalstore.be\/fr\/vendez-avec-nous"},{"@type":"ListItem","position":3,"name":"Market &#038; Marketplace","item":"https:\/\/nationalstore.be\/fr\/vendez-avec-nous\/exposition-marketplace"},{"@type":"ListItem","position":4,"name":"Postuler pour des installations d&#8217;exposition","item":"https:\/\/nationalstore.be\/fr\/vendez-avec-nous\/exposition-marketplace\/postuler-pour-des-installations-dexposition"},{"@type":"ListItem","position":5,"name":"Espace libre &#8211; j&#8217;apporte mon propre mat\u00e9riel d&#8217;exposition"}]}]}},"_links":{"self":[{"href":"https:\/\/nationalstore.be\/fr\/wp-json\/wp\/v2\/pages\/36347"}],"collection":[{"href":"https:\/\/nationalstore.be\/fr\/wp-json\/wp\/v2\/pages"}],"about":[{"href":"https:\/\/nationalstore.be\/fr\/wp-json\/wp\/v2\/types\/page"}],"author":[{"embeddable":true,"href":"https:\/\/nationalstore.be\/fr\/wp-json\/wp\/v2\/users\/2"}],"replies":[{"embeddable":true,"href":"https:\/\/nationalstore.be\/fr\/wp-json\/wp\/v2\/comments?post=36347"}],"version-history":[{"count":10,"href":"https:\/\/nationalstore.be\/fr\/wp-json\/wp\/v2\/pages\/36347\/revisions"}],"predecessor-version":[{"id":51845,"href":"https:\/\/nationalstore.be\/fr\/wp-json\/wp\/v2\/pages\/36347\/revisions\/51845"}],"up":[{"embeddable":true,"href":"https:\/\/nationalstore.be\/fr\/wp-json\/wp\/v2\/pages\/36328"}],"wp:attachment":[{"href":"https:\/\/nationalstore.be\/fr\/wp-json\/wp\/v2\/media?parent=36347"}],"curies":[{"name":"wp","href":"https:\/\/api.w.org\/{rel}","templated":true}]}}