{"id":36309,"date":"2022-06-13T17:30:47","date_gmt":"2022-06-13T15:30:47","guid":{"rendered":"https:\/\/nationalstore.be\/vendez-avec-nous\/apply-exhibition-digital-facilities"},"modified":"2024-09-04T21:04:41","modified_gmt":"2024-09-04T19:04:41","slug":"exposition-marketplace","status":"publish","type":"page","link":"https:\/\/nationalstore.be\/fr\/vendez-avec-nous\/exposition-marketplace","title":{"rendered":"Market &#038; Marketplace"},"content":{"rendered":"<div id=\"pl-36309\"  class=\"panel-layout\" ><div id=\"pg-36309-0\"  class=\"panel-grid panel-has-style\" ><div class=\"panel-row-style panel-row-style-for-36309-0\" ><div id=\"pgc-36309-0-0\"  class=\"panel-grid-cell\" ><div id=\"panel-36309-0-0-0\" class=\"so-panel widget widget_sow-editor panel-first-child\" data-index=\"0\" ><div\n\t\t\t\n\t\t\tclass=\"so-widget-sow-editor so-widget-sow-editor-base\"\n\t\t\t\n\t\t>\n<div class=\"siteorigin-widget-tinymce textwidget\">\n\t<h1>Artist Market<\/h1>\n<p>23-24.03.2024 (Avant-premi\u00e8re le 22.03) Working from Brussels - Hotel Hoxton<\/p>\n<p>Un \u00e9v\u00e9nement exclusif c\u00e9l\u00e9brant la sc\u00e8ne artistique \u00e9mergente contemporaine locale, le March\u00e9 des Artistes NATIONA(A)L offre l'opportunit\u00e9 de d\u00e9couvrir des artistes divers et des initiatives culturelles locales actifs dans diverses disciplines : ARTS VISUELS \/ DESIGN \/ MODE \/ LIVRES &amp; MUSIQUE.<\/p>\n<p>Cet \u00e9v\u00e9nement polymorphe est con\u00e7u pour r\u00e9enchanter les sc\u00e8nes artistiques contemporaines locales.<\/p>\n<\/div>\n<\/div><\/div><div id=\"panel-36309-0-0-1\" class=\"so-panel widget widget_sow-button panel-last-child\" data-index=\"1\" ><div class=\"ux-button panel-widget-style panel-widget-style-for-36309-0-0-1\" ><div\n\t\t\t\n\t\t\tclass=\"so-widget-sow-button so-widget-sow-button-atom-5c8faa648dfe-36309\"\n\t\t\t\n\t\t><div class=\"ow-button-base ow-button-align-left\">\n\t<a\n\thref=\"https:\/\/nationalstore.be\/fr\/vendez-avec-nous\/exposition-marketplace\/postuler-pour-des-installations-dexposition\"\n\t\tclass=\"ow-icon-placement-left ow-button-hover\" \t>\n\t\t<span>\n\t\t\t\n\t\t\tD\u00e9couvrez nos conditions\t\t<\/span>\n\t<\/a>\n<\/div>\n<\/div><\/div><\/div><\/div><div id=\"pgc-36309-0-1\"  class=\"panel-grid-cell\" ><div id=\"panel-36309-0-1-0\" class=\"so-panel widget widget_sow-image panel-first-child panel-last-child\" data-index=\"2\" ><div\n\t\t\t\n\t\t\tclass=\"so-widget-sow-image so-widget-sow-image-default-c67d20f9f743-36309\"\n\t\t\t\n\t\t>\n\n<div class=\"sow-image-container\">\n\t\t\t<a href=\"https:\/\/nationalstore.be\/fr\/vendez-avec-nous\/exposition-marketplace\/postuler-pour-des-installations-dexposition\"\n\t\t\t\t\t>\n\t\t\t<img src=\"https:\/\/nationalstore.be\/wp-content\/uploads\/2024\/02\/nam_visual_square.jpg\" width=\"600\" height=\"392\" srcset=\"https:\/\/nationalstore.be\/wp-content\/uploads\/2024\/02\/nam_visual_square.jpg 1081w, https:\/\/nationalstore.be\/wp-content\/uploads\/2024\/02\/nam_visual_square-300x300.jpg 300w, https:\/\/nationalstore.be\/wp-content\/uploads\/2024\/02\/nam_visual_square-1024x1024.jpg 1024w, https:\/\/nationalstore.be\/wp-content\/uploads\/2024\/02\/nam_visual_square-150x150.jpg 150w, https:\/\/nationalstore.be\/wp-content\/uploads\/2024\/02\/nam_visual_square-768x768.jpg 768w, https:\/\/nationalstore.be\/wp-content\/uploads\/2024\/02\/nam_visual_square-600x600.jpg 600w, https:\/\/nationalstore.be\/wp-content\/uploads\/2024\/02\/nam_visual_square-100x100.jpg 100w\" sizes=\"(max-width: 392px) 100vw, 392px\" title=\"Artist Market\" alt=\"Artist Market\" loading=\"lazy\" \t\tclass=\"so-widget-image\"\/>\n\t<\/a><\/div>\n\n<\/div><\/div><\/div><\/div><\/div><div id=\"pg-36309-1\"  class=\"panel-grid panel-no-style\" ><div id=\"pgc-36309-1-0\"  class=\"panel-grid-cell\" ><div id=\"panel-36309-1-0-0\" class=\"so-panel widget widget_sow-image panel-first-child panel-last-child\" data-index=\"3\" ><div\n\t\t\t\n\t\t\tclass=\"so-widget-sow-image so-widget-sow-image-default-c67d20f9f743-36309\"\n\t\t\t\n\t\t>\n\n<div class=\"sow-image-container\">\n\t\t\t<a href=\"https:\/\/nationalstore.be\/fr\/vendez-avec-nous\/exposition-marketplace\/candidature\"\n\t\t\t\t\t>\n\t\t\t<img src=\"https:\/\/nationalstore.be\/wp-content\/uploads\/2023\/11\/design-sans-titre-2.png\" width=\"600\" height=\"392\" srcset=\"https:\/\/nationalstore.be\/wp-content\/uploads\/2023\/11\/design-sans-titre-2.png 1080w, https:\/\/nationalstore.be\/wp-content\/uploads\/2023\/11\/design-sans-titre-2-300x300.png 300w, https:\/\/nationalstore.be\/wp-content\/uploads\/2023\/11\/design-sans-titre-2-1024x1024.png 1024w, https:\/\/nationalstore.be\/wp-content\/uploads\/2023\/11\/design-sans-titre-2-150x150.png 150w, https:\/\/nationalstore.be\/wp-content\/uploads\/2023\/11\/design-sans-titre-2-768x768.png 768w, https:\/\/nationalstore.be\/wp-content\/uploads\/2023\/11\/design-sans-titre-2-600x600.png 600w, https:\/\/nationalstore.be\/wp-content\/uploads\/2023\/11\/design-sans-titre-2-100x100.png 100w\" sizes=\"(max-width: 392px) 100vw, 392px\" title=\"Market place\" alt=\"Market place\" loading=\"lazy\" \t\tclass=\"so-widget-image\"\/>\n\t<\/a><\/div>\n\n<\/div><\/div><\/div><div id=\"pgc-36309-1-1\"  class=\"panel-grid-cell\" ><div id=\"panel-36309-1-1-0\" class=\"so-panel widget widget_sow-editor panel-first-child\" data-index=\"4\" ><div\n\t\t\t\n\t\t\tclass=\"so-widget-sow-editor so-widget-sow-editor-base\"\n\t\t\t\n\t\t>\n<div class=\"siteorigin-widget-tinymce textwidget\">\n\t<h1>Marketplace en ligne<\/h1>\n<p>Profitez de votre propre boutique en ligne et b\u00e9n\u00e9ficiez de nos campagnes de marketing digital, telles que les mailings et les publicit\u00e9s sponsoris\u00e9es. De plus, soyez r\u00e9f\u00e9renc\u00e9 dans 'nos <strong>pages jaunes de l'art<\/strong> et de la culture belge'.Nous retiendrons une commission de 10% sur les ventes r\u00e9alis\u00e9es via notre marketplace pour soutenir notre organisation.<\/p>\n<\/div>\n<\/div><\/div><div id=\"panel-36309-1-1-1\" class=\"so-panel widget widget_sow-button panel-last-child\" data-index=\"5\" ><div class=\"ux-button panel-widget-style panel-widget-style-for-36309-1-1-1\" ><div\n\t\t\t\n\t\t\tclass=\"so-widget-sow-button so-widget-sow-button-atom-5c8faa648dfe-36309\"\n\t\t\t\n\t\t><div class=\"ow-button-base ow-button-align-left\">\n\t<a\n\thref=\"https:\/\/nationalstore.be\/fr\/vendez-avec-nous\/exposition-marketplace\/candidature\"\n\t\tclass=\"ow-icon-placement-left ow-button-hover\" \t>\n\t\t<span>\n\t\t\t\n\t\t\tD\u00e9couvrez nos conditions\t\t<\/span>\n\t<\/a>\n<\/div>\n<\/div><\/div><\/div><\/div><\/div><div id=\"pg-36309-2\"  class=\"panel-grid panel-has-style\" ><div class=\"panel-row-style panel-row-style-for-36309-2\" ><div id=\"pgc-36309-2-0\"  class=\"panel-grid-cell\" ><div id=\"panel-36309-2-0-0\" class=\"so-panel widget widget_sow-editor panel-first-child\" data-index=\"6\" ><div\n\t\t\t\n\t\t\tclass=\"so-widget-sow-editor so-widget-sow-editor-base\"\n\t\t\t\n\t\t>\n<div class=\"siteorigin-widget-tinymce textwidget\">\n\t<h1>Artist Market<\/h1>\n<p><strong>Artist Market \u2013 23-24.03.2024 (Avant-premi\u00e8re le 22.03) Working from Brussels - Hotel Hoxton<\/strong><\/p>\n<p>Un \u00e9v\u00e9nement exclusif c\u00e9l\u00e9brant la sc\u00e8ne artistique \u00e9mergente contemporaine locale, le March\u00e9 des Artistes NATIONA(A)L offre l'opportunit\u00e9 de d\u00e9couvrir des artistes divers et des initiatives culturelles locales couvrant diverses disciplines : ARTS VISUELS \/ DESIGN \/ MODE \/ LIVRES &amp; MUSIQUE.<\/p>\n<p>Cet \u00e9v\u00e9nement polymorphe est con\u00e7u pour r\u00e9enchanter les sc\u00e8nes artistiques contemporaines locales actuelles et captiver notre communaut\u00e9 vibrante de visiteurs<\/p>\n<\/div>\n<\/div><\/div><div id=\"panel-36309-2-0-1\" class=\"so-panel widget widget_sow-button panel-last-child\" data-index=\"7\" ><div class=\"ux-button panel-widget-style panel-widget-style-for-36309-2-0-1\" ><div\n\t\t\t\n\t\t\tclass=\"so-widget-sow-button so-widget-sow-button-atom-5c8faa648dfe-36309\"\n\t\t\t\n\t\t><div class=\"ow-button-base ow-button-align-left\">\n\t<a\n\thref=\"https:\/\/nationalstore.be\/fr\/vendez-avec-nous\/exposition-marketplace\/postuler-pour-des-installations-dexposition\"\n\t\tclass=\"ow-icon-placement-left ow-button-hover\" \t>\n\t\t<span>\n\t\t\t\n\t\t\tD\u00e9couvrez nos offres\t\t<\/span>\n\t<\/a>\n<\/div>\n<\/div><\/div><\/div><\/div><div id=\"pgc-36309-2-1\"  class=\"panel-grid-cell\" ><div id=\"panel-36309-2-1-0\" class=\"so-panel widget widget_sow-image panel-first-child panel-last-child\" data-index=\"8\" ><div\n\t\t\t\n\t\t\tclass=\"so-widget-sow-image so-widget-sow-image-default-c67d20f9f743-36309\"\n\t\t\t\n\t\t>\n\n<div class=\"sow-image-container\">\n\t\t\t<a href=\"https:\/\/nationalstore.be\/fr\/vendez-avec-nous\/exposition-marketplace\/postuler-pour-des-installations-dexposition\"\n\t\t\t\t\t>\n\t\t\t<img src=\"https:\/\/nationalstore.be\/wp-content\/uploads\/2024\/02\/nam_visual_square.jpg\" width=\"600\" height=\"392\" srcset=\"https:\/\/nationalstore.be\/wp-content\/uploads\/2024\/02\/nam_visual_square.jpg 1081w, https:\/\/nationalstore.be\/wp-content\/uploads\/2024\/02\/nam_visual_square-300x300.jpg 300w, https:\/\/nationalstore.be\/wp-content\/uploads\/2024\/02\/nam_visual_square-1024x1024.jpg 1024w, https:\/\/nationalstore.be\/wp-content\/uploads\/2024\/02\/nam_visual_square-150x150.jpg 150w, https:\/\/nationalstore.be\/wp-content\/uploads\/2024\/02\/nam_visual_square-768x768.jpg 768w, https:\/\/nationalstore.be\/wp-content\/uploads\/2024\/02\/nam_visual_square-600x600.jpg 600w, https:\/\/nationalstore.be\/wp-content\/uploads\/2024\/02\/nam_visual_square-100x100.jpg 100w\" sizes=\"(max-width: 392px) 100vw, 392px\" title=\"Artist Market\" alt=\"Artist Market at Hoxton Hotel - Working from\" loading=\"lazy\" \t\tclass=\"so-widget-image\"\/>\n\t<\/a><\/div>\n\n<\/div><\/div><\/div><\/div><\/div><\/div>","protected":false},"excerpt":{"rendered":"<p>Artist Market 23-24.03.2024 (Avant-premi\u00e8re le 22.03) Working from Brussels &#8211; Hotel Hoxton Un \u00e9v\u00e9nement exclusif c\u00e9l\u00e9brant la sc\u00e8ne artistique \u00e9mergente contemporaine locale, le March\u00e9 des Artistes NATIONA(A)L offre l&#8217;opportunit\u00e9 de d\u00e9couvrir des artistes divers et des initiatives culturelles locales actifs dans diverses disciplines : ARTS VISUELS \/ DESIGN \/ MODE \/ LIVRES &amp; MUSIQUE. Cet [&hellip;]<\/p>\n","protected":false},"author":2,"featured_media":0,"parent":7098,"menu_order":0,"comment_status":"closed","ping_status":"closed","template":"","meta":[],"yoast_head":"<!-- This site is optimized with the Yoast SEO plugin v19.1 - https:\/\/yoast.com\/wordpress\/plugins\/seo\/ -->\n<title>Market &amp; Marketplace | E-shop artistes belges<\/title>\n<meta name=\"description\" content=\"Want to know more about Market &amp; Marketplace? Surf on the site of the Nationaal Artists Supermarket, you will discover many creators of !\" \/>\n<meta name=\"robots\" content=\"index, follow, max-snippet:-1, max-image-preview:large, max-video-preview:-1\" \/>\n<link rel=\"canonical\" href=\"https:\/\/nationalstore.be\/fr\/vendez-avec-nous\/exposition-marketplace\" \/>\n<meta property=\"og:locale\" content=\"fr_FR\" \/>\n<meta property=\"og:type\" content=\"article\" \/>\n<meta property=\"og:title\" content=\"Market &amp; Marketplace | E-shop artistes belges\" \/>\n<meta property=\"og:description\" content=\"Want to know more about Market &amp; Marketplace? Surf on the site of the Nationaal Artists Supermarket, you will discover many creators of !\" \/>\n<meta property=\"og:url\" content=\"https:\/\/nationalstore.be\/fr\/vendez-avec-nous\/exposition-marketplace\" \/>\n<meta property=\"og:site_name\" content=\"NATIONA(A)L ARTIST SUPERMARKET\" \/>\n<meta property=\"article:publisher\" content=\"https:\/\/www.facebook.com\/nationalstore\/?ref=br_rs\" \/>\n<meta property=\"article:modified_time\" content=\"2024-09-04T19:04:41+00:00\" \/>\n<meta property=\"og:image\" content=\"https:\/\/nationalstore.be\/wp-content\/uploads\/2024\/09\/2-2.png\" \/>\n\t<meta property=\"og:image:width\" content=\"1080\" \/>\n\t<meta property=\"og:image:height\" content=\"1080\" \/>\n\t<meta property=\"og:image:type\" content=\"image\/png\" \/>\n<meta name=\"twitter:card\" content=\"summary_large_image\" \/>\n<meta name=\"twitter:site\" content=\"@Nationalstore\" \/>\n<meta name=\"twitter:label1\" content=\"Dur\u00e9e de lecture estim\u00e9e\" \/>\n\t<meta name=\"twitter:data1\" content=\"1 minute\" \/>\n<script type=\"application\/ld+json\" class=\"yoast-schema-graph\">{\"@context\":\"https:\/\/schema.org\",\"@graph\":[{\"@type\":\"Organization\",\"@id\":\"https:\/\/nationalstore.be\/fr#organization\",\"name\":\"NATIONA(A)L ARTIST MARKET\",\"url\":\"https:\/\/nationalstore.be\/fr\",\"sameAs\":[\"https:\/\/www.instagram.com\/nationalstore\/\",\"https:\/\/www.facebook.com\/nationalstore\/?ref=br_rs\",\"https:\/\/twitter.com\/Nationalstore\"],\"logo\":{\"@type\":\"ImageObject\",\"inLanguage\":\"fr-FR\",\"@id\":\"https:\/\/nationalstore.be\/fr#\/schema\/logo\/image\/\",\"url\":\"https:\/\/nationalstore.be\/wp-content\/uploads\/2024\/03\/nationaal-logo_mauve-cmjn.png\",\"contentUrl\":\"https:\/\/nationalstore.be\/wp-content\/uploads\/2024\/03\/nationaal-logo_mauve-cmjn.png\",\"width\":3475,\"height\":1352,\"caption\":\"NATIONA(A)L ARTIST MARKET\"},\"image\":{\"@id\":\"https:\/\/nationalstore.be\/fr#\/schema\/logo\/image\/\"}},{\"@type\":\"WebSite\",\"@id\":\"https:\/\/nationalstore.be\/fr#website\",\"url\":\"https:\/\/nationalstore.be\/fr\",\"name\":\"NATIONA(A)L ARTIST SUPERMARKET\",\"description\":\"\",\"publisher\":{\"@id\":\"https:\/\/nationalstore.be\/fr#organization\"},\"potentialAction\":[{\"@type\":\"SearchAction\",\"target\":{\"@type\":\"EntryPoint\",\"urlTemplate\":\"https:\/\/nationalstore.be\/fr?s={search_term_string}\"},\"query-input\":\"required name=search_term_string\"}],\"inLanguage\":\"fr-FR\"},{\"@type\":\"WebPage\",\"@id\":\"https:\/\/nationalstore.be\/fr\/vendez-avec-nous\/exposition-marketplace#webpage\",\"url\":\"https:\/\/nationalstore.be\/fr\/vendez-avec-nous\/exposition-marketplace\",\"name\":\"Market & Marketplace | E-shop artistes belges\",\"isPartOf\":{\"@id\":\"https:\/\/nationalstore.be\/fr#website\"},\"datePublished\":\"2022-06-13T15:30:47+00:00\",\"dateModified\":\"2024-09-04T19:04:41+00:00\",\"description\":\"Want to know more about Market & Marketplace? Surf on the site of the Nationaal Artists Supermarket, you will discover many creators of !\",\"breadcrumb\":{\"@id\":\"https:\/\/nationalstore.be\/fr\/vendez-avec-nous\/exposition-marketplace#breadcrumb\"},\"inLanguage\":\"fr-FR\",\"potentialAction\":[{\"@type\":\"ReadAction\",\"target\":[\"https:\/\/nationalstore.be\/fr\/vendez-avec-nous\/exposition-marketplace\"]}]},{\"@type\":\"BreadcrumbList\",\"@id\":\"https:\/\/nationalstore.be\/fr\/vendez-avec-nous\/exposition-marketplace#breadcrumb\",\"itemListElement\":[{\"@type\":\"ListItem\",\"position\":1,\"name\":\"Home\",\"item\":\"https:\/\/nationalstore.be\/fr\"},{\"@type\":\"ListItem\",\"position\":2,\"name\":\"Vendez avec nous\",\"item\":\"https:\/\/nationalstore.be\/fr\/vendez-avec-nous\"},{\"@type\":\"ListItem\",\"position\":3,\"name\":\"Market &#038; Marketplace\"}]}]}<\/script>\n<!-- \/ Yoast SEO plugin. -->","yoast_head_json":{"title":"Market & Marketplace | E-shop artistes belges","description":"Want to know more about Market & Marketplace? Surf on the site of the Nationaal Artists Supermarket, you will discover many creators of !","robots":{"index":"index","follow":"follow","max-snippet":"max-snippet:-1","max-image-preview":"max-image-preview:large","max-video-preview":"max-video-preview:-1"},"canonical":"https:\/\/nationalstore.be\/fr\/vendez-avec-nous\/exposition-marketplace","og_locale":"fr_FR","og_type":"article","og_title":"Market & Marketplace | E-shop artistes belges","og_description":"Want to know more about Market & Marketplace? Surf on the site of the Nationaal Artists Supermarket, you will discover many creators of !","og_url":"https:\/\/nationalstore.be\/fr\/vendez-avec-nous\/exposition-marketplace","og_site_name":"NATIONA(A)L ARTIST SUPERMARKET","article_publisher":"https:\/\/www.facebook.com\/nationalstore\/?ref=br_rs","article_modified_time":"2024-09-04T19:04:41+00:00","og_image":[{"width":1080,"height":1080,"url":"https:\/\/nationalstore.be\/wp-content\/uploads\/2024\/09\/2-2.png","type":"image\/png"}],"twitter_card":"summary_large_image","twitter_site":"@Nationalstore","twitter_misc":{"Dur\u00e9e de lecture estim\u00e9e":"1 minute"},"schema":{"@context":"https:\/\/schema.org","@graph":[{"@type":"Organization","@id":"https:\/\/nationalstore.be\/fr#organization","name":"NATIONA(A)L ARTIST MARKET","url":"https:\/\/nationalstore.be\/fr","sameAs":["https:\/\/www.instagram.com\/nationalstore\/","https:\/\/www.facebook.com\/nationalstore\/?ref=br_rs","https:\/\/twitter.com\/Nationalstore"],"logo":{"@type":"ImageObject","inLanguage":"fr-FR","@id":"https:\/\/nationalstore.be\/fr#\/schema\/logo\/image\/","url":"https:\/\/nationalstore.be\/wp-content\/uploads\/2024\/03\/nationaal-logo_mauve-cmjn.png","contentUrl":"https:\/\/nationalstore.be\/wp-content\/uploads\/2024\/03\/nationaal-logo_mauve-cmjn.png","width":3475,"height":1352,"caption":"NATIONA(A)L ARTIST MARKET"},"image":{"@id":"https:\/\/nationalstore.be\/fr#\/schema\/logo\/image\/"}},{"@type":"WebSite","@id":"https:\/\/nationalstore.be\/fr#website","url":"https:\/\/nationalstore.be\/fr","name":"NATIONA(A)L ARTIST SUPERMARKET","description":"","publisher":{"@id":"https:\/\/nationalstore.be\/fr#organization"},"potentialAction":[{"@type":"SearchAction","target":{"@type":"EntryPoint","urlTemplate":"https:\/\/nationalstore.be\/fr?s={search_term_string}"},"query-input":"required name=search_term_string"}],"inLanguage":"fr-FR"},{"@type":"WebPage","@id":"https:\/\/nationalstore.be\/fr\/vendez-avec-nous\/exposition-marketplace#webpage","url":"https:\/\/nationalstore.be\/fr\/vendez-avec-nous\/exposition-marketplace","name":"Market & Marketplace | E-shop artistes belges","isPartOf":{"@id":"https:\/\/nationalstore.be\/fr#website"},"datePublished":"2022-06-13T15:30:47+00:00","dateModified":"2024-09-04T19:04:41+00:00","description":"Want to know more about Market & Marketplace? Surf on the site of the Nationaal Artists Supermarket, you will discover many creators of !","breadcrumb":{"@id":"https:\/\/nationalstore.be\/fr\/vendez-avec-nous\/exposition-marketplace#breadcrumb"},"inLanguage":"fr-FR","potentialAction":[{"@type":"ReadAction","target":["https:\/\/nationalstore.be\/fr\/vendez-avec-nous\/exposition-marketplace"]}]},{"@type":"BreadcrumbList","@id":"https:\/\/nationalstore.be\/fr\/vendez-avec-nous\/exposition-marketplace#breadcrumb","itemListElement":[{"@type":"ListItem","position":1,"name":"Home","item":"https:\/\/nationalstore.be\/fr"},{"@type":"ListItem","position":2,"name":"Vendez avec nous","item":"https:\/\/nationalstore.be\/fr\/vendez-avec-nous"},{"@type":"ListItem","position":3,"name":"Market &#038; Marketplace"}]}]}},"_links":{"self":[{"href":"https:\/\/nationalstore.be\/fr\/wp-json\/wp\/v2\/pages\/36309"}],"collection":[{"href":"https:\/\/nationalstore.be\/fr\/wp-json\/wp\/v2\/pages"}],"about":[{"href":"https:\/\/nationalstore.be\/fr\/wp-json\/wp\/v2\/types\/page"}],"author":[{"embeddable":true,"href":"https:\/\/nationalstore.be\/fr\/wp-json\/wp\/v2\/users\/2"}],"replies":[{"embeddable":true,"href":"https:\/\/nationalstore.be\/fr\/wp-json\/wp\/v2\/comments?post=36309"}],"version-history":[{"count":32,"href":"https:\/\/nationalstore.be\/fr\/wp-json\/wp\/v2\/pages\/36309\/revisions"}],"predecessor-version":[{"id":54218,"href":"https:\/\/nationalstore.be\/fr\/wp-json\/wp\/v2\/pages\/36309\/revisions\/54218"}],"up":[{"embeddable":true,"href":"https:\/\/nationalstore.be\/fr\/wp-json\/wp\/v2\/pages\/7098"}],"wp:attachment":[{"href":"https:\/\/nationalstore.be\/fr\/wp-json\/wp\/v2\/media?parent=36309"}],"curies":[{"name":"wp","href":"https:\/\/api.w.org\/{rel}","templated":true}]}}