{"id":31983,"date":"2022-03-17T11:11:56","date_gmt":"2022-03-17T10:11:56","guid":{"rendered":"https:\/\/nationalstore.be\/events-page\/"},"modified":"2022-11-24T12:14:12","modified_gmt":"2022-11-24T11:14:12","slug":"agenda-page","status":"publish","type":"page","link":"https:\/\/nationalstore.be\/fr\/agenda-page","title":{"rendered":"Agenda"},"content":{"rendered":"<div id=\"pl-31983\"  class=\"panel-layout\" ><div id=\"pg-31983-0\"  class=\"panel-grid panel-has-style\" ><div class=\"events-heading panel-row-style panel-row-style-for-31983-0\" ><div id=\"pgc-31983-0-0\"  class=\"panel-grid-cell panel-grid-cell-mobile-last\" ><div id=\"panel-31983-0-0-0\" class=\"so-panel widget widget_sow-editor panel-first-child panel-last-child\" data-index=\"0\" ><div\n\t\t\t\n\t\t\tclass=\"so-widget-sow-editor so-widget-sow-editor-base\"\n\t\t\t\n\t\t>\n<div class=\"siteorigin-widget-tinymce textwidget\">\n\t<h1>Agenda<\/h1>\n<p class=\"ev-description\">Envie de d\u00e9couvrir la sc\u00e8ne artistique cr\u00e9ative locale ?<br \/>\nRetrouvez ici tous les \u00e9v\u00e8nements o\u00f9 d\u00e9couvrir nos artistes et initiatives culturelles en Belgique.<\/p>\n<\/div>\n<\/div><\/div><\/div><div id=\"pgc-31983-0-1\"  class=\"panel-grid-cell panel-grid-cell-empty\" ><\/div><\/div><\/div><\/div>","protected":false},"excerpt":{"rendered":"<p>Agenda Envie de d\u00e9couvrir la sc\u00e8ne artistique cr\u00e9ative locale ? Retrouvez ici tous les \u00e9v\u00e8nements o\u00f9 d\u00e9couvrir nos artistes et initiatives culturelles en Belgique.<\/p>\n","protected":false},"author":225,"featured_media":0,"parent":0,"menu_order":0,"comment_status":"closed","ping_status":"closed","template":"template-events.php","meta":[],"yoast_head":"<!-- This site is optimized with the Yoast SEO plugin v19.1 - https:\/\/yoast.com\/wordpress\/plugins\/seo\/ -->\n<title>Agenda | E-shop artistes belges<\/title>\n<meta name=\"description\" content=\"Want to know more about Agenda? Surf on the site of the Nationaal Artists Supermarket, you will discover many creators of !\" \/>\n<meta name=\"robots\" content=\"index, follow, max-snippet:-1, max-image-preview:large, max-video-preview:-1\" \/>\n<link rel=\"canonical\" href=\"https:\/\/nationalstore.be\/fr\/agenda-page\" \/>\n<meta property=\"og:locale\" content=\"fr_FR\" \/>\n<meta property=\"og:type\" content=\"article\" \/>\n<meta property=\"og:title\" content=\"Agenda | E-shop artistes belges\" \/>\n<meta property=\"og:description\" content=\"Want to know more about Agenda? Surf on the site of the Nationaal Artists Supermarket, you will discover many creators of !\" \/>\n<meta property=\"og:url\" content=\"https:\/\/nationalstore.be\/fr\/agenda-page\" \/>\n<meta property=\"og:site_name\" content=\"NATIONA(A)L ARTIST SUPERMARKET\" \/>\n<meta property=\"article:publisher\" content=\"https:\/\/www.facebook.com\/nationalstore\/?ref=br_rs\" \/>\n<meta property=\"article:modified_time\" content=\"2022-11-24T11:14:12+00:00\" \/>\n<meta property=\"og:image\" content=\"https:\/\/nationalstore.be\/wp-content\/uploads\/2024\/09\/2-2.png\" \/>\n\t<meta property=\"og:image:width\" content=\"1080\" \/>\n\t<meta property=\"og:image:height\" content=\"1080\" \/>\n\t<meta property=\"og:image:type\" content=\"image\/png\" \/>\n<meta name=\"twitter:card\" content=\"summary_large_image\" \/>\n<meta name=\"twitter:site\" content=\"@Nationalstore\" \/>\n<meta name=\"twitter:label1\" content=\"Dur\u00e9e de lecture estim\u00e9e\" \/>\n\t<meta name=\"twitter:data1\" content=\"1 minute\" \/>\n<script type=\"application\/ld+json\" class=\"yoast-schema-graph\">{\"@context\":\"https:\/\/schema.org\",\"@graph\":[{\"@type\":\"Organization\",\"@id\":\"https:\/\/nationalstore.be\/fr#organization\",\"name\":\"NATIONA(A)L ARTIST MARKET\",\"url\":\"https:\/\/nationalstore.be\/fr\",\"sameAs\":[\"https:\/\/www.instagram.com\/nationalstore\/\",\"https:\/\/www.facebook.com\/nationalstore\/?ref=br_rs\",\"https:\/\/twitter.com\/Nationalstore\"],\"logo\":{\"@type\":\"ImageObject\",\"inLanguage\":\"fr-FR\",\"@id\":\"https:\/\/nationalstore.be\/fr#\/schema\/logo\/image\/\",\"url\":\"https:\/\/nationalstore.be\/wp-content\/uploads\/2024\/03\/nationaal-logo_mauve-cmjn.png\",\"contentUrl\":\"https:\/\/nationalstore.be\/wp-content\/uploads\/2024\/03\/nationaal-logo_mauve-cmjn.png\",\"width\":3475,\"height\":1352,\"caption\":\"NATIONA(A)L ARTIST MARKET\"},\"image\":{\"@id\":\"https:\/\/nationalstore.be\/fr#\/schema\/logo\/image\/\"}},{\"@type\":\"WebSite\",\"@id\":\"https:\/\/nationalstore.be\/fr#website\",\"url\":\"https:\/\/nationalstore.be\/fr\",\"name\":\"NATIONA(A)L ARTIST SUPERMARKET\",\"description\":\"\",\"publisher\":{\"@id\":\"https:\/\/nationalstore.be\/fr#organization\"},\"potentialAction\":[{\"@type\":\"SearchAction\",\"target\":{\"@type\":\"EntryPoint\",\"urlTemplate\":\"https:\/\/nationalstore.be\/fr?s={search_term_string}\"},\"query-input\":\"required name=search_term_string\"}],\"inLanguage\":\"fr-FR\"},{\"@type\":\"WebPage\",\"@id\":\"https:\/\/nationalstore.be\/fr\/agenda-page#webpage\",\"url\":\"https:\/\/nationalstore.be\/fr\/agenda-page\",\"name\":\"Agenda | E-shop artistes belges\",\"isPartOf\":{\"@id\":\"https:\/\/nationalstore.be\/fr#website\"},\"datePublished\":\"2022-03-17T10:11:56+00:00\",\"dateModified\":\"2022-11-24T11:14:12+00:00\",\"description\":\"Want to know more about Agenda? Surf on the site of the Nationaal Artists Supermarket, you will discover many creators of !\",\"breadcrumb\":{\"@id\":\"https:\/\/nationalstore.be\/fr\/agenda-page#breadcrumb\"},\"inLanguage\":\"fr-FR\",\"potentialAction\":[{\"@type\":\"ReadAction\",\"target\":[\"https:\/\/nationalstore.be\/fr\/agenda-page\"]}]},{\"@type\":\"BreadcrumbList\",\"@id\":\"https:\/\/nationalstore.be\/fr\/agenda-page#breadcrumb\",\"itemListElement\":[{\"@type\":\"ListItem\",\"position\":1,\"name\":\"Home\",\"item\":\"https:\/\/nationalstore.be\/fr\"},{\"@type\":\"ListItem\",\"position\":2,\"name\":\"Agenda\"}]}]}<\/script>\n<!-- \/ Yoast SEO plugin. -->","yoast_head_json":{"title":"Agenda | E-shop artistes belges","description":"Want to know more about Agenda? Surf on the site of the Nationaal Artists Supermarket, you will discover many creators of !","robots":{"index":"index","follow":"follow","max-snippet":"max-snippet:-1","max-image-preview":"max-image-preview:large","max-video-preview":"max-video-preview:-1"},"canonical":"https:\/\/nationalstore.be\/fr\/agenda-page","og_locale":"fr_FR","og_type":"article","og_title":"Agenda | E-shop artistes belges","og_description":"Want to know more about Agenda? Surf on the site of the Nationaal Artists Supermarket, you will discover many creators of !","og_url":"https:\/\/nationalstore.be\/fr\/agenda-page","og_site_name":"NATIONA(A)L ARTIST SUPERMARKET","article_publisher":"https:\/\/www.facebook.com\/nationalstore\/?ref=br_rs","article_modified_time":"2022-11-24T11:14:12+00:00","og_image":[{"width":1080,"height":1080,"url":"https:\/\/nationalstore.be\/wp-content\/uploads\/2024\/09\/2-2.png","type":"image\/png"}],"twitter_card":"summary_large_image","twitter_site":"@Nationalstore","twitter_misc":{"Dur\u00e9e de lecture estim\u00e9e":"1 minute"},"schema":{"@context":"https:\/\/schema.org","@graph":[{"@type":"Organization","@id":"https:\/\/nationalstore.be\/fr#organization","name":"NATIONA(A)L ARTIST MARKET","url":"https:\/\/nationalstore.be\/fr","sameAs":["https:\/\/www.instagram.com\/nationalstore\/","https:\/\/www.facebook.com\/nationalstore\/?ref=br_rs","https:\/\/twitter.com\/Nationalstore"],"logo":{"@type":"ImageObject","inLanguage":"fr-FR","@id":"https:\/\/nationalstore.be\/fr#\/schema\/logo\/image\/","url":"https:\/\/nationalstore.be\/wp-content\/uploads\/2024\/03\/nationaal-logo_mauve-cmjn.png","contentUrl":"https:\/\/nationalstore.be\/wp-content\/uploads\/2024\/03\/nationaal-logo_mauve-cmjn.png","width":3475,"height":1352,"caption":"NATIONA(A)L ARTIST MARKET"},"image":{"@id":"https:\/\/nationalstore.be\/fr#\/schema\/logo\/image\/"}},{"@type":"WebSite","@id":"https:\/\/nationalstore.be\/fr#website","url":"https:\/\/nationalstore.be\/fr","name":"NATIONA(A)L ARTIST SUPERMARKET","description":"","publisher":{"@id":"https:\/\/nationalstore.be\/fr#organization"},"potentialAction":[{"@type":"SearchAction","target":{"@type":"EntryPoint","urlTemplate":"https:\/\/nationalstore.be\/fr?s={search_term_string}"},"query-input":"required name=search_term_string"}],"inLanguage":"fr-FR"},{"@type":"WebPage","@id":"https:\/\/nationalstore.be\/fr\/agenda-page#webpage","url":"https:\/\/nationalstore.be\/fr\/agenda-page","name":"Agenda | E-shop artistes belges","isPartOf":{"@id":"https:\/\/nationalstore.be\/fr#website"},"datePublished":"2022-03-17T10:11:56+00:00","dateModified":"2022-11-24T11:14:12+00:00","description":"Want to know more about Agenda? Surf on the site of the Nationaal Artists Supermarket, you will discover many creators of !","breadcrumb":{"@id":"https:\/\/nationalstore.be\/fr\/agenda-page#breadcrumb"},"inLanguage":"fr-FR","potentialAction":[{"@type":"ReadAction","target":["https:\/\/nationalstore.be\/fr\/agenda-page"]}]},{"@type":"BreadcrumbList","@id":"https:\/\/nationalstore.be\/fr\/agenda-page#breadcrumb","itemListElement":[{"@type":"ListItem","position":1,"name":"Home","item":"https:\/\/nationalstore.be\/fr"},{"@type":"ListItem","position":2,"name":"Agenda"}]}]}},"_links":{"self":[{"href":"https:\/\/nationalstore.be\/fr\/wp-json\/wp\/v2\/pages\/31983"}],"collection":[{"href":"https:\/\/nationalstore.be\/fr\/wp-json\/wp\/v2\/pages"}],"about":[{"href":"https:\/\/nationalstore.be\/fr\/wp-json\/wp\/v2\/types\/page"}],"author":[{"embeddable":true,"href":"https:\/\/nationalstore.be\/fr\/wp-json\/wp\/v2\/users\/225"}],"replies":[{"embeddable":true,"href":"https:\/\/nationalstore.be\/fr\/wp-json\/wp\/v2\/comments?post=31983"}],"version-history":[{"count":1,"href":"https:\/\/nationalstore.be\/fr\/wp-json\/wp\/v2\/pages\/31983\/revisions"}],"predecessor-version":[{"id":35589,"href":"https:\/\/nationalstore.be\/fr\/wp-json\/wp\/v2\/pages\/31983\/revisions\/35589"}],"wp:attachment":[{"href":"https:\/\/nationalstore.be\/fr\/wp-json\/wp\/v2\/media?parent=31983"}],"curies":[{"name":"wp","href":"https:\/\/api.w.org\/{rel}","templated":true}]}}