{"id":9872,"date":"2020-12-09T14:32:31","date_gmt":"2020-12-09T13:32:31","guid":{"rendered":"https:\/\/nationalstore.be\/?post_type=product&#038;p=9872"},"modified":"2023-02-06T15:52:28","modified_gmt":"2023-02-06T14:52:28","slug":"some-things-gudny-rosa-ingimarsdottir","status":"publish","type":"product","link":"https:\/\/nationalstore.be\/en\/product\/some-things-gudny-rosa-ingimarsdottir","title":{"rendered":"some things&#8230; | Gudny Rosa Ingimarsdottir"},"content":{"rendered":"<div>\n<p>some &#8230; things is a book co-published by CFC and ISELP, dedicated to the work of Icelandic artist Gudny Rosa Ingimardottir, on the occasion of the retrospective exhibition dedicated to him at ISELP.<\/p>\n<p>Silence, restraint and economy of means make up the universe of Gu\u00f0n\u00fd R\u00f3sa Ingimarsd\u00f3ttir. Her studio is both a cabinet of curiosities and an experimental laboratory where the artist shapes the materials available to her. Scraps of paper, cutouts of preciously preserved previous works, little words, traces, memories &#8230; So many scattered fragments that metamorphose and come together through a subtle alchemy, to form a singular universe where nothing is ever frozen.<\/p>\n<p>&nbsp;<\/p>\n<p>Gudny Rosa was born in 1969 in Reykjavik (Iceland). She studied at the Icelandic College of Art and Crafts in Reyjavik in the early 1990s. She then continued her training at La Cambre (Brussels) to finish it at HISK-Hoger (Ghent). She lives and works in Brussels while being very active on the Icelandic scene.<\/p>\n<p>With the contribution of Catherine Henkinet &amp; Filip Luyckx<\/p>\n<\/div>\n","protected":false},"excerpt":{"rendered":"<p><strong>Authors<\/strong> : Catherine Henkinet &amp; Filip Luyckx<\/p>\n","protected":false},"featured_media":5444,"template":"","meta":[],"product_cat":[1355,2492,33,3376,2284],"product_tag":[319,349,321,950],"yoast_head":"<!-- This site is optimized with the Yoast SEO plugin v19.1 - https:\/\/yoast.com\/wordpress\/plugins\/seo\/ -->\n<title>some things... | Gudny Rosa Ingimarsdottir | Belgian Artists E-shop<\/title>\n<meta name=\"description\" content=\"Buy a some things... | Gudny Rosa Ingimarsdottir ? Discover this product and many others from Belgian Artists in our online shop!\" \/>\n<meta name=\"robots\" content=\"index, follow, max-snippet:-1, max-image-preview:large, max-video-preview:-1\" \/>\n<link rel=\"canonical\" href=\"https:\/\/nationalstore.be\/en\/product\/some-things-gudny-rosa-ingimarsdottir\" \/>\n<meta property=\"og:locale\" content=\"en_US\" \/>\n<meta property=\"og:type\" content=\"article\" \/>\n<meta property=\"og:title\" content=\"some things... | Gudny Rosa Ingimarsdottir | Belgian Artists E-shop\" \/>\n<meta property=\"og:description\" content=\"Buy a some things... | Gudny Rosa Ingimarsdottir ? Discover this product and many others from Belgian Artists in our online shop!\" \/>\n<meta property=\"og:url\" content=\"https:\/\/nationalstore.be\/en\/product\/some-things-gudny-rosa-ingimarsdottir\" \/>\n<meta property=\"og:site_name\" content=\"NATIONA(A)L ARTIST SUPERMARKET\" \/>\n<meta property=\"article:publisher\" content=\"https:\/\/www.facebook.com\/nationalstore\/?ref=br_rs\" \/>\n<meta property=\"article:modified_time\" content=\"2023-02-06T14:52:28+00:00\" \/>\n<meta property=\"og:image\" content=\"https:\/\/nationalstore.be\/wp-content\/uploads\/2020\/12\/gudny.jpeg\" \/>\n\t<meta property=\"og:image:width\" content=\"960\" \/>\n\t<meta property=\"og:image:height\" content=\"640\" \/>\n\t<meta property=\"og:image:type\" content=\"image\/jpeg\" \/>\n<meta name=\"twitter:card\" content=\"summary_large_image\" \/>\n<meta name=\"twitter:site\" content=\"@Nationalstore\" \/>\n<meta name=\"twitter:label1\" content=\"Est. reading time\" \/>\n\t<meta name=\"twitter:data1\" content=\"1 minute\" \/>\n<script type=\"application\/ld+json\" class=\"yoast-schema-graph\">{\"@context\":\"https:\/\/schema.org\",\"@graph\":[{\"@type\":\"Organization\",\"@id\":\"https:\/\/nationalstore.be\/en\/#organization\",\"name\":\"NATIONA(A)L ARTIST MARKET\",\"url\":\"https:\/\/nationalstore.be\/en\/\",\"sameAs\":[\"https:\/\/www.instagram.com\/nationalstore\/\",\"https:\/\/www.facebook.com\/nationalstore\/?ref=br_rs\",\"https:\/\/twitter.com\/Nationalstore\"],\"logo\":{\"@type\":\"ImageObject\",\"inLanguage\":\"en-US\",\"@id\":\"https:\/\/nationalstore.be\/en\/#\/schema\/logo\/image\/\",\"url\":\"https:\/\/nationalstore.be\/wp-content\/uploads\/2024\/03\/nationaal-logo_mauve-cmjn.png\",\"contentUrl\":\"https:\/\/nationalstore.be\/wp-content\/uploads\/2024\/03\/nationaal-logo_mauve-cmjn.png\",\"width\":3475,\"height\":1352,\"caption\":\"NATIONA(A)L ARTIST MARKET\"},\"image\":{\"@id\":\"https:\/\/nationalstore.be\/en\/#\/schema\/logo\/image\/\"}},{\"@type\":\"WebSite\",\"@id\":\"https:\/\/nationalstore.be\/en\/#website\",\"url\":\"https:\/\/nationalstore.be\/en\/\",\"name\":\"NATIONA(A)L ARTIST SUPERMARKET\",\"description\":\"\",\"publisher\":{\"@id\":\"https:\/\/nationalstore.be\/en\/#organization\"},\"potentialAction\":[{\"@type\":\"SearchAction\",\"target\":{\"@type\":\"EntryPoint\",\"urlTemplate\":\"https:\/\/nationalstore.be\/en\/?s={search_term_string}\"},\"query-input\":\"required name=search_term_string\"}],\"inLanguage\":\"en-US\"},{\"@type\":\"ImageObject\",\"inLanguage\":\"en-US\",\"@id\":\"https:\/\/nationalstore.be\/en\/product\/some-things-gudny-rosa-ingimarsdottir#primaryimage\",\"url\":\"https:\/\/nationalstore.be\/wp-content\/uploads\/2020\/12\/gudny.jpeg\",\"contentUrl\":\"https:\/\/nationalstore.be\/wp-content\/uploads\/2020\/12\/gudny.jpeg\",\"width\":960,\"height\":640},{\"@type\":[\"WebPage\",\"ItemPage\"],\"@id\":\"https:\/\/nationalstore.be\/en\/product\/some-things-gudny-rosa-ingimarsdottir#webpage\",\"url\":\"https:\/\/nationalstore.be\/en\/product\/some-things-gudny-rosa-ingimarsdottir\",\"name\":\"some things... | Gudny Rosa Ingimarsdottir | Belgian Artists E-shop\",\"isPartOf\":{\"@id\":\"https:\/\/nationalstore.be\/en\/#website\"},\"primaryImageOfPage\":{\"@id\":\"https:\/\/nationalstore.be\/en\/product\/some-things-gudny-rosa-ingimarsdottir#primaryimage\"},\"datePublished\":\"2020-12-09T13:32:31+00:00\",\"dateModified\":\"2023-02-06T14:52:28+00:00\",\"description\":\"Buy a some things... | Gudny Rosa Ingimarsdottir ? Discover this product and many others from Belgian Artists in our online shop!\",\"breadcrumb\":{\"@id\":\"https:\/\/nationalstore.be\/en\/product\/some-things-gudny-rosa-ingimarsdottir#breadcrumb\"},\"inLanguage\":\"en-US\",\"potentialAction\":[{\"@type\":\"ReadAction\",\"target\":[\"https:\/\/nationalstore.be\/en\/product\/some-things-gudny-rosa-ingimarsdottir\"]}]},{\"@type\":\"BreadcrumbList\",\"@id\":\"https:\/\/nationalstore.be\/en\/product\/some-things-gudny-rosa-ingimarsdottir#breadcrumb\",\"itemListElement\":[{\"@type\":\"ListItem\",\"position\":1,\"name\":\"Home\",\"item\":\"https:\/\/nationalstore.be\/en\"},{\"@type\":\"ListItem\",\"position\":2,\"name\":\"Products\",\"item\":\"https:\/\/nationalstore.be\/en\/shop\"},{\"@type\":\"ListItem\",\"position\":3,\"name\":\"Subcategories\",\"item\":\"https:\/\/nationalstore.be\/en\/pc\/subcategories\"},{\"@type\":\"ListItem\",\"position\":4,\"name\":\"5 Belgian publishing houses with the wind in their sails\",\"item\":\"https:\/\/nationalstore.be\/en\/pc\/subcategories\/5-belgian-publishing-houses-with-the-wind-in-their-sails\"},{\"@type\":\"ListItem\",\"position\":5,\"name\":\"some things&#8230; | Gudny Rosa Ingimarsdottir\"}]}]}<\/script>\n<!-- \/ Yoast SEO plugin. -->","yoast_head_json":{"title":"some things... | Gudny Rosa Ingimarsdottir | Belgian Artists E-shop","description":"Buy a some things... | Gudny Rosa Ingimarsdottir ? Discover this product and many others from Belgian Artists in our online shop!","robots":{"index":"index","follow":"follow","max-snippet":"max-snippet:-1","max-image-preview":"max-image-preview:large","max-video-preview":"max-video-preview:-1"},"canonical":"https:\/\/nationalstore.be\/en\/product\/some-things-gudny-rosa-ingimarsdottir","og_locale":"en_US","og_type":"article","og_title":"some things... | Gudny Rosa Ingimarsdottir | Belgian Artists E-shop","og_description":"Buy a some things... | Gudny Rosa Ingimarsdottir ? Discover this product and many others from Belgian Artists in our online shop!","og_url":"https:\/\/nationalstore.be\/en\/product\/some-things-gudny-rosa-ingimarsdottir","og_site_name":"NATIONA(A)L ARTIST SUPERMARKET","article_publisher":"https:\/\/www.facebook.com\/nationalstore\/?ref=br_rs","article_modified_time":"2023-02-06T14:52:28+00:00","og_image":[{"width":960,"height":640,"url":"https:\/\/nationalstore.be\/wp-content\/uploads\/2020\/12\/gudny.jpeg","type":"image\/jpeg"}],"twitter_card":"summary_large_image","twitter_site":"@Nationalstore","twitter_misc":{"Est. reading time":"1 minute"},"schema":{"@context":"https:\/\/schema.org","@graph":[{"@type":"Organization","@id":"https:\/\/nationalstore.be\/en\/#organization","name":"NATIONA(A)L ARTIST MARKET","url":"https:\/\/nationalstore.be\/en\/","sameAs":["https:\/\/www.instagram.com\/nationalstore\/","https:\/\/www.facebook.com\/nationalstore\/?ref=br_rs","https:\/\/twitter.com\/Nationalstore"],"logo":{"@type":"ImageObject","inLanguage":"en-US","@id":"https:\/\/nationalstore.be\/en\/#\/schema\/logo\/image\/","url":"https:\/\/nationalstore.be\/wp-content\/uploads\/2024\/03\/nationaal-logo_mauve-cmjn.png","contentUrl":"https:\/\/nationalstore.be\/wp-content\/uploads\/2024\/03\/nationaal-logo_mauve-cmjn.png","width":3475,"height":1352,"caption":"NATIONA(A)L ARTIST MARKET"},"image":{"@id":"https:\/\/nationalstore.be\/en\/#\/schema\/logo\/image\/"}},{"@type":"WebSite","@id":"https:\/\/nationalstore.be\/en\/#website","url":"https:\/\/nationalstore.be\/en\/","name":"NATIONA(A)L ARTIST SUPERMARKET","description":"","publisher":{"@id":"https:\/\/nationalstore.be\/en\/#organization"},"potentialAction":[{"@type":"SearchAction","target":{"@type":"EntryPoint","urlTemplate":"https:\/\/nationalstore.be\/en\/?s={search_term_string}"},"query-input":"required name=search_term_string"}],"inLanguage":"en-US"},{"@type":"ImageObject","inLanguage":"en-US","@id":"https:\/\/nationalstore.be\/en\/product\/some-things-gudny-rosa-ingimarsdottir#primaryimage","url":"https:\/\/nationalstore.be\/wp-content\/uploads\/2020\/12\/gudny.jpeg","contentUrl":"https:\/\/nationalstore.be\/wp-content\/uploads\/2020\/12\/gudny.jpeg","width":960,"height":640},{"@type":["WebPage","ItemPage"],"@id":"https:\/\/nationalstore.be\/en\/product\/some-things-gudny-rosa-ingimarsdottir#webpage","url":"https:\/\/nationalstore.be\/en\/product\/some-things-gudny-rosa-ingimarsdottir","name":"some things... | Gudny Rosa Ingimarsdottir | Belgian Artists E-shop","isPartOf":{"@id":"https:\/\/nationalstore.be\/en\/#website"},"primaryImageOfPage":{"@id":"https:\/\/nationalstore.be\/en\/product\/some-things-gudny-rosa-ingimarsdottir#primaryimage"},"datePublished":"2020-12-09T13:32:31+00:00","dateModified":"2023-02-06T14:52:28+00:00","description":"Buy a some things... | Gudny Rosa Ingimarsdottir ? Discover this product and many others from Belgian Artists in our online shop!","breadcrumb":{"@id":"https:\/\/nationalstore.be\/en\/product\/some-things-gudny-rosa-ingimarsdottir#breadcrumb"},"inLanguage":"en-US","potentialAction":[{"@type":"ReadAction","target":["https:\/\/nationalstore.be\/en\/product\/some-things-gudny-rosa-ingimarsdottir"]}]},{"@type":"BreadcrumbList","@id":"https:\/\/nationalstore.be\/en\/product\/some-things-gudny-rosa-ingimarsdottir#breadcrumb","itemListElement":[{"@type":"ListItem","position":1,"name":"Home","item":"https:\/\/nationalstore.be\/en"},{"@type":"ListItem","position":2,"name":"Products","item":"https:\/\/nationalstore.be\/en\/shop"},{"@type":"ListItem","position":3,"name":"Subcategories","item":"https:\/\/nationalstore.be\/en\/pc\/subcategories"},{"@type":"ListItem","position":4,"name":"5 Belgian publishing houses with the wind in their sails","item":"https:\/\/nationalstore.be\/en\/pc\/subcategories\/5-belgian-publishing-houses-with-the-wind-in-their-sails"},{"@type":"ListItem","position":5,"name":"some things&#8230; | Gudny Rosa Ingimarsdottir"}]}]}},"_links":{"self":[{"href":"https:\/\/nationalstore.be\/en\/wp-json\/wp\/v2\/product\/9872"}],"collection":[{"href":"https:\/\/nationalstore.be\/en\/wp-json\/wp\/v2\/product"}],"about":[{"href":"https:\/\/nationalstore.be\/en\/wp-json\/wp\/v2\/types\/product"}],"wp:featuredmedia":[{"embeddable":true,"href":"https:\/\/nationalstore.be\/en\/wp-json\/wp\/v2\/media\/5444"}],"wp:attachment":[{"href":"https:\/\/nationalstore.be\/en\/wp-json\/wp\/v2\/media?parent=9872"}],"wp:term":[{"taxonomy":"product_cat","embeddable":true,"href":"https:\/\/nationalstore.be\/en\/wp-json\/wp\/v2\/product_cat?post=9872"},{"taxonomy":"product_tag","embeddable":true,"href":"https:\/\/nationalstore.be\/en\/wp-json\/wp\/v2\/product_tag?post=9872"}],"curies":[{"name":"wp","href":"https:\/\/api.w.org\/{rel}","templated":true}]}}