{"id":54713,"date":"2024-10-09T12:26:39","date_gmt":"2024-10-09T10:26:39","guid":{"rendered":"https:\/\/nationalstore.be\/?post_type=product&#038;p=54713"},"modified":"2025-11-04T16:53:49","modified_gmt":"2025-11-04T15:53:49","slug":"vestiaire-sac-3","status":"publish","type":"product","link":"https:\/\/nationalstore.be\/en\/product\/vestiaire-sac-3","title":{"rendered":"Vestiaire, Sac"},"content":{"rendered":"<p>C\u00e9ramique, fait main. Pi\u00e8ce unique.<\/p>\n<p>S\u2019accroche au mur ou peut \u00eatre simplement d\u00e9pos\u00e9.<\/p>\n<p>D\u00e9lais de livraison<br \/>\nL&#8217;article sera exp\u00e9di\u00e9 1 \u00e0 2 semaines<\/p>\n","protected":false},"excerpt":{"rendered":"<div id=\"panel-9871-0-1-4\" class=\"so-panel widget_so-wc-template-single-excerpt\" data-index=\"5\">\n<div class=\"woocommerce-product-details__short-description\">\n<p style=\"line-height: 20px; margin: 20px 0px !important;\"><strong style=\"font-family: helvetica, arial, sans-serif;\">Vestiaire<\/strong><span style=\"font-family: helvetica, arial, sans-serif;\">,\u00a0<\/span><em style=\"font-family: helvetica, arial, sans-serif;\">Sac<\/em><\/p>\n<\/div>\n<\/div>\n<div id=\"panel-9871-0-1-5\" class=\"so-panel widget_so-wc-output-product-description\" data-index=\"6\">\n<div id=\"panel-9871-0-1-4\" class=\"so-panel widget_so-wc-template-single-excerpt\" data-index=\"5\">\n<div class=\"woocommerce-product-details__short-description\">\n<p style=\"line-height: 20px; margin: 20px 0px !important;\">Vestiaire est une collection de v\u00eatements en c\u00e9ramique. Un vestiaire fig\u00e9 dans le temps, une garde-robe ludique et color\u00e9e.<\/p>\n<\/div>\n<\/div>\n<\/div>\n","protected":false},"featured_media":54645,"template":"","meta":[],"product_cat":[570,527,529,2903,2912,3676,2825],"product_tag":[3718],"yoast_head":"<!-- This site is optimized with the Yoast SEO plugin v19.1 - https:\/\/yoast.com\/wordpress\/plugins\/seo\/ -->\n<title>Vestiaire, Sac | Belgian Artists E-shop<\/title>\n<meta name=\"description\" content=\"Buy a Vestiaire, Sac ? Discover this product and many others from Belgian Artists in our online shop!\" \/>\n<meta name=\"robots\" content=\"index, follow, max-snippet:-1, max-image-preview:large, max-video-preview:-1\" \/>\n<link rel=\"canonical\" href=\"https:\/\/nationalstore.be\/en\/product\/vestiaire-sac-3\" \/>\n<meta property=\"og:locale\" content=\"en_US\" \/>\n<meta property=\"og:type\" content=\"article\" \/>\n<meta property=\"og:title\" content=\"Vestiaire, Sac | Belgian Artists E-shop\" \/>\n<meta property=\"og:description\" content=\"Buy a Vestiaire, Sac ? Discover this product and many others from Belgian Artists in our online shop!\" \/>\n<meta property=\"og:url\" content=\"https:\/\/nationalstore.be\/en\/product\/vestiaire-sac-3\" \/>\n<meta property=\"og:site_name\" content=\"NATIONA(A)L ARTIST SUPERMARKET\" \/>\n<meta property=\"article:publisher\" content=\"https:\/\/www.facebook.com\/nationalstore\/?ref=br_rs\" \/>\n<meta property=\"article:modified_time\" content=\"2025-11-04T15:53:49+00:00\" \/>\n<meta property=\"og:image\" content=\"https:\/\/nationalstore.be\/wp-content\/uploads\/2024\/10\/Web-1920-\u2013-23@2x.jpg\" \/>\n\t<meta property=\"og:image:width\" content=\"2160\" \/>\n\t<meta property=\"og:image:height\" content=\"2160\" \/>\n\t<meta property=\"og:image:type\" content=\"image\/jpeg\" \/>\n<meta name=\"twitter:card\" content=\"summary_large_image\" \/>\n<meta name=\"twitter:site\" content=\"@Nationalstore\" \/>\n<script type=\"application\/ld+json\" class=\"yoast-schema-graph\">{\"@context\":\"https:\/\/schema.org\",\"@graph\":[{\"@type\":\"Organization\",\"@id\":\"https:\/\/nationalstore.be\/en\/#organization\",\"name\":\"NATIONA(A)L ARTIST MARKET\",\"url\":\"https:\/\/nationalstore.be\/en\/\",\"sameAs\":[\"https:\/\/www.instagram.com\/nationalstore\/\",\"https:\/\/www.facebook.com\/nationalstore\/?ref=br_rs\",\"https:\/\/twitter.com\/Nationalstore\"],\"logo\":{\"@type\":\"ImageObject\",\"inLanguage\":\"en-US\",\"@id\":\"https:\/\/nationalstore.be\/en\/#\/schema\/logo\/image\/\",\"url\":\"https:\/\/nationalstore.be\/wp-content\/uploads\/2024\/03\/nationaal-logo_mauve-cmjn.png\",\"contentUrl\":\"https:\/\/nationalstore.be\/wp-content\/uploads\/2024\/03\/nationaal-logo_mauve-cmjn.png\",\"width\":3475,\"height\":1352,\"caption\":\"NATIONA(A)L ARTIST MARKET\"},\"image\":{\"@id\":\"https:\/\/nationalstore.be\/en\/#\/schema\/logo\/image\/\"}},{\"@type\":\"WebSite\",\"@id\":\"https:\/\/nationalstore.be\/en\/#website\",\"url\":\"https:\/\/nationalstore.be\/en\/\",\"name\":\"NATIONA(A)L ARTIST SUPERMARKET\",\"description\":\"\",\"publisher\":{\"@id\":\"https:\/\/nationalstore.be\/en\/#organization\"},\"potentialAction\":[{\"@type\":\"SearchAction\",\"target\":{\"@type\":\"EntryPoint\",\"urlTemplate\":\"https:\/\/nationalstore.be\/en\/?s={search_term_string}\"},\"query-input\":\"required name=search_term_string\"}],\"inLanguage\":\"en-US\"},{\"@type\":\"ImageObject\",\"inLanguage\":\"en-US\",\"@id\":\"https:\/\/nationalstore.be\/en\/product\/vestiaire-sac-3#primaryimage\",\"url\":\"https:\/\/nationalstore.be\/wp-content\/uploads\/2024\/10\/Web-1920-\u2013-23@2x.jpg\",\"contentUrl\":\"https:\/\/nationalstore.be\/wp-content\/uploads\/2024\/10\/Web-1920-\u2013-23@2x.jpg\",\"width\":2160,\"height\":2160},{\"@type\":[\"WebPage\",\"ItemPage\"],\"@id\":\"https:\/\/nationalstore.be\/en\/product\/vestiaire-sac-3#webpage\",\"url\":\"https:\/\/nationalstore.be\/en\/product\/vestiaire-sac-3\",\"name\":\"Vestiaire, Sac | Belgian Artists E-shop\",\"isPartOf\":{\"@id\":\"https:\/\/nationalstore.be\/en\/#website\"},\"primaryImageOfPage\":{\"@id\":\"https:\/\/nationalstore.be\/en\/product\/vestiaire-sac-3#primaryimage\"},\"datePublished\":\"2024-10-09T10:26:39+00:00\",\"dateModified\":\"2025-11-04T15:53:49+00:00\",\"description\":\"Buy a Vestiaire, Sac ? Discover this product and many others from Belgian Artists in our online shop!\",\"breadcrumb\":{\"@id\":\"https:\/\/nationalstore.be\/en\/product\/vestiaire-sac-3#breadcrumb\"},\"inLanguage\":\"en-US\",\"potentialAction\":[{\"@type\":\"ReadAction\",\"target\":[\"https:\/\/nationalstore.be\/en\/product\/vestiaire-sac-3\"]}]},{\"@type\":\"BreadcrumbList\",\"@id\":\"https:\/\/nationalstore.be\/en\/product\/vestiaire-sac-3#breadcrumb\",\"itemListElement\":[{\"@type\":\"ListItem\",\"position\":1,\"name\":\"Home\",\"item\":\"https:\/\/nationalstore.be\/en\"},{\"@type\":\"ListItem\",\"position\":2,\"name\":\"Products\",\"item\":\"https:\/\/nationalstore.be\/en\/shop\"},{\"@type\":\"ListItem\",\"position\":3,\"name\":\"Design for home\",\"item\":\"https:\/\/nationalstore.be\/en\/pc\/design\"},{\"@type\":\"ListItem\",\"position\":4,\"name\":\"Decorative objects\",\"item\":\"https:\/\/nationalstore.be\/en\/pc\/design\/decorative-objects\"},{\"@type\":\"ListItem\",\"position\":5,\"name\":\"Vestiaire, Sac\"}]}]}<\/script>\n<!-- \/ Yoast SEO plugin. -->","yoast_head_json":{"title":"Vestiaire, Sac | Belgian Artists E-shop","description":"Buy a Vestiaire, Sac ? Discover this product and many others from Belgian Artists in our online shop!","robots":{"index":"index","follow":"follow","max-snippet":"max-snippet:-1","max-image-preview":"max-image-preview:large","max-video-preview":"max-video-preview:-1"},"canonical":"https:\/\/nationalstore.be\/en\/product\/vestiaire-sac-3","og_locale":"en_US","og_type":"article","og_title":"Vestiaire, Sac | Belgian Artists E-shop","og_description":"Buy a Vestiaire, Sac ? Discover this product and many others from Belgian Artists in our online shop!","og_url":"https:\/\/nationalstore.be\/en\/product\/vestiaire-sac-3","og_site_name":"NATIONA(A)L ARTIST SUPERMARKET","article_publisher":"https:\/\/www.facebook.com\/nationalstore\/?ref=br_rs","article_modified_time":"2025-11-04T15:53:49+00:00","og_image":[{"width":2160,"height":2160,"url":"https:\/\/nationalstore.be\/wp-content\/uploads\/2024\/10\/Web-1920-\u2013-23@2x.jpg","type":"image\/jpeg"}],"twitter_card":"summary_large_image","twitter_site":"@Nationalstore","schema":{"@context":"https:\/\/schema.org","@graph":[{"@type":"Organization","@id":"https:\/\/nationalstore.be\/en\/#organization","name":"NATIONA(A)L ARTIST MARKET","url":"https:\/\/nationalstore.be\/en\/","sameAs":["https:\/\/www.instagram.com\/nationalstore\/","https:\/\/www.facebook.com\/nationalstore\/?ref=br_rs","https:\/\/twitter.com\/Nationalstore"],"logo":{"@type":"ImageObject","inLanguage":"en-US","@id":"https:\/\/nationalstore.be\/en\/#\/schema\/logo\/image\/","url":"https:\/\/nationalstore.be\/wp-content\/uploads\/2024\/03\/nationaal-logo_mauve-cmjn.png","contentUrl":"https:\/\/nationalstore.be\/wp-content\/uploads\/2024\/03\/nationaal-logo_mauve-cmjn.png","width":3475,"height":1352,"caption":"NATIONA(A)L ARTIST MARKET"},"image":{"@id":"https:\/\/nationalstore.be\/en\/#\/schema\/logo\/image\/"}},{"@type":"WebSite","@id":"https:\/\/nationalstore.be\/en\/#website","url":"https:\/\/nationalstore.be\/en\/","name":"NATIONA(A)L ARTIST SUPERMARKET","description":"","publisher":{"@id":"https:\/\/nationalstore.be\/en\/#organization"},"potentialAction":[{"@type":"SearchAction","target":{"@type":"EntryPoint","urlTemplate":"https:\/\/nationalstore.be\/en\/?s={search_term_string}"},"query-input":"required name=search_term_string"}],"inLanguage":"en-US"},{"@type":"ImageObject","inLanguage":"en-US","@id":"https:\/\/nationalstore.be\/en\/product\/vestiaire-sac-3#primaryimage","url":"https:\/\/nationalstore.be\/wp-content\/uploads\/2024\/10\/Web-1920-\u2013-23@2x.jpg","contentUrl":"https:\/\/nationalstore.be\/wp-content\/uploads\/2024\/10\/Web-1920-\u2013-23@2x.jpg","width":2160,"height":2160},{"@type":["WebPage","ItemPage"],"@id":"https:\/\/nationalstore.be\/en\/product\/vestiaire-sac-3#webpage","url":"https:\/\/nationalstore.be\/en\/product\/vestiaire-sac-3","name":"Vestiaire, Sac | Belgian Artists E-shop","isPartOf":{"@id":"https:\/\/nationalstore.be\/en\/#website"},"primaryImageOfPage":{"@id":"https:\/\/nationalstore.be\/en\/product\/vestiaire-sac-3#primaryimage"},"datePublished":"2024-10-09T10:26:39+00:00","dateModified":"2025-11-04T15:53:49+00:00","description":"Buy a Vestiaire, Sac ? Discover this product and many others from Belgian Artists in our online shop!","breadcrumb":{"@id":"https:\/\/nationalstore.be\/en\/product\/vestiaire-sac-3#breadcrumb"},"inLanguage":"en-US","potentialAction":[{"@type":"ReadAction","target":["https:\/\/nationalstore.be\/en\/product\/vestiaire-sac-3"]}]},{"@type":"BreadcrumbList","@id":"https:\/\/nationalstore.be\/en\/product\/vestiaire-sac-3#breadcrumb","itemListElement":[{"@type":"ListItem","position":1,"name":"Home","item":"https:\/\/nationalstore.be\/en"},{"@type":"ListItem","position":2,"name":"Products","item":"https:\/\/nationalstore.be\/en\/shop"},{"@type":"ListItem","position":3,"name":"Design for home","item":"https:\/\/nationalstore.be\/en\/pc\/design"},{"@type":"ListItem","position":4,"name":"Decorative objects","item":"https:\/\/nationalstore.be\/en\/pc\/design\/decorative-objects"},{"@type":"ListItem","position":5,"name":"Vestiaire, Sac"}]}]}},"_links":{"self":[{"href":"https:\/\/nationalstore.be\/en\/wp-json\/wp\/v2\/product\/54713"}],"collection":[{"href":"https:\/\/nationalstore.be\/en\/wp-json\/wp\/v2\/product"}],"about":[{"href":"https:\/\/nationalstore.be\/en\/wp-json\/wp\/v2\/types\/product"}],"wp:featuredmedia":[{"embeddable":true,"href":"https:\/\/nationalstore.be\/en\/wp-json\/wp\/v2\/media\/54645"}],"wp:attachment":[{"href":"https:\/\/nationalstore.be\/en\/wp-json\/wp\/v2\/media?parent=54713"}],"wp:term":[{"taxonomy":"product_cat","embeddable":true,"href":"https:\/\/nationalstore.be\/en\/wp-json\/wp\/v2\/product_cat?post=54713"},{"taxonomy":"product_tag","embeddable":true,"href":"https:\/\/nationalstore.be\/en\/wp-json\/wp\/v2\/product_tag?post=54713"}],"curies":[{"name":"wp","href":"https:\/\/api.w.org\/{rel}","templated":true}]}}