{"id":47688,"date":"2023-03-17T12:00:16","date_gmt":"2023-03-17T11:00:16","guid":{"rendered":"https:\/\/nationalstore.be\/?post_type=product&#038;p=47688"},"modified":"2026-02-24T16:34:15","modified_gmt":"2026-02-24T15:34:15","slug":"group-bath","status":"publish","type":"product","link":"https:\/\/nationalstore.be\/en\/product\/group-bath","title":{"rendered":"Group Bath"},"content":{"rendered":"<p style=\"padding-left: 80px\" data-mce-style=\"padding-left: 80px;\"><span style=\"vertical-align: inherit\" data-mce-style=\"vertical-align: inherit;\"><span style=\"vertical-align: inherit\" data-mce-style=\"vertical-align: inherit;\">Bain de groupe<\/span><\/span><\/p>\n<p><span style=\"vertical-align: inherit\" data-mce-style=\"vertical-align: inherit;\"><span style=\"vertical-align: inherit\" data-mce-style=\"vertical-align: inherit;\">Les sujets de ces dessins ne sont pas les \u00eatres qui les habitent, mais le d\u00e9cor dans lequel ils se fondent : cuisines, salons, chambres ou salles de bains. Ces espaces familiers sont devenus anxiog\u00e8nes, cannibales et syst\u00e9matiquement ferm\u00e9s. Certaines figures parviennent cependant \u00e0 \u00e9chapper aux pi\u00e8ges de la domesticit\u00e9 : les V\u00e9nus, ainsi qu&#8217;une pl\u00e9thore de personnages anthropomorphes, hommes-oiseaux ou b\u00e9liers, louves&#8230; mais leurs ambigu\u00eft\u00e9s les placent dans un entre-deux suspendu \u00e0 la fronti\u00e8re. de r\u00eaves et de cauchemars, indiff\u00e9remment et donc relativement effrayants.<\/span><\/span><\/p>\n<p><span style=\"vertical-align: inherit\" data-mce-style=\"vertical-align: inherit;\"><span style=\"vertical-align: inherit\" data-mce-style=\"vertical-align: inherit;\">L&#8217;audace ou le b\u00e9gaiement des lignes, l&#8217;aspect brut des supports, et surtout leurs dimensions offrent \u00e0 ces images une forme d&#8217;incarnation, en contact direct avec l&#8217;espace d&#8217;exposition. On peut approcher l&#8217;ensemble \u00e0 distance, mais tout invite \u00e0 s&#8217;impliquer : le spectateur devient t\u00e9moin, le t\u00e9moin voyeur&#8230; Il y a ici une sorte de pi\u00e8ge, assez exquis, pour s&#8217;inscrire dans cette s\u00e9rie de formes, discerner peu \u00e0 peu les aspects les plus \u00e9tranges, se surprendre par les d\u00e9tails les plus grossiers.<\/span><\/span><\/p>\n","protected":false},"excerpt":{"rendered":"<p><em><strong><span style=\"vertical-align: inherit\" data-mce-style=\"vertical-align: inherit;\"><span style=\"vertical-align: inherit\" data-mce-style=\"vertical-align: inherit;\">Bain de groupe<\/span><\/span><\/strong><\/em><\/p>\n<p><span style=\"vertical-align: inherit\" data-mce-style=\"vertical-align: inherit;\"><span style=\"vertical-align: inherit\" data-mce-style=\"vertical-align: inherit;\">Impression sur Hahnemuhle, 70x50cm<\/span><\/span><\/p>\n<p><span style=\"vertical-align: inherit\" data-mce-style=\"vertical-align: inherit;\"><span style=\"vertical-align: inherit\" data-mce-style=\"vertical-align: inherit;\">\u00c9dition limit\u00e9e 3<\/span><\/span><\/p>\n","protected":false},"featured_media":47685,"template":"","meta":[],"product_cat":[16,3404,2396,2414,2402],"product_tag":[1861,1133,3400,318,477,493,1208,984,465,3284,499,2373,3399],"yoast_head":"<!-- This site is optimized with the Yoast SEO plugin v19.1 - https:\/\/yoast.com\/wordpress\/plugins\/seo\/ -->\n<title>Group Bath | Belgian Artists E-shop<\/title>\n<meta name=\"description\" content=\"Buy a Group Bath ? Discover this product and many others from Belgian Artists in our online shop!\" \/>\n<meta name=\"robots\" content=\"index, follow, max-snippet:-1, max-image-preview:large, max-video-preview:-1\" \/>\n<link rel=\"canonical\" href=\"https:\/\/nationalstore.be\/en\/product\/group-bath\" \/>\n<meta property=\"og:locale\" content=\"en_US\" \/>\n<meta property=\"og:type\" content=\"article\" \/>\n<meta property=\"og:title\" content=\"Group Bath | Belgian Artists E-shop\" \/>\n<meta property=\"og:description\" content=\"Buy a Group Bath ? Discover this product and many others from Belgian Artists in our online shop!\" \/>\n<meta property=\"og:url\" content=\"https:\/\/nationalstore.be\/en\/product\/group-bath\" \/>\n<meta property=\"og:site_name\" content=\"NATIONA(A)L ARTIST SUPERMARKET\" \/>\n<meta property=\"article:publisher\" content=\"https:\/\/www.facebook.com\/nationalstore\/?ref=br_rs\" \/>\n<meta property=\"article:modified_time\" content=\"2026-02-24T15:34:15+00:00\" \/>\n<meta property=\"og:image\" content=\"https:\/\/nationalstore.be\/wp-content\/uploads\/2023\/03\/le-bain-web.jpg\" \/>\n\t<meta property=\"og:image:width\" content=\"2067\" \/>\n\t<meta property=\"og:image:height\" content=\"1476\" \/>\n\t<meta property=\"og:image:type\" content=\"image\/jpeg\" \/>\n<meta name=\"twitter:card\" content=\"summary_large_image\" \/>\n<meta name=\"twitter:site\" content=\"@Nationalstore\" \/>\n<meta name=\"twitter:label1\" content=\"Est. reading time\" \/>\n\t<meta name=\"twitter:data1\" content=\"1 minute\" \/>\n<script type=\"application\/ld+json\" class=\"yoast-schema-graph\">{\"@context\":\"https:\/\/schema.org\",\"@graph\":[{\"@type\":\"Organization\",\"@id\":\"https:\/\/nationalstore.be\/en\/#organization\",\"name\":\"NATIONA(A)L ARTIST MARKET\",\"url\":\"https:\/\/nationalstore.be\/en\/\",\"sameAs\":[\"https:\/\/www.instagram.com\/nationalstore\/\",\"https:\/\/www.facebook.com\/nationalstore\/?ref=br_rs\",\"https:\/\/twitter.com\/Nationalstore\"],\"logo\":{\"@type\":\"ImageObject\",\"inLanguage\":\"en-US\",\"@id\":\"https:\/\/nationalstore.be\/en\/#\/schema\/logo\/image\/\",\"url\":\"https:\/\/nationalstore.be\/wp-content\/uploads\/2024\/03\/nationaal-logo_mauve-cmjn.png\",\"contentUrl\":\"https:\/\/nationalstore.be\/wp-content\/uploads\/2024\/03\/nationaal-logo_mauve-cmjn.png\",\"width\":3475,\"height\":1352,\"caption\":\"NATIONA(A)L ARTIST MARKET\"},\"image\":{\"@id\":\"https:\/\/nationalstore.be\/en\/#\/schema\/logo\/image\/\"}},{\"@type\":\"WebSite\",\"@id\":\"https:\/\/nationalstore.be\/en\/#website\",\"url\":\"https:\/\/nationalstore.be\/en\/\",\"name\":\"NATIONA(A)L ARTIST SUPERMARKET\",\"description\":\"\",\"publisher\":{\"@id\":\"https:\/\/nationalstore.be\/en\/#organization\"},\"potentialAction\":[{\"@type\":\"SearchAction\",\"target\":{\"@type\":\"EntryPoint\",\"urlTemplate\":\"https:\/\/nationalstore.be\/en\/?s={search_term_string}\"},\"query-input\":\"required name=search_term_string\"}],\"inLanguage\":\"en-US\"},{\"@type\":\"ImageObject\",\"inLanguage\":\"en-US\",\"@id\":\"https:\/\/nationalstore.be\/en\/product\/group-bath#primaryimage\",\"url\":\"https:\/\/nationalstore.be\/wp-content\/uploads\/2023\/03\/le-bain-web.jpg\",\"contentUrl\":\"https:\/\/nationalstore.be\/wp-content\/uploads\/2023\/03\/le-bain-web.jpg\",\"width\":2067,\"height\":1476},{\"@type\":[\"WebPage\",\"ItemPage\"],\"@id\":\"https:\/\/nationalstore.be\/en\/product\/group-bath#webpage\",\"url\":\"https:\/\/nationalstore.be\/en\/product\/group-bath\",\"name\":\"Group Bath | Belgian Artists E-shop\",\"isPartOf\":{\"@id\":\"https:\/\/nationalstore.be\/en\/#website\"},\"primaryImageOfPage\":{\"@id\":\"https:\/\/nationalstore.be\/en\/product\/group-bath#primaryimage\"},\"datePublished\":\"2023-03-17T11:00:16+00:00\",\"dateModified\":\"2026-02-24T15:34:15+00:00\",\"description\":\"Buy a Group Bath ? Discover this product and many others from Belgian Artists in our online shop!\",\"breadcrumb\":{\"@id\":\"https:\/\/nationalstore.be\/en\/product\/group-bath#breadcrumb\"},\"inLanguage\":\"en-US\",\"potentialAction\":[{\"@type\":\"ReadAction\",\"target\":[\"https:\/\/nationalstore.be\/en\/product\/group-bath\"]}]},{\"@type\":\"BreadcrumbList\",\"@id\":\"https:\/\/nationalstore.be\/en\/product\/group-bath#breadcrumb\",\"itemListElement\":[{\"@type\":\"ListItem\",\"position\":1,\"name\":\"Home\",\"item\":\"https:\/\/nationalstore.be\/en\"},{\"@type\":\"ListItem\",\"position\":2,\"name\":\"Products\",\"item\":\"https:\/\/nationalstore.be\/en\/shop\"},{\"@type\":\"ListItem\",\"position\":3,\"name\":\"Visual Arts\",\"item\":\"https:\/\/nationalstore.be\/en\/pc\/visual-arts\"},{\"@type\":\"ListItem\",\"position\":4,\"name\":\"Drawing\",\"item\":\"https:\/\/nationalstore.be\/en\/pc\/visual-arts\/drawing\"},{\"@type\":\"ListItem\",\"position\":5,\"name\":\"Group Bath\"}]}]}<\/script>\n<!-- \/ Yoast SEO plugin. -->","yoast_head_json":{"title":"Group Bath | Belgian Artists E-shop","description":"Buy a Group Bath ? Discover this product and many others from Belgian Artists in our online shop!","robots":{"index":"index","follow":"follow","max-snippet":"max-snippet:-1","max-image-preview":"max-image-preview:large","max-video-preview":"max-video-preview:-1"},"canonical":"https:\/\/nationalstore.be\/en\/product\/group-bath","og_locale":"en_US","og_type":"article","og_title":"Group Bath | Belgian Artists E-shop","og_description":"Buy a Group Bath ? Discover this product and many others from Belgian Artists in our online shop!","og_url":"https:\/\/nationalstore.be\/en\/product\/group-bath","og_site_name":"NATIONA(A)L ARTIST SUPERMARKET","article_publisher":"https:\/\/www.facebook.com\/nationalstore\/?ref=br_rs","article_modified_time":"2026-02-24T15:34:15+00:00","og_image":[{"width":2067,"height":1476,"url":"https:\/\/nationalstore.be\/wp-content\/uploads\/2023\/03\/le-bain-web.jpg","type":"image\/jpeg"}],"twitter_card":"summary_large_image","twitter_site":"@Nationalstore","twitter_misc":{"Est. reading time":"1 minute"},"schema":{"@context":"https:\/\/schema.org","@graph":[{"@type":"Organization","@id":"https:\/\/nationalstore.be\/en\/#organization","name":"NATIONA(A)L ARTIST MARKET","url":"https:\/\/nationalstore.be\/en\/","sameAs":["https:\/\/www.instagram.com\/nationalstore\/","https:\/\/www.facebook.com\/nationalstore\/?ref=br_rs","https:\/\/twitter.com\/Nationalstore"],"logo":{"@type":"ImageObject","inLanguage":"en-US","@id":"https:\/\/nationalstore.be\/en\/#\/schema\/logo\/image\/","url":"https:\/\/nationalstore.be\/wp-content\/uploads\/2024\/03\/nationaal-logo_mauve-cmjn.png","contentUrl":"https:\/\/nationalstore.be\/wp-content\/uploads\/2024\/03\/nationaal-logo_mauve-cmjn.png","width":3475,"height":1352,"caption":"NATIONA(A)L ARTIST MARKET"},"image":{"@id":"https:\/\/nationalstore.be\/en\/#\/schema\/logo\/image\/"}},{"@type":"WebSite","@id":"https:\/\/nationalstore.be\/en\/#website","url":"https:\/\/nationalstore.be\/en\/","name":"NATIONA(A)L ARTIST SUPERMARKET","description":"","publisher":{"@id":"https:\/\/nationalstore.be\/en\/#organization"},"potentialAction":[{"@type":"SearchAction","target":{"@type":"EntryPoint","urlTemplate":"https:\/\/nationalstore.be\/en\/?s={search_term_string}"},"query-input":"required name=search_term_string"}],"inLanguage":"en-US"},{"@type":"ImageObject","inLanguage":"en-US","@id":"https:\/\/nationalstore.be\/en\/product\/group-bath#primaryimage","url":"https:\/\/nationalstore.be\/wp-content\/uploads\/2023\/03\/le-bain-web.jpg","contentUrl":"https:\/\/nationalstore.be\/wp-content\/uploads\/2023\/03\/le-bain-web.jpg","width":2067,"height":1476},{"@type":["WebPage","ItemPage"],"@id":"https:\/\/nationalstore.be\/en\/product\/group-bath#webpage","url":"https:\/\/nationalstore.be\/en\/product\/group-bath","name":"Group Bath | Belgian Artists E-shop","isPartOf":{"@id":"https:\/\/nationalstore.be\/en\/#website"},"primaryImageOfPage":{"@id":"https:\/\/nationalstore.be\/en\/product\/group-bath#primaryimage"},"datePublished":"2023-03-17T11:00:16+00:00","dateModified":"2026-02-24T15:34:15+00:00","description":"Buy a Group Bath ? Discover this product and many others from Belgian Artists in our online shop!","breadcrumb":{"@id":"https:\/\/nationalstore.be\/en\/product\/group-bath#breadcrumb"},"inLanguage":"en-US","potentialAction":[{"@type":"ReadAction","target":["https:\/\/nationalstore.be\/en\/product\/group-bath"]}]},{"@type":"BreadcrumbList","@id":"https:\/\/nationalstore.be\/en\/product\/group-bath#breadcrumb","itemListElement":[{"@type":"ListItem","position":1,"name":"Home","item":"https:\/\/nationalstore.be\/en"},{"@type":"ListItem","position":2,"name":"Products","item":"https:\/\/nationalstore.be\/en\/shop"},{"@type":"ListItem","position":3,"name":"Visual Arts","item":"https:\/\/nationalstore.be\/en\/pc\/visual-arts"},{"@type":"ListItem","position":4,"name":"Drawing","item":"https:\/\/nationalstore.be\/en\/pc\/visual-arts\/drawing"},{"@type":"ListItem","position":5,"name":"Group Bath"}]}]}},"_links":{"self":[{"href":"https:\/\/nationalstore.be\/en\/wp-json\/wp\/v2\/product\/47688"}],"collection":[{"href":"https:\/\/nationalstore.be\/en\/wp-json\/wp\/v2\/product"}],"about":[{"href":"https:\/\/nationalstore.be\/en\/wp-json\/wp\/v2\/types\/product"}],"wp:featuredmedia":[{"embeddable":true,"href":"https:\/\/nationalstore.be\/en\/wp-json\/wp\/v2\/media\/47685"}],"wp:attachment":[{"href":"https:\/\/nationalstore.be\/en\/wp-json\/wp\/v2\/media?parent=47688"}],"wp:term":[{"taxonomy":"product_cat","embeddable":true,"href":"https:\/\/nationalstore.be\/en\/wp-json\/wp\/v2\/product_cat?post=47688"},{"taxonomy":"product_tag","embeddable":true,"href":"https:\/\/nationalstore.be\/en\/wp-json\/wp\/v2\/product_tag?post=47688"}],"curies":[{"name":"wp","href":"https:\/\/api.w.org\/{rel}","templated":true}]}}