{"id":42465,"date":"2020-12-09T12:15:41","date_gmt":"2020-12-09T11:15:41","guid":{"rendered":"https:\/\/nationalstore.be\/product\/cinema-abc-la-necropole-du-porno-2"},"modified":"2022-09-28T13:26:33","modified_gmt":"2022-09-28T11:26:33","slug":"cinema-abc-la-necropole-du-porno-2","status":"publish","type":"product","link":"https:\/\/nationalstore.be\/en\/product\/cinema-abc-la-necropole-du-porno-2","title":{"rendered":"Cin\u00e9ma ABC | La n\u00e9cropole du porno"},"content":{"rendered":"<p>Opened in Brussels in 1972 at the heart of the golden age of pornography, a period sometimes referred to as &#8220;the enchanted parenthesis&#8221;, the ABC Cinema disappeared in 2013. Anchored in the heart of the capital, it was one of the last pornographic cinemas in the world to show films on 35 mm silver film. Through the history of this cinema, the book paints a portrait of a forbidden underground world, a subject about which very few works have been published in French.<\/p>\n<p>Over the course of its forty-one years of existence, the ABC has become a kind of clandestine museum, filled with reels of celluloid, piles of posters and photos, overflowing with stacked boxes: a maze of spaces haunted by untold stories. In addition to an enlightened historical point of view, numerous testimonies of spectators who frequented or worked there (strippers, projectionists&#8230;) have been gathered. The texts are richly illustrated with documents that are often rare or even unpublished: photos of the operation, press releases and promotional posters&#8230;<\/p>\n<p>Preface by Laurent de Sutter<\/p>\n<p>A book by Jimmy Pantera<\/p>\n<p>&nbsp;<\/p>\n","protected":false},"excerpt":{"rendered":"<p>Author: Jimmy Pantera<\/p>\n","protected":false},"featured_media":4986,"template":"","meta":[],"product_cat":[1355,2492,33],"product_tag":[336,321],"yoast_head":"<!-- This site is optimized with the Yoast SEO plugin v19.1 - https:\/\/yoast.com\/wordpress\/plugins\/seo\/ -->\n<title>Cin\u00e9ma ABC | La n\u00e9cropole du porno | Belgian Artists E-shop<\/title>\n<meta name=\"description\" content=\"Buy a Cin\u00e9ma ABC | La n\u00e9cropole du porno ? Discover this product and many others from Belgian Artists in our online shop!\" \/>\n<meta name=\"robots\" content=\"index, follow, max-snippet:-1, max-image-preview:large, max-video-preview:-1\" \/>\n<link rel=\"canonical\" href=\"https:\/\/nationalstore.be\/en\/product\/cinema-abc-la-necropole-du-porno-2\" \/>\n<meta property=\"og:locale\" content=\"en_US\" \/>\n<meta property=\"og:type\" content=\"article\" \/>\n<meta property=\"og:title\" content=\"Cin\u00e9ma ABC | La n\u00e9cropole du porno | Belgian Artists E-shop\" \/>\n<meta property=\"og:description\" content=\"Buy a Cin\u00e9ma ABC | La n\u00e9cropole du porno ? Discover this product and many others from Belgian Artists in our online shop!\" \/>\n<meta property=\"og:url\" content=\"https:\/\/nationalstore.be\/en\/product\/cinema-abc-la-necropole-du-porno-2\" \/>\n<meta property=\"og:site_name\" content=\"NATIONA(A)L ARTIST SUPERMARKET\" \/>\n<meta property=\"article:publisher\" content=\"https:\/\/www.facebook.com\/nationalstore\/?ref=br_rs\" \/>\n<meta property=\"article:modified_time\" content=\"2022-09-28T11:26:33+00:00\" \/>\n<meta property=\"og:image\" content=\"https:\/\/nationalstore.be\/wp-content\/uploads\/2020\/12\/faux-livre-couv-ABC_4_3.jpeg\" \/>\n\t<meta property=\"og:image:width\" content=\"768\" \/>\n\t<meta property=\"og:image:height\" content=\"512\" \/>\n\t<meta property=\"og:image:type\" content=\"image\/jpeg\" \/>\n<meta name=\"twitter:card\" content=\"summary_large_image\" \/>\n<meta name=\"twitter:site\" content=\"@Nationalstore\" \/>\n<meta name=\"twitter:label1\" content=\"Est. reading time\" \/>\n\t<meta name=\"twitter:data1\" content=\"1 minute\" \/>\n<script type=\"application\/ld+json\" class=\"yoast-schema-graph\">{\"@context\":\"https:\/\/schema.org\",\"@graph\":[{\"@type\":\"Organization\",\"@id\":\"https:\/\/nationalstore.be\/en\/#organization\",\"name\":\"NATIONA(A)L ARTIST MARKET\",\"url\":\"https:\/\/nationalstore.be\/en\/\",\"sameAs\":[\"https:\/\/www.instagram.com\/nationalstore\/\",\"https:\/\/www.facebook.com\/nationalstore\/?ref=br_rs\",\"https:\/\/twitter.com\/Nationalstore\"],\"logo\":{\"@type\":\"ImageObject\",\"inLanguage\":\"en-US\",\"@id\":\"https:\/\/nationalstore.be\/en\/#\/schema\/logo\/image\/\",\"url\":\"https:\/\/nationalstore.be\/wp-content\/uploads\/2024\/03\/nationaal-logo_mauve-cmjn.png\",\"contentUrl\":\"https:\/\/nationalstore.be\/wp-content\/uploads\/2024\/03\/nationaal-logo_mauve-cmjn.png\",\"width\":3475,\"height\":1352,\"caption\":\"NATIONA(A)L ARTIST MARKET\"},\"image\":{\"@id\":\"https:\/\/nationalstore.be\/en\/#\/schema\/logo\/image\/\"}},{\"@type\":\"WebSite\",\"@id\":\"https:\/\/nationalstore.be\/en\/#website\",\"url\":\"https:\/\/nationalstore.be\/en\/\",\"name\":\"NATIONA(A)L ARTIST SUPERMARKET\",\"description\":\"\",\"publisher\":{\"@id\":\"https:\/\/nationalstore.be\/en\/#organization\"},\"potentialAction\":[{\"@type\":\"SearchAction\",\"target\":{\"@type\":\"EntryPoint\",\"urlTemplate\":\"https:\/\/nationalstore.be\/en\/?s={search_term_string}\"},\"query-input\":\"required name=search_term_string\"}],\"inLanguage\":\"en-US\"},{\"@type\":\"ImageObject\",\"inLanguage\":\"en-US\",\"@id\":\"https:\/\/nationalstore.be\/en\/product\/cinema-abc-la-necropole-du-porno-2#primaryimage\",\"url\":\"https:\/\/nationalstore.be\/wp-content\/uploads\/2020\/12\/faux-livre-couv-ABC_4_3.jpeg\",\"contentUrl\":\"https:\/\/nationalstore.be\/wp-content\/uploads\/2020\/12\/faux-livre-couv-ABC_4_3.jpeg\",\"width\":768,\"height\":512},{\"@type\":[\"WebPage\",\"ItemPage\"],\"@id\":\"https:\/\/nationalstore.be\/en\/product\/cinema-abc-la-necropole-du-porno-2#webpage\",\"url\":\"https:\/\/nationalstore.be\/en\/product\/cinema-abc-la-necropole-du-porno-2\",\"name\":\"Cin\u00e9ma ABC | La n\u00e9cropole du porno | Belgian Artists E-shop\",\"isPartOf\":{\"@id\":\"https:\/\/nationalstore.be\/en\/#website\"},\"primaryImageOfPage\":{\"@id\":\"https:\/\/nationalstore.be\/en\/product\/cinema-abc-la-necropole-du-porno-2#primaryimage\"},\"datePublished\":\"2020-12-09T11:15:41+00:00\",\"dateModified\":\"2022-09-28T11:26:33+00:00\",\"description\":\"Buy a Cin\u00e9ma ABC | La n\u00e9cropole du porno ? Discover this product and many others from Belgian Artists in our online shop!\",\"breadcrumb\":{\"@id\":\"https:\/\/nationalstore.be\/en\/product\/cinema-abc-la-necropole-du-porno-2#breadcrumb\"},\"inLanguage\":\"en-US\",\"potentialAction\":[{\"@type\":\"ReadAction\",\"target\":[\"https:\/\/nationalstore.be\/en\/product\/cinema-abc-la-necropole-du-porno-2\"]}]},{\"@type\":\"BreadcrumbList\",\"@id\":\"https:\/\/nationalstore.be\/en\/product\/cinema-abc-la-necropole-du-porno-2#breadcrumb\",\"itemListElement\":[{\"@type\":\"ListItem\",\"position\":1,\"name\":\"Home\",\"item\":\"https:\/\/nationalstore.be\/en\"},{\"@type\":\"ListItem\",\"position\":2,\"name\":\"Products\",\"item\":\"https:\/\/nationalstore.be\/en\/shop\"},{\"@type\":\"ListItem\",\"position\":3,\"name\":\"Subcategories\",\"item\":\"https:\/\/nationalstore.be\/en\/pc\/subcategories\"},{\"@type\":\"ListItem\",\"position\":4,\"name\":\"5 Belgian publishing houses with the wind in their sails\",\"item\":\"https:\/\/nationalstore.be\/en\/pc\/subcategories\/5-belgian-publishing-houses-with-the-wind-in-their-sails\"},{\"@type\":\"ListItem\",\"position\":5,\"name\":\"Cin\u00e9ma ABC | La n\u00e9cropole du porno\"}]}]}<\/script>\n<!-- \/ Yoast SEO plugin. -->","yoast_head_json":{"title":"Cin\u00e9ma ABC | La n\u00e9cropole du porno | Belgian Artists E-shop","description":"Buy a Cin\u00e9ma ABC | La n\u00e9cropole du porno ? Discover this product and many others from Belgian Artists in our online shop!","robots":{"index":"index","follow":"follow","max-snippet":"max-snippet:-1","max-image-preview":"max-image-preview:large","max-video-preview":"max-video-preview:-1"},"canonical":"https:\/\/nationalstore.be\/en\/product\/cinema-abc-la-necropole-du-porno-2","og_locale":"en_US","og_type":"article","og_title":"Cin\u00e9ma ABC | La n\u00e9cropole du porno | Belgian Artists E-shop","og_description":"Buy a Cin\u00e9ma ABC | La n\u00e9cropole du porno ? Discover this product and many others from Belgian Artists in our online shop!","og_url":"https:\/\/nationalstore.be\/en\/product\/cinema-abc-la-necropole-du-porno-2","og_site_name":"NATIONA(A)L ARTIST SUPERMARKET","article_publisher":"https:\/\/www.facebook.com\/nationalstore\/?ref=br_rs","article_modified_time":"2022-09-28T11:26:33+00:00","og_image":[{"width":768,"height":512,"url":"https:\/\/nationalstore.be\/wp-content\/uploads\/2020\/12\/faux-livre-couv-ABC_4_3.jpeg","type":"image\/jpeg"}],"twitter_card":"summary_large_image","twitter_site":"@Nationalstore","twitter_misc":{"Est. reading time":"1 minute"},"schema":{"@context":"https:\/\/schema.org","@graph":[{"@type":"Organization","@id":"https:\/\/nationalstore.be\/en\/#organization","name":"NATIONA(A)L ARTIST MARKET","url":"https:\/\/nationalstore.be\/en\/","sameAs":["https:\/\/www.instagram.com\/nationalstore\/","https:\/\/www.facebook.com\/nationalstore\/?ref=br_rs","https:\/\/twitter.com\/Nationalstore"],"logo":{"@type":"ImageObject","inLanguage":"en-US","@id":"https:\/\/nationalstore.be\/en\/#\/schema\/logo\/image\/","url":"https:\/\/nationalstore.be\/wp-content\/uploads\/2024\/03\/nationaal-logo_mauve-cmjn.png","contentUrl":"https:\/\/nationalstore.be\/wp-content\/uploads\/2024\/03\/nationaal-logo_mauve-cmjn.png","width":3475,"height":1352,"caption":"NATIONA(A)L ARTIST MARKET"},"image":{"@id":"https:\/\/nationalstore.be\/en\/#\/schema\/logo\/image\/"}},{"@type":"WebSite","@id":"https:\/\/nationalstore.be\/en\/#website","url":"https:\/\/nationalstore.be\/en\/","name":"NATIONA(A)L ARTIST SUPERMARKET","description":"","publisher":{"@id":"https:\/\/nationalstore.be\/en\/#organization"},"potentialAction":[{"@type":"SearchAction","target":{"@type":"EntryPoint","urlTemplate":"https:\/\/nationalstore.be\/en\/?s={search_term_string}"},"query-input":"required name=search_term_string"}],"inLanguage":"en-US"},{"@type":"ImageObject","inLanguage":"en-US","@id":"https:\/\/nationalstore.be\/en\/product\/cinema-abc-la-necropole-du-porno-2#primaryimage","url":"https:\/\/nationalstore.be\/wp-content\/uploads\/2020\/12\/faux-livre-couv-ABC_4_3.jpeg","contentUrl":"https:\/\/nationalstore.be\/wp-content\/uploads\/2020\/12\/faux-livre-couv-ABC_4_3.jpeg","width":768,"height":512},{"@type":["WebPage","ItemPage"],"@id":"https:\/\/nationalstore.be\/en\/product\/cinema-abc-la-necropole-du-porno-2#webpage","url":"https:\/\/nationalstore.be\/en\/product\/cinema-abc-la-necropole-du-porno-2","name":"Cin\u00e9ma ABC | La n\u00e9cropole du porno | Belgian Artists E-shop","isPartOf":{"@id":"https:\/\/nationalstore.be\/en\/#website"},"primaryImageOfPage":{"@id":"https:\/\/nationalstore.be\/en\/product\/cinema-abc-la-necropole-du-porno-2#primaryimage"},"datePublished":"2020-12-09T11:15:41+00:00","dateModified":"2022-09-28T11:26:33+00:00","description":"Buy a Cin\u00e9ma ABC | La n\u00e9cropole du porno ? Discover this product and many others from Belgian Artists in our online shop!","breadcrumb":{"@id":"https:\/\/nationalstore.be\/en\/product\/cinema-abc-la-necropole-du-porno-2#breadcrumb"},"inLanguage":"en-US","potentialAction":[{"@type":"ReadAction","target":["https:\/\/nationalstore.be\/en\/product\/cinema-abc-la-necropole-du-porno-2"]}]},{"@type":"BreadcrumbList","@id":"https:\/\/nationalstore.be\/en\/product\/cinema-abc-la-necropole-du-porno-2#breadcrumb","itemListElement":[{"@type":"ListItem","position":1,"name":"Home","item":"https:\/\/nationalstore.be\/en"},{"@type":"ListItem","position":2,"name":"Products","item":"https:\/\/nationalstore.be\/en\/shop"},{"@type":"ListItem","position":3,"name":"Subcategories","item":"https:\/\/nationalstore.be\/en\/pc\/subcategories"},{"@type":"ListItem","position":4,"name":"5 Belgian publishing houses with the wind in their sails","item":"https:\/\/nationalstore.be\/en\/pc\/subcategories\/5-belgian-publishing-houses-with-the-wind-in-their-sails"},{"@type":"ListItem","position":5,"name":"Cin\u00e9ma ABC | La n\u00e9cropole du porno"}]}]}},"_links":{"self":[{"href":"https:\/\/nationalstore.be\/en\/wp-json\/wp\/v2\/product\/42465"}],"collection":[{"href":"https:\/\/nationalstore.be\/en\/wp-json\/wp\/v2\/product"}],"about":[{"href":"https:\/\/nationalstore.be\/en\/wp-json\/wp\/v2\/types\/product"}],"wp:featuredmedia":[{"embeddable":true,"href":"https:\/\/nationalstore.be\/en\/wp-json\/wp\/v2\/media\/4986"}],"wp:attachment":[{"href":"https:\/\/nationalstore.be\/en\/wp-json\/wp\/v2\/media?parent=42465"}],"wp:term":[{"taxonomy":"product_cat","embeddable":true,"href":"https:\/\/nationalstore.be\/en\/wp-json\/wp\/v2\/product_cat?post=42465"},{"taxonomy":"product_tag","embeddable":true,"href":"https:\/\/nationalstore.be\/en\/wp-json\/wp\/v2\/product_tag?post=42465"}],"curies":[{"name":"wp","href":"https:\/\/api.w.org\/{rel}","templated":true}]}}