{"id":42454,"date":"2020-12-03T20:51:20","date_gmt":"2020-12-03T19:51:20","guid":{"rendered":"https:\/\/nationalstore.be\/product\/bruxelles-et-sa-radio-emotions-et-sonorites-1923-1960"},"modified":"2020-12-03T20:51:20","modified_gmt":"2020-12-03T19:51:20","slug":"bruxelles-et-sa-radio-emotions-et-sonorites-1923-1960","status":"publish","type":"product","link":"https:\/\/nationalstore.be\/en\/product\/bruxelles-et-sa-radio-emotions-et-sonorites-1923-1960","title":{"rendered":"Bruxelles et sa radio | \u00c9motions et sonorit\u00e9s 1923-1960"},"content":{"rendered":"<p>A true and fascinating adventure of public radio since its creation, its role in the war and especially in the post-war period with the mission, still relevant today, to inform, educate and entertain. The text as well as the numerous period photographs and rare archives reproduced in the book make us relive with nostalgia the golden age of radio in Belgium.<\/p>\n<p>Joseph Diongre&#8217;s iconic building, located on Place Flagey in Brussels, has found its place in the city. No one is unaware that it housed the National Institute of Broadcasting (INR) at its creation, but what happened there, what was produced there, evokes at best, only bits of scattered memories. Who still remembers that this &#8220;sound factory&#8221; was one of the first Radio Houses in Europe? It took the interest and curiosity of the Canadian historian Nicolas Kenny, attached to the country of origin of his grandparents, and his meeting with a seasoned host of the INR, Charles Van Hauteghem, for the cultural history of the famous &#8220;liner&#8221; to finally be addressed.<\/p>\n<p>(excerpt from the preface of the book written by the historian Jean Puissant)<\/p>\n<p>&nbsp;<\/p>\n","protected":false},"excerpt":{"rendered":"<p>Author: Nicolas Kenny<\/p>\n","protected":false},"featured_media":5525,"template":"","meta":[],"product_cat":[33,2489],"product_tag":[],"yoast_head":"<!-- This site is optimized with the Yoast SEO plugin v19.1 - https:\/\/yoast.com\/wordpress\/plugins\/seo\/ -->\n<title>Bruxelles et sa radio | \u00c9motions et sonorit\u00e9s 1923-1960 | Belgian Artists E-shop<\/title>\n<meta name=\"description\" content=\"Buy a Bruxelles et sa radio | \u00c9motions et sonorit\u00e9s 1923-1960 ? Discover this product and many others from Belgian Artists in our online shop!\" \/>\n<meta name=\"robots\" content=\"index, follow, max-snippet:-1, max-image-preview:large, max-video-preview:-1\" \/>\n<link rel=\"canonical\" href=\"https:\/\/nationalstore.be\/en\/product\/bruxelles-et-sa-radio-emotions-et-sonorites-1923-1960\" \/>\n<meta property=\"og:locale\" content=\"en_US\" \/>\n<meta property=\"og:type\" content=\"article\" \/>\n<meta property=\"og:title\" content=\"Bruxelles et sa radio | \u00c9motions et sonorit\u00e9s 1923-1960 | Belgian Artists E-shop\" \/>\n<meta property=\"og:description\" content=\"Buy a Bruxelles et sa radio | \u00c9motions et sonorit\u00e9s 1923-1960 ? Discover this product and many others from Belgian Artists in our online shop!\" \/>\n<meta property=\"og:url\" content=\"https:\/\/nationalstore.be\/en\/product\/bruxelles-et-sa-radio-emotions-et-sonorites-1923-1960\" \/>\n<meta property=\"og:site_name\" content=\"NATIONA(A)L ARTIST SUPERMARKET\" \/>\n<meta property=\"article:publisher\" content=\"https:\/\/www.facebook.com\/nationalstore\/?ref=br_rs\" \/>\n<meta property=\"og:image\" content=\"https:\/\/nationalstore.be\/wp-content\/uploads\/2020\/12\/43-INR.jpeg\" \/>\n\t<meta property=\"og:image:width\" content=\"960\" \/>\n\t<meta property=\"og:image:height\" content=\"640\" \/>\n\t<meta property=\"og:image:type\" content=\"image\/jpeg\" \/>\n<meta name=\"twitter:card\" content=\"summary_large_image\" \/>\n<meta name=\"twitter:site\" content=\"@Nationalstore\" \/>\n<meta name=\"twitter:label1\" content=\"Est. reading time\" \/>\n\t<meta name=\"twitter:data1\" content=\"1 minute\" \/>\n<script type=\"application\/ld+json\" class=\"yoast-schema-graph\">{\"@context\":\"https:\/\/schema.org\",\"@graph\":[{\"@type\":\"Organization\",\"@id\":\"https:\/\/nationalstore.be\/en\/#organization\",\"name\":\"NATIONA(A)L ARTIST MARKET\",\"url\":\"https:\/\/nationalstore.be\/en\/\",\"sameAs\":[\"https:\/\/www.instagram.com\/nationalstore\/\",\"https:\/\/www.facebook.com\/nationalstore\/?ref=br_rs\",\"https:\/\/twitter.com\/Nationalstore\"],\"logo\":{\"@type\":\"ImageObject\",\"inLanguage\":\"en-US\",\"@id\":\"https:\/\/nationalstore.be\/en\/#\/schema\/logo\/image\/\",\"url\":\"https:\/\/nationalstore.be\/wp-content\/uploads\/2024\/03\/nationaal-logo_mauve-cmjn.png\",\"contentUrl\":\"https:\/\/nationalstore.be\/wp-content\/uploads\/2024\/03\/nationaal-logo_mauve-cmjn.png\",\"width\":3475,\"height\":1352,\"caption\":\"NATIONA(A)L ARTIST MARKET\"},\"image\":{\"@id\":\"https:\/\/nationalstore.be\/en\/#\/schema\/logo\/image\/\"}},{\"@type\":\"WebSite\",\"@id\":\"https:\/\/nationalstore.be\/en\/#website\",\"url\":\"https:\/\/nationalstore.be\/en\/\",\"name\":\"NATIONA(A)L ARTIST SUPERMARKET\",\"description\":\"\",\"publisher\":{\"@id\":\"https:\/\/nationalstore.be\/en\/#organization\"},\"potentialAction\":[{\"@type\":\"SearchAction\",\"target\":{\"@type\":\"EntryPoint\",\"urlTemplate\":\"https:\/\/nationalstore.be\/en\/?s={search_term_string}\"},\"query-input\":\"required name=search_term_string\"}],\"inLanguage\":\"en-US\"},{\"@type\":\"ImageObject\",\"inLanguage\":\"en-US\",\"@id\":\"https:\/\/nationalstore.be\/en\/product\/bruxelles-et-sa-radio-emotions-et-sonorites-1923-1960#primaryimage\",\"url\":\"https:\/\/nationalstore.be\/wp-content\/uploads\/2020\/12\/43-INR.jpeg\",\"contentUrl\":\"https:\/\/nationalstore.be\/wp-content\/uploads\/2020\/12\/43-INR.jpeg\",\"width\":960,\"height\":640},{\"@type\":[\"WebPage\",\"ItemPage\"],\"@id\":\"https:\/\/nationalstore.be\/en\/product\/bruxelles-et-sa-radio-emotions-et-sonorites-1923-1960#webpage\",\"url\":\"https:\/\/nationalstore.be\/en\/product\/bruxelles-et-sa-radio-emotions-et-sonorites-1923-1960\",\"name\":\"Bruxelles et sa radio | \u00c9motions et sonorit\u00e9s 1923-1960 | Belgian Artists E-shop\",\"isPartOf\":{\"@id\":\"https:\/\/nationalstore.be\/en\/#website\"},\"primaryImageOfPage\":{\"@id\":\"https:\/\/nationalstore.be\/en\/product\/bruxelles-et-sa-radio-emotions-et-sonorites-1923-1960#primaryimage\"},\"datePublished\":\"2020-12-03T19:51:20+00:00\",\"dateModified\":\"2020-12-03T19:51:20+00:00\",\"description\":\"Buy a Bruxelles et sa radio | \u00c9motions et sonorit\u00e9s 1923-1960 ? Discover this product and many others from Belgian Artists in our online shop!\",\"breadcrumb\":{\"@id\":\"https:\/\/nationalstore.be\/en\/product\/bruxelles-et-sa-radio-emotions-et-sonorites-1923-1960#breadcrumb\"},\"inLanguage\":\"en-US\",\"potentialAction\":[{\"@type\":\"ReadAction\",\"target\":[\"https:\/\/nationalstore.be\/en\/product\/bruxelles-et-sa-radio-emotions-et-sonorites-1923-1960\"]}]},{\"@type\":\"BreadcrumbList\",\"@id\":\"https:\/\/nationalstore.be\/en\/product\/bruxelles-et-sa-radio-emotions-et-sonorites-1923-1960#breadcrumb\",\"itemListElement\":[{\"@type\":\"ListItem\",\"position\":1,\"name\":\"Home\",\"item\":\"https:\/\/nationalstore.be\/en\"},{\"@type\":\"ListItem\",\"position\":2,\"name\":\"Products\",\"item\":\"https:\/\/nationalstore.be\/en\/shop\"},{\"@type\":\"ListItem\",\"position\":3,\"name\":\"Book &amp; Illustration\",\"item\":\"https:\/\/nationalstore.be\/en\/pc\/book-illustration\"},{\"@type\":\"ListItem\",\"position\":4,\"name\":\"Literature\",\"item\":\"https:\/\/nationalstore.be\/en\/pc\/book-illustration\/literature\"},{\"@type\":\"ListItem\",\"position\":5,\"name\":\"Bruxelles et sa radio | \u00c9motions et sonorit\u00e9s 1923-1960\"}]}]}<\/script>\n<!-- \/ Yoast SEO plugin. -->","yoast_head_json":{"title":"Bruxelles et sa radio | \u00c9motions et sonorit\u00e9s 1923-1960 | Belgian Artists E-shop","description":"Buy a Bruxelles et sa radio | \u00c9motions et sonorit\u00e9s 1923-1960 ? Discover this product and many others from Belgian Artists in our online shop!","robots":{"index":"index","follow":"follow","max-snippet":"max-snippet:-1","max-image-preview":"max-image-preview:large","max-video-preview":"max-video-preview:-1"},"canonical":"https:\/\/nationalstore.be\/en\/product\/bruxelles-et-sa-radio-emotions-et-sonorites-1923-1960","og_locale":"en_US","og_type":"article","og_title":"Bruxelles et sa radio | \u00c9motions et sonorit\u00e9s 1923-1960 | Belgian Artists E-shop","og_description":"Buy a Bruxelles et sa radio | \u00c9motions et sonorit\u00e9s 1923-1960 ? Discover this product and many others from Belgian Artists in our online shop!","og_url":"https:\/\/nationalstore.be\/en\/product\/bruxelles-et-sa-radio-emotions-et-sonorites-1923-1960","og_site_name":"NATIONA(A)L ARTIST SUPERMARKET","article_publisher":"https:\/\/www.facebook.com\/nationalstore\/?ref=br_rs","og_image":[{"width":960,"height":640,"url":"https:\/\/nationalstore.be\/wp-content\/uploads\/2020\/12\/43-INR.jpeg","type":"image\/jpeg"}],"twitter_card":"summary_large_image","twitter_site":"@Nationalstore","twitter_misc":{"Est. reading time":"1 minute"},"schema":{"@context":"https:\/\/schema.org","@graph":[{"@type":"Organization","@id":"https:\/\/nationalstore.be\/en\/#organization","name":"NATIONA(A)L ARTIST MARKET","url":"https:\/\/nationalstore.be\/en\/","sameAs":["https:\/\/www.instagram.com\/nationalstore\/","https:\/\/www.facebook.com\/nationalstore\/?ref=br_rs","https:\/\/twitter.com\/Nationalstore"],"logo":{"@type":"ImageObject","inLanguage":"en-US","@id":"https:\/\/nationalstore.be\/en\/#\/schema\/logo\/image\/","url":"https:\/\/nationalstore.be\/wp-content\/uploads\/2024\/03\/nationaal-logo_mauve-cmjn.png","contentUrl":"https:\/\/nationalstore.be\/wp-content\/uploads\/2024\/03\/nationaal-logo_mauve-cmjn.png","width":3475,"height":1352,"caption":"NATIONA(A)L ARTIST MARKET"},"image":{"@id":"https:\/\/nationalstore.be\/en\/#\/schema\/logo\/image\/"}},{"@type":"WebSite","@id":"https:\/\/nationalstore.be\/en\/#website","url":"https:\/\/nationalstore.be\/en\/","name":"NATIONA(A)L ARTIST SUPERMARKET","description":"","publisher":{"@id":"https:\/\/nationalstore.be\/en\/#organization"},"potentialAction":[{"@type":"SearchAction","target":{"@type":"EntryPoint","urlTemplate":"https:\/\/nationalstore.be\/en\/?s={search_term_string}"},"query-input":"required name=search_term_string"}],"inLanguage":"en-US"},{"@type":"ImageObject","inLanguage":"en-US","@id":"https:\/\/nationalstore.be\/en\/product\/bruxelles-et-sa-radio-emotions-et-sonorites-1923-1960#primaryimage","url":"https:\/\/nationalstore.be\/wp-content\/uploads\/2020\/12\/43-INR.jpeg","contentUrl":"https:\/\/nationalstore.be\/wp-content\/uploads\/2020\/12\/43-INR.jpeg","width":960,"height":640},{"@type":["WebPage","ItemPage"],"@id":"https:\/\/nationalstore.be\/en\/product\/bruxelles-et-sa-radio-emotions-et-sonorites-1923-1960#webpage","url":"https:\/\/nationalstore.be\/en\/product\/bruxelles-et-sa-radio-emotions-et-sonorites-1923-1960","name":"Bruxelles et sa radio | \u00c9motions et sonorit\u00e9s 1923-1960 | Belgian Artists E-shop","isPartOf":{"@id":"https:\/\/nationalstore.be\/en\/#website"},"primaryImageOfPage":{"@id":"https:\/\/nationalstore.be\/en\/product\/bruxelles-et-sa-radio-emotions-et-sonorites-1923-1960#primaryimage"},"datePublished":"2020-12-03T19:51:20+00:00","dateModified":"2020-12-03T19:51:20+00:00","description":"Buy a Bruxelles et sa radio | \u00c9motions et sonorit\u00e9s 1923-1960 ? Discover this product and many others from Belgian Artists in our online shop!","breadcrumb":{"@id":"https:\/\/nationalstore.be\/en\/product\/bruxelles-et-sa-radio-emotions-et-sonorites-1923-1960#breadcrumb"},"inLanguage":"en-US","potentialAction":[{"@type":"ReadAction","target":["https:\/\/nationalstore.be\/en\/product\/bruxelles-et-sa-radio-emotions-et-sonorites-1923-1960"]}]},{"@type":"BreadcrumbList","@id":"https:\/\/nationalstore.be\/en\/product\/bruxelles-et-sa-radio-emotions-et-sonorites-1923-1960#breadcrumb","itemListElement":[{"@type":"ListItem","position":1,"name":"Home","item":"https:\/\/nationalstore.be\/en"},{"@type":"ListItem","position":2,"name":"Products","item":"https:\/\/nationalstore.be\/en\/shop"},{"@type":"ListItem","position":3,"name":"Book &amp; Illustration","item":"https:\/\/nationalstore.be\/en\/pc\/book-illustration"},{"@type":"ListItem","position":4,"name":"Literature","item":"https:\/\/nationalstore.be\/en\/pc\/book-illustration\/literature"},{"@type":"ListItem","position":5,"name":"Bruxelles et sa radio | \u00c9motions et sonorit\u00e9s 1923-1960"}]}]}},"_links":{"self":[{"href":"https:\/\/nationalstore.be\/en\/wp-json\/wp\/v2\/product\/42454"}],"collection":[{"href":"https:\/\/nationalstore.be\/en\/wp-json\/wp\/v2\/product"}],"about":[{"href":"https:\/\/nationalstore.be\/en\/wp-json\/wp\/v2\/types\/product"}],"wp:featuredmedia":[{"embeddable":true,"href":"https:\/\/nationalstore.be\/en\/wp-json\/wp\/v2\/media\/5525"}],"wp:attachment":[{"href":"https:\/\/nationalstore.be\/en\/wp-json\/wp\/v2\/media?parent=42454"}],"wp:term":[{"taxonomy":"product_cat","embeddable":true,"href":"https:\/\/nationalstore.be\/en\/wp-json\/wp\/v2\/product_cat?post=42454"},{"taxonomy":"product_tag","embeddable":true,"href":"https:\/\/nationalstore.be\/en\/wp-json\/wp\/v2\/product_tag?post=42454"}],"curies":[{"name":"wp","href":"https:\/\/api.w.org\/{rel}","templated":true}]}}