{"id":37535,"date":"2022-07-27T12:55:21","date_gmt":"2022-07-13T12:09:44","guid":{"rendered":"https:\/\/nationalstore.be\/?post_type=product&#038;p=37535"},"modified":"2022-07-28T15:20:19","modified_gmt":"2022-07-28T13:20:19","slug":"ite-maledicti","status":"publish","type":"product","link":"https:\/\/nationalstore.be\/en\/product\/ite-maledicti","title":{"rendered":"Ite Maledicti"},"content":{"rendered":"<p>This triptych is inspired by a 17th-century engraving &#8211; Horeendum Tonitru, which brings together several symbols of the apocalypse. Produced during the first confinement, this work questions the feeling of finitude.<\/p>\n<p>In the Christian and Neoplatonic tradition the Earth is immobile in the centre of the universe. The Earth no longer rotates. The primary elements are preparing to collide. A &#038; B The primary elements of fire and water. C The stellar region. D The air or elements join the igneous spirit of water in Shamaim (Hebrew for heaven).<\/p>\n<p>*******<\/p>\n<blockquote>\n<p><em>Work accompanied by a text by Jacques Lemaire, lockdownart prize, 2021.<\/em><\/p>\n<p><em>Il y a bien longtemps, une civilisation de premier ordre parsemait la surface, et cultivait le pigment.<\/em><br \/><em>Apr\u00e8s plusieurs \u00e9tudes arch\u00e9ologiques, les par\u00e9idoles ont \u00e9t\u00e9 d\u00e9couverte en fond de vall\u00e9e.<\/em><br \/><em>L\u00e0 o\u00f9 la gravitation est \u00e9gale \u00e0 l\u2019expansion.<\/em><br \/><em>L\u00e0 o\u00f9 les lunes sont des pommes, l\u00e0 o\u00f9 les forces en pr\u00e9sence donnent les traces inqui\u00e9tantes d\u2019un pass\u00e9 ignor\u00e9.<\/em><br \/><em>Un pass\u00e9 sans vices ni cupidit\u00e9.<\/em><br \/><em>Sans drones ni fronti\u00e8res.<\/em><br \/><em>Cette peuplade bien myst\u00e9rieuse avait la particularit\u00e9 de disparaitre dans les plis du vent.<\/em><br \/><em>Le cache-cache \u00e9tait interdit, et seuls les hommes des plaines usaient de replis pour passer des messages, et pr\u00e9venir de l\u2019arriv\u00e9e des g\u00e9ants.<\/em><br \/><em>Les g\u00e9ants observaient les par\u00e9idoles, le dos courb\u00e9 et les yeux en demi-lune.<\/em><br \/><em>Les petits g\u00e9ants grattaient le sable de leur gros doigt.<\/em><br \/><em>Les par\u00e9idoles avaient l\u2019habitude de ces visites : \u00e0 chaque fois qu\u2019un visiteur se pointait, le vent changeait et plus personne \u00e0 l\u2019horizon.<\/em><br \/><em>L\u00e0, c\u2019est la fin qui recommence : un grand-p\u00e8re qui tassait sa pipe<\/em><br \/><em>est parti en fum\u00e9e !<\/em><br \/><em>Les enfants des plaines sont pass\u00e9s de l\u2019autre c\u00f4t\u00e9 !<\/em><br \/><em>La bille devint lune, et le soleil s\u2019est enfui au hasard !<\/em><br \/><em>Un homme des plaines, p\u00e9trifi\u00e9, fit ricocher une alerte qui brinquebala sans sauver quiconque.<\/em><br \/><em>La fin du monde en arc-en-ciel !<\/em><br \/><em>Si on s\u2019approche bien, on peut deviner quelques par\u00e9idoles de surface qui se cache encore, de peur que \u00e7a recommence ou de sagesse que \u00e7a continue.<\/em><\/p>\n<p><em>Jacques Lemaire<\/em><\/p>\n<\/blockquote>\n<p>+\u00a0<a href=\"https:\/\/marinepenhouet.com\/Ite-Maledicti-2020-21\" data-mce-href=\"https:\/\/marinepenhouet.com\/Ite-Maledicti-2020-21\">info<\/a><\/p>\n","protected":false},"excerpt":{"rendered":"<p><span class=\"s1\" data-mce-style=\"font-kerning: none; font-family: 'times new roman', times, serif; font-size: 10pt;\" style=\"font-kerning: none; font-family: \">Triptych, pigmented hide glue, acrylic, plaster and woodcut.<\/span><\/p>\n<p><span class=\"s1\" data-mce-style=\"font-kerning: none; font-family: 'times new roman', times, serif; font-size: 10pt;\" style=\"font-kerning: none; font-family: \">Etching with copper matrix and dried leaf.<\/span><\/p>\n<p><span class=\"s1\" data-mce-style=\"font-kerning: none; font-family: 'times new roman', times, serif; font-size: 10pt;\" style=\"font-kerning: none; font-family: \">Oak frame.<\/span><\/p>\n<p><span class=\"s1\" data-mce-style=\"font-kerning: none; font-family: 'times new roman', times, serif; font-size: 10pt;\" style=\"font-kerning: none; font-family: \">41x31cm x3<\/span><\/p>\n","protected":false},"featured_media":37445,"template":"","meta":[],"product_cat":[16,2399,2411],"product_tag":[],"yoast_head":"<!-- This site is optimized with the Yoast SEO plugin v19.1 - https:\/\/yoast.com\/wordpress\/plugins\/seo\/ -->\n<title>Ite Maledicti | Belgian Artists E-shop<\/title>\n<meta name=\"description\" content=\"Buy a Ite Maledicti ? Discover this product and many others from Belgian Artists in our online shop!\" \/>\n<meta name=\"robots\" content=\"index, follow, max-snippet:-1, max-image-preview:large, max-video-preview:-1\" \/>\n<link rel=\"canonical\" href=\"https:\/\/nationalstore.be\/en\/product\/ite-maledicti\" \/>\n<meta property=\"og:locale\" content=\"en_US\" \/>\n<meta property=\"og:type\" content=\"article\" \/>\n<meta property=\"og:title\" content=\"Ite Maledicti | Belgian Artists E-shop\" \/>\n<meta property=\"og:description\" content=\"Buy a Ite Maledicti ? Discover this product and many others from Belgian Artists in our online shop!\" \/>\n<meta property=\"og:url\" content=\"https:\/\/nationalstore.be\/en\/product\/ite-maledicti\" \/>\n<meta property=\"og:site_name\" content=\"NATIONA(A)L ARTIST SUPERMARKET\" \/>\n<meta property=\"article:publisher\" content=\"https:\/\/www.facebook.com\/nationalstore\/?ref=br_rs\" \/>\n<meta property=\"article:modified_time\" content=\"2022-07-28T13:20:19+00:00\" \/>\n<meta property=\"og:image\" content=\"https:\/\/nationalstore.be\/wp-content\/uploads\/2022\/07\/IMG_2501-scaled.jpg\" \/>\n\t<meta property=\"og:image:width\" content=\"1707\" \/>\n\t<meta property=\"og:image:height\" content=\"2560\" \/>\n\t<meta property=\"og:image:type\" content=\"image\/jpeg\" \/>\n<meta name=\"twitter:card\" content=\"summary_large_image\" \/>\n<meta name=\"twitter:site\" content=\"@Nationalstore\" \/>\n<meta name=\"twitter:label1\" content=\"Est. reading time\" \/>\n\t<meta name=\"twitter:data1\" content=\"2 minutes\" \/>\n<script type=\"application\/ld+json\" class=\"yoast-schema-graph\">{\"@context\":\"https:\/\/schema.org\",\"@graph\":[{\"@type\":\"Organization\",\"@id\":\"https:\/\/nationalstore.be\/en\/#organization\",\"name\":\"NATIONA(A)L ARTIST MARKET\",\"url\":\"https:\/\/nationalstore.be\/en\/\",\"sameAs\":[\"https:\/\/www.instagram.com\/nationalstore\/\",\"https:\/\/www.facebook.com\/nationalstore\/?ref=br_rs\",\"https:\/\/twitter.com\/Nationalstore\"],\"logo\":{\"@type\":\"ImageObject\",\"inLanguage\":\"en-US\",\"@id\":\"https:\/\/nationalstore.be\/en\/#\/schema\/logo\/image\/\",\"url\":\"https:\/\/nationalstore.be\/wp-content\/uploads\/2024\/03\/nationaal-logo_mauve-cmjn.png\",\"contentUrl\":\"https:\/\/nationalstore.be\/wp-content\/uploads\/2024\/03\/nationaal-logo_mauve-cmjn.png\",\"width\":3475,\"height\":1352,\"caption\":\"NATIONA(A)L ARTIST MARKET\"},\"image\":{\"@id\":\"https:\/\/nationalstore.be\/en\/#\/schema\/logo\/image\/\"}},{\"@type\":\"WebSite\",\"@id\":\"https:\/\/nationalstore.be\/en\/#website\",\"url\":\"https:\/\/nationalstore.be\/en\/\",\"name\":\"NATIONA(A)L ARTIST SUPERMARKET\",\"description\":\"\",\"publisher\":{\"@id\":\"https:\/\/nationalstore.be\/en\/#organization\"},\"potentialAction\":[{\"@type\":\"SearchAction\",\"target\":{\"@type\":\"EntryPoint\",\"urlTemplate\":\"https:\/\/nationalstore.be\/en\/?s={search_term_string}\"},\"query-input\":\"required name=search_term_string\"}],\"inLanguage\":\"en-US\"},{\"@type\":\"ImageObject\",\"inLanguage\":\"en-US\",\"@id\":\"https:\/\/nationalstore.be\/en\/product\/ite-maledicti#primaryimage\",\"url\":\"https:\/\/nationalstore.be\/wp-content\/uploads\/2022\/07\/IMG_2501-scaled.jpg\",\"contentUrl\":\"https:\/\/nationalstore.be\/wp-content\/uploads\/2022\/07\/IMG_2501-scaled.jpg\",\"width\":1707,\"height\":2560},{\"@type\":[\"WebPage\",\"ItemPage\"],\"@id\":\"https:\/\/nationalstore.be\/en\/product\/ite-maledicti#webpage\",\"url\":\"https:\/\/nationalstore.be\/en\/product\/ite-maledicti\",\"name\":\"Ite Maledicti | Belgian Artists E-shop\",\"isPartOf\":{\"@id\":\"https:\/\/nationalstore.be\/en\/#website\"},\"primaryImageOfPage\":{\"@id\":\"https:\/\/nationalstore.be\/en\/product\/ite-maledicti#primaryimage\"},\"datePublished\":\"2022-07-13T12:09:44+00:00\",\"dateModified\":\"2022-07-28T13:20:19+00:00\",\"description\":\"Buy a Ite Maledicti ? Discover this product and many others from Belgian Artists in our online shop!\",\"breadcrumb\":{\"@id\":\"https:\/\/nationalstore.be\/en\/product\/ite-maledicti#breadcrumb\"},\"inLanguage\":\"en-US\",\"potentialAction\":[{\"@type\":\"ReadAction\",\"target\":[\"https:\/\/nationalstore.be\/en\/product\/ite-maledicti\"]}]},{\"@type\":\"BreadcrumbList\",\"@id\":\"https:\/\/nationalstore.be\/en\/product\/ite-maledicti#breadcrumb\",\"itemListElement\":[{\"@type\":\"ListItem\",\"position\":1,\"name\":\"Home\",\"item\":\"https:\/\/nationalstore.be\/en\"},{\"@type\":\"ListItem\",\"position\":2,\"name\":\"Products\",\"item\":\"https:\/\/nationalstore.be\/en\/shop\"},{\"@type\":\"ListItem\",\"position\":3,\"name\":\"Visual Arts\",\"item\":\"https:\/\/nationalstore.be\/en\/pc\/visual-arts\"},{\"@type\":\"ListItem\",\"position\":4,\"name\":\"Mixed media\",\"item\":\"https:\/\/nationalstore.be\/en\/pc\/visual-arts\/mixed-media\"},{\"@type\":\"ListItem\",\"position\":5,\"name\":\"Ite Maledicti\"}]}]}<\/script>\n<!-- \/ Yoast SEO plugin. -->","yoast_head_json":{"title":"Ite Maledicti | Belgian Artists E-shop","description":"Buy a Ite Maledicti ? Discover this product and many others from Belgian Artists in our online shop!","robots":{"index":"index","follow":"follow","max-snippet":"max-snippet:-1","max-image-preview":"max-image-preview:large","max-video-preview":"max-video-preview:-1"},"canonical":"https:\/\/nationalstore.be\/en\/product\/ite-maledicti","og_locale":"en_US","og_type":"article","og_title":"Ite Maledicti | Belgian Artists E-shop","og_description":"Buy a Ite Maledicti ? Discover this product and many others from Belgian Artists in our online shop!","og_url":"https:\/\/nationalstore.be\/en\/product\/ite-maledicti","og_site_name":"NATIONA(A)L ARTIST SUPERMARKET","article_publisher":"https:\/\/www.facebook.com\/nationalstore\/?ref=br_rs","article_modified_time":"2022-07-28T13:20:19+00:00","og_image":[{"width":1707,"height":2560,"url":"https:\/\/nationalstore.be\/wp-content\/uploads\/2022\/07\/IMG_2501-scaled.jpg","type":"image\/jpeg"}],"twitter_card":"summary_large_image","twitter_site":"@Nationalstore","twitter_misc":{"Est. reading time":"2 minutes"},"schema":{"@context":"https:\/\/schema.org","@graph":[{"@type":"Organization","@id":"https:\/\/nationalstore.be\/en\/#organization","name":"NATIONA(A)L ARTIST MARKET","url":"https:\/\/nationalstore.be\/en\/","sameAs":["https:\/\/www.instagram.com\/nationalstore\/","https:\/\/www.facebook.com\/nationalstore\/?ref=br_rs","https:\/\/twitter.com\/Nationalstore"],"logo":{"@type":"ImageObject","inLanguage":"en-US","@id":"https:\/\/nationalstore.be\/en\/#\/schema\/logo\/image\/","url":"https:\/\/nationalstore.be\/wp-content\/uploads\/2024\/03\/nationaal-logo_mauve-cmjn.png","contentUrl":"https:\/\/nationalstore.be\/wp-content\/uploads\/2024\/03\/nationaal-logo_mauve-cmjn.png","width":3475,"height":1352,"caption":"NATIONA(A)L ARTIST MARKET"},"image":{"@id":"https:\/\/nationalstore.be\/en\/#\/schema\/logo\/image\/"}},{"@type":"WebSite","@id":"https:\/\/nationalstore.be\/en\/#website","url":"https:\/\/nationalstore.be\/en\/","name":"NATIONA(A)L ARTIST SUPERMARKET","description":"","publisher":{"@id":"https:\/\/nationalstore.be\/en\/#organization"},"potentialAction":[{"@type":"SearchAction","target":{"@type":"EntryPoint","urlTemplate":"https:\/\/nationalstore.be\/en\/?s={search_term_string}"},"query-input":"required name=search_term_string"}],"inLanguage":"en-US"},{"@type":"ImageObject","inLanguage":"en-US","@id":"https:\/\/nationalstore.be\/en\/product\/ite-maledicti#primaryimage","url":"https:\/\/nationalstore.be\/wp-content\/uploads\/2022\/07\/IMG_2501-scaled.jpg","contentUrl":"https:\/\/nationalstore.be\/wp-content\/uploads\/2022\/07\/IMG_2501-scaled.jpg","width":1707,"height":2560},{"@type":["WebPage","ItemPage"],"@id":"https:\/\/nationalstore.be\/en\/product\/ite-maledicti#webpage","url":"https:\/\/nationalstore.be\/en\/product\/ite-maledicti","name":"Ite Maledicti | Belgian Artists E-shop","isPartOf":{"@id":"https:\/\/nationalstore.be\/en\/#website"},"primaryImageOfPage":{"@id":"https:\/\/nationalstore.be\/en\/product\/ite-maledicti#primaryimage"},"datePublished":"2022-07-13T12:09:44+00:00","dateModified":"2022-07-28T13:20:19+00:00","description":"Buy a Ite Maledicti ? Discover this product and many others from Belgian Artists in our online shop!","breadcrumb":{"@id":"https:\/\/nationalstore.be\/en\/product\/ite-maledicti#breadcrumb"},"inLanguage":"en-US","potentialAction":[{"@type":"ReadAction","target":["https:\/\/nationalstore.be\/en\/product\/ite-maledicti"]}]},{"@type":"BreadcrumbList","@id":"https:\/\/nationalstore.be\/en\/product\/ite-maledicti#breadcrumb","itemListElement":[{"@type":"ListItem","position":1,"name":"Home","item":"https:\/\/nationalstore.be\/en"},{"@type":"ListItem","position":2,"name":"Products","item":"https:\/\/nationalstore.be\/en\/shop"},{"@type":"ListItem","position":3,"name":"Visual Arts","item":"https:\/\/nationalstore.be\/en\/pc\/visual-arts"},{"@type":"ListItem","position":4,"name":"Mixed media","item":"https:\/\/nationalstore.be\/en\/pc\/visual-arts\/mixed-media"},{"@type":"ListItem","position":5,"name":"Ite Maledicti"}]}]}},"_links":{"self":[{"href":"https:\/\/nationalstore.be\/en\/wp-json\/wp\/v2\/product\/37535"}],"collection":[{"href":"https:\/\/nationalstore.be\/en\/wp-json\/wp\/v2\/product"}],"about":[{"href":"https:\/\/nationalstore.be\/en\/wp-json\/wp\/v2\/types\/product"}],"wp:featuredmedia":[{"embeddable":true,"href":"https:\/\/nationalstore.be\/en\/wp-json\/wp\/v2\/media\/37445"}],"wp:attachment":[{"href":"https:\/\/nationalstore.be\/en\/wp-json\/wp\/v2\/media?parent=37535"}],"wp:term":[{"taxonomy":"product_cat","embeddable":true,"href":"https:\/\/nationalstore.be\/en\/wp-json\/wp\/v2\/product_cat?post=37535"},{"taxonomy":"product_tag","embeddable":true,"href":"https:\/\/nationalstore.be\/en\/wp-json\/wp\/v2\/product_tag?post=37535"}],"curies":[{"name":"wp","href":"https:\/\/api.w.org\/{rel}","templated":true}]}}