{"id":32930,"date":"2022-06-25T15:20:14","date_gmt":"2022-06-25T13:20:14","guid":{"rendered":"https:\/\/nationalstore.be\/?post_type=product&#038;p=32930"},"modified":"2022-09-27T15:44:54","modified_gmt":"2022-09-27T13:44:54","slug":"waly-floating-shelf","status":"publish","type":"product","link":"https:\/\/nationalstore.be\/en\/product\/waly-floating-shelf","title":{"rendered":"WALY floating shelf"},"content":{"rendered":"<p>The WALY freestanding shelves are made of ash wood, with a leather cord coloured with burnt orange aniline dye that emphasises its curves.<\/p>\n<p><\/p>\n<p>Configuration 1:<\/p>\n<p><\/p>\n<p>3 horizontal pieces:<\/p>\n<p>&#8211; 15\u00d714 cm<\/p>\n<p>&#8211; 30\u00d715 cm<\/p>\n<p>&#8211; 60\u00d717 cm<\/p>\n","protected":false},"excerpt":{"rendered":"<p>Floating shelf in bleached ash wood \/ black stained ash with burnt orange leather surround.<\/p>\n","protected":false},"featured_media":32924,"template":"","meta":[],"product_cat":[2420,1586,31,2308],"product_tag":[356,335,2329,2046,139],"yoast_head":"<!-- This site is optimized with the Yoast SEO plugin v19.1 - https:\/\/yoast.com\/wordpress\/plugins\/seo\/ -->\n<title>WALY floating shelf | Belgian Artists E-shop<\/title>\n<meta name=\"description\" content=\"\u00c9tag\u00e8res autoportantes. Deux coloris de bois : fr\u00eane blanchi et fr\u00eane lasur\u00e9 noir. Cordon en cuir color\u00e9 \u00e0 la teinture aniline orange br\u00fbl\u00e9.\" \/>\n<meta name=\"robots\" content=\"index, follow, max-snippet:-1, max-image-preview:large, max-video-preview:-1\" \/>\n<link rel=\"canonical\" href=\"https:\/\/nationalstore.be\/en\/product\/waly-floating-shelf\" \/>\n<meta property=\"og:locale\" content=\"en_US\" \/>\n<meta property=\"og:type\" content=\"article\" \/>\n<meta property=\"og:title\" content=\"WALY floating shelf | Belgian Artists E-shop\" \/>\n<meta property=\"og:description\" content=\"\u00c9tag\u00e8res autoportantes. Deux coloris de bois : fr\u00eane blanchi et fr\u00eane lasur\u00e9 noir. Cordon en cuir color\u00e9 \u00e0 la teinture aniline orange br\u00fbl\u00e9.\" \/>\n<meta property=\"og:url\" content=\"https:\/\/nationalstore.be\/en\/product\/waly-floating-shelf\" \/>\n<meta property=\"og:site_name\" content=\"NATIONA(A)L ARTIST SUPERMARKET\" \/>\n<meta property=\"article:publisher\" content=\"https:\/\/www.facebook.com\/nationalstore\/?ref=br_rs\" \/>\n<meta property=\"article:modified_time\" content=\"2022-09-27T13:44:54+00:00\" \/>\n<meta property=\"og:image\" content=\"https:\/\/nationalstore.be\/wp-content\/uploads\/2022\/04\/Capture-decran-2022-04-11-a-10.54.13.png\" \/>\n\t<meta property=\"og:image:width\" content=\"930\" \/>\n\t<meta property=\"og:image:height\" content=\"970\" \/>\n\t<meta property=\"og:image:type\" content=\"image\/png\" \/>\n<meta name=\"twitter:card\" content=\"summary_large_image\" \/>\n<meta name=\"twitter:site\" content=\"@Nationalstore\" \/>\n<script type=\"application\/ld+json\" class=\"yoast-schema-graph\">{\"@context\":\"https:\/\/schema.org\",\"@graph\":[{\"@type\":\"Organization\",\"@id\":\"https:\/\/nationalstore.be\/en\/#organization\",\"name\":\"NATIONA(A)L ARTIST MARKET\",\"url\":\"https:\/\/nationalstore.be\/en\/\",\"sameAs\":[\"https:\/\/www.instagram.com\/nationalstore\/\",\"https:\/\/www.facebook.com\/nationalstore\/?ref=br_rs\",\"https:\/\/twitter.com\/Nationalstore\"],\"logo\":{\"@type\":\"ImageObject\",\"inLanguage\":\"en-US\",\"@id\":\"https:\/\/nationalstore.be\/en\/#\/schema\/logo\/image\/\",\"url\":\"https:\/\/nationalstore.be\/wp-content\/uploads\/2024\/03\/nationaal-logo_mauve-cmjn.png\",\"contentUrl\":\"https:\/\/nationalstore.be\/wp-content\/uploads\/2024\/03\/nationaal-logo_mauve-cmjn.png\",\"width\":3475,\"height\":1352,\"caption\":\"NATIONA(A)L ARTIST MARKET\"},\"image\":{\"@id\":\"https:\/\/nationalstore.be\/en\/#\/schema\/logo\/image\/\"}},{\"@type\":\"WebSite\",\"@id\":\"https:\/\/nationalstore.be\/en\/#website\",\"url\":\"https:\/\/nationalstore.be\/en\/\",\"name\":\"NATIONA(A)L ARTIST SUPERMARKET\",\"description\":\"\",\"publisher\":{\"@id\":\"https:\/\/nationalstore.be\/en\/#organization\"},\"potentialAction\":[{\"@type\":\"SearchAction\",\"target\":{\"@type\":\"EntryPoint\",\"urlTemplate\":\"https:\/\/nationalstore.be\/en\/?s={search_term_string}\"},\"query-input\":\"required name=search_term_string\"}],\"inLanguage\":\"en-US\"},{\"@type\":\"ImageObject\",\"inLanguage\":\"en-US\",\"@id\":\"https:\/\/nationalstore.be\/en\/product\/waly-floating-shelf#primaryimage\",\"url\":\"https:\/\/nationalstore.be\/wp-content\/uploads\/2022\/04\/Capture-decran-2022-04-11-a-10.54.13.png\",\"contentUrl\":\"https:\/\/nationalstore.be\/wp-content\/uploads\/2022\/04\/Capture-decran-2022-04-11-a-10.54.13.png\",\"width\":930,\"height\":970},{\"@type\":[\"WebPage\",\"ItemPage\"],\"@id\":\"https:\/\/nationalstore.be\/en\/product\/waly-floating-shelf#webpage\",\"url\":\"https:\/\/nationalstore.be\/en\/product\/waly-floating-shelf\",\"name\":\"WALY floating shelf | Belgian Artists E-shop\",\"isPartOf\":{\"@id\":\"https:\/\/nationalstore.be\/en\/#website\"},\"primaryImageOfPage\":{\"@id\":\"https:\/\/nationalstore.be\/en\/product\/waly-floating-shelf#primaryimage\"},\"datePublished\":\"2022-06-25T13:20:14+00:00\",\"dateModified\":\"2022-09-27T13:44:54+00:00\",\"description\":\"\u00c9tag\u00e8res autoportantes. Deux coloris de bois : fr\u00eane blanchi et fr\u00eane lasur\u00e9 noir. Cordon en cuir color\u00e9 \u00e0 la teinture aniline orange br\u00fbl\u00e9.\",\"breadcrumb\":{\"@id\":\"https:\/\/nationalstore.be\/en\/product\/waly-floating-shelf#breadcrumb\"},\"inLanguage\":\"en-US\",\"potentialAction\":[{\"@type\":\"ReadAction\",\"target\":[\"https:\/\/nationalstore.be\/en\/product\/waly-floating-shelf\"]}]},{\"@type\":\"BreadcrumbList\",\"@id\":\"https:\/\/nationalstore.be\/en\/product\/waly-floating-shelf#breadcrumb\",\"itemListElement\":[{\"@type\":\"ListItem\",\"position\":1,\"name\":\"Home\",\"item\":\"https:\/\/nationalstore.be\/en\"},{\"@type\":\"ListItem\",\"position\":2,\"name\":\"Products\",\"item\":\"https:\/\/nationalstore.be\/en\/shop\"},{\"@type\":\"ListItem\",\"position\":3,\"name\":\"Design for home\",\"item\":\"https:\/\/nationalstore.be\/en\/pc\/design\"},{\"@type\":\"ListItem\",\"position\":4,\"name\":\"Decorative objects\",\"item\":\"https:\/\/nationalstore.be\/en\/pc\/design\/decorative-objects\"},{\"@type\":\"ListItem\",\"position\":5,\"name\":\"WALY floating shelf\"}]}]}<\/script>\n<!-- \/ Yoast SEO plugin. -->","yoast_head_json":{"title":"WALY floating shelf | Belgian Artists E-shop","description":"\u00c9tag\u00e8res autoportantes. Deux coloris de bois : fr\u00eane blanchi et fr\u00eane lasur\u00e9 noir. Cordon en cuir color\u00e9 \u00e0 la teinture aniline orange br\u00fbl\u00e9.","robots":{"index":"index","follow":"follow","max-snippet":"max-snippet:-1","max-image-preview":"max-image-preview:large","max-video-preview":"max-video-preview:-1"},"canonical":"https:\/\/nationalstore.be\/en\/product\/waly-floating-shelf","og_locale":"en_US","og_type":"article","og_title":"WALY floating shelf | Belgian Artists E-shop","og_description":"\u00c9tag\u00e8res autoportantes. Deux coloris de bois : fr\u00eane blanchi et fr\u00eane lasur\u00e9 noir. Cordon en cuir color\u00e9 \u00e0 la teinture aniline orange br\u00fbl\u00e9.","og_url":"https:\/\/nationalstore.be\/en\/product\/waly-floating-shelf","og_site_name":"NATIONA(A)L ARTIST SUPERMARKET","article_publisher":"https:\/\/www.facebook.com\/nationalstore\/?ref=br_rs","article_modified_time":"2022-09-27T13:44:54+00:00","og_image":[{"width":930,"height":970,"url":"https:\/\/nationalstore.be\/wp-content\/uploads\/2022\/04\/Capture-decran-2022-04-11-a-10.54.13.png","type":"image\/png"}],"twitter_card":"summary_large_image","twitter_site":"@Nationalstore","schema":{"@context":"https:\/\/schema.org","@graph":[{"@type":"Organization","@id":"https:\/\/nationalstore.be\/en\/#organization","name":"NATIONA(A)L ARTIST MARKET","url":"https:\/\/nationalstore.be\/en\/","sameAs":["https:\/\/www.instagram.com\/nationalstore\/","https:\/\/www.facebook.com\/nationalstore\/?ref=br_rs","https:\/\/twitter.com\/Nationalstore"],"logo":{"@type":"ImageObject","inLanguage":"en-US","@id":"https:\/\/nationalstore.be\/en\/#\/schema\/logo\/image\/","url":"https:\/\/nationalstore.be\/wp-content\/uploads\/2024\/03\/nationaal-logo_mauve-cmjn.png","contentUrl":"https:\/\/nationalstore.be\/wp-content\/uploads\/2024\/03\/nationaal-logo_mauve-cmjn.png","width":3475,"height":1352,"caption":"NATIONA(A)L ARTIST MARKET"},"image":{"@id":"https:\/\/nationalstore.be\/en\/#\/schema\/logo\/image\/"}},{"@type":"WebSite","@id":"https:\/\/nationalstore.be\/en\/#website","url":"https:\/\/nationalstore.be\/en\/","name":"NATIONA(A)L ARTIST SUPERMARKET","description":"","publisher":{"@id":"https:\/\/nationalstore.be\/en\/#organization"},"potentialAction":[{"@type":"SearchAction","target":{"@type":"EntryPoint","urlTemplate":"https:\/\/nationalstore.be\/en\/?s={search_term_string}"},"query-input":"required name=search_term_string"}],"inLanguage":"en-US"},{"@type":"ImageObject","inLanguage":"en-US","@id":"https:\/\/nationalstore.be\/en\/product\/waly-floating-shelf#primaryimage","url":"https:\/\/nationalstore.be\/wp-content\/uploads\/2022\/04\/Capture-decran-2022-04-11-a-10.54.13.png","contentUrl":"https:\/\/nationalstore.be\/wp-content\/uploads\/2022\/04\/Capture-decran-2022-04-11-a-10.54.13.png","width":930,"height":970},{"@type":["WebPage","ItemPage"],"@id":"https:\/\/nationalstore.be\/en\/product\/waly-floating-shelf#webpage","url":"https:\/\/nationalstore.be\/en\/product\/waly-floating-shelf","name":"WALY floating shelf | Belgian Artists E-shop","isPartOf":{"@id":"https:\/\/nationalstore.be\/en\/#website"},"primaryImageOfPage":{"@id":"https:\/\/nationalstore.be\/en\/product\/waly-floating-shelf#primaryimage"},"datePublished":"2022-06-25T13:20:14+00:00","dateModified":"2022-09-27T13:44:54+00:00","description":"\u00c9tag\u00e8res autoportantes. Deux coloris de bois : fr\u00eane blanchi et fr\u00eane lasur\u00e9 noir. Cordon en cuir color\u00e9 \u00e0 la teinture aniline orange br\u00fbl\u00e9.","breadcrumb":{"@id":"https:\/\/nationalstore.be\/en\/product\/waly-floating-shelf#breadcrumb"},"inLanguage":"en-US","potentialAction":[{"@type":"ReadAction","target":["https:\/\/nationalstore.be\/en\/product\/waly-floating-shelf"]}]},{"@type":"BreadcrumbList","@id":"https:\/\/nationalstore.be\/en\/product\/waly-floating-shelf#breadcrumb","itemListElement":[{"@type":"ListItem","position":1,"name":"Home","item":"https:\/\/nationalstore.be\/en"},{"@type":"ListItem","position":2,"name":"Products","item":"https:\/\/nationalstore.be\/en\/shop"},{"@type":"ListItem","position":3,"name":"Design for home","item":"https:\/\/nationalstore.be\/en\/pc\/design"},{"@type":"ListItem","position":4,"name":"Decorative objects","item":"https:\/\/nationalstore.be\/en\/pc\/design\/decorative-objects"},{"@type":"ListItem","position":5,"name":"WALY floating shelf"}]}]}},"_links":{"self":[{"href":"https:\/\/nationalstore.be\/en\/wp-json\/wp\/v2\/product\/32930"}],"collection":[{"href":"https:\/\/nationalstore.be\/en\/wp-json\/wp\/v2\/product"}],"about":[{"href":"https:\/\/nationalstore.be\/en\/wp-json\/wp\/v2\/types\/product"}],"wp:featuredmedia":[{"embeddable":true,"href":"https:\/\/nationalstore.be\/en\/wp-json\/wp\/v2\/media\/32924"}],"wp:attachment":[{"href":"https:\/\/nationalstore.be\/en\/wp-json\/wp\/v2\/media?parent=32930"}],"wp:term":[{"taxonomy":"product_cat","embeddable":true,"href":"https:\/\/nationalstore.be\/en\/wp-json\/wp\/v2\/product_cat?post=32930"},{"taxonomy":"product_tag","embeddable":true,"href":"https:\/\/nationalstore.be\/en\/wp-json\/wp\/v2\/product_tag?post=32930"}],"curies":[{"name":"wp","href":"https:\/\/api.w.org\/{rel}","templated":true}]}}