{"id":32893,"date":"2022-06-25T15:31:54","date_gmt":"2022-06-25T13:31:54","guid":{"rendered":"https:\/\/nationalstore.be\/?post_type=product&#038;p=32893"},"modified":"2025-09-11T12:20:53","modified_gmt":"2025-09-11T10:20:53","slug":"toupy-44-cm-oak","status":"publish","type":"product","link":"https:\/\/nationalstore.be\/en\/product\/toupy-44-cm-oak","title":{"rendered":"TOUPY 44 cm oak"},"content":{"rendered":"<p>Suspended from a metal rod fixed to the ceiling, the top fluidifies the space and adds a sober and elegant touch to the house.<\/p>\n<p>&#8211; Turned wood pocket tray<\/p>\n<p>&#8211; Diameter (size XL): 44 cm<\/p>\n<p>&#8211; Ceiling hook<\/p>\n<p>&#8211; Base extension of 100 &#8211; 30 &#8211; 10 cm<\/p>\n<p>&#8211; 3 black screws and 3 dowels<\/p>\n<p>&#8211; Additional extensions to be ordered separately:<\/p>\n<p>Black metal :\u00a050 &#8211; 30 &#8211; 10<\/p>\n<p>Brass :\u00a050 &#8211; 30 &#8211; 10<\/p>\n","protected":false},"excerpt":{"rendered":"<p>Spinning top in natural oak wood, lathe worked. Suspension bar in black metal or brass.<\/p>\n","protected":false},"featured_media":32883,"template":"","meta":[],"product_cat":[2420,1586,31,431,2308],"product_tag":[356,335,1066,2046,139],"yoast_head":"<!-- This site is optimized with the Yoast SEO plugin v19.1 - https:\/\/yoast.com\/wordpress\/plugins\/seo\/ -->\n<title>TOUPY 44 cm oak | Belgian Artists E-shop<\/title>\n<meta name=\"description\" content=\"Etag\u00e8re vide-poche en bois noble tourn\u00e9 sur tour. Trois qualit\u00e9s et coloris de bois : ch\u00eane clair, fr\u00eane lasur\u00e9 noir et fr\u00eane blanchi.\" \/>\n<meta name=\"robots\" content=\"index, follow, max-snippet:-1, max-image-preview:large, max-video-preview:-1\" \/>\n<link rel=\"canonical\" href=\"https:\/\/nationalstore.be\/en\/product\/toupy-44-cm-oak\" \/>\n<meta property=\"og:locale\" content=\"en_US\" \/>\n<meta property=\"og:type\" content=\"article\" \/>\n<meta property=\"og:title\" content=\"TOUPY 44 cm oak | Belgian Artists E-shop\" \/>\n<meta property=\"og:description\" content=\"Etag\u00e8re vide-poche en bois noble tourn\u00e9 sur tour. Trois qualit\u00e9s et coloris de bois : ch\u00eane clair, fr\u00eane lasur\u00e9 noir et fr\u00eane blanchi.\" \/>\n<meta property=\"og:url\" content=\"https:\/\/nationalstore.be\/en\/product\/toupy-44-cm-oak\" \/>\n<meta property=\"og:site_name\" content=\"NATIONA(A)L ARTIST SUPERMARKET\" \/>\n<meta property=\"article:publisher\" content=\"https:\/\/www.facebook.com\/nationalstore\/?ref=br_rs\" \/>\n<meta property=\"article:modified_time\" content=\"2025-09-11T10:20:53+00:00\" \/>\n<meta property=\"og:image\" content=\"https:\/\/nationalstore.be\/wp-content\/uploads\/2022\/04\/Capture-decran-2022-04-11-a-10.44.27-820x1024.png\" \/>\n\t<meta property=\"og:image:width\" content=\"820\" \/>\n\t<meta property=\"og:image:height\" content=\"1024\" \/>\n\t<meta property=\"og:image:type\" content=\"image\/png\" \/>\n<meta name=\"twitter:card\" content=\"summary_large_image\" \/>\n<meta name=\"twitter:site\" content=\"@Nationalstore\" \/>\n<script type=\"application\/ld+json\" class=\"yoast-schema-graph\">{\"@context\":\"https:\/\/schema.org\",\"@graph\":[{\"@type\":\"Organization\",\"@id\":\"https:\/\/nationalstore.be\/en\/#organization\",\"name\":\"NATIONA(A)L ARTIST MARKET\",\"url\":\"https:\/\/nationalstore.be\/en\/\",\"sameAs\":[\"https:\/\/www.instagram.com\/nationalstore\/\",\"https:\/\/www.facebook.com\/nationalstore\/?ref=br_rs\",\"https:\/\/twitter.com\/Nationalstore\"],\"logo\":{\"@type\":\"ImageObject\",\"inLanguage\":\"en-US\",\"@id\":\"https:\/\/nationalstore.be\/en\/#\/schema\/logo\/image\/\",\"url\":\"https:\/\/nationalstore.be\/wp-content\/uploads\/2024\/03\/nationaal-logo_mauve-cmjn.png\",\"contentUrl\":\"https:\/\/nationalstore.be\/wp-content\/uploads\/2024\/03\/nationaal-logo_mauve-cmjn.png\",\"width\":3475,\"height\":1352,\"caption\":\"NATIONA(A)L ARTIST MARKET\"},\"image\":{\"@id\":\"https:\/\/nationalstore.be\/en\/#\/schema\/logo\/image\/\"}},{\"@type\":\"WebSite\",\"@id\":\"https:\/\/nationalstore.be\/en\/#website\",\"url\":\"https:\/\/nationalstore.be\/en\/\",\"name\":\"NATIONA(A)L ARTIST SUPERMARKET\",\"description\":\"\",\"publisher\":{\"@id\":\"https:\/\/nationalstore.be\/en\/#organization\"},\"potentialAction\":[{\"@type\":\"SearchAction\",\"target\":{\"@type\":\"EntryPoint\",\"urlTemplate\":\"https:\/\/nationalstore.be\/en\/?s={search_term_string}\"},\"query-input\":\"required name=search_term_string\"}],\"inLanguage\":\"en-US\"},{\"@type\":\"ImageObject\",\"inLanguage\":\"en-US\",\"@id\":\"https:\/\/nationalstore.be\/en\/product\/toupy-44-cm-oak#primaryimage\",\"url\":\"https:\/\/nationalstore.be\/wp-content\/uploads\/2022\/04\/Capture-decran-2022-04-11-a-10.44.27.png\",\"contentUrl\":\"https:\/\/nationalstore.be\/wp-content\/uploads\/2022\/04\/Capture-decran-2022-04-11-a-10.44.27.png\",\"width\":948,\"height\":1184},{\"@type\":[\"WebPage\",\"ItemPage\"],\"@id\":\"https:\/\/nationalstore.be\/en\/product\/toupy-44-cm-oak#webpage\",\"url\":\"https:\/\/nationalstore.be\/en\/product\/toupy-44-cm-oak\",\"name\":\"TOUPY 44 cm oak | Belgian Artists E-shop\",\"isPartOf\":{\"@id\":\"https:\/\/nationalstore.be\/en\/#website\"},\"primaryImageOfPage\":{\"@id\":\"https:\/\/nationalstore.be\/en\/product\/toupy-44-cm-oak#primaryimage\"},\"datePublished\":\"2022-06-25T13:31:54+00:00\",\"dateModified\":\"2025-09-11T10:20:53+00:00\",\"description\":\"Etag\u00e8re vide-poche en bois noble tourn\u00e9 sur tour. Trois qualit\u00e9s et coloris de bois : ch\u00eane clair, fr\u00eane lasur\u00e9 noir et fr\u00eane blanchi.\",\"breadcrumb\":{\"@id\":\"https:\/\/nationalstore.be\/en\/product\/toupy-44-cm-oak#breadcrumb\"},\"inLanguage\":\"en-US\",\"potentialAction\":[{\"@type\":\"ReadAction\",\"target\":[\"https:\/\/nationalstore.be\/en\/product\/toupy-44-cm-oak\"]}]},{\"@type\":\"BreadcrumbList\",\"@id\":\"https:\/\/nationalstore.be\/en\/product\/toupy-44-cm-oak#breadcrumb\",\"itemListElement\":[{\"@type\":\"ListItem\",\"position\":1,\"name\":\"Home\",\"item\":\"https:\/\/nationalstore.be\/en\"},{\"@type\":\"ListItem\",\"position\":2,\"name\":\"Products\",\"item\":\"https:\/\/nationalstore.be\/en\/shop\"},{\"@type\":\"ListItem\",\"position\":3,\"name\":\"Design for home\",\"item\":\"https:\/\/nationalstore.be\/en\/pc\/design\"},{\"@type\":\"ListItem\",\"position\":4,\"name\":\"Decorative objects\",\"item\":\"https:\/\/nationalstore.be\/en\/pc\/design\/decorative-objects\"},{\"@type\":\"ListItem\",\"position\":5,\"name\":\"TOUPY 44 cm oak\"}]}]}<\/script>\n<!-- \/ Yoast SEO plugin. -->","yoast_head_json":{"title":"TOUPY 44 cm oak | Belgian Artists E-shop","description":"Etag\u00e8re vide-poche en bois noble tourn\u00e9 sur tour. Trois qualit\u00e9s et coloris de bois : ch\u00eane clair, fr\u00eane lasur\u00e9 noir et fr\u00eane blanchi.","robots":{"index":"index","follow":"follow","max-snippet":"max-snippet:-1","max-image-preview":"max-image-preview:large","max-video-preview":"max-video-preview:-1"},"canonical":"https:\/\/nationalstore.be\/en\/product\/toupy-44-cm-oak","og_locale":"en_US","og_type":"article","og_title":"TOUPY 44 cm oak | Belgian Artists E-shop","og_description":"Etag\u00e8re vide-poche en bois noble tourn\u00e9 sur tour. Trois qualit\u00e9s et coloris de bois : ch\u00eane clair, fr\u00eane lasur\u00e9 noir et fr\u00eane blanchi.","og_url":"https:\/\/nationalstore.be\/en\/product\/toupy-44-cm-oak","og_site_name":"NATIONA(A)L ARTIST SUPERMARKET","article_publisher":"https:\/\/www.facebook.com\/nationalstore\/?ref=br_rs","article_modified_time":"2025-09-11T10:20:53+00:00","og_image":[{"width":820,"height":1024,"url":"https:\/\/nationalstore.be\/wp-content\/uploads\/2022\/04\/Capture-decran-2022-04-11-a-10.44.27-820x1024.png","type":"image\/png"}],"twitter_card":"summary_large_image","twitter_site":"@Nationalstore","schema":{"@context":"https:\/\/schema.org","@graph":[{"@type":"Organization","@id":"https:\/\/nationalstore.be\/en\/#organization","name":"NATIONA(A)L ARTIST MARKET","url":"https:\/\/nationalstore.be\/en\/","sameAs":["https:\/\/www.instagram.com\/nationalstore\/","https:\/\/www.facebook.com\/nationalstore\/?ref=br_rs","https:\/\/twitter.com\/Nationalstore"],"logo":{"@type":"ImageObject","inLanguage":"en-US","@id":"https:\/\/nationalstore.be\/en\/#\/schema\/logo\/image\/","url":"https:\/\/nationalstore.be\/wp-content\/uploads\/2024\/03\/nationaal-logo_mauve-cmjn.png","contentUrl":"https:\/\/nationalstore.be\/wp-content\/uploads\/2024\/03\/nationaal-logo_mauve-cmjn.png","width":3475,"height":1352,"caption":"NATIONA(A)L ARTIST MARKET"},"image":{"@id":"https:\/\/nationalstore.be\/en\/#\/schema\/logo\/image\/"}},{"@type":"WebSite","@id":"https:\/\/nationalstore.be\/en\/#website","url":"https:\/\/nationalstore.be\/en\/","name":"NATIONA(A)L ARTIST SUPERMARKET","description":"","publisher":{"@id":"https:\/\/nationalstore.be\/en\/#organization"},"potentialAction":[{"@type":"SearchAction","target":{"@type":"EntryPoint","urlTemplate":"https:\/\/nationalstore.be\/en\/?s={search_term_string}"},"query-input":"required name=search_term_string"}],"inLanguage":"en-US"},{"@type":"ImageObject","inLanguage":"en-US","@id":"https:\/\/nationalstore.be\/en\/product\/toupy-44-cm-oak#primaryimage","url":"https:\/\/nationalstore.be\/wp-content\/uploads\/2022\/04\/Capture-decran-2022-04-11-a-10.44.27.png","contentUrl":"https:\/\/nationalstore.be\/wp-content\/uploads\/2022\/04\/Capture-decran-2022-04-11-a-10.44.27.png","width":948,"height":1184},{"@type":["WebPage","ItemPage"],"@id":"https:\/\/nationalstore.be\/en\/product\/toupy-44-cm-oak#webpage","url":"https:\/\/nationalstore.be\/en\/product\/toupy-44-cm-oak","name":"TOUPY 44 cm oak | Belgian Artists E-shop","isPartOf":{"@id":"https:\/\/nationalstore.be\/en\/#website"},"primaryImageOfPage":{"@id":"https:\/\/nationalstore.be\/en\/product\/toupy-44-cm-oak#primaryimage"},"datePublished":"2022-06-25T13:31:54+00:00","dateModified":"2025-09-11T10:20:53+00:00","description":"Etag\u00e8re vide-poche en bois noble tourn\u00e9 sur tour. Trois qualit\u00e9s et coloris de bois : ch\u00eane clair, fr\u00eane lasur\u00e9 noir et fr\u00eane blanchi.","breadcrumb":{"@id":"https:\/\/nationalstore.be\/en\/product\/toupy-44-cm-oak#breadcrumb"},"inLanguage":"en-US","potentialAction":[{"@type":"ReadAction","target":["https:\/\/nationalstore.be\/en\/product\/toupy-44-cm-oak"]}]},{"@type":"BreadcrumbList","@id":"https:\/\/nationalstore.be\/en\/product\/toupy-44-cm-oak#breadcrumb","itemListElement":[{"@type":"ListItem","position":1,"name":"Home","item":"https:\/\/nationalstore.be\/en"},{"@type":"ListItem","position":2,"name":"Products","item":"https:\/\/nationalstore.be\/en\/shop"},{"@type":"ListItem","position":3,"name":"Design for home","item":"https:\/\/nationalstore.be\/en\/pc\/design"},{"@type":"ListItem","position":4,"name":"Decorative objects","item":"https:\/\/nationalstore.be\/en\/pc\/design\/decorative-objects"},{"@type":"ListItem","position":5,"name":"TOUPY 44 cm oak"}]}]}},"_links":{"self":[{"href":"https:\/\/nationalstore.be\/en\/wp-json\/wp\/v2\/product\/32893"}],"collection":[{"href":"https:\/\/nationalstore.be\/en\/wp-json\/wp\/v2\/product"}],"about":[{"href":"https:\/\/nationalstore.be\/en\/wp-json\/wp\/v2\/types\/product"}],"wp:featuredmedia":[{"embeddable":true,"href":"https:\/\/nationalstore.be\/en\/wp-json\/wp\/v2\/media\/32883"}],"wp:attachment":[{"href":"https:\/\/nationalstore.be\/en\/wp-json\/wp\/v2\/media?parent=32893"}],"wp:term":[{"taxonomy":"product_cat","embeddable":true,"href":"https:\/\/nationalstore.be\/en\/wp-json\/wp\/v2\/product_cat?post=32893"},{"taxonomy":"product_tag","embeddable":true,"href":"https:\/\/nationalstore.be\/en\/wp-json\/wp\/v2\/product_tag?post=32893"}],"curies":[{"name":"wp","href":"https:\/\/api.w.org\/{rel}","templated":true}]}}