{"id":32861,"date":"2022-04-20T15:26:23","date_gmt":"2022-04-20T13:26:23","guid":{"rendered":"https:\/\/nationalstore.be\/?post_type=product&#038;p=32861"},"modified":"2025-07-07T11:42:32","modified_gmt":"2025-07-07T09:42:32","slug":"toupy-travertine","status":"publish","type":"product","link":"https:\/\/nationalstore.be\/en\/product\/toupy-travertine","title":{"rendered":"TOUPY travertine"},"content":{"rendered":"<p>Suspended from a metal rod fixed to the ceiling, the top fluidifies the space and adds a sober and elegant touch to the house.<br \/>&#8211; Travertine pocket<br \/>&#8211; Diameter: 38 cm<br \/>&#8211; Ceiling hook<br \/>&#8211; Base extension 100 &#8211; 30 &#8211; 10 cm<br \/>&#8211; 3 black screws and 3 dowels<br \/>&#8211; Additional extensions to be ordered separately:<\/p>\n<p>Black metal :50 &#8211; 30 &#8211; 10<br \/>Brass :50 &#8211; 30 &#8211; 10<\/p>\n","protected":false},"excerpt":{"rendered":"<p>The travertine spinning top worked on the lathe. Suspension bar in black metal or brass.<\/p>\n","protected":false},"featured_media":32855,"template":"","meta":[],"product_cat":[2989,3118,2420,1586,31,431,2308],"product_tag":[356,335,2046,139,321,3052],"yoast_head":"<!-- This site is optimized with the Yoast SEO plugin v19.1 - https:\/\/yoast.com\/wordpress\/plugins\/seo\/ -->\n<title>TOUPY travertine | Belgian Artists E-shop<\/title>\n<meta name=\"description\" content=\"Etag\u00e8re vide-poche en bois noble tourn\u00e9 sur tour. Trois qualit\u00e9s et coloris de bois : ch\u00eane clair, fr\u00eane lasur\u00e9 noir et fr\u00eane blanchi.\" \/>\n<meta name=\"robots\" content=\"index, follow, max-snippet:-1, max-image-preview:large, max-video-preview:-1\" \/>\n<link rel=\"canonical\" href=\"https:\/\/nationalstore.be\/en\/product\/toupy-travertine\" \/>\n<meta property=\"og:locale\" content=\"en_US\" \/>\n<meta property=\"og:type\" content=\"article\" \/>\n<meta property=\"og:title\" content=\"TOUPY travertine | Belgian Artists E-shop\" \/>\n<meta property=\"og:description\" content=\"Etag\u00e8re vide-poche en bois noble tourn\u00e9 sur tour. Trois qualit\u00e9s et coloris de bois : ch\u00eane clair, fr\u00eane lasur\u00e9 noir et fr\u00eane blanchi.\" \/>\n<meta property=\"og:url\" content=\"https:\/\/nationalstore.be\/en\/product\/toupy-travertine\" \/>\n<meta property=\"og:site_name\" content=\"NATIONA(A)L ARTIST SUPERMARKET\" \/>\n<meta property=\"article:publisher\" content=\"https:\/\/www.facebook.com\/nationalstore\/?ref=br_rs\" \/>\n<meta property=\"article:modified_time\" content=\"2025-07-07T09:42:32+00:00\" \/>\n<meta property=\"og:image\" content=\"https:\/\/nationalstore.be\/wp-content\/uploads\/2022\/04\/Capture-decran-2022-04-11-a-10.30.49.png\" \/>\n\t<meta property=\"og:image:width\" content=\"944\" \/>\n\t<meta property=\"og:image:height\" content=\"1400\" \/>\n\t<meta property=\"og:image:type\" content=\"image\/png\" \/>\n<meta name=\"twitter:card\" content=\"summary_large_image\" \/>\n<meta name=\"twitter:site\" content=\"@Nationalstore\" \/>\n<meta name=\"twitter:label1\" content=\"Est. reading time\" \/>\n\t<meta name=\"twitter:data1\" content=\"1 minute\" \/>\n<script type=\"application\/ld+json\" class=\"yoast-schema-graph\">{\"@context\":\"https:\/\/schema.org\",\"@graph\":[{\"@type\":\"Organization\",\"@id\":\"https:\/\/nationalstore.be\/en\/#organization\",\"name\":\"NATIONA(A)L ARTIST MARKET\",\"url\":\"https:\/\/nationalstore.be\/en\/\",\"sameAs\":[\"https:\/\/www.instagram.com\/nationalstore\/\",\"https:\/\/www.facebook.com\/nationalstore\/?ref=br_rs\",\"https:\/\/twitter.com\/Nationalstore\"],\"logo\":{\"@type\":\"ImageObject\",\"inLanguage\":\"en-US\",\"@id\":\"https:\/\/nationalstore.be\/en\/#\/schema\/logo\/image\/\",\"url\":\"https:\/\/nationalstore.be\/wp-content\/uploads\/2024\/03\/nationaal-logo_mauve-cmjn.png\",\"contentUrl\":\"https:\/\/nationalstore.be\/wp-content\/uploads\/2024\/03\/nationaal-logo_mauve-cmjn.png\",\"width\":3475,\"height\":1352,\"caption\":\"NATIONA(A)L ARTIST MARKET\"},\"image\":{\"@id\":\"https:\/\/nationalstore.be\/en\/#\/schema\/logo\/image\/\"}},{\"@type\":\"WebSite\",\"@id\":\"https:\/\/nationalstore.be\/en\/#website\",\"url\":\"https:\/\/nationalstore.be\/en\/\",\"name\":\"NATIONA(A)L ARTIST SUPERMARKET\",\"description\":\"\",\"publisher\":{\"@id\":\"https:\/\/nationalstore.be\/en\/#organization\"},\"potentialAction\":[{\"@type\":\"SearchAction\",\"target\":{\"@type\":\"EntryPoint\",\"urlTemplate\":\"https:\/\/nationalstore.be\/en\/?s={search_term_string}\"},\"query-input\":\"required name=search_term_string\"}],\"inLanguage\":\"en-US\"},{\"@type\":\"ImageObject\",\"inLanguage\":\"en-US\",\"@id\":\"https:\/\/nationalstore.be\/en\/product\/toupy-travertine#primaryimage\",\"url\":\"https:\/\/nationalstore.be\/wp-content\/uploads\/2022\/04\/Capture-decran-2022-04-11-a-10.30.49.png\",\"contentUrl\":\"https:\/\/nationalstore.be\/wp-content\/uploads\/2022\/04\/Capture-decran-2022-04-11-a-10.30.49.png\",\"width\":944,\"height\":1400},{\"@type\":[\"WebPage\",\"ItemPage\"],\"@id\":\"https:\/\/nationalstore.be\/en\/product\/toupy-travertine#webpage\",\"url\":\"https:\/\/nationalstore.be\/en\/product\/toupy-travertine\",\"name\":\"TOUPY travertine | Belgian Artists E-shop\",\"isPartOf\":{\"@id\":\"https:\/\/nationalstore.be\/en\/#website\"},\"primaryImageOfPage\":{\"@id\":\"https:\/\/nationalstore.be\/en\/product\/toupy-travertine#primaryimage\"},\"datePublished\":\"2022-04-20T13:26:23+00:00\",\"dateModified\":\"2025-07-07T09:42:32+00:00\",\"description\":\"Etag\u00e8re vide-poche en bois noble tourn\u00e9 sur tour. Trois qualit\u00e9s et coloris de bois : ch\u00eane clair, fr\u00eane lasur\u00e9 noir et fr\u00eane blanchi.\",\"breadcrumb\":{\"@id\":\"https:\/\/nationalstore.be\/en\/product\/toupy-travertine#breadcrumb\"},\"inLanguage\":\"en-US\",\"potentialAction\":[{\"@type\":\"ReadAction\",\"target\":[\"https:\/\/nationalstore.be\/en\/product\/toupy-travertine\"]}]},{\"@type\":\"BreadcrumbList\",\"@id\":\"https:\/\/nationalstore.be\/en\/product\/toupy-travertine#breadcrumb\",\"itemListElement\":[{\"@type\":\"ListItem\",\"position\":1,\"name\":\"Home\",\"item\":\"https:\/\/nationalstore.be\/en\"},{\"@type\":\"ListItem\",\"position\":2,\"name\":\"Products\",\"item\":\"https:\/\/nationalstore.be\/en\/shop\"},{\"@type\":\"ListItem\",\"position\":3,\"name\":\"Subcategories\",\"item\":\"https:\/\/nationalstore.be\/en\/pc\/subcategories\"},{\"@type\":\"ListItem\",\"position\":4,\"name\":\"A soothing minimalist collection\",\"item\":\"https:\/\/nationalstore.be\/en\/pc\/subcategories\/a-soothing-minimalist-collection-2\"},{\"@type\":\"ListItem\",\"position\":5,\"name\":\"TOUPY travertine\"}]}]}<\/script>\n<!-- \/ Yoast SEO plugin. -->","yoast_head_json":{"title":"TOUPY travertine | Belgian Artists E-shop","description":"Etag\u00e8re vide-poche en bois noble tourn\u00e9 sur tour. Trois qualit\u00e9s et coloris de bois : ch\u00eane clair, fr\u00eane lasur\u00e9 noir et fr\u00eane blanchi.","robots":{"index":"index","follow":"follow","max-snippet":"max-snippet:-1","max-image-preview":"max-image-preview:large","max-video-preview":"max-video-preview:-1"},"canonical":"https:\/\/nationalstore.be\/en\/product\/toupy-travertine","og_locale":"en_US","og_type":"article","og_title":"TOUPY travertine | Belgian Artists E-shop","og_description":"Etag\u00e8re vide-poche en bois noble tourn\u00e9 sur tour. Trois qualit\u00e9s et coloris de bois : ch\u00eane clair, fr\u00eane lasur\u00e9 noir et fr\u00eane blanchi.","og_url":"https:\/\/nationalstore.be\/en\/product\/toupy-travertine","og_site_name":"NATIONA(A)L ARTIST SUPERMARKET","article_publisher":"https:\/\/www.facebook.com\/nationalstore\/?ref=br_rs","article_modified_time":"2025-07-07T09:42:32+00:00","og_image":[{"width":944,"height":1400,"url":"https:\/\/nationalstore.be\/wp-content\/uploads\/2022\/04\/Capture-decran-2022-04-11-a-10.30.49.png","type":"image\/png"}],"twitter_card":"summary_large_image","twitter_site":"@Nationalstore","twitter_misc":{"Est. reading time":"1 minute"},"schema":{"@context":"https:\/\/schema.org","@graph":[{"@type":"Organization","@id":"https:\/\/nationalstore.be\/en\/#organization","name":"NATIONA(A)L ARTIST MARKET","url":"https:\/\/nationalstore.be\/en\/","sameAs":["https:\/\/www.instagram.com\/nationalstore\/","https:\/\/www.facebook.com\/nationalstore\/?ref=br_rs","https:\/\/twitter.com\/Nationalstore"],"logo":{"@type":"ImageObject","inLanguage":"en-US","@id":"https:\/\/nationalstore.be\/en\/#\/schema\/logo\/image\/","url":"https:\/\/nationalstore.be\/wp-content\/uploads\/2024\/03\/nationaal-logo_mauve-cmjn.png","contentUrl":"https:\/\/nationalstore.be\/wp-content\/uploads\/2024\/03\/nationaal-logo_mauve-cmjn.png","width":3475,"height":1352,"caption":"NATIONA(A)L ARTIST MARKET"},"image":{"@id":"https:\/\/nationalstore.be\/en\/#\/schema\/logo\/image\/"}},{"@type":"WebSite","@id":"https:\/\/nationalstore.be\/en\/#website","url":"https:\/\/nationalstore.be\/en\/","name":"NATIONA(A)L ARTIST SUPERMARKET","description":"","publisher":{"@id":"https:\/\/nationalstore.be\/en\/#organization"},"potentialAction":[{"@type":"SearchAction","target":{"@type":"EntryPoint","urlTemplate":"https:\/\/nationalstore.be\/en\/?s={search_term_string}"},"query-input":"required name=search_term_string"}],"inLanguage":"en-US"},{"@type":"ImageObject","inLanguage":"en-US","@id":"https:\/\/nationalstore.be\/en\/product\/toupy-travertine#primaryimage","url":"https:\/\/nationalstore.be\/wp-content\/uploads\/2022\/04\/Capture-decran-2022-04-11-a-10.30.49.png","contentUrl":"https:\/\/nationalstore.be\/wp-content\/uploads\/2022\/04\/Capture-decran-2022-04-11-a-10.30.49.png","width":944,"height":1400},{"@type":["WebPage","ItemPage"],"@id":"https:\/\/nationalstore.be\/en\/product\/toupy-travertine#webpage","url":"https:\/\/nationalstore.be\/en\/product\/toupy-travertine","name":"TOUPY travertine | Belgian Artists E-shop","isPartOf":{"@id":"https:\/\/nationalstore.be\/en\/#website"},"primaryImageOfPage":{"@id":"https:\/\/nationalstore.be\/en\/product\/toupy-travertine#primaryimage"},"datePublished":"2022-04-20T13:26:23+00:00","dateModified":"2025-07-07T09:42:32+00:00","description":"Etag\u00e8re vide-poche en bois noble tourn\u00e9 sur tour. Trois qualit\u00e9s et coloris de bois : ch\u00eane clair, fr\u00eane lasur\u00e9 noir et fr\u00eane blanchi.","breadcrumb":{"@id":"https:\/\/nationalstore.be\/en\/product\/toupy-travertine#breadcrumb"},"inLanguage":"en-US","potentialAction":[{"@type":"ReadAction","target":["https:\/\/nationalstore.be\/en\/product\/toupy-travertine"]}]},{"@type":"BreadcrumbList","@id":"https:\/\/nationalstore.be\/en\/product\/toupy-travertine#breadcrumb","itemListElement":[{"@type":"ListItem","position":1,"name":"Home","item":"https:\/\/nationalstore.be\/en"},{"@type":"ListItem","position":2,"name":"Products","item":"https:\/\/nationalstore.be\/en\/shop"},{"@type":"ListItem","position":3,"name":"Subcategories","item":"https:\/\/nationalstore.be\/en\/pc\/subcategories"},{"@type":"ListItem","position":4,"name":"A soothing minimalist collection","item":"https:\/\/nationalstore.be\/en\/pc\/subcategories\/a-soothing-minimalist-collection-2"},{"@type":"ListItem","position":5,"name":"TOUPY travertine"}]}]}},"_links":{"self":[{"href":"https:\/\/nationalstore.be\/en\/wp-json\/wp\/v2\/product\/32861"}],"collection":[{"href":"https:\/\/nationalstore.be\/en\/wp-json\/wp\/v2\/product"}],"about":[{"href":"https:\/\/nationalstore.be\/en\/wp-json\/wp\/v2\/types\/product"}],"wp:featuredmedia":[{"embeddable":true,"href":"https:\/\/nationalstore.be\/en\/wp-json\/wp\/v2\/media\/32855"}],"wp:attachment":[{"href":"https:\/\/nationalstore.be\/en\/wp-json\/wp\/v2\/media?parent=32861"}],"wp:term":[{"taxonomy":"product_cat","embeddable":true,"href":"https:\/\/nationalstore.be\/en\/wp-json\/wp\/v2\/product_cat?post=32861"},{"taxonomy":"product_tag","embeddable":true,"href":"https:\/\/nationalstore.be\/en\/wp-json\/wp\/v2\/product_tag?post=32861"}],"curies":[{"name":"wp","href":"https:\/\/api.w.org\/{rel}","templated":true}]}}