{"id":32828,"date":"2022-04-20T15:29:18","date_gmt":"2022-04-20T13:29:18","guid":{"rendered":"https:\/\/nationalstore.be\/?post_type=product&#038;p=32828"},"modified":"2025-09-11T12:20:26","modified_gmt":"2025-09-11T10:20:26","slug":"youmy-round-table-shaded","status":"publish","type":"product","link":"https:\/\/nationalstore.be\/en\/product\/youmy-round-table-shaded","title":{"rendered":"YOUMY round table shaded"},"content":{"rendered":"<p>The side table is cut, bent and lacquered steel, consisting of 2 parts.<br \/>With the foot placed under the edge of the sofa, it fits in your living room in a useful way.<br \/>&#8211; Tabletop diameter: 34 cm<br \/>&#8211; Height : 43 cm<br \/>&#8211; Weight: 7,6 kg (2 parts together)<br \/>&#8211; Colour: bluish-black to rusty steel<br \/>&#8211; Details: felt glides under the 2 legs.<br \/>The element with the logo is placed above the element without the logo.<\/p>\n","protected":false},"excerpt":{"rendered":"<p>The round table is made up of 2 symmetrical parts, it can be assembled or separated according to your wishes.<\/p>\n","protected":false},"featured_media":33764,"template":"","meta":[],"product_cat":[1586,31,431,2308],"product_tag":[356,335,2046,139,349],"yoast_head":"<!-- This site is optimized with the Yoast SEO plugin v19.1 - https:\/\/yoast.com\/wordpress\/plugins\/seo\/ -->\n<title>YOUMY round table shaded | Belgian Artists E-shop<\/title>\n<meta name=\"description\" content=\"Table d&#039;appoint design rectangulaire, en acier d\u00e9coup\u00e9, pli\u00e9 et laqu\u00e9. Compos\u00e9e de deux parties asym\u00e9triques, qui se s\u00e9parent ou s&#039;embo\u00eetent. L&#039;\u00e9l\u00e9ment avec le logo se place au-dessus de l&#039;autre\" \/>\n<meta name=\"robots\" content=\"index, follow, max-snippet:-1, max-image-preview:large, max-video-preview:-1\" \/>\n<link rel=\"canonical\" href=\"https:\/\/nationalstore.be\/en\/product\/youmy-round-table-shaded\" \/>\n<meta property=\"og:locale\" content=\"en_US\" \/>\n<meta property=\"og:type\" content=\"article\" \/>\n<meta property=\"og:title\" content=\"YOUMY round table shaded | Belgian Artists E-shop\" \/>\n<meta property=\"og:description\" content=\"Table d&#039;appoint design rectangulaire, en acier d\u00e9coup\u00e9, pli\u00e9 et laqu\u00e9. Compos\u00e9e de deux parties asym\u00e9triques, qui se s\u00e9parent ou s&#039;embo\u00eetent. L&#039;\u00e9l\u00e9ment avec le logo se place au-dessus de l&#039;autre\" \/>\n<meta property=\"og:url\" content=\"https:\/\/nationalstore.be\/en\/product\/youmy-round-table-shaded\" \/>\n<meta property=\"og:site_name\" content=\"NATIONA(A)L ARTIST SUPERMARKET\" \/>\n<meta property=\"article:publisher\" content=\"https:\/\/www.facebook.com\/nationalstore\/?ref=br_rs\" \/>\n<meta property=\"article:modified_time\" content=\"2025-09-11T10:20:26+00:00\" \/>\n<meta property=\"og:image\" content=\"https:\/\/nationalstore.be\/wp-content\/uploads\/2022\/04\/shop-table-youmi-2-600x791-1.jpeg\" \/>\n\t<meta property=\"og:image:width\" content=\"600\" \/>\n\t<meta property=\"og:image:height\" content=\"791\" \/>\n\t<meta property=\"og:image:type\" content=\"image\/jpeg\" \/>\n<meta name=\"twitter:card\" content=\"summary_large_image\" \/>\n<meta name=\"twitter:site\" content=\"@Nationalstore\" \/>\n<meta name=\"twitter:label1\" content=\"Est. reading time\" \/>\n\t<meta name=\"twitter:data1\" content=\"1 minute\" \/>\n<script type=\"application\/ld+json\" class=\"yoast-schema-graph\">{\"@context\":\"https:\/\/schema.org\",\"@graph\":[{\"@type\":\"Organization\",\"@id\":\"https:\/\/nationalstore.be\/en\/#organization\",\"name\":\"NATIONA(A)L ARTIST MARKET\",\"url\":\"https:\/\/nationalstore.be\/en\/\",\"sameAs\":[\"https:\/\/www.instagram.com\/nationalstore\/\",\"https:\/\/www.facebook.com\/nationalstore\/?ref=br_rs\",\"https:\/\/twitter.com\/Nationalstore\"],\"logo\":{\"@type\":\"ImageObject\",\"inLanguage\":\"en-US\",\"@id\":\"https:\/\/nationalstore.be\/en\/#\/schema\/logo\/image\/\",\"url\":\"https:\/\/nationalstore.be\/wp-content\/uploads\/2024\/03\/nationaal-logo_mauve-cmjn.png\",\"contentUrl\":\"https:\/\/nationalstore.be\/wp-content\/uploads\/2024\/03\/nationaal-logo_mauve-cmjn.png\",\"width\":3475,\"height\":1352,\"caption\":\"NATIONA(A)L ARTIST MARKET\"},\"image\":{\"@id\":\"https:\/\/nationalstore.be\/en\/#\/schema\/logo\/image\/\"}},{\"@type\":\"WebSite\",\"@id\":\"https:\/\/nationalstore.be\/en\/#website\",\"url\":\"https:\/\/nationalstore.be\/en\/\",\"name\":\"NATIONA(A)L ARTIST SUPERMARKET\",\"description\":\"\",\"publisher\":{\"@id\":\"https:\/\/nationalstore.be\/en\/#organization\"},\"potentialAction\":[{\"@type\":\"SearchAction\",\"target\":{\"@type\":\"EntryPoint\",\"urlTemplate\":\"https:\/\/nationalstore.be\/en\/?s={search_term_string}\"},\"query-input\":\"required name=search_term_string\"}],\"inLanguage\":\"en-US\"},{\"@type\":\"ImageObject\",\"inLanguage\":\"en-US\",\"@id\":\"https:\/\/nationalstore.be\/en\/product\/youmy-round-table-shaded#primaryimage\",\"url\":\"https:\/\/nationalstore.be\/wp-content\/uploads\/2022\/04\/shop-table-youmi-2-600x791-1.jpeg\",\"contentUrl\":\"https:\/\/nationalstore.be\/wp-content\/uploads\/2022\/04\/shop-table-youmi-2-600x791-1.jpeg\",\"width\":600,\"height\":791},{\"@type\":[\"WebPage\",\"ItemPage\"],\"@id\":\"https:\/\/nationalstore.be\/en\/product\/youmy-round-table-shaded#webpage\",\"url\":\"https:\/\/nationalstore.be\/en\/product\/youmy-round-table-shaded\",\"name\":\"YOUMY round table shaded | Belgian Artists E-shop\",\"isPartOf\":{\"@id\":\"https:\/\/nationalstore.be\/en\/#website\"},\"primaryImageOfPage\":{\"@id\":\"https:\/\/nationalstore.be\/en\/product\/youmy-round-table-shaded#primaryimage\"},\"datePublished\":\"2022-04-20T13:29:18+00:00\",\"dateModified\":\"2025-09-11T10:20:26+00:00\",\"description\":\"Table d'appoint design rectangulaire, en acier d\u00e9coup\u00e9, pli\u00e9 et laqu\u00e9. Compos\u00e9e de deux parties asym\u00e9triques, qui se s\u00e9parent ou s'embo\u00eetent. L'\u00e9l\u00e9ment avec le logo se place au-dessus de l'autre\",\"breadcrumb\":{\"@id\":\"https:\/\/nationalstore.be\/en\/product\/youmy-round-table-shaded#breadcrumb\"},\"inLanguage\":\"en-US\",\"potentialAction\":[{\"@type\":\"ReadAction\",\"target\":[\"https:\/\/nationalstore.be\/en\/product\/youmy-round-table-shaded\"]}]},{\"@type\":\"BreadcrumbList\",\"@id\":\"https:\/\/nationalstore.be\/en\/product\/youmy-round-table-shaded#breadcrumb\",\"itemListElement\":[{\"@type\":\"ListItem\",\"position\":1,\"name\":\"Home\",\"item\":\"https:\/\/nationalstore.be\/en\"},{\"@type\":\"ListItem\",\"position\":2,\"name\":\"Products\",\"item\":\"https:\/\/nationalstore.be\/en\/shop\"},{\"@type\":\"ListItem\",\"position\":3,\"name\":\"Design for home\",\"item\":\"https:\/\/nationalstore.be\/en\/pc\/design\"},{\"@type\":\"ListItem\",\"position\":4,\"name\":\"Furniture\",\"item\":\"https:\/\/nationalstore.be\/en\/pc\/design\/furniture\"},{\"@type\":\"ListItem\",\"position\":5,\"name\":\"YOUMY round table shaded\"}]}]}<\/script>\n<!-- \/ Yoast SEO plugin. -->","yoast_head_json":{"title":"YOUMY round table shaded | Belgian Artists E-shop","description":"Table d'appoint design rectangulaire, en acier d\u00e9coup\u00e9, pli\u00e9 et laqu\u00e9. Compos\u00e9e de deux parties asym\u00e9triques, qui se s\u00e9parent ou s'embo\u00eetent. L'\u00e9l\u00e9ment avec le logo se place au-dessus de l'autre","robots":{"index":"index","follow":"follow","max-snippet":"max-snippet:-1","max-image-preview":"max-image-preview:large","max-video-preview":"max-video-preview:-1"},"canonical":"https:\/\/nationalstore.be\/en\/product\/youmy-round-table-shaded","og_locale":"en_US","og_type":"article","og_title":"YOUMY round table shaded | Belgian Artists E-shop","og_description":"Table d'appoint design rectangulaire, en acier d\u00e9coup\u00e9, pli\u00e9 et laqu\u00e9. Compos\u00e9e de deux parties asym\u00e9triques, qui se s\u00e9parent ou s'embo\u00eetent. L'\u00e9l\u00e9ment avec le logo se place au-dessus de l'autre","og_url":"https:\/\/nationalstore.be\/en\/product\/youmy-round-table-shaded","og_site_name":"NATIONA(A)L ARTIST SUPERMARKET","article_publisher":"https:\/\/www.facebook.com\/nationalstore\/?ref=br_rs","article_modified_time":"2025-09-11T10:20:26+00:00","og_image":[{"width":600,"height":791,"url":"https:\/\/nationalstore.be\/wp-content\/uploads\/2022\/04\/shop-table-youmi-2-600x791-1.jpeg","type":"image\/jpeg"}],"twitter_card":"summary_large_image","twitter_site":"@Nationalstore","twitter_misc":{"Est. reading time":"1 minute"},"schema":{"@context":"https:\/\/schema.org","@graph":[{"@type":"Organization","@id":"https:\/\/nationalstore.be\/en\/#organization","name":"NATIONA(A)L ARTIST MARKET","url":"https:\/\/nationalstore.be\/en\/","sameAs":["https:\/\/www.instagram.com\/nationalstore\/","https:\/\/www.facebook.com\/nationalstore\/?ref=br_rs","https:\/\/twitter.com\/Nationalstore"],"logo":{"@type":"ImageObject","inLanguage":"en-US","@id":"https:\/\/nationalstore.be\/en\/#\/schema\/logo\/image\/","url":"https:\/\/nationalstore.be\/wp-content\/uploads\/2024\/03\/nationaal-logo_mauve-cmjn.png","contentUrl":"https:\/\/nationalstore.be\/wp-content\/uploads\/2024\/03\/nationaal-logo_mauve-cmjn.png","width":3475,"height":1352,"caption":"NATIONA(A)L ARTIST MARKET"},"image":{"@id":"https:\/\/nationalstore.be\/en\/#\/schema\/logo\/image\/"}},{"@type":"WebSite","@id":"https:\/\/nationalstore.be\/en\/#website","url":"https:\/\/nationalstore.be\/en\/","name":"NATIONA(A)L ARTIST SUPERMARKET","description":"","publisher":{"@id":"https:\/\/nationalstore.be\/en\/#organization"},"potentialAction":[{"@type":"SearchAction","target":{"@type":"EntryPoint","urlTemplate":"https:\/\/nationalstore.be\/en\/?s={search_term_string}"},"query-input":"required name=search_term_string"}],"inLanguage":"en-US"},{"@type":"ImageObject","inLanguage":"en-US","@id":"https:\/\/nationalstore.be\/en\/product\/youmy-round-table-shaded#primaryimage","url":"https:\/\/nationalstore.be\/wp-content\/uploads\/2022\/04\/shop-table-youmi-2-600x791-1.jpeg","contentUrl":"https:\/\/nationalstore.be\/wp-content\/uploads\/2022\/04\/shop-table-youmi-2-600x791-1.jpeg","width":600,"height":791},{"@type":["WebPage","ItemPage"],"@id":"https:\/\/nationalstore.be\/en\/product\/youmy-round-table-shaded#webpage","url":"https:\/\/nationalstore.be\/en\/product\/youmy-round-table-shaded","name":"YOUMY round table shaded | Belgian Artists E-shop","isPartOf":{"@id":"https:\/\/nationalstore.be\/en\/#website"},"primaryImageOfPage":{"@id":"https:\/\/nationalstore.be\/en\/product\/youmy-round-table-shaded#primaryimage"},"datePublished":"2022-04-20T13:29:18+00:00","dateModified":"2025-09-11T10:20:26+00:00","description":"Table d'appoint design rectangulaire, en acier d\u00e9coup\u00e9, pli\u00e9 et laqu\u00e9. Compos\u00e9e de deux parties asym\u00e9triques, qui se s\u00e9parent ou s'embo\u00eetent. L'\u00e9l\u00e9ment avec le logo se place au-dessus de l'autre","breadcrumb":{"@id":"https:\/\/nationalstore.be\/en\/product\/youmy-round-table-shaded#breadcrumb"},"inLanguage":"en-US","potentialAction":[{"@type":"ReadAction","target":["https:\/\/nationalstore.be\/en\/product\/youmy-round-table-shaded"]}]},{"@type":"BreadcrumbList","@id":"https:\/\/nationalstore.be\/en\/product\/youmy-round-table-shaded#breadcrumb","itemListElement":[{"@type":"ListItem","position":1,"name":"Home","item":"https:\/\/nationalstore.be\/en"},{"@type":"ListItem","position":2,"name":"Products","item":"https:\/\/nationalstore.be\/en\/shop"},{"@type":"ListItem","position":3,"name":"Design for home","item":"https:\/\/nationalstore.be\/en\/pc\/design"},{"@type":"ListItem","position":4,"name":"Furniture","item":"https:\/\/nationalstore.be\/en\/pc\/design\/furniture"},{"@type":"ListItem","position":5,"name":"YOUMY round table shaded"}]}]}},"_links":{"self":[{"href":"https:\/\/nationalstore.be\/en\/wp-json\/wp\/v2\/product\/32828"}],"collection":[{"href":"https:\/\/nationalstore.be\/en\/wp-json\/wp\/v2\/product"}],"about":[{"href":"https:\/\/nationalstore.be\/en\/wp-json\/wp\/v2\/types\/product"}],"wp:featuredmedia":[{"embeddable":true,"href":"https:\/\/nationalstore.be\/en\/wp-json\/wp\/v2\/media\/33764"}],"wp:attachment":[{"href":"https:\/\/nationalstore.be\/en\/wp-json\/wp\/v2\/media?parent=32828"}],"wp:term":[{"taxonomy":"product_cat","embeddable":true,"href":"https:\/\/nationalstore.be\/en\/wp-json\/wp\/v2\/product_cat?post=32828"},{"taxonomy":"product_tag","embeddable":true,"href":"https:\/\/nationalstore.be\/en\/wp-json\/wp\/v2\/product_tag?post=32828"}],"curies":[{"name":"wp","href":"https:\/\/api.w.org\/{rel}","templated":true}]}}