{"id":32673,"date":"2022-06-25T15:42:13","date_gmt":"2022-06-25T13:42:13","guid":{"rendered":"https:\/\/nationalstore.be\/?post_type=product&#038;p=32673"},"modified":"2025-07-07T11:41:41","modified_gmt":"2025-07-07T09:41:41","slug":"etagere-simply-without-mirror-white-foggy","status":"publish","type":"product","link":"https:\/\/nationalstore.be\/en\/product\/etagere-simply-without-mirror-white-foggy","title":{"rendered":"Etag\u00e8re SIMPLY without mirror white \/ foggy"},"content":{"rendered":"<p>Made of folded metal, SIMPLY is a thin and light shelf that can be easily attached to any type of support.<\/p>\n<p>The modularity of the shelf lies in the magnetization of the different elements that make it up and allow for all possible variations according to the desires or needs of each person.<\/p>\n<p>The shelf can be placed in any room of the house to hold books, knick-knacks, mail, make-up products, jewellery, keys, etc.<\/p>\n<p>The designer has designed it in two versions: a set of four pieces or a set of three pieces with a mirror; and available in two colours: powdered white for the SIMPLY White or foggy light steel for the SIMPLY Foggy version.<\/p>\n","protected":false},"excerpt":{"rendered":"<p>Folded metal shelf with various magnetic elements that can be adjusted as desired.<\/p>\n","protected":false},"featured_media":32652,"template":"","meta":[],"product_cat":[3118,2420,1586,31,431,2308],"product_tag":[356,335,2046,139,321,3052],"yoast_head":"<!-- This site is optimized with the Yoast SEO plugin v19.1 - https:\/\/yoast.com\/wordpress\/plugins\/seo\/ -->\n<title>Etag\u00e8re SIMPLY without mirror white \/ foggy | Belgian Artists E-shop<\/title>\n<meta name=\"description\" content=\"\u00c9tag\u00e8re en m\u00e9tal pli\u00e9 comprenant diff\u00e9rents \u00e9l\u00e9ments magn\u00e9tiques pouvant \u00eatre modul\u00e9s selon ses envies.\" \/>\n<meta name=\"robots\" content=\"index, follow, max-snippet:-1, max-image-preview:large, max-video-preview:-1\" \/>\n<link rel=\"canonical\" href=\"https:\/\/nationalstore.be\/en\/product\/etagere-simply-without-mirror-white-foggy\" \/>\n<meta property=\"og:locale\" content=\"en_US\" \/>\n<meta property=\"og:type\" content=\"article\" \/>\n<meta property=\"og:title\" content=\"Etag\u00e8re SIMPLY without mirror white \/ foggy | Belgian Artists E-shop\" \/>\n<meta property=\"og:description\" content=\"\u00c9tag\u00e8re en m\u00e9tal pli\u00e9 comprenant diff\u00e9rents \u00e9l\u00e9ments magn\u00e9tiques pouvant \u00eatre modul\u00e9s selon ses envies.\" \/>\n<meta property=\"og:url\" content=\"https:\/\/nationalstore.be\/en\/product\/etagere-simply-without-mirror-white-foggy\" \/>\n<meta property=\"og:site_name\" content=\"NATIONA(A)L ARTIST SUPERMARKET\" \/>\n<meta property=\"article:publisher\" content=\"https:\/\/www.facebook.com\/nationalstore\/?ref=br_rs\" \/>\n<meta property=\"article:modified_time\" content=\"2025-07-07T09:41:41+00:00\" \/>\n<meta property=\"og:image\" content=\"https:\/\/nationalstore.be\/wp-content\/uploads\/2022\/04\/Capture-decran-2022-04-01-a-15.32.39.png\" \/>\n\t<meta property=\"og:image:width\" content=\"624\" \/>\n\t<meta property=\"og:image:height\" content=\"980\" \/>\n\t<meta property=\"og:image:type\" content=\"image\/png\" \/>\n<meta name=\"twitter:card\" content=\"summary_large_image\" \/>\n<meta name=\"twitter:site\" content=\"@Nationalstore\" \/>\n<meta name=\"twitter:label1\" content=\"Est. reading time\" \/>\n\t<meta name=\"twitter:data1\" content=\"1 minute\" \/>\n<script type=\"application\/ld+json\" class=\"yoast-schema-graph\">{\"@context\":\"https:\/\/schema.org\",\"@graph\":[{\"@type\":\"Organization\",\"@id\":\"https:\/\/nationalstore.be\/en\/#organization\",\"name\":\"NATIONA(A)L ARTIST MARKET\",\"url\":\"https:\/\/nationalstore.be\/en\/\",\"sameAs\":[\"https:\/\/www.instagram.com\/nationalstore\/\",\"https:\/\/www.facebook.com\/nationalstore\/?ref=br_rs\",\"https:\/\/twitter.com\/Nationalstore\"],\"logo\":{\"@type\":\"ImageObject\",\"inLanguage\":\"en-US\",\"@id\":\"https:\/\/nationalstore.be\/en\/#\/schema\/logo\/image\/\",\"url\":\"https:\/\/nationalstore.be\/wp-content\/uploads\/2024\/03\/nationaal-logo_mauve-cmjn.png\",\"contentUrl\":\"https:\/\/nationalstore.be\/wp-content\/uploads\/2024\/03\/nationaal-logo_mauve-cmjn.png\",\"width\":3475,\"height\":1352,\"caption\":\"NATIONA(A)L ARTIST MARKET\"},\"image\":{\"@id\":\"https:\/\/nationalstore.be\/en\/#\/schema\/logo\/image\/\"}},{\"@type\":\"WebSite\",\"@id\":\"https:\/\/nationalstore.be\/en\/#website\",\"url\":\"https:\/\/nationalstore.be\/en\/\",\"name\":\"NATIONA(A)L ARTIST SUPERMARKET\",\"description\":\"\",\"publisher\":{\"@id\":\"https:\/\/nationalstore.be\/en\/#organization\"},\"potentialAction\":[{\"@type\":\"SearchAction\",\"target\":{\"@type\":\"EntryPoint\",\"urlTemplate\":\"https:\/\/nationalstore.be\/en\/?s={search_term_string}\"},\"query-input\":\"required name=search_term_string\"}],\"inLanguage\":\"en-US\"},{\"@type\":\"ImageObject\",\"inLanguage\":\"en-US\",\"@id\":\"https:\/\/nationalstore.be\/en\/product\/etagere-simply-without-mirror-white-foggy#primaryimage\",\"url\":\"https:\/\/nationalstore.be\/wp-content\/uploads\/2022\/04\/Capture-decran-2022-04-01-a-15.32.39.png\",\"contentUrl\":\"https:\/\/nationalstore.be\/wp-content\/uploads\/2022\/04\/Capture-decran-2022-04-01-a-15.32.39.png\",\"width\":624,\"height\":980},{\"@type\":[\"WebPage\",\"ItemPage\"],\"@id\":\"https:\/\/nationalstore.be\/en\/product\/etagere-simply-without-mirror-white-foggy#webpage\",\"url\":\"https:\/\/nationalstore.be\/en\/product\/etagere-simply-without-mirror-white-foggy\",\"name\":\"Etag\u00e8re SIMPLY without mirror white \/ foggy | Belgian Artists E-shop\",\"isPartOf\":{\"@id\":\"https:\/\/nationalstore.be\/en\/#website\"},\"primaryImageOfPage\":{\"@id\":\"https:\/\/nationalstore.be\/en\/product\/etagere-simply-without-mirror-white-foggy#primaryimage\"},\"datePublished\":\"2022-06-25T13:42:13+00:00\",\"dateModified\":\"2025-07-07T09:41:41+00:00\",\"description\":\"\u00c9tag\u00e8re en m\u00e9tal pli\u00e9 comprenant diff\u00e9rents \u00e9l\u00e9ments magn\u00e9tiques pouvant \u00eatre modul\u00e9s selon ses envies.\",\"breadcrumb\":{\"@id\":\"https:\/\/nationalstore.be\/en\/product\/etagere-simply-without-mirror-white-foggy#breadcrumb\"},\"inLanguage\":\"en-US\",\"potentialAction\":[{\"@type\":\"ReadAction\",\"target\":[\"https:\/\/nationalstore.be\/en\/product\/etagere-simply-without-mirror-white-foggy\"]}]},{\"@type\":\"BreadcrumbList\",\"@id\":\"https:\/\/nationalstore.be\/en\/product\/etagere-simply-without-mirror-white-foggy#breadcrumb\",\"itemListElement\":[{\"@type\":\"ListItem\",\"position\":1,\"name\":\"Home\",\"item\":\"https:\/\/nationalstore.be\/en\"},{\"@type\":\"ListItem\",\"position\":2,\"name\":\"Products\",\"item\":\"https:\/\/nationalstore.be\/en\/shop\"},{\"@type\":\"ListItem\",\"position\":3,\"name\":\"Subcategories\",\"item\":\"https:\/\/nationalstore.be\/en\/pc\/subcategories\"},{\"@type\":\"ListItem\",\"position\":4,\"name\":\"CDM x NATIONA(A)L: A new shared language\",\"item\":\"https:\/\/nationalstore.be\/en\/pc\/subcategories\/cdm-x-nationaal-a-new-shared-language\"},{\"@type\":\"ListItem\",\"position\":5,\"name\":\"Etag\u00e8re SIMPLY without mirror white \/ foggy\"}]}]}<\/script>\n<!-- \/ Yoast SEO plugin. -->","yoast_head_json":{"title":"Etag\u00e8re SIMPLY without mirror white \/ foggy | Belgian Artists E-shop","description":"\u00c9tag\u00e8re en m\u00e9tal pli\u00e9 comprenant diff\u00e9rents \u00e9l\u00e9ments magn\u00e9tiques pouvant \u00eatre modul\u00e9s selon ses envies.","robots":{"index":"index","follow":"follow","max-snippet":"max-snippet:-1","max-image-preview":"max-image-preview:large","max-video-preview":"max-video-preview:-1"},"canonical":"https:\/\/nationalstore.be\/en\/product\/etagere-simply-without-mirror-white-foggy","og_locale":"en_US","og_type":"article","og_title":"Etag\u00e8re SIMPLY without mirror white \/ foggy | Belgian Artists E-shop","og_description":"\u00c9tag\u00e8re en m\u00e9tal pli\u00e9 comprenant diff\u00e9rents \u00e9l\u00e9ments magn\u00e9tiques pouvant \u00eatre modul\u00e9s selon ses envies.","og_url":"https:\/\/nationalstore.be\/en\/product\/etagere-simply-without-mirror-white-foggy","og_site_name":"NATIONA(A)L ARTIST SUPERMARKET","article_publisher":"https:\/\/www.facebook.com\/nationalstore\/?ref=br_rs","article_modified_time":"2025-07-07T09:41:41+00:00","og_image":[{"width":624,"height":980,"url":"https:\/\/nationalstore.be\/wp-content\/uploads\/2022\/04\/Capture-decran-2022-04-01-a-15.32.39.png","type":"image\/png"}],"twitter_card":"summary_large_image","twitter_site":"@Nationalstore","twitter_misc":{"Est. reading time":"1 minute"},"schema":{"@context":"https:\/\/schema.org","@graph":[{"@type":"Organization","@id":"https:\/\/nationalstore.be\/en\/#organization","name":"NATIONA(A)L ARTIST MARKET","url":"https:\/\/nationalstore.be\/en\/","sameAs":["https:\/\/www.instagram.com\/nationalstore\/","https:\/\/www.facebook.com\/nationalstore\/?ref=br_rs","https:\/\/twitter.com\/Nationalstore"],"logo":{"@type":"ImageObject","inLanguage":"en-US","@id":"https:\/\/nationalstore.be\/en\/#\/schema\/logo\/image\/","url":"https:\/\/nationalstore.be\/wp-content\/uploads\/2024\/03\/nationaal-logo_mauve-cmjn.png","contentUrl":"https:\/\/nationalstore.be\/wp-content\/uploads\/2024\/03\/nationaal-logo_mauve-cmjn.png","width":3475,"height":1352,"caption":"NATIONA(A)L ARTIST MARKET"},"image":{"@id":"https:\/\/nationalstore.be\/en\/#\/schema\/logo\/image\/"}},{"@type":"WebSite","@id":"https:\/\/nationalstore.be\/en\/#website","url":"https:\/\/nationalstore.be\/en\/","name":"NATIONA(A)L ARTIST SUPERMARKET","description":"","publisher":{"@id":"https:\/\/nationalstore.be\/en\/#organization"},"potentialAction":[{"@type":"SearchAction","target":{"@type":"EntryPoint","urlTemplate":"https:\/\/nationalstore.be\/en\/?s={search_term_string}"},"query-input":"required name=search_term_string"}],"inLanguage":"en-US"},{"@type":"ImageObject","inLanguage":"en-US","@id":"https:\/\/nationalstore.be\/en\/product\/etagere-simply-without-mirror-white-foggy#primaryimage","url":"https:\/\/nationalstore.be\/wp-content\/uploads\/2022\/04\/Capture-decran-2022-04-01-a-15.32.39.png","contentUrl":"https:\/\/nationalstore.be\/wp-content\/uploads\/2022\/04\/Capture-decran-2022-04-01-a-15.32.39.png","width":624,"height":980},{"@type":["WebPage","ItemPage"],"@id":"https:\/\/nationalstore.be\/en\/product\/etagere-simply-without-mirror-white-foggy#webpage","url":"https:\/\/nationalstore.be\/en\/product\/etagere-simply-without-mirror-white-foggy","name":"Etag\u00e8re SIMPLY without mirror white \/ foggy | Belgian Artists E-shop","isPartOf":{"@id":"https:\/\/nationalstore.be\/en\/#website"},"primaryImageOfPage":{"@id":"https:\/\/nationalstore.be\/en\/product\/etagere-simply-without-mirror-white-foggy#primaryimage"},"datePublished":"2022-06-25T13:42:13+00:00","dateModified":"2025-07-07T09:41:41+00:00","description":"\u00c9tag\u00e8re en m\u00e9tal pli\u00e9 comprenant diff\u00e9rents \u00e9l\u00e9ments magn\u00e9tiques pouvant \u00eatre modul\u00e9s selon ses envies.","breadcrumb":{"@id":"https:\/\/nationalstore.be\/en\/product\/etagere-simply-without-mirror-white-foggy#breadcrumb"},"inLanguage":"en-US","potentialAction":[{"@type":"ReadAction","target":["https:\/\/nationalstore.be\/en\/product\/etagere-simply-without-mirror-white-foggy"]}]},{"@type":"BreadcrumbList","@id":"https:\/\/nationalstore.be\/en\/product\/etagere-simply-without-mirror-white-foggy#breadcrumb","itemListElement":[{"@type":"ListItem","position":1,"name":"Home","item":"https:\/\/nationalstore.be\/en"},{"@type":"ListItem","position":2,"name":"Products","item":"https:\/\/nationalstore.be\/en\/shop"},{"@type":"ListItem","position":3,"name":"Subcategories","item":"https:\/\/nationalstore.be\/en\/pc\/subcategories"},{"@type":"ListItem","position":4,"name":"CDM x NATIONA(A)L: A new shared language","item":"https:\/\/nationalstore.be\/en\/pc\/subcategories\/cdm-x-nationaal-a-new-shared-language"},{"@type":"ListItem","position":5,"name":"Etag\u00e8re SIMPLY without mirror white \/ foggy"}]}]}},"_links":{"self":[{"href":"https:\/\/nationalstore.be\/en\/wp-json\/wp\/v2\/product\/32673"}],"collection":[{"href":"https:\/\/nationalstore.be\/en\/wp-json\/wp\/v2\/product"}],"about":[{"href":"https:\/\/nationalstore.be\/en\/wp-json\/wp\/v2\/types\/product"}],"wp:featuredmedia":[{"embeddable":true,"href":"https:\/\/nationalstore.be\/en\/wp-json\/wp\/v2\/media\/32652"}],"wp:attachment":[{"href":"https:\/\/nationalstore.be\/en\/wp-json\/wp\/v2\/media?parent=32673"}],"wp:term":[{"taxonomy":"product_cat","embeddable":true,"href":"https:\/\/nationalstore.be\/en\/wp-json\/wp\/v2\/product_cat?post=32673"},{"taxonomy":"product_tag","embeddable":true,"href":"https:\/\/nationalstore.be\/en\/wp-json\/wp\/v2\/product_tag?post=32673"}],"curies":[{"name":"wp","href":"https:\/\/api.w.org\/{rel}","templated":true}]}}