{"id":32648,"date":"2022-04-20T14:59:09","date_gmt":"2022-04-20T12:59:09","guid":{"rendered":"https:\/\/nationalstore.be\/?post_type=product&#038;p=32648"},"modified":"2025-07-07T11:42:10","modified_gmt":"2025-07-07T09:42:10","slug":"assy-stool-leather-black-stained-ash","status":"publish","type":"product","link":"https:\/\/nationalstore.be\/en\/product\/assy-stool-leather-black-stained-ash","title":{"rendered":"ASSY stool leather black stained ash"},"content":{"rendered":"<p>The fine details are the result of precision work by hand.<\/p>\n<p>This simple object is a perfect and useful work of art that is chosen by taste and kept through time. An object with an aesthetic and sentimental value.<\/p>\n<p>ASSY is a singular and poetic product, with a touch of spice.<\/p>\n","protected":false},"excerpt":{"rendered":"<p>ASSY rounded leather, highlighted with a leather cord, can be used as a stool or small side table.<\/p>\n","protected":false},"featured_media":32549,"template":"","meta":[],"product_cat":[3118,1586,31,431,3376,2308],"product_tag":[356,335,2046,139,321,3052],"yoast_head":"<!-- This site is optimized with the Yoast SEO plugin v19.1 - https:\/\/yoast.com\/wordpress\/plugins\/seo\/ -->\n<title>ASSY stool leather black stained ash | Belgian Artists E-shop<\/title>\n<meta name=\"description\" content=\"Tabouret ou table d\u2019appoint en bois de fr\u00eane blanchi avec un contour cuir orange br\u00fbl\u00e9.\" \/>\n<meta name=\"robots\" content=\"index, follow, max-snippet:-1, max-image-preview:large, max-video-preview:-1\" \/>\n<link rel=\"canonical\" href=\"https:\/\/nationalstore.be\/en\/product\/assy-stool-leather-black-stained-ash\" \/>\n<meta property=\"og:locale\" content=\"en_US\" \/>\n<meta property=\"og:type\" content=\"article\" \/>\n<meta property=\"og:title\" content=\"ASSY stool leather black stained ash | Belgian Artists E-shop\" \/>\n<meta property=\"og:description\" content=\"Tabouret ou table d\u2019appoint en bois de fr\u00eane blanchi avec un contour cuir orange br\u00fbl\u00e9.\" \/>\n<meta property=\"og:url\" content=\"https:\/\/nationalstore.be\/en\/product\/assy-stool-leather-black-stained-ash\" \/>\n<meta property=\"og:site_name\" content=\"NATIONA(A)L ARTIST SUPERMARKET\" \/>\n<meta property=\"article:publisher\" content=\"https:\/\/www.facebook.com\/nationalstore\/?ref=br_rs\" \/>\n<meta property=\"article:modified_time\" content=\"2025-07-07T09:42:10+00:00\" \/>\n<meta property=\"og:image\" content=\"https:\/\/nationalstore.be\/wp-content\/uploads\/2022\/04\/Capture-decran-2022-04-01-a-11.45.37.png\" \/>\n\t<meta property=\"og:image:width\" content=\"672\" \/>\n\t<meta property=\"og:image:height\" content=\"936\" \/>\n\t<meta property=\"og:image:type\" content=\"image\/png\" \/>\n<meta name=\"twitter:card\" content=\"summary_large_image\" \/>\n<meta name=\"twitter:site\" content=\"@Nationalstore\" \/>\n<script type=\"application\/ld+json\" class=\"yoast-schema-graph\">{\"@context\":\"https:\/\/schema.org\",\"@graph\":[{\"@type\":\"Organization\",\"@id\":\"https:\/\/nationalstore.be\/en\/#organization\",\"name\":\"NATIONA(A)L ARTIST MARKET\",\"url\":\"https:\/\/nationalstore.be\/en\/\",\"sameAs\":[\"https:\/\/www.instagram.com\/nationalstore\/\",\"https:\/\/www.facebook.com\/nationalstore\/?ref=br_rs\",\"https:\/\/twitter.com\/Nationalstore\"],\"logo\":{\"@type\":\"ImageObject\",\"inLanguage\":\"en-US\",\"@id\":\"https:\/\/nationalstore.be\/en\/#\/schema\/logo\/image\/\",\"url\":\"https:\/\/nationalstore.be\/wp-content\/uploads\/2024\/03\/nationaal-logo_mauve-cmjn.png\",\"contentUrl\":\"https:\/\/nationalstore.be\/wp-content\/uploads\/2024\/03\/nationaal-logo_mauve-cmjn.png\",\"width\":3475,\"height\":1352,\"caption\":\"NATIONA(A)L ARTIST MARKET\"},\"image\":{\"@id\":\"https:\/\/nationalstore.be\/en\/#\/schema\/logo\/image\/\"}},{\"@type\":\"WebSite\",\"@id\":\"https:\/\/nationalstore.be\/en\/#website\",\"url\":\"https:\/\/nationalstore.be\/en\/\",\"name\":\"NATIONA(A)L ARTIST SUPERMARKET\",\"description\":\"\",\"publisher\":{\"@id\":\"https:\/\/nationalstore.be\/en\/#organization\"},\"potentialAction\":[{\"@type\":\"SearchAction\",\"target\":{\"@type\":\"EntryPoint\",\"urlTemplate\":\"https:\/\/nationalstore.be\/en\/?s={search_term_string}\"},\"query-input\":\"required name=search_term_string\"}],\"inLanguage\":\"en-US\"},{\"@type\":\"ImageObject\",\"inLanguage\":\"en-US\",\"@id\":\"https:\/\/nationalstore.be\/en\/product\/assy-stool-leather-black-stained-ash#primaryimage\",\"url\":\"https:\/\/nationalstore.be\/wp-content\/uploads\/2022\/04\/Capture-decran-2022-04-01-a-11.45.37.png\",\"contentUrl\":\"https:\/\/nationalstore.be\/wp-content\/uploads\/2022\/04\/Capture-decran-2022-04-01-a-11.45.37.png\",\"width\":672,\"height\":936},{\"@type\":[\"WebPage\",\"ItemPage\"],\"@id\":\"https:\/\/nationalstore.be\/en\/product\/assy-stool-leather-black-stained-ash#webpage\",\"url\":\"https:\/\/nationalstore.be\/en\/product\/assy-stool-leather-black-stained-ash\",\"name\":\"ASSY stool leather black stained ash | Belgian Artists E-shop\",\"isPartOf\":{\"@id\":\"https:\/\/nationalstore.be\/en\/#website\"},\"primaryImageOfPage\":{\"@id\":\"https:\/\/nationalstore.be\/en\/product\/assy-stool-leather-black-stained-ash#primaryimage\"},\"datePublished\":\"2022-04-20T12:59:09+00:00\",\"dateModified\":\"2025-07-07T09:42:10+00:00\",\"description\":\"Tabouret ou table d\u2019appoint en bois de fr\u00eane blanchi avec un contour cuir orange br\u00fbl\u00e9.\",\"breadcrumb\":{\"@id\":\"https:\/\/nationalstore.be\/en\/product\/assy-stool-leather-black-stained-ash#breadcrumb\"},\"inLanguage\":\"en-US\",\"potentialAction\":[{\"@type\":\"ReadAction\",\"target\":[\"https:\/\/nationalstore.be\/en\/product\/assy-stool-leather-black-stained-ash\"]}]},{\"@type\":\"BreadcrumbList\",\"@id\":\"https:\/\/nationalstore.be\/en\/product\/assy-stool-leather-black-stained-ash#breadcrumb\",\"itemListElement\":[{\"@type\":\"ListItem\",\"position\":1,\"name\":\"Home\",\"item\":\"https:\/\/nationalstore.be\/en\"},{\"@type\":\"ListItem\",\"position\":2,\"name\":\"Products\",\"item\":\"https:\/\/nationalstore.be\/en\/shop\"},{\"@type\":\"ListItem\",\"position\":3,\"name\":\"Subcategories\",\"item\":\"https:\/\/nationalstore.be\/en\/pc\/subcategories\"},{\"@type\":\"ListItem\",\"position\":4,\"name\":\"CDM x NATIONA(A)L: A new shared language\",\"item\":\"https:\/\/nationalstore.be\/en\/pc\/subcategories\/cdm-x-nationaal-a-new-shared-language\"},{\"@type\":\"ListItem\",\"position\":5,\"name\":\"ASSY stool leather black stained ash\"}]}]}<\/script>\n<!-- \/ Yoast SEO plugin. -->","yoast_head_json":{"title":"ASSY stool leather black stained ash | Belgian Artists E-shop","description":"Tabouret ou table d\u2019appoint en bois de fr\u00eane blanchi avec un contour cuir orange br\u00fbl\u00e9.","robots":{"index":"index","follow":"follow","max-snippet":"max-snippet:-1","max-image-preview":"max-image-preview:large","max-video-preview":"max-video-preview:-1"},"canonical":"https:\/\/nationalstore.be\/en\/product\/assy-stool-leather-black-stained-ash","og_locale":"en_US","og_type":"article","og_title":"ASSY stool leather black stained ash | Belgian Artists E-shop","og_description":"Tabouret ou table d\u2019appoint en bois de fr\u00eane blanchi avec un contour cuir orange br\u00fbl\u00e9.","og_url":"https:\/\/nationalstore.be\/en\/product\/assy-stool-leather-black-stained-ash","og_site_name":"NATIONA(A)L ARTIST SUPERMARKET","article_publisher":"https:\/\/www.facebook.com\/nationalstore\/?ref=br_rs","article_modified_time":"2025-07-07T09:42:10+00:00","og_image":[{"width":672,"height":936,"url":"https:\/\/nationalstore.be\/wp-content\/uploads\/2022\/04\/Capture-decran-2022-04-01-a-11.45.37.png","type":"image\/png"}],"twitter_card":"summary_large_image","twitter_site":"@Nationalstore","schema":{"@context":"https:\/\/schema.org","@graph":[{"@type":"Organization","@id":"https:\/\/nationalstore.be\/en\/#organization","name":"NATIONA(A)L ARTIST MARKET","url":"https:\/\/nationalstore.be\/en\/","sameAs":["https:\/\/www.instagram.com\/nationalstore\/","https:\/\/www.facebook.com\/nationalstore\/?ref=br_rs","https:\/\/twitter.com\/Nationalstore"],"logo":{"@type":"ImageObject","inLanguage":"en-US","@id":"https:\/\/nationalstore.be\/en\/#\/schema\/logo\/image\/","url":"https:\/\/nationalstore.be\/wp-content\/uploads\/2024\/03\/nationaal-logo_mauve-cmjn.png","contentUrl":"https:\/\/nationalstore.be\/wp-content\/uploads\/2024\/03\/nationaal-logo_mauve-cmjn.png","width":3475,"height":1352,"caption":"NATIONA(A)L ARTIST MARKET"},"image":{"@id":"https:\/\/nationalstore.be\/en\/#\/schema\/logo\/image\/"}},{"@type":"WebSite","@id":"https:\/\/nationalstore.be\/en\/#website","url":"https:\/\/nationalstore.be\/en\/","name":"NATIONA(A)L ARTIST SUPERMARKET","description":"","publisher":{"@id":"https:\/\/nationalstore.be\/en\/#organization"},"potentialAction":[{"@type":"SearchAction","target":{"@type":"EntryPoint","urlTemplate":"https:\/\/nationalstore.be\/en\/?s={search_term_string}"},"query-input":"required name=search_term_string"}],"inLanguage":"en-US"},{"@type":"ImageObject","inLanguage":"en-US","@id":"https:\/\/nationalstore.be\/en\/product\/assy-stool-leather-black-stained-ash#primaryimage","url":"https:\/\/nationalstore.be\/wp-content\/uploads\/2022\/04\/Capture-decran-2022-04-01-a-11.45.37.png","contentUrl":"https:\/\/nationalstore.be\/wp-content\/uploads\/2022\/04\/Capture-decran-2022-04-01-a-11.45.37.png","width":672,"height":936},{"@type":["WebPage","ItemPage"],"@id":"https:\/\/nationalstore.be\/en\/product\/assy-stool-leather-black-stained-ash#webpage","url":"https:\/\/nationalstore.be\/en\/product\/assy-stool-leather-black-stained-ash","name":"ASSY stool leather black stained ash | Belgian Artists E-shop","isPartOf":{"@id":"https:\/\/nationalstore.be\/en\/#website"},"primaryImageOfPage":{"@id":"https:\/\/nationalstore.be\/en\/product\/assy-stool-leather-black-stained-ash#primaryimage"},"datePublished":"2022-04-20T12:59:09+00:00","dateModified":"2025-07-07T09:42:10+00:00","description":"Tabouret ou table d\u2019appoint en bois de fr\u00eane blanchi avec un contour cuir orange br\u00fbl\u00e9.","breadcrumb":{"@id":"https:\/\/nationalstore.be\/en\/product\/assy-stool-leather-black-stained-ash#breadcrumb"},"inLanguage":"en-US","potentialAction":[{"@type":"ReadAction","target":["https:\/\/nationalstore.be\/en\/product\/assy-stool-leather-black-stained-ash"]}]},{"@type":"BreadcrumbList","@id":"https:\/\/nationalstore.be\/en\/product\/assy-stool-leather-black-stained-ash#breadcrumb","itemListElement":[{"@type":"ListItem","position":1,"name":"Home","item":"https:\/\/nationalstore.be\/en"},{"@type":"ListItem","position":2,"name":"Products","item":"https:\/\/nationalstore.be\/en\/shop"},{"@type":"ListItem","position":3,"name":"Subcategories","item":"https:\/\/nationalstore.be\/en\/pc\/subcategories"},{"@type":"ListItem","position":4,"name":"CDM x NATIONA(A)L: A new shared language","item":"https:\/\/nationalstore.be\/en\/pc\/subcategories\/cdm-x-nationaal-a-new-shared-language"},{"@type":"ListItem","position":5,"name":"ASSY stool leather black stained ash"}]}]}},"_links":{"self":[{"href":"https:\/\/nationalstore.be\/en\/wp-json\/wp\/v2\/product\/32648"}],"collection":[{"href":"https:\/\/nationalstore.be\/en\/wp-json\/wp\/v2\/product"}],"about":[{"href":"https:\/\/nationalstore.be\/en\/wp-json\/wp\/v2\/types\/product"}],"wp:featuredmedia":[{"embeddable":true,"href":"https:\/\/nationalstore.be\/en\/wp-json\/wp\/v2\/media\/32549"}],"wp:attachment":[{"href":"https:\/\/nationalstore.be\/en\/wp-json\/wp\/v2\/media?parent=32648"}],"wp:term":[{"taxonomy":"product_cat","embeddable":true,"href":"https:\/\/nationalstore.be\/en\/wp-json\/wp\/v2\/product_cat?post=32648"},{"taxonomy":"product_tag","embeddable":true,"href":"https:\/\/nationalstore.be\/en\/wp-json\/wp\/v2\/product_tag?post=32648"}],"curies":[{"name":"wp","href":"https:\/\/api.w.org\/{rel}","templated":true}]}}