{"id":32642,"date":"2022-04-20T15:07:08","date_gmt":"2022-04-20T13:07:08","guid":{"rendered":"https:\/\/nationalstore.be\/?post_type=product&#038;p=32642"},"modified":"2025-07-07T11:42:16","modified_gmt":"2025-07-07T09:42:16","slug":"popylight-bleached-ash-black-stained-ash","status":"publish","type":"product","link":"https:\/\/nationalstore.be\/en\/product\/popylight-bleached-ash-black-stained-ash","title":{"rendered":"POPYLIGHT bleached ash \/ black stained ash"},"content":{"rendered":"<p>In its pure version, POPYLIGHT is equipped with a small opaline globe that proudly stands on the tray and diffuses a soft and subdued light.<\/p>\n","protected":false},"excerpt":{"rendered":"<p>Both lighting and decorative element, POPY is the sweet name given to a small tray all in curves, composed of a foot in arc of circle and surmounted by a disc, the whole in ash wood worked by the expert hands of a woodturner in Belgium.<\/p>\n","protected":false},"featured_media":33727,"template":"","meta":[],"product_cat":[2989,3118,1586,31,434,3376,2308],"product_tag":[356,335,2046,139,321,3052],"yoast_head":"<!-- This site is optimized with the Yoast SEO plugin v19.1 - https:\/\/yoast.com\/wordpress\/plugins\/seo\/ -->\n<title>POPYLIGHT bleached ash \/ black stained ash | Belgian Artists E-shop<\/title>\n<meta name=\"description\" content=\"Petit plateau tout en courbes, compos\u00e9 d\u2019un pied en arc de cercle et surmont\u00e9 d\u2019un disque, le tout en bois de fr\u00eane surmont\u00e9 d&#039;un petit globe opalin. Deux coloris de bois : fr\u00eane blanchi et fr\u00eane lasur\u00e9 noir.\" \/>\n<meta name=\"robots\" content=\"index, follow, max-snippet:-1, max-image-preview:large, max-video-preview:-1\" \/>\n<link rel=\"canonical\" href=\"https:\/\/nationalstore.be\/en\/product\/popylight-bleached-ash-black-stained-ash\" \/>\n<meta property=\"og:locale\" content=\"en_US\" \/>\n<meta property=\"og:type\" content=\"article\" \/>\n<meta property=\"og:title\" content=\"POPYLIGHT bleached ash \/ black stained ash | Belgian Artists E-shop\" \/>\n<meta property=\"og:description\" content=\"Petit plateau tout en courbes, compos\u00e9 d\u2019un pied en arc de cercle et surmont\u00e9 d\u2019un disque, le tout en bois de fr\u00eane surmont\u00e9 d&#039;un petit globe opalin. Deux coloris de bois : fr\u00eane blanchi et fr\u00eane lasur\u00e9 noir.\" \/>\n<meta property=\"og:url\" content=\"https:\/\/nationalstore.be\/en\/product\/popylight-bleached-ash-black-stained-ash\" \/>\n<meta property=\"og:site_name\" content=\"NATIONA(A)L ARTIST SUPERMARKET\" \/>\n<meta property=\"article:publisher\" content=\"https:\/\/www.facebook.com\/nationalstore\/?ref=br_rs\" \/>\n<meta property=\"article:modified_time\" content=\"2025-07-07T09:42:16+00:00\" \/>\n<meta property=\"og:image\" content=\"https:\/\/nationalstore.be\/wp-content\/uploads\/2022\/04\/mlle-jo-popylight-blanc-2-600x617-1.jpeg\" \/>\n\t<meta property=\"og:image:width\" content=\"600\" \/>\n\t<meta property=\"og:image:height\" content=\"617\" \/>\n\t<meta property=\"og:image:type\" content=\"image\/jpeg\" \/>\n<meta name=\"twitter:card\" content=\"summary_large_image\" \/>\n<meta name=\"twitter:site\" content=\"@Nationalstore\" \/>\n<script type=\"application\/ld+json\" class=\"yoast-schema-graph\">{\"@context\":\"https:\/\/schema.org\",\"@graph\":[{\"@type\":\"Organization\",\"@id\":\"https:\/\/nationalstore.be\/en\/#organization\",\"name\":\"NATIONA(A)L ARTIST MARKET\",\"url\":\"https:\/\/nationalstore.be\/en\/\",\"sameAs\":[\"https:\/\/www.instagram.com\/nationalstore\/\",\"https:\/\/www.facebook.com\/nationalstore\/?ref=br_rs\",\"https:\/\/twitter.com\/Nationalstore\"],\"logo\":{\"@type\":\"ImageObject\",\"inLanguage\":\"en-US\",\"@id\":\"https:\/\/nationalstore.be\/en\/#\/schema\/logo\/image\/\",\"url\":\"https:\/\/nationalstore.be\/wp-content\/uploads\/2024\/03\/nationaal-logo_mauve-cmjn.png\",\"contentUrl\":\"https:\/\/nationalstore.be\/wp-content\/uploads\/2024\/03\/nationaal-logo_mauve-cmjn.png\",\"width\":3475,\"height\":1352,\"caption\":\"NATIONA(A)L ARTIST MARKET\"},\"image\":{\"@id\":\"https:\/\/nationalstore.be\/en\/#\/schema\/logo\/image\/\"}},{\"@type\":\"WebSite\",\"@id\":\"https:\/\/nationalstore.be\/en\/#website\",\"url\":\"https:\/\/nationalstore.be\/en\/\",\"name\":\"NATIONA(A)L ARTIST SUPERMARKET\",\"description\":\"\",\"publisher\":{\"@id\":\"https:\/\/nationalstore.be\/en\/#organization\"},\"potentialAction\":[{\"@type\":\"SearchAction\",\"target\":{\"@type\":\"EntryPoint\",\"urlTemplate\":\"https:\/\/nationalstore.be\/en\/?s={search_term_string}\"},\"query-input\":\"required name=search_term_string\"}],\"inLanguage\":\"en-US\"},{\"@type\":\"ImageObject\",\"inLanguage\":\"en-US\",\"@id\":\"https:\/\/nationalstore.be\/en\/product\/popylight-bleached-ash-black-stained-ash#primaryimage\",\"url\":\"https:\/\/nationalstore.be\/wp-content\/uploads\/2022\/04\/mlle-jo-popylight-blanc-2-600x617-1.jpeg\",\"contentUrl\":\"https:\/\/nationalstore.be\/wp-content\/uploads\/2022\/04\/mlle-jo-popylight-blanc-2-600x617-1.jpeg\",\"width\":600,\"height\":617},{\"@type\":[\"WebPage\",\"ItemPage\"],\"@id\":\"https:\/\/nationalstore.be\/en\/product\/popylight-bleached-ash-black-stained-ash#webpage\",\"url\":\"https:\/\/nationalstore.be\/en\/product\/popylight-bleached-ash-black-stained-ash\",\"name\":\"POPYLIGHT bleached ash \/ black stained ash | Belgian Artists E-shop\",\"isPartOf\":{\"@id\":\"https:\/\/nationalstore.be\/en\/#website\"},\"primaryImageOfPage\":{\"@id\":\"https:\/\/nationalstore.be\/en\/product\/popylight-bleached-ash-black-stained-ash#primaryimage\"},\"datePublished\":\"2022-04-20T13:07:08+00:00\",\"dateModified\":\"2025-07-07T09:42:16+00:00\",\"description\":\"Petit plateau tout en courbes, compos\u00e9 d\u2019un pied en arc de cercle et surmont\u00e9 d\u2019un disque, le tout en bois de fr\u00eane surmont\u00e9 d'un petit globe opalin. Deux coloris de bois : fr\u00eane blanchi et fr\u00eane lasur\u00e9 noir.\",\"breadcrumb\":{\"@id\":\"https:\/\/nationalstore.be\/en\/product\/popylight-bleached-ash-black-stained-ash#breadcrumb\"},\"inLanguage\":\"en-US\",\"potentialAction\":[{\"@type\":\"ReadAction\",\"target\":[\"https:\/\/nationalstore.be\/en\/product\/popylight-bleached-ash-black-stained-ash\"]}]},{\"@type\":\"BreadcrumbList\",\"@id\":\"https:\/\/nationalstore.be\/en\/product\/popylight-bleached-ash-black-stained-ash#breadcrumb\",\"itemListElement\":[{\"@type\":\"ListItem\",\"position\":1,\"name\":\"Home\",\"item\":\"https:\/\/nationalstore.be\/en\"},{\"@type\":\"ListItem\",\"position\":2,\"name\":\"Products\",\"item\":\"https:\/\/nationalstore.be\/en\/shop\"},{\"@type\":\"ListItem\",\"position\":3,\"name\":\"Subcategories\",\"item\":\"https:\/\/nationalstore.be\/en\/pc\/subcategories\"},{\"@type\":\"ListItem\",\"position\":4,\"name\":\"A soothing minimalist collection\",\"item\":\"https:\/\/nationalstore.be\/en\/pc\/subcategories\/a-soothing-minimalist-collection-2\"},{\"@type\":\"ListItem\",\"position\":5,\"name\":\"POPYLIGHT bleached ash \/ black stained ash\"}]}]}<\/script>\n<!-- \/ Yoast SEO plugin. -->","yoast_head_json":{"title":"POPYLIGHT bleached ash \/ black stained ash | Belgian Artists E-shop","description":"Petit plateau tout en courbes, compos\u00e9 d\u2019un pied en arc de cercle et surmont\u00e9 d\u2019un disque, le tout en bois de fr\u00eane surmont\u00e9 d'un petit globe opalin. Deux coloris de bois : fr\u00eane blanchi et fr\u00eane lasur\u00e9 noir.","robots":{"index":"index","follow":"follow","max-snippet":"max-snippet:-1","max-image-preview":"max-image-preview:large","max-video-preview":"max-video-preview:-1"},"canonical":"https:\/\/nationalstore.be\/en\/product\/popylight-bleached-ash-black-stained-ash","og_locale":"en_US","og_type":"article","og_title":"POPYLIGHT bleached ash \/ black stained ash | Belgian Artists E-shop","og_description":"Petit plateau tout en courbes, compos\u00e9 d\u2019un pied en arc de cercle et surmont\u00e9 d\u2019un disque, le tout en bois de fr\u00eane surmont\u00e9 d'un petit globe opalin. Deux coloris de bois : fr\u00eane blanchi et fr\u00eane lasur\u00e9 noir.","og_url":"https:\/\/nationalstore.be\/en\/product\/popylight-bleached-ash-black-stained-ash","og_site_name":"NATIONA(A)L ARTIST SUPERMARKET","article_publisher":"https:\/\/www.facebook.com\/nationalstore\/?ref=br_rs","article_modified_time":"2025-07-07T09:42:16+00:00","og_image":[{"width":600,"height":617,"url":"https:\/\/nationalstore.be\/wp-content\/uploads\/2022\/04\/mlle-jo-popylight-blanc-2-600x617-1.jpeg","type":"image\/jpeg"}],"twitter_card":"summary_large_image","twitter_site":"@Nationalstore","schema":{"@context":"https:\/\/schema.org","@graph":[{"@type":"Organization","@id":"https:\/\/nationalstore.be\/en\/#organization","name":"NATIONA(A)L ARTIST MARKET","url":"https:\/\/nationalstore.be\/en\/","sameAs":["https:\/\/www.instagram.com\/nationalstore\/","https:\/\/www.facebook.com\/nationalstore\/?ref=br_rs","https:\/\/twitter.com\/Nationalstore"],"logo":{"@type":"ImageObject","inLanguage":"en-US","@id":"https:\/\/nationalstore.be\/en\/#\/schema\/logo\/image\/","url":"https:\/\/nationalstore.be\/wp-content\/uploads\/2024\/03\/nationaal-logo_mauve-cmjn.png","contentUrl":"https:\/\/nationalstore.be\/wp-content\/uploads\/2024\/03\/nationaal-logo_mauve-cmjn.png","width":3475,"height":1352,"caption":"NATIONA(A)L ARTIST MARKET"},"image":{"@id":"https:\/\/nationalstore.be\/en\/#\/schema\/logo\/image\/"}},{"@type":"WebSite","@id":"https:\/\/nationalstore.be\/en\/#website","url":"https:\/\/nationalstore.be\/en\/","name":"NATIONA(A)L ARTIST SUPERMARKET","description":"","publisher":{"@id":"https:\/\/nationalstore.be\/en\/#organization"},"potentialAction":[{"@type":"SearchAction","target":{"@type":"EntryPoint","urlTemplate":"https:\/\/nationalstore.be\/en\/?s={search_term_string}"},"query-input":"required name=search_term_string"}],"inLanguage":"en-US"},{"@type":"ImageObject","inLanguage":"en-US","@id":"https:\/\/nationalstore.be\/en\/product\/popylight-bleached-ash-black-stained-ash#primaryimage","url":"https:\/\/nationalstore.be\/wp-content\/uploads\/2022\/04\/mlle-jo-popylight-blanc-2-600x617-1.jpeg","contentUrl":"https:\/\/nationalstore.be\/wp-content\/uploads\/2022\/04\/mlle-jo-popylight-blanc-2-600x617-1.jpeg","width":600,"height":617},{"@type":["WebPage","ItemPage"],"@id":"https:\/\/nationalstore.be\/en\/product\/popylight-bleached-ash-black-stained-ash#webpage","url":"https:\/\/nationalstore.be\/en\/product\/popylight-bleached-ash-black-stained-ash","name":"POPYLIGHT bleached ash \/ black stained ash | Belgian Artists E-shop","isPartOf":{"@id":"https:\/\/nationalstore.be\/en\/#website"},"primaryImageOfPage":{"@id":"https:\/\/nationalstore.be\/en\/product\/popylight-bleached-ash-black-stained-ash#primaryimage"},"datePublished":"2022-04-20T13:07:08+00:00","dateModified":"2025-07-07T09:42:16+00:00","description":"Petit plateau tout en courbes, compos\u00e9 d\u2019un pied en arc de cercle et surmont\u00e9 d\u2019un disque, le tout en bois de fr\u00eane surmont\u00e9 d'un petit globe opalin. Deux coloris de bois : fr\u00eane blanchi et fr\u00eane lasur\u00e9 noir.","breadcrumb":{"@id":"https:\/\/nationalstore.be\/en\/product\/popylight-bleached-ash-black-stained-ash#breadcrumb"},"inLanguage":"en-US","potentialAction":[{"@type":"ReadAction","target":["https:\/\/nationalstore.be\/en\/product\/popylight-bleached-ash-black-stained-ash"]}]},{"@type":"BreadcrumbList","@id":"https:\/\/nationalstore.be\/en\/product\/popylight-bleached-ash-black-stained-ash#breadcrumb","itemListElement":[{"@type":"ListItem","position":1,"name":"Home","item":"https:\/\/nationalstore.be\/en"},{"@type":"ListItem","position":2,"name":"Products","item":"https:\/\/nationalstore.be\/en\/shop"},{"@type":"ListItem","position":3,"name":"Subcategories","item":"https:\/\/nationalstore.be\/en\/pc\/subcategories"},{"@type":"ListItem","position":4,"name":"A soothing minimalist collection","item":"https:\/\/nationalstore.be\/en\/pc\/subcategories\/a-soothing-minimalist-collection-2"},{"@type":"ListItem","position":5,"name":"POPYLIGHT bleached ash \/ black stained ash"}]}]}},"_links":{"self":[{"href":"https:\/\/nationalstore.be\/en\/wp-json\/wp\/v2\/product\/32642"}],"collection":[{"href":"https:\/\/nationalstore.be\/en\/wp-json\/wp\/v2\/product"}],"about":[{"href":"https:\/\/nationalstore.be\/en\/wp-json\/wp\/v2\/types\/product"}],"wp:featuredmedia":[{"embeddable":true,"href":"https:\/\/nationalstore.be\/en\/wp-json\/wp\/v2\/media\/33727"}],"wp:attachment":[{"href":"https:\/\/nationalstore.be\/en\/wp-json\/wp\/v2\/media?parent=32642"}],"wp:term":[{"taxonomy":"product_cat","embeddable":true,"href":"https:\/\/nationalstore.be\/en\/wp-json\/wp\/v2\/product_cat?post=32642"},{"taxonomy":"product_tag","embeddable":true,"href":"https:\/\/nationalstore.be\/en\/wp-json\/wp\/v2\/product_tag?post=32642"}],"curies":[{"name":"wp","href":"https:\/\/api.w.org\/{rel}","templated":true}]}}