{"id":31534,"date":"2022-03-09T12:02:18","date_gmt":"2022-03-11T09:01:28","guid":{"rendered":"https:\/\/nationalstore.be\/?post_type=product&#038;p=31534"},"modified":"2022-07-29T13:31:28","modified_gmt":"2022-07-29T11:31:28","slug":"coral-24","status":"archived","type":"product","link":"https:\/\/nationalstore.be\/en\/product\/coral-24","title":{"rendered":"Coral #24"},"content":{"rendered":"<p>Diameter: \u00d8 100 cm<br \/>Material: 90% wool, 10% other fibers<\/p>\n","protected":false},"excerpt":{"rendered":"<p>Coral #24 has a strong organic pattern and its deep colour gradient makes it particularly vibrant and warm. Made of wool, it is lightweight and will have good soundproofing qualities whether installed on the floor or wall.<\/p>\n","protected":false},"featured_media":30806,"template":"","meta":[],"product_cat":[1586,31],"product_tag":[1599,2325,349],"yoast_head":"<!-- This site is optimized with the Yoast SEO plugin v19.1 - https:\/\/yoast.com\/wordpress\/plugins\/seo\/ -->\n<title>Coral #24 | Belgian Artists E-shop<\/title>\n<meta name=\"description\" content=\"Hypnotisant petit tapis constitu\u00e9 de laine bleue marine et d\u2019accents argent\u00e9s. Le dessin vient de la structure m\u00eame du tapis et r\u00e9v\u00e8le un mouvement circulaire. Comme la plupart de mes tapis, cette pi\u00e8ce peut \u00eatre accroch\u00e9e sur un mur ou pos\u00e9e au sol.\" \/>\n<meta name=\"robots\" content=\"index, follow, max-snippet:-1, max-image-preview:large, max-video-preview:-1\" \/>\n<link rel=\"canonical\" href=\"https:\/\/nationalstore.be\/en\/product\/coral-24\" \/>\n<meta property=\"og:locale\" content=\"en_US\" \/>\n<meta property=\"og:type\" content=\"article\" \/>\n<meta property=\"og:title\" content=\"Coral #24 | Belgian Artists E-shop\" \/>\n<meta property=\"og:description\" content=\"Hypnotisant petit tapis constitu\u00e9 de laine bleue marine et d\u2019accents argent\u00e9s. Le dessin vient de la structure m\u00eame du tapis et r\u00e9v\u00e8le un mouvement circulaire. Comme la plupart de mes tapis, cette pi\u00e8ce peut \u00eatre accroch\u00e9e sur un mur ou pos\u00e9e au sol.\" \/>\n<meta property=\"og:url\" content=\"https:\/\/nationalstore.be\/en\/product\/coral-24\" \/>\n<meta property=\"og:site_name\" content=\"NATIONA(A)L ARTIST SUPERMARKET\" \/>\n<meta property=\"article:publisher\" content=\"https:\/\/www.facebook.com\/nationalstore\/?ref=br_rs\" \/>\n<meta property=\"article:modified_time\" content=\"2022-07-29T11:31:28+00:00\" \/>\n<meta property=\"og:image\" content=\"https:\/\/nationalstore.be\/wp-content\/uploads\/2022\/03\/IMG_9236.jpg\" \/>\n\t<meta property=\"og:image:width\" content=\"1280\" \/>\n\t<meta property=\"og:image:height\" content=\"1280\" \/>\n\t<meta property=\"og:image:type\" content=\"image\/jpeg\" \/>\n<meta name=\"twitter:card\" content=\"summary_large_image\" \/>\n<meta name=\"twitter:site\" content=\"@Nationalstore\" \/>\n<script type=\"application\/ld+json\" class=\"yoast-schema-graph\">{\"@context\":\"https:\/\/schema.org\",\"@graph\":[{\"@type\":\"Organization\",\"@id\":\"https:\/\/nationalstore.be\/en\/#organization\",\"name\":\"NATIONA(A)L ARTIST MARKET\",\"url\":\"https:\/\/nationalstore.be\/en\/\",\"sameAs\":[\"https:\/\/www.instagram.com\/nationalstore\/\",\"https:\/\/www.facebook.com\/nationalstore\/?ref=br_rs\",\"https:\/\/twitter.com\/Nationalstore\"],\"logo\":{\"@type\":\"ImageObject\",\"inLanguage\":\"en-US\",\"@id\":\"https:\/\/nationalstore.be\/en\/#\/schema\/logo\/image\/\",\"url\":\"https:\/\/nationalstore.be\/wp-content\/uploads\/2024\/03\/nationaal-logo_mauve-cmjn.png\",\"contentUrl\":\"https:\/\/nationalstore.be\/wp-content\/uploads\/2024\/03\/nationaal-logo_mauve-cmjn.png\",\"width\":3475,\"height\":1352,\"caption\":\"NATIONA(A)L ARTIST MARKET\"},\"image\":{\"@id\":\"https:\/\/nationalstore.be\/en\/#\/schema\/logo\/image\/\"}},{\"@type\":\"WebSite\",\"@id\":\"https:\/\/nationalstore.be\/en\/#website\",\"url\":\"https:\/\/nationalstore.be\/en\/\",\"name\":\"NATIONA(A)L ARTIST SUPERMARKET\",\"description\":\"\",\"publisher\":{\"@id\":\"https:\/\/nationalstore.be\/en\/#organization\"},\"potentialAction\":[{\"@type\":\"SearchAction\",\"target\":{\"@type\":\"EntryPoint\",\"urlTemplate\":\"https:\/\/nationalstore.be\/en\/?s={search_term_string}\"},\"query-input\":\"required name=search_term_string\"}],\"inLanguage\":\"en-US\"},{\"@type\":\"ImageObject\",\"inLanguage\":\"en-US\",\"@id\":\"https:\/\/nationalstore.be\/en\/product\/coral-24#primaryimage\",\"url\":\"https:\/\/nationalstore.be\/wp-content\/uploads\/2022\/03\/IMG_9236.jpg\",\"contentUrl\":\"https:\/\/nationalstore.be\/wp-content\/uploads\/2022\/03\/IMG_9236.jpg\",\"width\":1280,\"height\":1280},{\"@type\":[\"WebPage\",\"ItemPage\"],\"@id\":\"https:\/\/nationalstore.be\/en\/product\/coral-24#webpage\",\"url\":\"https:\/\/nationalstore.be\/en\/product\/coral-24\",\"name\":\"Coral #24 | Belgian Artists E-shop\",\"isPartOf\":{\"@id\":\"https:\/\/nationalstore.be\/en\/#website\"},\"primaryImageOfPage\":{\"@id\":\"https:\/\/nationalstore.be\/en\/product\/coral-24#primaryimage\"},\"datePublished\":\"2022-03-11T09:01:28+00:00\",\"dateModified\":\"2022-07-29T11:31:28+00:00\",\"description\":\"Hypnotisant petit tapis constitu\u00e9 de laine bleue marine et d\u2019accents argent\u00e9s. Le dessin vient de la structure m\u00eame du tapis et r\u00e9v\u00e8le un mouvement circulaire. Comme la plupart de mes tapis, cette pi\u00e8ce peut \u00eatre accroch\u00e9e sur un mur ou pos\u00e9e au sol.\",\"breadcrumb\":{\"@id\":\"https:\/\/nationalstore.be\/en\/product\/coral-24#breadcrumb\"},\"inLanguage\":\"en-US\",\"potentialAction\":[{\"@type\":\"ReadAction\",\"target\":[\"https:\/\/nationalstore.be\/en\/product\/coral-24\"]}]},{\"@type\":\"BreadcrumbList\",\"@id\":\"https:\/\/nationalstore.be\/en\/product\/coral-24#breadcrumb\",\"itemListElement\":[{\"@type\":\"ListItem\",\"position\":1,\"name\":\"Home\",\"item\":\"https:\/\/nationalstore.be\/en\"},{\"@type\":\"ListItem\",\"position\":2,\"name\":\"Products\",\"item\":\"https:\/\/nationalstore.be\/en\/shop\"},{\"@type\":\"ListItem\",\"position\":3,\"name\":\"Design &amp; Sustainability\",\"item\":\"https:\/\/nationalstore.be\/en\/pc\/design-sustainability\"},{\"@type\":\"ListItem\",\"position\":4,\"name\":\"Coral #24\"}]}]}<\/script>\n<!-- \/ Yoast SEO plugin. -->","yoast_head_json":{"title":"Coral #24 | Belgian Artists E-shop","description":"Hypnotisant petit tapis constitu\u00e9 de laine bleue marine et d\u2019accents argent\u00e9s. Le dessin vient de la structure m\u00eame du tapis et r\u00e9v\u00e8le un mouvement circulaire. Comme la plupart de mes tapis, cette pi\u00e8ce peut \u00eatre accroch\u00e9e sur un mur ou pos\u00e9e au sol.","robots":{"index":"index","follow":"follow","max-snippet":"max-snippet:-1","max-image-preview":"max-image-preview:large","max-video-preview":"max-video-preview:-1"},"canonical":"https:\/\/nationalstore.be\/en\/product\/coral-24","og_locale":"en_US","og_type":"article","og_title":"Coral #24 | Belgian Artists E-shop","og_description":"Hypnotisant petit tapis constitu\u00e9 de laine bleue marine et d\u2019accents argent\u00e9s. Le dessin vient de la structure m\u00eame du tapis et r\u00e9v\u00e8le un mouvement circulaire. Comme la plupart de mes tapis, cette pi\u00e8ce peut \u00eatre accroch\u00e9e sur un mur ou pos\u00e9e au sol.","og_url":"https:\/\/nationalstore.be\/en\/product\/coral-24","og_site_name":"NATIONA(A)L ARTIST SUPERMARKET","article_publisher":"https:\/\/www.facebook.com\/nationalstore\/?ref=br_rs","article_modified_time":"2022-07-29T11:31:28+00:00","og_image":[{"width":1280,"height":1280,"url":"https:\/\/nationalstore.be\/wp-content\/uploads\/2022\/03\/IMG_9236.jpg","type":"image\/jpeg"}],"twitter_card":"summary_large_image","twitter_site":"@Nationalstore","schema":{"@context":"https:\/\/schema.org","@graph":[{"@type":"Organization","@id":"https:\/\/nationalstore.be\/en\/#organization","name":"NATIONA(A)L ARTIST MARKET","url":"https:\/\/nationalstore.be\/en\/","sameAs":["https:\/\/www.instagram.com\/nationalstore\/","https:\/\/www.facebook.com\/nationalstore\/?ref=br_rs","https:\/\/twitter.com\/Nationalstore"],"logo":{"@type":"ImageObject","inLanguage":"en-US","@id":"https:\/\/nationalstore.be\/en\/#\/schema\/logo\/image\/","url":"https:\/\/nationalstore.be\/wp-content\/uploads\/2024\/03\/nationaal-logo_mauve-cmjn.png","contentUrl":"https:\/\/nationalstore.be\/wp-content\/uploads\/2024\/03\/nationaal-logo_mauve-cmjn.png","width":3475,"height":1352,"caption":"NATIONA(A)L ARTIST MARKET"},"image":{"@id":"https:\/\/nationalstore.be\/en\/#\/schema\/logo\/image\/"}},{"@type":"WebSite","@id":"https:\/\/nationalstore.be\/en\/#website","url":"https:\/\/nationalstore.be\/en\/","name":"NATIONA(A)L ARTIST SUPERMARKET","description":"","publisher":{"@id":"https:\/\/nationalstore.be\/en\/#organization"},"potentialAction":[{"@type":"SearchAction","target":{"@type":"EntryPoint","urlTemplate":"https:\/\/nationalstore.be\/en\/?s={search_term_string}"},"query-input":"required name=search_term_string"}],"inLanguage":"en-US"},{"@type":"ImageObject","inLanguage":"en-US","@id":"https:\/\/nationalstore.be\/en\/product\/coral-24#primaryimage","url":"https:\/\/nationalstore.be\/wp-content\/uploads\/2022\/03\/IMG_9236.jpg","contentUrl":"https:\/\/nationalstore.be\/wp-content\/uploads\/2022\/03\/IMG_9236.jpg","width":1280,"height":1280},{"@type":["WebPage","ItemPage"],"@id":"https:\/\/nationalstore.be\/en\/product\/coral-24#webpage","url":"https:\/\/nationalstore.be\/en\/product\/coral-24","name":"Coral #24 | Belgian Artists E-shop","isPartOf":{"@id":"https:\/\/nationalstore.be\/en\/#website"},"primaryImageOfPage":{"@id":"https:\/\/nationalstore.be\/en\/product\/coral-24#primaryimage"},"datePublished":"2022-03-11T09:01:28+00:00","dateModified":"2022-07-29T11:31:28+00:00","description":"Hypnotisant petit tapis constitu\u00e9 de laine bleue marine et d\u2019accents argent\u00e9s. Le dessin vient de la structure m\u00eame du tapis et r\u00e9v\u00e8le un mouvement circulaire. Comme la plupart de mes tapis, cette pi\u00e8ce peut \u00eatre accroch\u00e9e sur un mur ou pos\u00e9e au sol.","breadcrumb":{"@id":"https:\/\/nationalstore.be\/en\/product\/coral-24#breadcrumb"},"inLanguage":"en-US","potentialAction":[{"@type":"ReadAction","target":["https:\/\/nationalstore.be\/en\/product\/coral-24"]}]},{"@type":"BreadcrumbList","@id":"https:\/\/nationalstore.be\/en\/product\/coral-24#breadcrumb","itemListElement":[{"@type":"ListItem","position":1,"name":"Home","item":"https:\/\/nationalstore.be\/en"},{"@type":"ListItem","position":2,"name":"Products","item":"https:\/\/nationalstore.be\/en\/shop"},{"@type":"ListItem","position":3,"name":"Design &amp; Sustainability","item":"https:\/\/nationalstore.be\/en\/pc\/design-sustainability"},{"@type":"ListItem","position":4,"name":"Coral #24"}]}]}},"_links":{"self":[{"href":"https:\/\/nationalstore.be\/en\/wp-json\/wp\/v2\/product\/31534"}],"collection":[{"href":"https:\/\/nationalstore.be\/en\/wp-json\/wp\/v2\/product"}],"about":[{"href":"https:\/\/nationalstore.be\/en\/wp-json\/wp\/v2\/types\/product"}],"wp:featuredmedia":[{"embeddable":true,"href":"https:\/\/nationalstore.be\/en\/wp-json\/wp\/v2\/media\/30806"}],"wp:attachment":[{"href":"https:\/\/nationalstore.be\/en\/wp-json\/wp\/v2\/media?parent=31534"}],"wp:term":[{"taxonomy":"product_cat","embeddable":true,"href":"https:\/\/nationalstore.be\/en\/wp-json\/wp\/v2\/product_cat?post=31534"},{"taxonomy":"product_tag","embeddable":true,"href":"https:\/\/nationalstore.be\/en\/wp-json\/wp\/v2\/product_tag?post=31534"}],"curies":[{"name":"wp","href":"https:\/\/api.w.org\/{rel}","templated":true}]}}