{"id":20805,"date":"2021-06-09T11:32:36","date_gmt":"2021-05-30T18:37:03","guid":{"rendered":"https:\/\/nationalstore.be\/?post_type=product&#038;p=20805"},"modified":"2021-08-18T11:31:36","modified_gmt":"2021-08-18T09:31:36","slug":"victoire","status":"publish","type":"product","link":"https:\/\/nationalstore.be\/en\/product\/victoire","title":{"rendered":"Victoire."},"content":{"rendered":"<p>Cross the African continent and the cultural heritage of ancient Egypt through the colorful and narrative universe of Gilles Mayk Navangi. He encourages you to be curious and to dive into the origins of African knowledge and civilizations. His work contains different levels of reading that mix mythology and historical facts in a dreamlike universe that invites you to open your mind and travel through time.<\/p>\n","protected":false},"excerpt":{"rendered":"<p>Original framed illustration : 40 x 30 cm &#8211; Paint marker &#8211; Textured paper.<br data-mce-bogus=\"1\"><\/p>\n","protected":false},"featured_media":21508,"template":"","meta":[],"product_cat":[16,1648,1623,1520,1992,1664],"product_tag":[],"yoast_head":"<!-- This site is optimized with the Yoast SEO plugin v19.1 - https:\/\/yoast.com\/wordpress\/plugins\/seo\/ -->\n<title>Victoire. | Belgian Artists E-shop<\/title>\n<meta name=\"description\" content=\"Traversez le continent africain et l&#039;h\u00e9ritage culturel de l&#039;Egypte antique \u00e0 travers l&#039;univers color\u00e9 et narratif de Gilles Mayk Navangi. Il vous incite \u00e0 \u00eatre curieux et \u00e0 vous documenter sur l&#039;origine des connaissances et des civilisations africaines. Ses \u0153uvres contiennent diff\u00e9rents niveaux de lecture qui m\u00ealent mythologie et faits historiques dans un univers onirique qui vous invite \u00e0 r\u00eaver et \u00e0 voyager dans le temps.\" \/>\n<meta name=\"robots\" content=\"index, follow, max-snippet:-1, max-image-preview:large, max-video-preview:-1\" \/>\n<link rel=\"canonical\" href=\"https:\/\/nationalstore.be\/en\/product\/victoire\" \/>\n<meta property=\"og:locale\" content=\"en_US\" \/>\n<meta property=\"og:type\" content=\"article\" \/>\n<meta property=\"og:title\" content=\"Victoire. | Belgian Artists E-shop\" \/>\n<meta property=\"og:description\" content=\"Traversez le continent africain et l&#039;h\u00e9ritage culturel de l&#039;Egypte antique \u00e0 travers l&#039;univers color\u00e9 et narratif de Gilles Mayk Navangi. Il vous incite \u00e0 \u00eatre curieux et \u00e0 vous documenter sur l&#039;origine des connaissances et des civilisations africaines. Ses \u0153uvres contiennent diff\u00e9rents niveaux de lecture qui m\u00ealent mythologie et faits historiques dans un univers onirique qui vous invite \u00e0 r\u00eaver et \u00e0 voyager dans le temps.\" \/>\n<meta property=\"og:url\" content=\"https:\/\/nationalstore.be\/en\/product\/victoire\" \/>\n<meta property=\"og:site_name\" content=\"NATIONA(A)L ARTIST SUPERMARKET\" \/>\n<meta property=\"article:publisher\" content=\"https:\/\/www.facebook.com\/nationalstore\/?ref=br_rs\" \/>\n<meta property=\"article:modified_time\" content=\"2021-08-18T09:31:36+00:00\" \/>\n<meta property=\"og:image\" content=\"https:\/\/nationalstore.be\/wp-content\/uploads\/2021\/06\/Illustration-Victoire-Gilles-Mayk-Navangi-scaled.jpg\" \/>\n\t<meta property=\"og:image:width\" content=\"1792\" \/>\n\t<meta property=\"og:image:height\" content=\"2560\" \/>\n\t<meta property=\"og:image:type\" content=\"image\/jpeg\" \/>\n<meta name=\"twitter:card\" content=\"summary_large_image\" \/>\n<meta name=\"twitter:site\" content=\"@Nationalstore\" \/>\n<script type=\"application\/ld+json\" class=\"yoast-schema-graph\">{\"@context\":\"https:\/\/schema.org\",\"@graph\":[{\"@type\":\"Organization\",\"@id\":\"https:\/\/nationalstore.be\/en\/#organization\",\"name\":\"NATIONA(A)L ARTIST MARKET\",\"url\":\"https:\/\/nationalstore.be\/en\/\",\"sameAs\":[\"https:\/\/www.instagram.com\/nationalstore\/\",\"https:\/\/www.facebook.com\/nationalstore\/?ref=br_rs\",\"https:\/\/twitter.com\/Nationalstore\"],\"logo\":{\"@type\":\"ImageObject\",\"inLanguage\":\"en-US\",\"@id\":\"https:\/\/nationalstore.be\/en\/#\/schema\/logo\/image\/\",\"url\":\"https:\/\/nationalstore.be\/wp-content\/uploads\/2024\/03\/nationaal-logo_mauve-cmjn.png\",\"contentUrl\":\"https:\/\/nationalstore.be\/wp-content\/uploads\/2024\/03\/nationaal-logo_mauve-cmjn.png\",\"width\":3475,\"height\":1352,\"caption\":\"NATIONA(A)L ARTIST MARKET\"},\"image\":{\"@id\":\"https:\/\/nationalstore.be\/en\/#\/schema\/logo\/image\/\"}},{\"@type\":\"WebSite\",\"@id\":\"https:\/\/nationalstore.be\/en\/#website\",\"url\":\"https:\/\/nationalstore.be\/en\/\",\"name\":\"NATIONA(A)L ARTIST SUPERMARKET\",\"description\":\"\",\"publisher\":{\"@id\":\"https:\/\/nationalstore.be\/en\/#organization\"},\"potentialAction\":[{\"@type\":\"SearchAction\",\"target\":{\"@type\":\"EntryPoint\",\"urlTemplate\":\"https:\/\/nationalstore.be\/en\/?s={search_term_string}\"},\"query-input\":\"required name=search_term_string\"}],\"inLanguage\":\"en-US\"},{\"@type\":\"ImageObject\",\"inLanguage\":\"en-US\",\"@id\":\"https:\/\/nationalstore.be\/en\/product\/victoire#primaryimage\",\"url\":\"https:\/\/nationalstore.be\/wp-content\/uploads\/2021\/06\/Illustration-Victoire-Gilles-Mayk-Navangi-scaled.jpg\",\"contentUrl\":\"https:\/\/nationalstore.be\/wp-content\/uploads\/2021\/06\/Illustration-Victoire-Gilles-Mayk-Navangi-scaled.jpg\",\"width\":1792,\"height\":2560},{\"@type\":[\"WebPage\",\"ItemPage\"],\"@id\":\"https:\/\/nationalstore.be\/en\/product\/victoire#webpage\",\"url\":\"https:\/\/nationalstore.be\/en\/product\/victoire\",\"name\":\"Victoire. | Belgian Artists E-shop\",\"isPartOf\":{\"@id\":\"https:\/\/nationalstore.be\/en\/#website\"},\"primaryImageOfPage\":{\"@id\":\"https:\/\/nationalstore.be\/en\/product\/victoire#primaryimage\"},\"datePublished\":\"2021-05-30T18:37:03+00:00\",\"dateModified\":\"2021-08-18T09:31:36+00:00\",\"description\":\"Traversez le continent africain et l'h\u00e9ritage culturel de l'Egypte antique \u00e0 travers l'univers color\u00e9 et narratif de Gilles Mayk Navangi. Il vous incite \u00e0 \u00eatre curieux et \u00e0 vous documenter sur l'origine des connaissances et des civilisations africaines. Ses \u0153uvres contiennent diff\u00e9rents niveaux de lecture qui m\u00ealent mythologie et faits historiques dans un univers onirique qui vous invite \u00e0 r\u00eaver et \u00e0 voyager dans le temps.\",\"breadcrumb\":{\"@id\":\"https:\/\/nationalstore.be\/en\/product\/victoire#breadcrumb\"},\"inLanguage\":\"en-US\",\"potentialAction\":[{\"@type\":\"ReadAction\",\"target\":[\"https:\/\/nationalstore.be\/en\/product\/victoire\"]}]},{\"@type\":\"BreadcrumbList\",\"@id\":\"https:\/\/nationalstore.be\/en\/product\/victoire#breadcrumb\",\"itemListElement\":[{\"@type\":\"ListItem\",\"position\":1,\"name\":\"Home\",\"item\":\"https:\/\/nationalstore.be\/en\"},{\"@type\":\"ListItem\",\"position\":2,\"name\":\"Products\",\"item\":\"https:\/\/nationalstore.be\/en\/shop\"},{\"@type\":\"ListItem\",\"position\":3,\"name\":\"Subcategories\",\"item\":\"https:\/\/nationalstore.be\/en\/pc\/subcategories\"},{\"@type\":\"ListItem\",\"position\":4,\"name\":\"A one-of-a-kind curated collection : our collectible artist products.\",\"item\":\"https:\/\/nationalstore.be\/en\/pc\/subcategories\/a-one-of-a-kind-curated-collection-our-collectible-artist-products\"},{\"@type\":\"ListItem\",\"position\":5,\"name\":\"Victoire.\"}]}]}<\/script>\n<!-- \/ Yoast SEO plugin. -->","yoast_head_json":{"title":"Victoire. | Belgian Artists E-shop","description":"Traversez le continent africain et l'h\u00e9ritage culturel de l'Egypte antique \u00e0 travers l'univers color\u00e9 et narratif de Gilles Mayk Navangi. Il vous incite \u00e0 \u00eatre curieux et \u00e0 vous documenter sur l'origine des connaissances et des civilisations africaines. Ses \u0153uvres contiennent diff\u00e9rents niveaux de lecture qui m\u00ealent mythologie et faits historiques dans un univers onirique qui vous invite \u00e0 r\u00eaver et \u00e0 voyager dans le temps.","robots":{"index":"index","follow":"follow","max-snippet":"max-snippet:-1","max-image-preview":"max-image-preview:large","max-video-preview":"max-video-preview:-1"},"canonical":"https:\/\/nationalstore.be\/en\/product\/victoire","og_locale":"en_US","og_type":"article","og_title":"Victoire. | Belgian Artists E-shop","og_description":"Traversez le continent africain et l'h\u00e9ritage culturel de l'Egypte antique \u00e0 travers l'univers color\u00e9 et narratif de Gilles Mayk Navangi. Il vous incite \u00e0 \u00eatre curieux et \u00e0 vous documenter sur l'origine des connaissances et des civilisations africaines. Ses \u0153uvres contiennent diff\u00e9rents niveaux de lecture qui m\u00ealent mythologie et faits historiques dans un univers onirique qui vous invite \u00e0 r\u00eaver et \u00e0 voyager dans le temps.","og_url":"https:\/\/nationalstore.be\/en\/product\/victoire","og_site_name":"NATIONA(A)L ARTIST SUPERMARKET","article_publisher":"https:\/\/www.facebook.com\/nationalstore\/?ref=br_rs","article_modified_time":"2021-08-18T09:31:36+00:00","og_image":[{"width":1792,"height":2560,"url":"https:\/\/nationalstore.be\/wp-content\/uploads\/2021\/06\/Illustration-Victoire-Gilles-Mayk-Navangi-scaled.jpg","type":"image\/jpeg"}],"twitter_card":"summary_large_image","twitter_site":"@Nationalstore","schema":{"@context":"https:\/\/schema.org","@graph":[{"@type":"Organization","@id":"https:\/\/nationalstore.be\/en\/#organization","name":"NATIONA(A)L ARTIST MARKET","url":"https:\/\/nationalstore.be\/en\/","sameAs":["https:\/\/www.instagram.com\/nationalstore\/","https:\/\/www.facebook.com\/nationalstore\/?ref=br_rs","https:\/\/twitter.com\/Nationalstore"],"logo":{"@type":"ImageObject","inLanguage":"en-US","@id":"https:\/\/nationalstore.be\/en\/#\/schema\/logo\/image\/","url":"https:\/\/nationalstore.be\/wp-content\/uploads\/2024\/03\/nationaal-logo_mauve-cmjn.png","contentUrl":"https:\/\/nationalstore.be\/wp-content\/uploads\/2024\/03\/nationaal-logo_mauve-cmjn.png","width":3475,"height":1352,"caption":"NATIONA(A)L ARTIST MARKET"},"image":{"@id":"https:\/\/nationalstore.be\/en\/#\/schema\/logo\/image\/"}},{"@type":"WebSite","@id":"https:\/\/nationalstore.be\/en\/#website","url":"https:\/\/nationalstore.be\/en\/","name":"NATIONA(A)L ARTIST SUPERMARKET","description":"","publisher":{"@id":"https:\/\/nationalstore.be\/en\/#organization"},"potentialAction":[{"@type":"SearchAction","target":{"@type":"EntryPoint","urlTemplate":"https:\/\/nationalstore.be\/en\/?s={search_term_string}"},"query-input":"required name=search_term_string"}],"inLanguage":"en-US"},{"@type":"ImageObject","inLanguage":"en-US","@id":"https:\/\/nationalstore.be\/en\/product\/victoire#primaryimage","url":"https:\/\/nationalstore.be\/wp-content\/uploads\/2021\/06\/Illustration-Victoire-Gilles-Mayk-Navangi-scaled.jpg","contentUrl":"https:\/\/nationalstore.be\/wp-content\/uploads\/2021\/06\/Illustration-Victoire-Gilles-Mayk-Navangi-scaled.jpg","width":1792,"height":2560},{"@type":["WebPage","ItemPage"],"@id":"https:\/\/nationalstore.be\/en\/product\/victoire#webpage","url":"https:\/\/nationalstore.be\/en\/product\/victoire","name":"Victoire. | Belgian Artists E-shop","isPartOf":{"@id":"https:\/\/nationalstore.be\/en\/#website"},"primaryImageOfPage":{"@id":"https:\/\/nationalstore.be\/en\/product\/victoire#primaryimage"},"datePublished":"2021-05-30T18:37:03+00:00","dateModified":"2021-08-18T09:31:36+00:00","description":"Traversez le continent africain et l'h\u00e9ritage culturel de l'Egypte antique \u00e0 travers l'univers color\u00e9 et narratif de Gilles Mayk Navangi. Il vous incite \u00e0 \u00eatre curieux et \u00e0 vous documenter sur l'origine des connaissances et des civilisations africaines. Ses \u0153uvres contiennent diff\u00e9rents niveaux de lecture qui m\u00ealent mythologie et faits historiques dans un univers onirique qui vous invite \u00e0 r\u00eaver et \u00e0 voyager dans le temps.","breadcrumb":{"@id":"https:\/\/nationalstore.be\/en\/product\/victoire#breadcrumb"},"inLanguage":"en-US","potentialAction":[{"@type":"ReadAction","target":["https:\/\/nationalstore.be\/en\/product\/victoire"]}]},{"@type":"BreadcrumbList","@id":"https:\/\/nationalstore.be\/en\/product\/victoire#breadcrumb","itemListElement":[{"@type":"ListItem","position":1,"name":"Home","item":"https:\/\/nationalstore.be\/en"},{"@type":"ListItem","position":2,"name":"Products","item":"https:\/\/nationalstore.be\/en\/shop"},{"@type":"ListItem","position":3,"name":"Subcategories","item":"https:\/\/nationalstore.be\/en\/pc\/subcategories"},{"@type":"ListItem","position":4,"name":"A one-of-a-kind curated collection : our collectible artist products.","item":"https:\/\/nationalstore.be\/en\/pc\/subcategories\/a-one-of-a-kind-curated-collection-our-collectible-artist-products"},{"@type":"ListItem","position":5,"name":"Victoire."}]}]}},"_links":{"self":[{"href":"https:\/\/nationalstore.be\/en\/wp-json\/wp\/v2\/product\/20805"}],"collection":[{"href":"https:\/\/nationalstore.be\/en\/wp-json\/wp\/v2\/product"}],"about":[{"href":"https:\/\/nationalstore.be\/en\/wp-json\/wp\/v2\/types\/product"}],"wp:featuredmedia":[{"embeddable":true,"href":"https:\/\/nationalstore.be\/en\/wp-json\/wp\/v2\/media\/21508"}],"wp:attachment":[{"href":"https:\/\/nationalstore.be\/en\/wp-json\/wp\/v2\/media?parent=20805"}],"wp:term":[{"taxonomy":"product_cat","embeddable":true,"href":"https:\/\/nationalstore.be\/en\/wp-json\/wp\/v2\/product_cat?post=20805"},{"taxonomy":"product_tag","embeddable":true,"href":"https:\/\/nationalstore.be\/en\/wp-json\/wp\/v2\/product_tag?post=20805"}],"curies":[{"name":"wp","href":"https:\/\/api.w.org\/{rel}","templated":true}]}}