{"id":20768,"date":"2021-05-28T13:25:51","date_gmt":"2021-05-28T11:25:51","guid":{"rendered":"https:\/\/nationalstore.be\/?post_type=product&#038;p=20768"},"modified":"2022-09-27T15:19:27","modified_gmt":"2022-09-27T13:19:27","slug":"lung-2","status":"publish","type":"product","link":"https:\/\/nationalstore.be\/en\/product\/lung-2","title":{"rendered":"Lung"},"content":{"rendered":"<ul>\n<li>Dimensions : 16 L X 16 l X 45 h<\/li>\n<li>Mat\u00e9riaux : Gr\u00e8s c\u00e9rame tourn\u00e9 \u00e0 la main.<\/li>\n<\/ul>\n<p>Laiton et opaline souffl\u00e9e \u00e0 la bouche.<\/p>\n<p>1X Tapis de soufflage en opaline (X15cm diam.).<\/p>\n<p>1X Led E14, 560 lm, 2700 kelvins, 7 watt, dimmable.<\/p>\n<p>C\u00e2ble \u00e9lectrique (noir\/tissu) 1,50 m avec fiche et interrupteur.<\/p>\n<p>Con\u00e7u et produit en Belgique.<\/p>\n<p>D\u00e9lai : 4 semaines<\/p>\n<p>R\u00e9f\u00e9rence &#8211; LUNG01M<\/p>\n<p>MARIE BRISART, Cr\u00e9ation artisanale de poteries utilitaires et d\u00e9coratives, tourn\u00e9es et \u00e9maill\u00e9es dans l&#8217;atelier de Marie Brisart \u00e0 Hennuy\u00e8res, Belgique. Marie Brissart cr\u00e9e et fa\u00e7onne des pi\u00e8ces enti\u00e8rement r\u00e9alis\u00e9es \u00e0 la main sur le tour de potier. Cette technique artisanale tr\u00e8s ancienne utilise un plateau rotatif sur lequel le potier, en utilisant la force de rotation, centre une motte d&#8217;argile et forme le pot. Elle n\u00e9cessite un apprentissage prolong\u00e9 mais elle permet d&#8217;obtenir des pi\u00e8ces r\u00e9guli\u00e8res et tr\u00e8s l\u00e9g\u00e8res.<\/p>\n<p>https:\/\/www.mariebrisart.com\/<\/p>\n","protected":false},"excerpt":{"rendered":"<p>De cette collaboration est n\u00e9e une lampe dans laquelle on retrouve les mat\u00e9riaux respectifs des 2 designers. Du gr\u00e8s c\u00e9rame tourn\u00e9 \u00e0 la main et du laiton et du verre pour la lumi\u00e8re.<br data-mce-bogus=\"1\"><\/p>\n","protected":false},"featured_media":20405,"template":"","meta":[],"product_cat":[31,434],"product_tag":[356,347,349,333],"yoast_head":"<!-- This site is optimized with the Yoast SEO plugin v19.1 - https:\/\/yoast.com\/wordpress\/plugins\/seo\/ -->\n<title>Lung | Belgian Artists E-shop<\/title>\n<meta name=\"description\" content=\"Buy a Lung ? Discover this product and many others from Belgian Artists in our online shop!\" \/>\n<meta name=\"robots\" content=\"index, follow, max-snippet:-1, max-image-preview:large, max-video-preview:-1\" \/>\n<link rel=\"canonical\" href=\"https:\/\/nationalstore.be\/en\/product\/lung-2\" \/>\n<meta property=\"og:locale\" content=\"en_US\" \/>\n<meta property=\"og:type\" content=\"article\" \/>\n<meta property=\"og:title\" content=\"Lung | Belgian Artists E-shop\" \/>\n<meta property=\"og:description\" content=\"Buy a Lung ? Discover this product and many others from Belgian Artists in our online shop!\" \/>\n<meta property=\"og:url\" content=\"https:\/\/nationalstore.be\/en\/product\/lung-2\" \/>\n<meta property=\"og:site_name\" content=\"NATIONA(A)L ARTIST SUPERMARKET\" \/>\n<meta property=\"article:publisher\" content=\"https:\/\/www.facebook.com\/nationalstore\/?ref=br_rs\" \/>\n<meta property=\"article:modified_time\" content=\"2022-09-27T13:19:27+00:00\" \/>\n<meta property=\"og:image\" content=\"https:\/\/nationalstore.be\/wp-content\/uploads\/2021\/05\/LUNG-LUNG01M-scaled.jpg\" \/>\n\t<meta property=\"og:image:width\" content=\"2560\" \/>\n\t<meta property=\"og:image:height\" content=\"2560\" \/>\n\t<meta property=\"og:image:type\" content=\"image\/jpeg\" \/>\n<meta name=\"twitter:card\" content=\"summary_large_image\" \/>\n<meta name=\"twitter:site\" content=\"@Nationalstore\" \/>\n<meta name=\"twitter:label1\" content=\"Est. reading time\" \/>\n\t<meta name=\"twitter:data1\" content=\"1 minute\" \/>\n<script type=\"application\/ld+json\" class=\"yoast-schema-graph\">{\"@context\":\"https:\/\/schema.org\",\"@graph\":[{\"@type\":\"Organization\",\"@id\":\"https:\/\/nationalstore.be\/en\/#organization\",\"name\":\"NATIONA(A)L ARTIST MARKET\",\"url\":\"https:\/\/nationalstore.be\/en\/\",\"sameAs\":[\"https:\/\/www.instagram.com\/nationalstore\/\",\"https:\/\/www.facebook.com\/nationalstore\/?ref=br_rs\",\"https:\/\/twitter.com\/Nationalstore\"],\"logo\":{\"@type\":\"ImageObject\",\"inLanguage\":\"en-US\",\"@id\":\"https:\/\/nationalstore.be\/en\/#\/schema\/logo\/image\/\",\"url\":\"https:\/\/nationalstore.be\/wp-content\/uploads\/2024\/03\/nationaal-logo_mauve-cmjn.png\",\"contentUrl\":\"https:\/\/nationalstore.be\/wp-content\/uploads\/2024\/03\/nationaal-logo_mauve-cmjn.png\",\"width\":3475,\"height\":1352,\"caption\":\"NATIONA(A)L ARTIST MARKET\"},\"image\":{\"@id\":\"https:\/\/nationalstore.be\/en\/#\/schema\/logo\/image\/\"}},{\"@type\":\"WebSite\",\"@id\":\"https:\/\/nationalstore.be\/en\/#website\",\"url\":\"https:\/\/nationalstore.be\/en\/\",\"name\":\"NATIONA(A)L ARTIST SUPERMARKET\",\"description\":\"\",\"publisher\":{\"@id\":\"https:\/\/nationalstore.be\/en\/#organization\"},\"potentialAction\":[{\"@type\":\"SearchAction\",\"target\":{\"@type\":\"EntryPoint\",\"urlTemplate\":\"https:\/\/nationalstore.be\/en\/?s={search_term_string}\"},\"query-input\":\"required name=search_term_string\"}],\"inLanguage\":\"en-US\"},{\"@type\":\"ImageObject\",\"inLanguage\":\"en-US\",\"@id\":\"https:\/\/nationalstore.be\/en\/product\/lung-2#primaryimage\",\"url\":\"https:\/\/nationalstore.be\/wp-content\/uploads\/2021\/05\/LUNG-LUNG01M-scaled.jpg\",\"contentUrl\":\"https:\/\/nationalstore.be\/wp-content\/uploads\/2021\/05\/LUNG-LUNG01M-scaled.jpg\",\"width\":2560,\"height\":2560},{\"@type\":[\"WebPage\",\"ItemPage\"],\"@id\":\"https:\/\/nationalstore.be\/en\/product\/lung-2#webpage\",\"url\":\"https:\/\/nationalstore.be\/en\/product\/lung-2\",\"name\":\"Lung | Belgian Artists E-shop\",\"isPartOf\":{\"@id\":\"https:\/\/nationalstore.be\/en\/#website\"},\"primaryImageOfPage\":{\"@id\":\"https:\/\/nationalstore.be\/en\/product\/lung-2#primaryimage\"},\"datePublished\":\"2021-05-28T11:25:51+00:00\",\"dateModified\":\"2022-09-27T13:19:27+00:00\",\"description\":\"Buy a Lung ? Discover this product and many others from Belgian Artists in our online shop!\",\"breadcrumb\":{\"@id\":\"https:\/\/nationalstore.be\/en\/product\/lung-2#breadcrumb\"},\"inLanguage\":\"en-US\",\"potentialAction\":[{\"@type\":\"ReadAction\",\"target\":[\"https:\/\/nationalstore.be\/en\/product\/lung-2\"]}]},{\"@type\":\"BreadcrumbList\",\"@id\":\"https:\/\/nationalstore.be\/en\/product\/lung-2#breadcrumb\",\"itemListElement\":[{\"@type\":\"ListItem\",\"position\":1,\"name\":\"Home\",\"item\":\"https:\/\/nationalstore.be\/en\"},{\"@type\":\"ListItem\",\"position\":2,\"name\":\"Products\",\"item\":\"https:\/\/nationalstore.be\/en\/shop\"},{\"@type\":\"ListItem\",\"position\":3,\"name\":\"Design for home\",\"item\":\"https:\/\/nationalstore.be\/en\/pc\/design\"},{\"@type\":\"ListItem\",\"position\":4,\"name\":\"Lighting\",\"item\":\"https:\/\/nationalstore.be\/en\/pc\/design\/lighting\"},{\"@type\":\"ListItem\",\"position\":5,\"name\":\"Lung\"}]}]}<\/script>\n<!-- \/ Yoast SEO plugin. -->","yoast_head_json":{"title":"Lung | Belgian Artists E-shop","description":"Buy a Lung ? Discover this product and many others from Belgian Artists in our online shop!","robots":{"index":"index","follow":"follow","max-snippet":"max-snippet:-1","max-image-preview":"max-image-preview:large","max-video-preview":"max-video-preview:-1"},"canonical":"https:\/\/nationalstore.be\/en\/product\/lung-2","og_locale":"en_US","og_type":"article","og_title":"Lung | Belgian Artists E-shop","og_description":"Buy a Lung ? Discover this product and many others from Belgian Artists in our online shop!","og_url":"https:\/\/nationalstore.be\/en\/product\/lung-2","og_site_name":"NATIONA(A)L ARTIST SUPERMARKET","article_publisher":"https:\/\/www.facebook.com\/nationalstore\/?ref=br_rs","article_modified_time":"2022-09-27T13:19:27+00:00","og_image":[{"width":2560,"height":2560,"url":"https:\/\/nationalstore.be\/wp-content\/uploads\/2021\/05\/LUNG-LUNG01M-scaled.jpg","type":"image\/jpeg"}],"twitter_card":"summary_large_image","twitter_site":"@Nationalstore","twitter_misc":{"Est. reading time":"1 minute"},"schema":{"@context":"https:\/\/schema.org","@graph":[{"@type":"Organization","@id":"https:\/\/nationalstore.be\/en\/#organization","name":"NATIONA(A)L ARTIST MARKET","url":"https:\/\/nationalstore.be\/en\/","sameAs":["https:\/\/www.instagram.com\/nationalstore\/","https:\/\/www.facebook.com\/nationalstore\/?ref=br_rs","https:\/\/twitter.com\/Nationalstore"],"logo":{"@type":"ImageObject","inLanguage":"en-US","@id":"https:\/\/nationalstore.be\/en\/#\/schema\/logo\/image\/","url":"https:\/\/nationalstore.be\/wp-content\/uploads\/2024\/03\/nationaal-logo_mauve-cmjn.png","contentUrl":"https:\/\/nationalstore.be\/wp-content\/uploads\/2024\/03\/nationaal-logo_mauve-cmjn.png","width":3475,"height":1352,"caption":"NATIONA(A)L ARTIST MARKET"},"image":{"@id":"https:\/\/nationalstore.be\/en\/#\/schema\/logo\/image\/"}},{"@type":"WebSite","@id":"https:\/\/nationalstore.be\/en\/#website","url":"https:\/\/nationalstore.be\/en\/","name":"NATIONA(A)L ARTIST SUPERMARKET","description":"","publisher":{"@id":"https:\/\/nationalstore.be\/en\/#organization"},"potentialAction":[{"@type":"SearchAction","target":{"@type":"EntryPoint","urlTemplate":"https:\/\/nationalstore.be\/en\/?s={search_term_string}"},"query-input":"required name=search_term_string"}],"inLanguage":"en-US"},{"@type":"ImageObject","inLanguage":"en-US","@id":"https:\/\/nationalstore.be\/en\/product\/lung-2#primaryimage","url":"https:\/\/nationalstore.be\/wp-content\/uploads\/2021\/05\/LUNG-LUNG01M-scaled.jpg","contentUrl":"https:\/\/nationalstore.be\/wp-content\/uploads\/2021\/05\/LUNG-LUNG01M-scaled.jpg","width":2560,"height":2560},{"@type":["WebPage","ItemPage"],"@id":"https:\/\/nationalstore.be\/en\/product\/lung-2#webpage","url":"https:\/\/nationalstore.be\/en\/product\/lung-2","name":"Lung | Belgian Artists E-shop","isPartOf":{"@id":"https:\/\/nationalstore.be\/en\/#website"},"primaryImageOfPage":{"@id":"https:\/\/nationalstore.be\/en\/product\/lung-2#primaryimage"},"datePublished":"2021-05-28T11:25:51+00:00","dateModified":"2022-09-27T13:19:27+00:00","description":"Buy a Lung ? Discover this product and many others from Belgian Artists in our online shop!","breadcrumb":{"@id":"https:\/\/nationalstore.be\/en\/product\/lung-2#breadcrumb"},"inLanguage":"en-US","potentialAction":[{"@type":"ReadAction","target":["https:\/\/nationalstore.be\/en\/product\/lung-2"]}]},{"@type":"BreadcrumbList","@id":"https:\/\/nationalstore.be\/en\/product\/lung-2#breadcrumb","itemListElement":[{"@type":"ListItem","position":1,"name":"Home","item":"https:\/\/nationalstore.be\/en"},{"@type":"ListItem","position":2,"name":"Products","item":"https:\/\/nationalstore.be\/en\/shop"},{"@type":"ListItem","position":3,"name":"Design for home","item":"https:\/\/nationalstore.be\/en\/pc\/design"},{"@type":"ListItem","position":4,"name":"Lighting","item":"https:\/\/nationalstore.be\/en\/pc\/design\/lighting"},{"@type":"ListItem","position":5,"name":"Lung"}]}]}},"_links":{"self":[{"href":"https:\/\/nationalstore.be\/en\/wp-json\/wp\/v2\/product\/20768"}],"collection":[{"href":"https:\/\/nationalstore.be\/en\/wp-json\/wp\/v2\/product"}],"about":[{"href":"https:\/\/nationalstore.be\/en\/wp-json\/wp\/v2\/types\/product"}],"wp:featuredmedia":[{"embeddable":true,"href":"https:\/\/nationalstore.be\/en\/wp-json\/wp\/v2\/media\/20405"}],"wp:attachment":[{"href":"https:\/\/nationalstore.be\/en\/wp-json\/wp\/v2\/media?parent=20768"}],"wp:term":[{"taxonomy":"product_cat","embeddable":true,"href":"https:\/\/nationalstore.be\/en\/wp-json\/wp\/v2\/product_cat?post=20768"},{"taxonomy":"product_tag","embeddable":true,"href":"https:\/\/nationalstore.be\/en\/wp-json\/wp\/v2\/product_tag?post=20768"}],"curies":[{"name":"wp","href":"https:\/\/api.w.org\/{rel}","templated":true}]}}